{"id":2369,"date":"2025-10-31T16:10:54","date_gmt":"2025-10-31T08:10:54","guid":{"rendered":"https:\/\/minghanggroup.com\/?post_type=product&#038;p=2369"},"modified":"2026-01-20T13:42:01","modified_gmt":"2026-01-20T05:42:01","slug":"wholesale-small-glass-jars-with-lids-for-yogurt-packaging","status":"publish","type":"product","link":"https:\/\/minghanggroup.com\/pt\/produto\/wholesale-small-glass-jars-with-lids-for-yogurt-packaging\/","title":{"rendered":"Potes de vidro quadrados pequenos de 150 ml com tampas para embalagem de iogurte."},"content":{"rendered":"<p>Pare de usar potes de vidro sem gra\u00e7a que fazem seu iogurte se perder na decora\u00e7\u00e3o. Criamos potes de vidro personalizados com tampas para iogurte que transformam cada colherada em um momento de prazer. Eles n\u00e3o s\u00e3o apenas recipientes \u2014 s\u00e3o a nova arma secreta da sua marca para embalagens de latic\u00ednios modernas e elegantes. Como seu fabricante de embalagens de vidro de confian\u00e7a, selecionamos os melhores materiais para manter o sabor fresco do seu produto por mais tempo.<\/p>\n<h2>Caracter\u00edsticas do produto<\/h2>\n<ol>\n<li><strong>Design quadrado empilh\u00e1vel:<\/strong>Organizar e exibir seus pequenos potes de iogurte de vidro ficou f\u00e1cil com esses modelos de formato perfeito \u2014 agora voc\u00ea pode aproveitar ao m\u00e1ximo o espa\u00e7o nas suas prateleiras sem abrir m\u00e3o do estilo.<\/li>\n<li><strong>Visor com imagem cristalina:<\/strong>Com o uso de vidro transparente de alta qualidade, as cores vibrantes do seu iogurte ficam vis\u00edveis imediatamente \u2014 os clientes conseguem perceber a qualidade e o frescor mesmo antes de comprar.<\/li>\n<li><strong>Personaliza\u00e7\u00e3o colorida:<\/strong>Por que n\u00e3o usar uma das seis cores, ou seja, vermelho, amarelo, verde, azul, rosa ou branco, para combinar perfeitamente com a identidade da sua marca em seus potes de leite de vidro?<\/li>\n<li><strong>Sistema de tampa segura:<\/strong>Frescor e armazenamento s\u00e3o garantidos em dobro com a veda\u00e7\u00e3o herm\u00e9tica proporcionada pelas tampas de pl\u00e1stico coloridas \u2014 seus potes de vidro com tampa para iogurte n\u00e3o ter\u00e3o vazamentos.<\/li>\n<\/ol>\n<h2>Especifica\u00e7\u00f5es principais<\/h2>\n<table style=\"border-collapse: collapse; width: 80%; margin-left: auto; margin-right: auto;\" border=\"0\" width=\"360\" cellspacing=\"0\" cellpadding=\"0\">\n<tbody>\n<tr style=\"height: 13.50pt;\">\n<td style=\"height: 13.5pt; width: 54pt; text-align: center;\" width=\"72\" height=\"18\">Capacidade<\/td>\n<td style=\"width: 54pt; text-align: center;\" width=\"72\">Dimens\u00f5es<\/td>\n<td style=\"width: 54pt; text-align: center;\" width=\"72\">Forma<\/td>\n<td style=\"width: 54pt; text-align: center;\" width=\"72\">Material<\/td>\n<td style=\"width: 54pt; text-align: center;\" width=\"72\">Cor<\/td>\n<\/tr>\n<tr style=\"height: 13.50pt;\">\n<td style=\"height: 13.5pt; text-align: center;\" height=\"18\">150ml<\/td>\n<td style=\"text-align: center;\">5,7*7,7*7,3cm<\/td>\n<td style=\"text-align: center;\">Quadrado<\/td>\n<td style=\"text-align: center;\">Vidro<\/td>\n<td style=\"text-align: center;\">Transparente e personaliz\u00e1vel<\/td>\n<\/tr>\n<\/tbody>\n<\/table>\n<h2>Caso de sucesso<\/h2>\n<p>Um pequeno est\u00fadio canadense de sobremesas colaborou conosco na produ\u00e7\u00e3o destes potes de vidro quadrados e coloridos com tampas para sua linha de iogurtes artesanais. Para combinar com a marca, que preza pela alegria e pelo aconchego do trabalho manual, eles escolheram cores pastel suaves: rosa, azul e amarelo. Cada potinho de vidro \u00e9 decorado com um logotipo simples da marca e acompanha uma capa de silicone para garantir que o produto permane\u00e7a fresco durante o transporte e armazenamento.<\/p>\n<p>Assim que os produtos foram lan\u00e7ados, os usu\u00e1rios adoraram seu visual vibrante e design ecol\u00f3gico. A taxa de recompra do est\u00fadio aumentou 40% em tr\u00eas meses.<\/p>\n<h2>Dicas de personaliza\u00e7\u00e3o<\/h2>\n<p>No caso desses potes de vidro quadrados com tampa para iogurte, voc\u00ea pode optar por incluir o logotipo da sua marca ou um padr\u00e3o por meio de impress\u00e3o fosca ou personaliza\u00e7\u00e3o com decalques para aumentar o apelo visual na prateleira. H\u00e1 diversas cores e materiais de tampa dispon\u00edveis \u2014 como silicone, bambu ou alum\u00ednio \u2014 para harmonizar com a identidade da sua marca. Caso esteja realizando uma promo\u00e7\u00e3o, ofere\u00e7a potes com diferentes capacidades (100 ml a 250 ml) como forma de diversificar o produto. A adi\u00e7\u00e3o de logotipos em relevo ou r\u00f3tulos transparentes pode elevar a apar\u00eancia dos seus pequenos potes de vidro para iogurte e destac\u00e1-los ainda mais.<\/p>","protected":false},"excerpt":{"rendered":"<p>Nossos potes de vidro quadrados com tampa para iogurte s\u00e3o personaliz\u00e1veis. Potes de vidro pequenos para iogurte com tampas coloridas, ideais para embalar sobremesas e geleias. Entre em contato conosco hoje mesmo para solicitar amostras gr\u00e1tis.<\/p>","protected":false},"featured_media":2375,"template":"","meta":{"postBodyCss":"","postBodyMargin":[],"postBodyPadding":[],"postBodyBackground":{"backgroundType":"classic","gradient":""}},"product_brand":[],"product_cat":[15,16,46],"product_tag":[65,64],"class_list":{"0":"post-2369","1":"product","2":"type-product","3":"status-publish","4":"has-post-thumbnail","6":"product_cat-glass-containers","7":"product_cat-glass-bottles","8":"product_cat-glass-milk-bottles","9":"product_tag-glass-jam-jars","10":"product_tag-glass-yogurt-jars","12":"first","13":"instock","14":"shipping-taxable","15":"product-type-simple"},"jetpack_sharing_enabled":true,"_links":{"self":[{"href":"https:\/\/minghanggroup.com\/pt\/wp-json\/wp\/v2\/product\/2369","targetHints":{"allow":["GET"]}}],"collection":[{"href":"https:\/\/minghanggroup.com\/pt\/wp-json\/wp\/v2\/product"}],"about":[{"href":"https:\/\/minghanggroup.com\/pt\/wp-json\/wp\/v2\/types\/product"}],"wp:featuredmedia":[{"embeddable":true,"href":"https:\/\/minghanggroup.com\/pt\/wp-json\/wp\/v2\/media\/2375"}],"wp:attachment":[{"href":"https:\/\/minghanggroup.com\/pt\/wp-json\/wp\/v2\/media?parent=2369"}],"wp:term":[{"taxonomy":"product_brand","embeddable":true,"href":"https:\/\/minghanggroup.com\/pt\/wp-json\/wp\/v2\/product_brand?post=2369"},{"taxonomy":"product_cat","embeddable":true,"href":"https:\/\/minghanggroup.com\/pt\/wp-json\/wp\/v2\/product_cat?post=2369"},{"taxonomy":"product_tag","embeddable":true,"href":"https:\/\/minghanggroup.com\/pt\/wp-json\/wp\/v2\/product_tag?post=2369"}],"curies":[{"name":"wp","href":"https:\/\/api.w.org\/{rel}","templated":true}]}}