{"id":2355,"date":"2025-10-31T14:35:46","date_gmt":"2025-10-31T06:35:46","guid":{"rendered":"https:\/\/minghanggroup.com\/?post_type=product&#038;p=2355"},"modified":"2025-10-31T17:50:01","modified_gmt":"2025-10-31T09:50:01","slug":"bulk-hexagonal-glass-honey-storage-containers-with-dust-lids","status":"publish","type":"product","link":"https:\/\/minghanggroup.com\/pt\/produto\/bulk-hexagonal-glass-honey-storage-containers-with-dust-lids\/","title":{"rendered":"Recipientes hexagonais de vidro para armazenamento de mel, com tampas antipoeira, 380ml e 730ml"},"content":{"rendered":"<p>Estes recipientes para armazenar mel, feitos de vidro hexagonal, apresentam um corpo de vidro transparente com linhas suaves e arredondadas e \u00e2ngulos retos. As tampas est\u00e3o dispon\u00edveis nas cores verde e marrom-avermelhado, em diversos tamanhos. O design \u00e9 minimalista, por\u00e9m elegante, combinando com maestria funcionalidade e beleza.<\/p>\n<h2>Caracter\u00edsticas do produto<\/h2>\n<ul>\n<li><strong>Material do vidro transparente:<\/strong> O vidro transparente permite visualizar perfeitamente o produto no interior, fazendo com que o mel nunca tenha tido uma apar\u00eancia t\u00e3o apetitosa, ao mesmo tempo que cumpre sua fun\u00e7\u00e3o pr\u00e1tica.<\/li>\n<li><strong>Bordas e corpo arredondados:<\/strong> As linhas arredondadas dos frascos conferem-lhes um aspecto elegante e suave, aumentando assim o apelo visual do produto e tornando-o mais facilmente identific\u00e1vel.<\/li>\n<li><strong>Design selado \u00e0 prova de poeira:<\/strong> Pode-se afirmar que o mel \u00e9 armazenado de forma higi\u00eanica, visto que \u00e9 utilizada uma tampa herm\u00e9tica com uma prote\u00e7\u00e3o transparente contra poeira, o que tamb\u00e9m facilita a higiene.<\/li>\n<\/ul>\n<h2 style=\"text-align: left;\">Especifica\u00e7\u00f5es principais<\/h2>\n<table class=\"aligncenter\" style=\"border-collapse: collapse; width: 415.52pt;\" border=\"0\" width=\"554\" cellspacing=\"0\" cellpadding=\"0\">\n<tbody>\n<tr style=\"height: 13.50pt;\">\n<td style=\"height: 13.50pt; width: 95.25pt;\" width=\"127\" height=\"18\">Recurso<\/td>\n<td style=\"width: 320.25pt;\" width=\"427\">Especifica\u00e7\u00e3o<\/td>\n<\/tr>\n<tr style=\"height: 13.50pt;\">\n<td style=\"height: 13.50pt;\" height=\"18\">Capacidade<\/td>\n<td>380ml, 730ml<\/td>\n<\/tr>\n<tr style=\"height: 13.50pt;\">\n<td style=\"height: 13.50pt;\" height=\"18\">Forma<\/td>\n<td>Cil\u00edndrico com 6 facetas suaves<\/td>\n<\/tr>\n<tr style=\"height: 13.50pt;\">\n<td style=\"height: 13.50pt;\" height=\"18\">Dimens\u00f5es<\/td>\n<td>8,5\u00d713cm, 10,4\u00d716,2cm<\/td>\n<\/tr>\n<tr style=\"height: 13.50pt;\">\n<td style=\"height: 13.50pt;\" height=\"18\">Material<\/td>\n<td>Tampa de vidro transparente com veda\u00e7\u00e3o contra poeira<\/td>\n<\/tr>\n<tr style=\"height: 13.50pt;\">\n<td style=\"height: 13.50pt;\" height=\"18\">Op\u00e7\u00f5es de tampa<\/td>\n<td>Verde, marrom-avermelhado, amarelo, azul<\/td>\n<\/tr>\n<tr style=\"height: 13.50pt;\">\n<td style=\"height: 13.50pt;\" height=\"18\">Ideal para<\/td>\n<td>caf\u00e9s, lojas ecol\u00f3gicas, cooperativas de apicultura<\/td>\n<\/tr>\n<tr style=\"height: 13.50pt;\">\n<td style=\"height: 13.50pt;\" height=\"18\">Uso ideal<\/td>\n<td>Recipiente para armazenar mel, potes de vidro hexagonais para mel<\/td>\n<\/tr>\n<\/tbody>\n<\/table>\n<h2>Caso de sucesso: como uma embalagem melhor levou a uma queda de 60% nas taxas de devolu\u00e7\u00e3o.<\/h2>\n<p>A taxa de devolu\u00e7\u00f5es devido a vazamentos em potes era de 5% para um varejista que vendia mel online. Depois que mudamos para nossos potes de vidro hexagonais de 730 ml com tampas herm\u00e9ticas, a taxa de devolu\u00e7\u00f5es por problemas de embalagem caiu 60% e a taxa de clientes recorrentes aumentou 25%. Os clientes est\u00e3o satisfeitos com a veda\u00e7\u00e3o da embalagem e a empresa atualmente utiliza esses recipientes de vidro para todos os seus produtos. Ela faz um pedido bimestral de 200.000 potes em ambos os tamanhos.<\/p>\n<h2>Ideias para personalizar recipientes de vidro para armazenamento<\/h2>\n<ul>\n<li>Cor personalizada da tampa: Para garantir que a cor da tampa n\u00e3o s\u00f3 combine perfeitamente, como tamb\u00e9m complemente o esquema de cores da sua marca, deve-se usar a tabela de cores Pantone para a correspond\u00eancia de cores.<\/li>\n<li>Facetas foscas: Voc\u00ea pode criar um belo efeito de contraste visual aplicando um acabamento fosco nas facetas que n\u00e3o s\u00e3o letras, destacando assim o formato hexagonal.<\/li>\n<li>Sele\u00e7\u00e3o da espessura do vidro: Voc\u00ea pode optar pela espessura padr\u00e3o ou escolher um vidro mais espesso, que ter\u00e1 uma textura melhor e ser\u00e1 mais dur\u00e1vel.<\/li>\n<li>Pel\u00edcula de prote\u00e7\u00e3o UV: D\u00ea um passo al\u00e9m e use vidro com tonalidade \u00e2mbar para proteger seus produtos sens\u00edveis \u00e0 luz contra os raios UV durante o armazenamento.<\/li>\n<\/ul>","protected":false},"excerpt":{"rendered":"<p>Potes de vidro premium para armazenar mel, com tampas herm\u00e9ticas \u00e0 prova de poeira. Esses potes de vidro Hecgon s\u00e3o ideais para embalar mel, geleia ou xarope. Descontos para compras no atacado!<\/p>","protected":false},"featured_media":2370,"template":"","meta":{"postBodyCss":"","postBodyMargin":[],"postBodyPadding":[],"postBodyBackground":{"backgroundType":"classic","gradient":""}},"product_brand":[],"product_cat":[15,17,52],"product_tag":[],"class_list":{"0":"post-2355","1":"product","2":"type-product","3":"status-publish","4":"has-post-thumbnail","6":"product_cat-glass-containers","7":"product_cat-glass-jars","8":"product_cat-glass-honey-jars","10":"first","11":"instock","12":"shipping-taxable","13":"product-type-simple"},"jetpack_sharing_enabled":true,"_links":{"self":[{"href":"https:\/\/minghanggroup.com\/pt\/wp-json\/wp\/v2\/product\/2355","targetHints":{"allow":["GET"]}}],"collection":[{"href":"https:\/\/minghanggroup.com\/pt\/wp-json\/wp\/v2\/product"}],"about":[{"href":"https:\/\/minghanggroup.com\/pt\/wp-json\/wp\/v2\/types\/product"}],"wp:featuredmedia":[{"embeddable":true,"href":"https:\/\/minghanggroup.com\/pt\/wp-json\/wp\/v2\/media\/2370"}],"wp:attachment":[{"href":"https:\/\/minghanggroup.com\/pt\/wp-json\/wp\/v2\/media?parent=2355"}],"wp:term":[{"taxonomy":"product_brand","embeddable":true,"href":"https:\/\/minghanggroup.com\/pt\/wp-json\/wp\/v2\/product_brand?post=2355"},{"taxonomy":"product_cat","embeddable":true,"href":"https:\/\/minghanggroup.com\/pt\/wp-json\/wp\/v2\/product_cat?post=2355"},{"taxonomy":"product_tag","embeddable":true,"href":"https:\/\/minghanggroup.com\/pt\/wp-json\/wp\/v2\/product_tag?post=2355"}],"curies":[{"name":"wp","href":"https:\/\/api.w.org\/{rel}","templated":true}]}}