{"id":2335,"date":"2025-10-31T11:15:42","date_gmt":"2025-10-31T03:15:42","guid":{"rendered":"https:\/\/minghanggroup.com\/?post_type=product&#038;p=2335"},"modified":"2025-10-31T14:50:02","modified_gmt":"2025-10-31T06:50:02","slug":"bulk-hexagon-glass-honey-jars-with-honeycomb","status":"publish","type":"product","link":"https:\/\/minghanggroup.com\/pt\/produto\/bulk-hexagon-glass-honey-jars-with-honeycomb\/","title":{"rendered":"Potes de vidro hexagonais para mel com favo de mel, em embalagem a granel, 500ml e 1000ml"},"content":{"rendered":"<p>Estes potes de mel hexagonais de vidro apresentam corpos transparentes com um padr\u00e3o de favo de mel em relevo e s\u00e3o complementados por tampas douradas e amarelas. Est\u00e3o dispon\u00edveis em dois tamanhos diferentes. N\u00e3o h\u00e1 um \u00fanico elemento que n\u00e3o reflita perfeitamente o tema do mel, sendo o pr\u00f3prio mel elegantemente exibido atrav\u00e9s do vidro transparente.<\/p>\n<h2>Caracter\u00edsticas do produto<\/h2>\n<ul>\n<li><strong>Textura em favo de mel:<\/strong> Os potes de mel hexagonais apresentam um design exclusivo em relevo que lembra um favo de mel, combinando perfeitamente com o tema do mel e refor\u00e7ando o reconhecimento do produto e seu apelo tem\u00e1tico.<\/li>\n<li><strong>Dispon\u00edvel em dois tamanhos:<\/strong> Ao dispor de dois potes de mel de tamanhos diferentes, o usu\u00e1rio poder\u00e1 atender a ambas as necessidades, seja para uso dom\u00e9stico di\u00e1rio, para embrulhar presentes ou para participar de outros tipos de eventos.<\/li>\n<li><strong>Apresenta\u00e7\u00e3o em estilo tem\u00e1tico:<\/strong> Os frascos com textura de favo de mel, combinados com tampas met\u00e1licas\/coloridas, criam um efeito visual consistente com o tema do mel, refor\u00e7ando a personalidade \u00fanica do produto.<\/li>\n<\/ul>\n<h2 style=\"text-align: left;\">Especifica\u00e7\u00f5es principais<\/h2>\n<table class=\"aligncenter\" style=\"border-collapse: collapse; width: 455.27pt;\" border=\"0\" width=\"607\" cellspacing=\"0\" cellpadding=\"0\">\n<tbody>\n<tr style=\"height: 13.50pt;\">\n<td style=\"height: 13.50pt; width: 95.25pt;\" width=\"127\" height=\"18\">Recurso<\/td>\n<td style=\"width: 360.00pt;\" width=\"480\">Especifica\u00e7\u00e3o<\/td>\n<\/tr>\n<tr style=\"height: 13.50pt;\">\n<td style=\"height: 13.50pt;\" height=\"18\">Capacidade<\/td>\n<td>500ml, 1000ml<\/td>\n<\/tr>\n<tr style=\"height: 13.50pt;\">\n<td style=\"height: 13.50pt;\" height=\"18\">Forma<\/td>\n<td>Hexagonal com relevo em favo de mel completo<\/td>\n<\/tr>\n<tr style=\"height: 13.50pt;\">\n<td style=\"height: 13.50pt;\" height=\"18\">Dimens\u00f5es<\/td>\n<td>8\u00d77,5\u00d711,9cm, 9,7\u00d79,2\u00d714,5cm<\/td>\n<\/tr>\n<tr style=\"height: 13.50pt;\">\n<td style=\"height: 13.50pt;\" height=\"18\">Material<\/td>\n<td>Vidro transparente, tampa de rosca<\/td>\n<\/tr>\n<tr style=\"height: 13.50pt;\">\n<td style=\"height: 13.50pt;\" height=\"18\">Op\u00e7\u00f5es de tampa<\/td>\n<td>Ouro, amarelo, prata, preto<\/td>\n<\/tr>\n<tr style=\"height: 13.50pt;\">\n<td style=\"height: 13.50pt;\" height=\"18\">Ideal para<\/td>\n<td>Mel puro, kits para presente, varejo boutique, cooperativas de apicultura<\/td>\n<\/tr>\n<tr style=\"height: 13.50pt;\">\n<td style=\"height: 13.50pt;\" height=\"18\">Uso ideal<\/td>\n<td>Pote de mel com favo de mel, pote de mel de vidro<\/td>\n<\/tr>\n<\/tbody>\n<\/table>\n<h2>Caso de sucesso: como embalagens tem\u00e1ticas podem impulsionar um crescimento de 40%<\/h2>\n<p>Uma fazenda de apicultura de m\u00e9dio porte tinha dificuldades para se destacar usando potes redondos simples. A fazenda, que trocou os potes redondos simples pelos nossos potes de vidro hexagonais de 500 ml com padr\u00f5es de favo de mel e tampas douradas, obteve um aumento de 40% nas vendas e de 58% nas compras repetidas durante tr\u00eas meses. Os clientes ficaram encantados com a apar\u00eancia \u00fanica de &#034;mel de verdade&#034;, que tornou a marca facilmente identific\u00e1vel. Ap\u00f3s tr\u00eas pedidos consecutivos, a fazenda passou a utilizar esses potes em toda a sua linha de produtos.<\/p>\n<h2>Sugest\u00f5es de personaliza\u00e7\u00e3o de embalagens de vidro<\/h2>\n<ul>\n<li><strong>Acabamento personalizado da tampa:<\/strong> Voc\u00ea pode escolher tampas foscas, brilhantes ou met\u00e1licas para combinar visualmente com a marca.<\/li>\n<li><strong>Densidade do padr\u00e3o em favo de mel:<\/strong> \u00c9 poss\u00edvel alterar o tamanho do padr\u00e3o de favo de mel e a profundidade do relevo no pote de mel para que o efeito seja mais ou menos vis\u00edvel.<\/li>\n<li><strong>Vitrais:<\/strong> O vidro \u00e2mbar n\u00e3o s\u00f3 oferece excelente prote\u00e7\u00e3o contra raios UV, como tamb\u00e9m confere ao produto um lindo aspecto dourado e aconchegante. Ent\u00e3o, por que n\u00e3o us\u00e1-lo?<\/li>\n<li><strong>Brilho met\u00e1lico:<\/strong> Use um brilho met\u00e1lico para refletir a luz de certas \u00e1reas do padr\u00e3o em favo de mel, produzindo um efeito visualmente atraente.<\/li>\n<\/ul>","protected":false},"excerpt":{"rendered":"<p>Elegante pote hexagonal de vidro com padr\u00e3o de favo de mel, feito de vidro de alta qualidade e com tampa dourada. Perfeito para embalar mel. Encomende em grandes quantidades e receba amostras gr\u00e1tis!<\/p>","protected":false},"featured_media":2351,"template":"","meta":{"postBodyCss":"","postBodyMargin":[],"postBodyPadding":[],"postBodyBackground":{"backgroundType":"classic","gradient":""}},"product_brand":[],"product_cat":[15,17,52],"product_tag":[],"class_list":{"0":"post-2335","1":"product","2":"type-product","3":"status-publish","4":"has-post-thumbnail","6":"product_cat-glass-containers","7":"product_cat-glass-jars","8":"product_cat-glass-honey-jars","10":"first","11":"instock","12":"shipping-taxable","13":"product-type-simple"},"jetpack_sharing_enabled":true,"_links":{"self":[{"href":"https:\/\/minghanggroup.com\/pt\/wp-json\/wp\/v2\/product\/2335","targetHints":{"allow":["GET"]}}],"collection":[{"href":"https:\/\/minghanggroup.com\/pt\/wp-json\/wp\/v2\/product"}],"about":[{"href":"https:\/\/minghanggroup.com\/pt\/wp-json\/wp\/v2\/types\/product"}],"wp:featuredmedia":[{"embeddable":true,"href":"https:\/\/minghanggroup.com\/pt\/wp-json\/wp\/v2\/media\/2351"}],"wp:attachment":[{"href":"https:\/\/minghanggroup.com\/pt\/wp-json\/wp\/v2\/media?parent=2335"}],"wp:term":[{"taxonomy":"product_brand","embeddable":true,"href":"https:\/\/minghanggroup.com\/pt\/wp-json\/wp\/v2\/product_brand?post=2335"},{"taxonomy":"product_cat","embeddable":true,"href":"https:\/\/minghanggroup.com\/pt\/wp-json\/wp\/v2\/product_cat?post=2335"},{"taxonomy":"product_tag","embeddable":true,"href":"https:\/\/minghanggroup.com\/pt\/wp-json\/wp\/v2\/product_tag?post=2335"}],"curies":[{"name":"wp","href":"https:\/\/api.w.org\/{rel}","templated":true}]}}