{"id":2302,"date":"2025-10-30T15:36:54","date_gmt":"2025-10-30T07:36:54","guid":{"rendered":"https:\/\/minghanggroup.com\/?post_type=product&#038;p=2302"},"modified":"2026-01-20T14:32:18","modified_gmt":"2026-01-20T06:32:18","slug":"bulk-beautiful-embossed-honey-glass-jars-with-metal-lids","status":"publish","type":"product","link":"https:\/\/minghanggroup.com\/pt\/produto\/bulk-beautiful-embossed-honey-glass-jars-with-metal-lids\/","title":{"rendered":"Conjunto de Potes de Vidro para Mel com Lindos Relevos, 280ml e 380ml"},"content":{"rendered":"<p>Estes frascos de vidro para mel s\u00e3o acondicionados em recipientes de vidro transparente decorados com belos padr\u00f5es em relevo e est\u00e3o dispon\u00edveis com tampas nas cores vermelha e marrom, em diversos tamanhos, representando um design art\u00edstico elegante e refinado que n\u00e3o s\u00f3 tem uma \u00f3tima apar\u00eancia, como tamb\u00e9m \u00e9 muito \u00fatil.<\/p>\n<h2>Caracter\u00edsticas do produto<\/h2>\n<ul>\n<li><strong>Corpo do frasco com relevo:<\/strong> Os frascos apresentam belos desenhos em relevo, e o elegante layout art\u00edstico aumenta o reconhecimento e o apelo visual do produto.<\/li>\n<li><strong>Dois tamanhos dispon\u00edveis: <\/strong>Disponibilizamos embalagens de diferentes tamanhos para diversas ocasi\u00f5es, atendendo a necessidades como armazenamento de mel e embalagens para presentes.<\/li>\n<li><strong>Design criativo:<\/strong> O recipiente transparente do frasco, que \u00e9 um elemento decorado em relevo, cria um design art\u00edstico singular que eleva o produto com eleg\u00e2ncia e magnific\u00eancia.<\/li>\n<\/ul>\n<h2 style=\"text-align: left;\">Especifica\u00e7\u00f5es principais<\/h2>\n<table class=\"aligncenter\" style=\"border-collapse: collapse; width: 390.77pt;\" border=\"0\" width=\"521\" cellspacing=\"0\" cellpadding=\"0\">\n<tbody>\n<tr style=\"height: 13.50pt;\">\n<td style=\"height: 13.50pt; width: 108.75pt;\" width=\"145\" height=\"18\">Recurso<\/td>\n<td style=\"width: 282.00pt;\" width=\"376\">Especifica\u00e7\u00e3o<\/td>\n<\/tr>\n<tr style=\"height: 13.50pt;\">\n<td style=\"height: 13.50pt;\" height=\"18\">Capacidade<\/td>\n<td>280ml, 380ml<\/td>\n<\/tr>\n<tr style=\"height: 13.50pt;\">\n<td style=\"height: 13.50pt;\" height=\"18\">Forma<\/td>\n<td>Cil\u00edndrico com grava\u00e7\u00e3o em toda a superf\u00edcie.<\/td>\n<\/tr>\n<tr style=\"height: 13.50pt;\">\n<td style=\"height: 13.50pt;\" height=\"18\">Dimens\u00f5es<\/td>\n<td>7,7\u00d710,5cm, 8,4\u00d711,5cm<\/td>\n<\/tr>\n<tr style=\"height: 13.50pt;\">\n<td style=\"height: 13.50pt;\" height=\"18\">Tipo de pesco\u00e7o<\/td>\n<td>Boca larga (5,2\u20135,6 cm de di\u00e2metro)<\/td>\n<\/tr>\n<tr style=\"height: 13.50pt;\">\n<td style=\"height: 13.50pt;\" height=\"18\">Material<\/td>\n<td>Vidro transparente, tampa de rosca met\u00e1lica<\/td>\n<\/tr>\n<tr style=\"height: 13.50pt;\">\n<td style=\"height: 13.50pt;\" height=\"18\">Op\u00e7\u00f5es de tampa<\/td>\n<td>Vermelho, marrom, dourado, prateado<\/td>\n<\/tr>\n<tr style=\"height: 13.50pt;\">\n<td style=\"height: 13.50pt;\" height=\"18\">Ideal para<\/td>\n<td>Mel premium, kits para presente, loja boutique<\/td>\n<\/tr>\n<tr style=\"height: 13.50pt;\">\n<td style=\"height: 13.50pt;\" height=\"18\">Uso ideal<\/td>\n<td>Lindos potes de mel, potes de geleia com relevo.<\/td>\n<\/tr>\n<\/tbody>\n<\/table>\n<h2>Caso de sucesso: como os potes com relevo transformaram o posicionamento da marca.<\/h2>\n<p>A cooperativa de apicultura que abastecia a regi\u00e3o com mel tinha dificuldades em destacar seus produtos nas lojas de presentes. Suas embalagens sem gra\u00e7a n\u00e3o os diferenciavam dos concorrentes. Eles mudaram a embalagem de sua linha de produtos principal para nossos belos potes de mel de 380ml com tampa marrom. A transforma\u00e7\u00e3o foi extraordin\u00e1ria. Em apenas seis meses, aumentaram o pre\u00e7o m\u00e9dio de venda em 35%. Os compradores das lojas destacaram que esses potes de mel atraentes n\u00e3o eram apenas produtos, mas tamb\u00e9m um deleite para os olhos. O mais not\u00e1vel \u00e9 que a cooperativa, entre outras, conseguiu fechar contratos com tr\u00eas lojas de departamento de luxo que haviam rejeitado seus produtos anteriormente. Essas lojas agora utilizam o elegante pote de mel em todas as suas linhas de produtos e fazem pedidos de 100.000 unidades a cada dois meses.<\/p>\n<h2>Sugest\u00f5es de personaliza\u00e7\u00e3o de embalagens de vidro<\/h2>\n<ul>\n<li><strong>Padr\u00f5es em relevo personalizados:<\/strong> Altere o padr\u00e3o floral atual, integre os elementos da identidade da sua marca ou simplesmente crie designs totalmente novos.<\/li>\n<li><strong>Combina\u00e7\u00e3o de cores de bon\u00e9s:<\/strong> Somos capazes de combinar a cor da tampa com a cor Pantone da sua marca com grande precis\u00e3o para garantir que a cor seja absolutamente consistente.<\/li>\n<li><strong>Acabamentos especiais brilhantes\/foscos:<\/strong> Utilize acabamentos brilhantes e foscos em diversas \u00e1reas da garrafa para atrair o olhar.<\/li>\n<li><strong>Detalhes met\u00e1licos:<\/strong> Aplique pequenas quantidades de p\u00f3 met\u00e1lico dourado ou prateado nas partes em relevo para dar um aspecto sofisticado e elegante.<\/li>\n<\/ul>","protected":false},"excerpt":{"rendered":"<p>Potes de vidro transparente elegantes para mel, com padr\u00f5es art\u00edsticos em relevo. Ideais para marcas de mel premium. Pre\u00e7os de atacado, envio r\u00e1pido e amostras gr\u00e1tis!<\/p>","protected":false},"featured_media":2330,"template":"","meta":{"postBodyCss":"","postBodyMargin":[],"postBodyPadding":[],"postBodyBackground":{"backgroundType":"classic","gradient":""}},"product_brand":[],"product_cat":[15,17,52],"product_tag":[81,65],"class_list":{"0":"post-2302","1":"product","2":"type-product","3":"status-publish","4":"has-post-thumbnail","6":"product_cat-glass-containers","7":"product_cat-glass-jars","8":"product_cat-glass-honey-jars","9":"product_tag-birds-nest-jar","10":"product_tag-glass-jam-jars","12":"first","13":"instock","14":"shipping-taxable","15":"product-type-simple"},"jetpack_sharing_enabled":true,"_links":{"self":[{"href":"https:\/\/minghanggroup.com\/pt\/wp-json\/wp\/v2\/product\/2302","targetHints":{"allow":["GET"]}}],"collection":[{"href":"https:\/\/minghanggroup.com\/pt\/wp-json\/wp\/v2\/product"}],"about":[{"href":"https:\/\/minghanggroup.com\/pt\/wp-json\/wp\/v2\/types\/product"}],"wp:featuredmedia":[{"embeddable":true,"href":"https:\/\/minghanggroup.com\/pt\/wp-json\/wp\/v2\/media\/2330"}],"wp:attachment":[{"href":"https:\/\/minghanggroup.com\/pt\/wp-json\/wp\/v2\/media?parent=2302"}],"wp:term":[{"taxonomy":"product_brand","embeddable":true,"href":"https:\/\/minghanggroup.com\/pt\/wp-json\/wp\/v2\/product_brand?post=2302"},{"taxonomy":"product_cat","embeddable":true,"href":"https:\/\/minghanggroup.com\/pt\/wp-json\/wp\/v2\/product_cat?post=2302"},{"taxonomy":"product_tag","embeddable":true,"href":"https:\/\/minghanggroup.com\/pt\/wp-json\/wp\/v2\/product_tag?post=2302"}],"curies":[{"name":"wp","href":"https:\/\/api.w.org\/{rel}","templated":true}]}}