{"id":2259,"date":"2025-10-30T14:27:41","date_gmt":"2025-10-30T06:27:41","guid":{"rendered":"https:\/\/minghanggroup.com\/?post_type=product&#038;p=2259"},"modified":"2026-01-20T14:32:32","modified_gmt":"2026-01-20T06:32:32","slug":"wholesale-glass-jam-jars-canning-small-honey-jars-multi-faceted","status":"publish","type":"product","link":"https:\/\/minghanggroup.com\/pt\/produto\/wholesale-glass-jam-jars-canning-small-honey-jars-multi-faceted\/","title":{"rendered":"Potes de vidro multifacetados para geleia e conservas, tamanhos 100ml, 150ml e 200ml, dispon\u00edveis para venda no atacado."},"content":{"rendered":"<p>Com um corpo de vidro transparente e multifacetado e uma tampa quadriculada em vermelho e branco, estes frascos de geleia de vidro v\u00eam em diferentes tamanhos e t\u00eam um ador\u00e1vel estilo r\u00fastico, sendo uma \u00f3tima maneira de exibir o mel dourado.<\/p>\n<h2>Caracter\u00edsticas do produto<\/h2>\n<ul>\n<li><strong>Design de garrafa multifacetado:<\/strong> O design simples e geom\u00e9trico da garrafa, com suas m\u00faltiplas facetas, aumenta significativamente o reconhecimento e o apelo visual do produto.<\/li>\n<li><strong>Dispon\u00edvel em v\u00e1rios tamanhos:<\/strong> Ao oferecer uma variedade de tamanhos de potes de mel, a empresa atende \u00e0s diferentes necessidades dos clientes, sendo adequados para uso dom\u00e9stico di\u00e1rio, embalagens para presentes e outras ocasi\u00f5es.<\/li>\n<li><strong>Design em estilo campestre:<\/strong> O design da garrafa, juntamente com a tampa quadriculada em vermelho e branco, transmite uma forte vibra\u00e7\u00e3o r\u00fastica, que n\u00e3o s\u00f3 enriquece o estilo \u00fanico do produto, como tamb\u00e9m seu apelo visual.<\/li>\n<\/ul>\n<h2 style=\"text-align: left;\">Especifica\u00e7\u00f5es principais<\/h2>\n<table class=\"aligncenter\" style=\"border-collapse: collapse; width: 446.27pt;\" border=\"0\" width=\"595\" cellspacing=\"0\" cellpadding=\"0\">\n<tbody>\n<tr style=\"height: 13.50pt;\">\n<td style=\"height: 13.50pt; width: 122.25pt;\" width=\"163\" height=\"18\">Recurso<\/td>\n<td style=\"width: 324.00pt;\" width=\"432\">Especifica\u00e7\u00e3o<\/td>\n<\/tr>\n<tr style=\"height: 13.50pt;\">\n<td style=\"height: 13.50pt;\" height=\"18\">Capacidade<\/td>\n<td>100ml, 150ml, 200ml<\/td>\n<\/tr>\n<tr style=\"height: 13.50pt;\">\n<td style=\"height: 13.50pt;\" height=\"18\">Dimens\u00f5es<\/td>\n<td>5,4\u00d76,2cm a 6\u00d78,5cm<\/td>\n<\/tr>\n<tr style=\"height: 13.50pt;\">\n<td style=\"height: 13.50pt;\" height=\"18\">Tipo de pesco\u00e7o<\/td>\n<td>Boca larga (di\u00e2metro externo de 5,8 a 6,5 \u200b\u200bcm)<\/td>\n<\/tr>\n<tr style=\"height: 13.50pt;\">\n<td style=\"height: 13.50pt;\" height=\"18\">Material<\/td>\n<td>Vidro transparente, tampa de rosca met\u00e1lica<\/td>\n<\/tr>\n<tr style=\"height: 13.50pt;\">\n<td style=\"height: 13.50pt;\" height=\"18\">Op\u00e7\u00f5es de tampa<\/td>\n<td>Xadrez vermelho e branco, vermelho liso, dourado, prateado<\/td>\n<\/tr>\n<tr style=\"height: 13.50pt;\">\n<td style=\"height: 13.50pt;\" height=\"18\">Ideal para<\/td>\n<td>Mel cru, geleias, conservas<\/td>\n<\/tr>\n<tr style=\"height: 13.50pt;\">\n<td style=\"height: 13.50pt;\" height=\"18\">Uso ideal<\/td>\n<td>Potes de geleia para conservas, potes de vidro para geleia, potes para mel a granel<\/td>\n<\/tr>\n<\/tbody>\n<\/table>\n<h2>Caso de sucesso: como a embalagem estilo country triplicou as vendas online<\/h2>\n<p>A empresa familiar de apicultura online, que antes se encontrava em apuros no mercado altamente competitivo, n\u00e3o conseguia descobrir como diferenciar seu mel puro dos demais. Eles tomaram uma atitude ousada ao reformular toda a sua linha de produtos, utilizando nossos potes de geleia com tampas de tecido quadriculado. A mudan\u00e7a foi dr\u00e1stica. O engajamento da empresa nas redes sociais aumentou 150%, j\u00e1 que esses potes de vidro s\u00e3o ideais para tirar fotos e postar no Instagram. As vendas, o fator mais crucial, cresceram 80% em apenas quatro meses. As vendas online aumentaram 80% em quatro meses gra\u00e7as ao engajamento nas redes sociais, que tamb\u00e9m cresceu 150%, pois esses potes de vidro s\u00e3o perfeitos para tirar fotos e postar no Instagram. Os clientes frequentemente comentam como esses potes de vidro os atraem. Essa diferencia\u00e7\u00e3o visual os diferenciou visualmente e, consequentemente, conquistou uma base de clientes fi\u00e9is. Desde ent\u00e3o, a empresa expandiu sua linha de produtos e realiza pedidos regulares de 100.000 potes nos tr\u00eas tamanhos para atender \u00e0s diferentes prefer\u00eancias de seus clientes, garantindo assim uma parceria de longo prazo.<\/p>\n<h2>Sugest\u00f5es de personaliza\u00e7\u00e3o de embalagens de vidro<\/h2>\n<ul>\n<li><strong>Modelos de bon\u00e9s personalizados:<\/strong> Embora o cl\u00e1ssico padr\u00e3o xadrez esteja sempre na moda, tamb\u00e9m podemos confeccionar bon\u00e9s com outros padr\u00f5es, como bolinhas, listras ou at\u00e9 mesmo com o logotipo da sua marca.<\/li>\n<li><strong>Pel\u00edcula para vidros:<\/strong> A utiliza\u00e7\u00e3o de vidro \u00e2mbar claro ou verde n\u00e3o s\u00f3 evoca um estilo cl\u00e1ssico, como tamb\u00e9m oferece prote\u00e7\u00e3o contra o envelhecimento precoce.<\/li>\n<li><strong>Logotipo da marca para serigrafia:<\/strong> A marca ou um pequeno \u00edcone podem ser impressos diretamente no vidro para transmitir uma imagem profissional e duradoura da marca.<\/li>\n<\/ul>","protected":false},"excerpt":{"rendered":"<p>Potes de vidro de alta qualidade para geleia, em diversos tamanhos, com tampas quadriculadas seguras. Ideais para embalar geleias e mel. Amostras gr\u00e1tis e entrega r\u00e1pida!<\/p>","protected":false},"featured_media":2282,"template":"","meta":{"postBodyCss":"","postBodyMargin":[],"postBodyPadding":[],"postBodyBackground":{"backgroundType":"classic","gradient":""}},"product_brand":[],"product_cat":[15,17,52],"product_tag":[65],"class_list":{"0":"post-2259","1":"product","2":"type-product","3":"status-publish","4":"has-post-thumbnail","6":"product_cat-glass-containers","7":"product_cat-glass-jars","8":"product_cat-glass-honey-jars","9":"product_tag-glass-jam-jars","11":"first","12":"instock","13":"shipping-taxable","14":"product-type-simple"},"jetpack_sharing_enabled":true,"_links":{"self":[{"href":"https:\/\/minghanggroup.com\/pt\/wp-json\/wp\/v2\/product\/2259","targetHints":{"allow":["GET"]}}],"collection":[{"href":"https:\/\/minghanggroup.com\/pt\/wp-json\/wp\/v2\/product"}],"about":[{"href":"https:\/\/minghanggroup.com\/pt\/wp-json\/wp\/v2\/types\/product"}],"wp:featuredmedia":[{"embeddable":true,"href":"https:\/\/minghanggroup.com\/pt\/wp-json\/wp\/v2\/media\/2282"}],"wp:attachment":[{"href":"https:\/\/minghanggroup.com\/pt\/wp-json\/wp\/v2\/media?parent=2259"}],"wp:term":[{"taxonomy":"product_brand","embeddable":true,"href":"https:\/\/minghanggroup.com\/pt\/wp-json\/wp\/v2\/product_brand?post=2259"},{"taxonomy":"product_cat","embeddable":true,"href":"https:\/\/minghanggroup.com\/pt\/wp-json\/wp\/v2\/product_cat?post=2259"},{"taxonomy":"product_tag","embeddable":true,"href":"https:\/\/minghanggroup.com\/pt\/wp-json\/wp\/v2\/product_tag?post=2259"}],"curies":[{"name":"wp","href":"https:\/\/api.w.org\/{rel}","templated":true}]}}