{"id":2250,"date":"2025-10-30T14:08:43","date_gmt":"2025-10-30T06:08:43","guid":{"rendered":"https:\/\/minghanggroup.com\/?post_type=product&#038;p=2250"},"modified":"2026-01-20T13:42:15","modified_gmt":"2026-01-20T05:42:15","slug":"custom-ball-ribbed-glass-jars-for-yogurt-honey-wholesale","status":"publish","type":"product","link":"https:\/\/minghanggroup.com\/pt\/produto\/custom-ball-ribbed-glass-jars-for-yogurt-honey-wholesale\/","title":{"rendered":"Potes de vidro canelado Ball de 150 a 380 ml para iogurte e mel (venda por atacado)"},"content":{"rendered":"<p>Pare de usar embalagens sem gra\u00e7a que fazem seu iogurte se perder na multid\u00e3o. Criamos potes de vidro personalizados para iogurte que transformam cada colherada em um momento de prazer. Eles n\u00e3o s\u00e3o apenas embalagens \u2014 s\u00e3o a nova arma secreta da sua marca para uma apresenta\u00e7\u00e3o impec\u00e1vel e elegante de seus produtos l\u00e1cteos. Como seu fabricante de embalagens de vidro de confian\u00e7a, selecionamos os melhores materiais para manter o sabor fresco do seu produto por mais tempo.<\/p>\n<h2>Caracter\u00edsticas do produto<\/h2>\n<ol>\n<li><strong>Textura vertical elegante:<\/strong>Delicados sulcos decoram visualmente os potes e tamb\u00e9m proporcionam uma pega agrad\u00e1vel e pr\u00e1tica para os seus potes de vidro de iogurte.<\/li>\n<li><strong>Design de lacre de seguran\u00e7a:<\/strong>Nossas tampas de rosca garantem uma veda\u00e7\u00e3o herm\u00e9tica perfeita, mantendo seu iogurte fresco e evitando vazamentos em potes de vidro para iogurte.<\/li>\n<li><strong>Clareza cristalina:<\/strong>O vidro transparente de alta qualidade \u00e9 o meio ideal para exibir instantaneamente as cores vibrantes do seu iogurte \u2014 quanto mais fresco, maior a probabilidade de os clientes comprarem.<\/li>\n<li><strong>Tamanhos vers\u00e1teis:<\/strong>Nossa linha de potes de vidro para iogurte no atacado varia de 150ml a 380ml, atendendo assim a todas as necessidades de produtos l\u00e1cteos e embalagens.<\/li>\n<\/ol>\n<h2>Especifica\u00e7\u00f5es principais<\/h2>\n<table style=\"border-collapse: collapse; width: 80%; margin-left: auto; margin-right: auto;\" border=\"0\" width=\"288\" cellspacing=\"0\" cellpadding=\"0\">\n<tbody>\n<tr style=\"height: 13.50pt;\">\n<td style=\"height: 13.5pt; width: 54pt; text-align: center;\" width=\"72\" height=\"18\">Capacidade (ml)<\/td>\n<td style=\"width: 54pt; text-align: center;\" width=\"72\">Dimens\u00f5es (cm)<\/td>\n<td style=\"width: 54pt; text-align: center;\" width=\"72\">Forma<\/td>\n<td style=\"width: 54pt; text-align: center;\" width=\"72\">Material<\/td>\n<\/tr>\n<tr style=\"height: 13.50pt;\">\n<td style=\"height: 13.5pt; text-align: center;\" align=\"right\" height=\"18\">150<\/td>\n<td style=\"text-align: center;\">7.3*6.9<\/td>\n<td class=\"et2\" style=\"text-align: center;\" rowspan=\"4\">Redondo<\/td>\n<td class=\"et2\" style=\"text-align: center;\" rowspan=\"4\">Vidro<\/td>\n<\/tr>\n<tr style=\"height: 13.50pt;\">\n<td style=\"height: 13.5pt; text-align: center;\" align=\"right\" height=\"18\">200<\/td>\n<td style=\"text-align: center;\">8.1*7.5<\/td>\n<\/tr>\n<tr style=\"height: 13.50pt;\">\n<td style=\"height: 13.5pt; text-align: center;\" align=\"right\" height=\"18\">280<\/td>\n<td style=\"text-align: center;\">8.9*8.0<\/td>\n<\/tr>\n<tr style=\"height: 13.50pt;\">\n<td style=\"height: 13.5pt; text-align: center;\" align=\"right\" height=\"18\">380<\/td>\n<td style=\"text-align: center;\">9.7*9.0<\/td>\n<\/tr>\n<\/tbody>\n<\/table>\n<h2>Caso de sucesso<\/h2>\n<p>Uma empresa francesa de sobremesas colaborou conosco para criar potes de iogurte de vidro canelado redondos e personalizados para venda no atacado. Cada pote \u00e9 feito de vidro grosso e muito transparente, decorado com delicadas linhas verticais que criam um reflexo de luz e, assim, real\u00e7am a textura de seus pudins e iogurtes de frutas artesanais. Para manter os produtos frescos durante o transporte refrigerado, a marca utiliza revestimentos herm\u00e9ticos pr\u00f3prios para alimentos. Tamb\u00e9m adicionamos um logotipo em relevo e um r\u00f3tulo transparente que envolve todo o pote para expor completamente as cores naturais do iogurte e dos ingredientes.<\/p>\n<p>A linha de produtos tem sido um importante impulsionador do reconhecimento da marca em apenas tr\u00eas meses desde o lan\u00e7amento, com a marca recebendo mais de 45% das consultas de atacado.<\/p>\n<h2>Dicas de personaliza\u00e7\u00e3o<\/h2>\n<p>N\u00e3o deixe seus potes de iogurte de vidro canelado e redondos no escuro \u2014 eles definitivamente merecem um visual elegante. Conte-nos sua ideia \u2014 como &#034;Creme de Mel Dourado&#034; ou &#034;Festa de Frutas Vermelhas&#034; \u2014 e n\u00f3s seremos o meio perfeito para comunicar a hist\u00f3ria de sabor da sua marca por meio de um logotipo em relevo, tampa de metal ou vitral.<\/p>\n<p>Voc\u00ea pode escolher entre o volume de 200 ml ou 280 ml, al\u00e9m da veda\u00e7\u00e3o e embalagem mais adequadas para exposi\u00e7\u00e3o em lojas ou cafeterias. Se precisar de um pedido r\u00e1pido, oferecemos potes de iogurte de vidro no atacado. Isso significa que podemos transformar seus potes de iogurte, de simples recipientes, em uma forma vintage de expressar a habilidade artesanal da sua marca.<\/p>","protected":false},"excerpt":{"rendered":"<p>Descubra os potes de vidro canelado Ball para iogurte com tampas de metal. Perfeitos para marcas de sobremesas que buscam potes de vidro para iogurte personaliz\u00e1veis \u200b\u200bno atacado \u2014 elegantes, herm\u00e9ticos e reutiliz\u00e1veis.<\/p>","protected":false},"featured_media":2251,"template":"","meta":{"postBodyCss":"","postBodyMargin":[],"postBodyPadding":[],"postBodyBackground":{"backgroundType":"classic","gradient":""}},"product_brand":[],"product_cat":[15,16,46],"product_tag":[65,64],"class_list":{"0":"post-2250","1":"product","2":"type-product","3":"status-publish","4":"has-post-thumbnail","6":"product_cat-glass-containers","7":"product_cat-glass-bottles","8":"product_cat-glass-milk-bottles","9":"product_tag-glass-jam-jars","10":"product_tag-glass-yogurt-jars","12":"first","13":"instock","14":"shipping-taxable","15":"product-type-simple"},"jetpack_sharing_enabled":true,"_links":{"self":[{"href":"https:\/\/minghanggroup.com\/pt\/wp-json\/wp\/v2\/product\/2250","targetHints":{"allow":["GET"]}}],"collection":[{"href":"https:\/\/minghanggroup.com\/pt\/wp-json\/wp\/v2\/product"}],"about":[{"href":"https:\/\/minghanggroup.com\/pt\/wp-json\/wp\/v2\/types\/product"}],"wp:featuredmedia":[{"embeddable":true,"href":"https:\/\/minghanggroup.com\/pt\/wp-json\/wp\/v2\/media\/2251"}],"wp:attachment":[{"href":"https:\/\/minghanggroup.com\/pt\/wp-json\/wp\/v2\/media?parent=2250"}],"wp:term":[{"taxonomy":"product_brand","embeddable":true,"href":"https:\/\/minghanggroup.com\/pt\/wp-json\/wp\/v2\/product_brand?post=2250"},{"taxonomy":"product_cat","embeddable":true,"href":"https:\/\/minghanggroup.com\/pt\/wp-json\/wp\/v2\/product_cat?post=2250"},{"taxonomy":"product_tag","embeddable":true,"href":"https:\/\/minghanggroup.com\/pt\/wp-json\/wp\/v2\/product_tag?post=2250"}],"curies":[{"name":"wp","href":"https:\/\/api.w.org\/{rel}","templated":true}]}}