{"id":2249,"date":"2025-10-30T13:02:24","date_gmt":"2025-10-30T05:02:24","guid":{"rendered":"https:\/\/minghanggroup.com\/?post_type=product&#038;p=2249"},"modified":"2025-10-30T17:39:15","modified_gmt":"2025-10-30T09:39:15","slug":"wholesale-waist-shaped-small-jam-bottles","status":"publish","type":"product","link":"https:\/\/minghanggroup.com\/pt\/produto\/wholesale-waist-shaped-small-jam-bottles\/","title":{"rendered":"Frascos de geleia pequenos de 75ml em formato de cintura para venda por atacado."},"content":{"rendered":"<p>Esses pequenos potes de geleia v\u00eam com um corpo de vidro transparente e elegante, com uma cintura estreita e tampas de metal brilhantes. Assim, o delicioso mel fica literalmente \u00e0 mostra, enquanto o pote permanece visualmente atraente e de alta qualidade.<\/p>\n<h2>Caracter\u00edsticas do produto<\/h2>\n<ul>\n<li><strong>Material do vidro transparente:<\/strong> O uso de vidro transparente torna vis\u00edvel a cor e a consist\u00eancia do mel, facilitando assim a identifica\u00e7\u00e3o e a inspe\u00e7\u00e3o do produto.<\/li>\n<li><strong>Design com cintura afunilada:<\/strong> As curvas suaves e modernas do corpo afunilado n\u00e3o s\u00f3 embelezam o produto, como tamb\u00e9m ajudam a criar reconhecimento da marca.<\/li>\n<li><strong>Apar\u00eancia elegante:<\/strong> O design minimalista da garrafa, juntamente com a tampa dourada, produz uma impress\u00e3o visual elegante e rara, resultando em um maior valor percebido do produto.<\/li>\n<\/ul>\n<h2 style=\"text-align: left;\">Especifica\u00e7\u00f5es principais<\/h2>\n<table class=\"aligncenter\" style=\"border-collapse: collapse; width: 352.52pt;\" border=\"0\" width=\"470\" cellspacing=\"0\" cellpadding=\"0\">\n<tbody>\n<tr style=\"height: 13.50pt;\">\n<td style=\"height: 13.50pt; width: 122.25pt;\" width=\"163\" height=\"18\">Recurso<\/td>\n<td style=\"width: 230.25pt;\" width=\"307\">Detalhe<\/td>\n<\/tr>\n<tr style=\"height: 13.50pt;\">\n<td style=\"height: 13.50pt;\" height=\"18\">Capacidade<\/td>\n<td>75ml<\/td>\n<\/tr>\n<tr style=\"height: 13.50pt;\">\n<td style=\"height: 13.50pt;\" height=\"18\">Altura<\/td>\n<td>11,2 cm<\/td>\n<\/tr>\n<tr style=\"height: 13.50pt;\">\n<td style=\"height: 13.50pt;\" height=\"18\">Di\u00e2metro<\/td>\n<td>4,5 cm<\/td>\n<\/tr>\n<tr style=\"height: 13.50pt;\">\n<td style=\"height: 13.50pt;\" height=\"18\">Largura interna da boca<\/td>\n<td>2,85 cm<\/td>\n<\/tr>\n<tr style=\"height: 13.50pt;\">\n<td style=\"height: 13.50pt;\" height=\"18\">Material<\/td>\n<td>Vidro transparente<\/td>\n<\/tr>\n<tr style=\"height: 13.50pt;\">\n<td style=\"height: 13.50pt;\" height=\"18\">Tipo de tampa<\/td>\n<td>Tampa de metal dourado (personaliz\u00e1vel)<\/td>\n<\/tr>\n<tr style=\"height: 13.50pt;\">\n<td style=\"height: 13.50pt;\" height=\"18\">Ideal para<\/td>\n<td>Mel, geleia, molhos, leite<\/td>\n<\/tr>\n<tr style=\"height: 13.50pt;\">\n<td style=\"height: 13.50pt;\" height=\"18\">Melhor caso de uso<\/td>\n<td>Potes pequenos de geleia, potes pequenos de mel<\/td>\n<\/tr>\n<\/tbody>\n<\/table>\n<h2>Estudo de caso: do design da garrafa ao reconhecimento da marca<\/h2>\n<p>Uma startup de alimentos especiais lan\u00e7ou uma linha de m\u00e9is aromatizados. No entanto, em um mercado altamente competitivo, seus clientes estavam confusos devido ao uso de embalagens pl\u00e1sticas baratas, sem qualquer design sofisticado. A empresa decidiu ent\u00e3o reformular todas as suas linhas de produtos em potes de geleia com formato de cintura, que foram projetados por n\u00f3s. Os resultados foram imediatos: o formato de cintura, combinado com a tampa dourada, levou a um aumento de 65% nas vendas de kits para presente, e os resistentes potes de vidro, em compara\u00e7\u00e3o com os antigos potes de pl\u00e1stico, reduziram em 52% a taxa de quebra durante o transporte. Essa startup agora faz pedidos regulares de 300.000 potes e utiliza apenas esse modelo de pote em todas as suas linhas de produtos.<\/p>\n<h2>Sugest\u00f5es para alterar suas embalagens de vidro<\/h2>\n<ul>\n<li><strong>Escolha da cor do bon\u00e9:<\/strong> Selecione entre as nossas op\u00e7\u00f5es de cores de tampa dourada, prateada, rosa ou preta, que complementar\u00e3o perfeitamente a paleta de cores da sua marca.<\/li>\n<li><strong>Pel\u00edculas para vidros de marca:<\/strong> Escolha uma tonalidade \u00e2mbar clara ou azul para o vidro, n\u00e3o apenas para criar uma identidade visual marcante, mas tamb\u00e9m para oferecer prote\u00e7\u00e3o contra os raios UV.<\/li>\n<li><strong>Encaixe na cintura da garrafa:<\/strong> Personalize a cintura curvada da garrafa com um padr\u00e3o embutido discreto ou com o logotipo da sua empresa, criando uma sensa\u00e7\u00e3o de luxo.<\/li>\n<li><strong>Fundo mais espesso:<\/strong> Para dar mais peso e sustenta\u00e7\u00e3o \u00e0 garrafa, podemos engrossar ligeiramente o vidro na parte inferior, tornando-a assim mais est\u00e1vel.<\/li>\n<\/ul>","protected":false},"excerpt":{"rendered":"<p>Pequenos frascos de vidro transparente para geleia, com formato art\u00edstico na cintura e tampa dourada. Ideais para mel ou conservas. Entrega r\u00e1pida, amostras gr\u00e1tis e descontos para compras em grande quantidade!<\/p>","protected":false},"featured_media":2255,"template":"","meta":{"postBodyCss":"","postBodyMargin":[],"postBodyPadding":[],"postBodyBackground":{"backgroundType":"classic","gradient":""}},"product_brand":[],"product_cat":[15,17,52],"product_tag":[],"class_list":{"0":"post-2249","1":"product","2":"type-product","3":"status-publish","4":"has-post-thumbnail","6":"product_cat-glass-containers","7":"product_cat-glass-jars","8":"product_cat-glass-honey-jars","10":"first","11":"instock","12":"shipping-taxable","13":"product-type-simple"},"jetpack_sharing_enabled":true,"_links":{"self":[{"href":"https:\/\/minghanggroup.com\/pt\/wp-json\/wp\/v2\/product\/2249","targetHints":{"allow":["GET"]}}],"collection":[{"href":"https:\/\/minghanggroup.com\/pt\/wp-json\/wp\/v2\/product"}],"about":[{"href":"https:\/\/minghanggroup.com\/pt\/wp-json\/wp\/v2\/types\/product"}],"wp:featuredmedia":[{"embeddable":true,"href":"https:\/\/minghanggroup.com\/pt\/wp-json\/wp\/v2\/media\/2255"}],"wp:attachment":[{"href":"https:\/\/minghanggroup.com\/pt\/wp-json\/wp\/v2\/media?parent=2249"}],"wp:term":[{"taxonomy":"product_brand","embeddable":true,"href":"https:\/\/minghanggroup.com\/pt\/wp-json\/wp\/v2\/product_brand?post=2249"},{"taxonomy":"product_cat","embeddable":true,"href":"https:\/\/minghanggroup.com\/pt\/wp-json\/wp\/v2\/product_cat?post=2249"},{"taxonomy":"product_tag","embeddable":true,"href":"https:\/\/minghanggroup.com\/pt\/wp-json\/wp\/v2\/product_tag?post=2249"}],"curies":[{"name":"wp","href":"https:\/\/api.w.org\/{rel}","templated":true}]}}