{"id":2195,"date":"2025-10-29T16:01:53","date_gmt":"2025-10-29T08:01:53","guid":{"rendered":"https:\/\/minghanggroup.com\/?post_type=product&#038;p=2195"},"modified":"2025-10-29T17:47:43","modified_gmt":"2025-10-29T09:47:43","slug":"bulk-small-empty-jam-jars-for-canning-with-ribbing","status":"publish","type":"product","link":"https:\/\/minghanggroup.com\/pt\/produto\/bulk-small-empty-jam-jars-for-canning-with-ribbing\/","title":{"rendered":"Conjunto de pequenos frascos vazios para geleia, com ranhuras, para conservas, 75ml e 100ml"},"content":{"rendered":"<p>Esses potes de geleia para conservas s\u00e3o feitos de vidro transparente com decora\u00e7\u00e3o em relevo vertical, formato arredondado e tampa vermelha. Dispon\u00edveis em diferentes tamanhos, possuem um design simples e elegante que real\u00e7a a beleza do mel em seu interior.<\/p>\n<h2>Caracter\u00edsticas do produto<\/h2>\n<ul>\n<li><strong>Corpo com nervuras verticais:<\/strong> Com o padr\u00e3o de nervuras verticais, os potes apresentam uma textura uniforme, elevando assim a apar\u00eancia do produto e o reconhecimento da marca.<\/li>\n<li><strong>Dur\u00e1vel:<\/strong> Nossos potes de vidro, fabricados com grande aten\u00e7\u00e3o aos detalhes, s\u00e3o extremamente dur\u00e1veis \u200b\u200be, portanto, podem facilmente passar por per\u00edodos de enchimento, transporte e armazenamento sem sofrer danos.<\/li>\n<li><strong>Design simples:<\/strong> A combina\u00e7\u00e3o do corpo arredondado do frasco com a tampa vermelha cria um efeito simples, por\u00e9m visualmente sofisticado, tornando-o o acess\u00f3rio perfeito para qualquer estilo.<\/li>\n<\/ul>\n<h2 style=\"text-align: left;\">Especifica\u00e7\u00f5es principais<\/h2>\n<table class=\"aligncenter\" style=\"border-collapse: collapse; width: 356.27pt;\" border=\"0\" width=\"475\" cellspacing=\"0\" cellpadding=\"0\">\n<tbody>\n<tr style=\"height: 13.50pt;\">\n<td style=\"height: 13.50pt; width: 96.00pt;\" width=\"128\" height=\"18\">Recurso<\/td>\n<td style=\"width: 260.25pt;\" width=\"347\">Especifica\u00e7\u00e3o<\/td>\n<\/tr>\n<tr style=\"height: 13.50pt;\">\n<td style=\"height: 13.50pt;\" height=\"18\">Capacidade<\/td>\n<td>75ml, 100ml<\/td>\n<\/tr>\n<tr style=\"height: 13.50pt;\">\n<td style=\"height: 13.50pt;\" height=\"18\">Forma<\/td>\n<td>Redondo com nervuras verticais<\/td>\n<\/tr>\n<tr style=\"height: 13.50pt;\">\n<td style=\"height: 13.50pt;\" height=\"18\">Dimens\u00f5es<\/td>\n<td>6,5\u00d74,6cm, 6,9\u00d75,2cm<\/td>\n<\/tr>\n<tr style=\"height: 13.50pt;\">\n<td style=\"height: 13.50pt;\" height=\"18\">Material<\/td>\n<td>Vidro transparente, tampa de rosca met\u00e1lica<\/td>\n<\/tr>\n<tr style=\"height: 13.50pt;\">\n<td style=\"height: 13.50pt;\" height=\"18\">Op\u00e7\u00f5es de tampa<\/td>\n<td>Vermelho, dourado, prateado, preto (personaliz\u00e1vel)<\/td>\n<\/tr>\n<tr style=\"height: 13.50pt;\">\n<td style=\"height: 13.50pt;\" height=\"18\">Ideal para<\/td>\n<td>Amostras de mel, geleias, frutas cristalizadas<\/td>\n<\/tr>\n<tr style=\"height: 13.50pt;\">\n<td style=\"height: 13.50pt;\" height=\"18\">Uso ideal<\/td>\n<td>Potes de geleia para conservas, pequenos potes de mel.<\/td>\n<\/tr>\n<\/tbody>\n<\/table>\n<h2>Caso de sucesso: como um \u00f3timo pote de mel leva a mais compras recorrentes.<\/h2>\n<p>Uma cooperativa de mel de m\u00e9dio porte queria aprimorar sua imagem de marca e refletir melhor seus valores. Eles sempre haviam se concentrado na embalagem, mas esta n\u00e3o era memor\u00e1vel. Portanto, optaram por lan\u00e7ar uma nova linha de produtos premium utilizando nossos pequenos potes de geleia canelados de 100ml, encomendando inicialmente 2.000 unidades. Os resultados? Primeiro, o design canelado e o formato arredondado estimularam o desejo de compra dos clientes, levando a um aumento de 43% nas vendas. Segundo, os potes de vidro resistentes reduziram as taxas de quebra em aproximadamente 60%. A cooperativa ficou muito satisfeita com a resposta do mercado e, posteriormente, decidiu encomendar 300.000 potes de mel, tornando este produto um pilar do seu neg\u00f3cio.<\/p>\n<h2>Sugest\u00f5es de personaliza\u00e7\u00e3o de embalagens de vidro<\/h2>\n<ul>\n<li><strong>Sele\u00e7\u00e3o de cores do vidro:<\/strong> Al\u00e9m do vidro transparente, que \u00e9 o mais comum, voc\u00ea tamb\u00e9m pode optar por vidro \u00e2mbar ou verde como forma de proteger o produto do sol e dar-lhe um visual \u00fanico na prateleira.<\/li>\n<li><strong>Textura fosca decorada:<\/strong> As texturas verticais com acabamento fosco tornaram o contraste entre a parte t\u00e1til e a garrafa transparente mais marcante, n\u00e3o apenas visualmente, mas tamb\u00e9m ao toque.<\/li>\n<li><strong>Vidro mais espesso:<\/strong> Se o vidro for mais grosso, ser\u00e1 menos prov\u00e1vel que ele se quebre.<\/li>\n<li><strong>Logotipo impresso em serigrafia:<\/strong> Grave ou imprima seu logotipo diretamente na face do frasco de vidro para uma identifica\u00e7\u00e3o de marca premium e duradoura.<\/li>\n<\/ul>","protected":false},"excerpt":{"rendered":"<p>Potes de geleia pequenos e vazios, com textura canelada vertical. Ideais para enlatar, presentear ou armazenar geleia. Dispon\u00edveis com pre\u00e7os de atacado e op\u00e7\u00f5es personalizadas.<\/p>","protected":false},"featured_media":2200,"template":"","meta":{"postBodyCss":"","postBodyMargin":[],"postBodyPadding":[],"postBodyBackground":{"backgroundType":"classic","gradient":""}},"product_brand":[],"product_cat":[15,17,52],"product_tag":[],"class_list":{"0":"post-2195","1":"product","2":"type-product","3":"status-publish","4":"has-post-thumbnail","6":"product_cat-glass-containers","7":"product_cat-glass-jars","8":"product_cat-glass-honey-jars","10":"first","11":"instock","12":"shipping-taxable","13":"product-type-simple"},"jetpack_sharing_enabled":true,"_links":{"self":[{"href":"https:\/\/minghanggroup.com\/pt\/wp-json\/wp\/v2\/product\/2195","targetHints":{"allow":["GET"]}}],"collection":[{"href":"https:\/\/minghanggroup.com\/pt\/wp-json\/wp\/v2\/product"}],"about":[{"href":"https:\/\/minghanggroup.com\/pt\/wp-json\/wp\/v2\/types\/product"}],"wp:featuredmedia":[{"embeddable":true,"href":"https:\/\/minghanggroup.com\/pt\/wp-json\/wp\/v2\/media\/2200"}],"wp:attachment":[{"href":"https:\/\/minghanggroup.com\/pt\/wp-json\/wp\/v2\/media?parent=2195"}],"wp:term":[{"taxonomy":"product_brand","embeddable":true,"href":"https:\/\/minghanggroup.com\/pt\/wp-json\/wp\/v2\/product_brand?post=2195"},{"taxonomy":"product_cat","embeddable":true,"href":"https:\/\/minghanggroup.com\/pt\/wp-json\/wp\/v2\/product_cat?post=2195"},{"taxonomy":"product_tag","embeddable":true,"href":"https:\/\/minghanggroup.com\/pt\/wp-json\/wp\/v2\/product_tag?post=2195"}],"curies":[{"name":"wp","href":"https:\/\/api.w.org\/{rel}","templated":true}]}}