{"id":2190,"date":"2025-10-29T16:59:56","date_gmt":"2025-10-29T08:59:56","guid":{"rendered":"https:\/\/minghanggroup.com\/?post_type=product&#038;p=2190"},"modified":"2026-01-20T13:42:39","modified_gmt":"2026-01-20T05:42:39","slug":"cute-eggshell-yogurt-glass-jars-with-lids-wholesale","status":"publish","type":"product","link":"https:\/\/minghanggroup.com\/pt\/produto\/cute-eggshell-yogurt-glass-jars-with-lids-wholesale\/","title":{"rendered":"Potes de vidro para iogurte em formato de casca de ovo com tampas \u2013 Recipientes para sobremesas e pudins"},"content":{"rendered":"<p>N\u00e3o continue usando embalagens sem gra\u00e7a que fazem seu iogurte se perder entre outros produtos. N\u00f3s fabricamos potes de iogurte personalizados e charmosos com tampas que transformam seus latic\u00ednios em itens modernos e estilosos. Eles n\u00e3o s\u00e3o apenas embalagens, mas o novo segredo da sua marca para uma apresenta\u00e7\u00e3o impec\u00e1vel. Como seu fabricante de embalagens de vidro de confian\u00e7a, utilizamos materiais de alta qualidade para garantir o sabor fresco por mais tempo.<\/p>\n<h2>Caracter\u00edsticas do produto<\/h2>\n<ul>\n<li><strong>Eleg\u00e2ncia da Casca de Ovo:<\/strong>O padr\u00e3o art\u00edstico de casca de ovo dos nossos potes de vidro para iogurte com tampa \u00e9 o que os torna muito atraentes, e os clientes v\u00e3o querer us\u00e1-los como decora\u00e7\u00e3o.<\/li>\n<li><strong>Abertura em forma de onda:<\/strong>Tudo ficou mais f\u00e1cil: despejar, servir e limpar com uma abertura em formato de onda \u00e9 pr\u00e1tico e ideal para seus produtos l\u00e1cteos.<\/li>\n<\/ul>\n<h2>Especifica\u00e7\u00f5es principais<\/h2>\n<table style=\"border-collapse: collapse; width: 80%; margin-left: auto; margin-right: auto;\" border=\"0\" width=\"288\" cellspacing=\"0\" cellpadding=\"0\">\n<tbody>\n<tr style=\"height: 13.50pt;\">\n<td style=\"height: 13.5pt; width: 54pt; text-align: center;\" width=\"72\" height=\"18\">Capacidade<\/td>\n<td style=\"width: 54pt; text-align: center;\" width=\"72\">Dimens\u00f5es<\/td>\n<td style=\"width: 54pt; text-align: center;\" width=\"72\">Forma<\/td>\n<td style=\"width: 54pt; text-align: center;\" width=\"72\">Material<\/td>\n<\/tr>\n<tr style=\"height: 13.50pt;\">\n<td style=\"height: 13.5pt; text-align: center;\" height=\"18\">225g<\/td>\n<td style=\"text-align: center;\">6,2 x 8,2 cm<\/td>\n<td style=\"text-align: center;\">Casca de ovo<\/td>\n<td style=\"text-align: center;\">Vidro<\/td>\n<\/tr>\n<\/tbody>\n<\/table>\n<h2>Caso de sucesso<\/h2>\n<p>Uma cafeteria de uma rede japonesa de sobremesas colaborou conosco para produzir os mais fofos potes de vidro em formato de ovo para iogurte, com tampas, para sua linha de parfaits de iogurte. O vidro borossilicato de alta qualidade, com bordas lisas e onduladas que lembram chantilly cremoso, foi usado para criar os potes de iogurte, resultando em um visual l\u00fadico e elegante ao mesmo tempo. A logomarca minimalista da marca e um r\u00f3tulo fosco, que confere um toque artesanal, foram os elementos que utilizamos para personalizar os potes com impress\u00e3o UV.<\/p>\n<p>Os ador\u00e1veis \u200b\u200bpotes de iogurte se tornaram uma ferramenta eficaz de reconhecimento da marca na \u00e9poca do lan\u00e7amento, e as vendas de sobremesas para viagem aumentaram 55% em apenas dois meses.<\/p>\n<h2>Dicas de personaliza\u00e7\u00e3o<\/h2>\n<p>Esses charmosos potinhos de iogurte em formato de quebra-ovos s\u00e3o o toque especial que far\u00e1 sua caligrafia de sobremesas brilhar. Basta nos informar o nome do sabor \u2014 como &#034;Morango ao Nascer do Sol&#034; ou &#034;Ninho de Manga&#034; \u2014 e escolher entre tampas de vidro colorido, tampas de vidro fosco ou an\u00e9is de veda\u00e7\u00e3o de silicone em tons pastel. Al\u00e9m disso, voc\u00ea pode imprimir o logotipo da sua marca no pote ou usar r\u00f3tulos minimalistas para que as curvas divertidas do pote sejam o principal atrativo visual. Na verdade, s\u00f3 pela presen\u00e7a do pote, o iogurte, pudim ou mousse artesanal ser\u00e1 reconhecido como uma obra de arte \u00fanica. Que tal criar uma embalagem t\u00e3o fofa quanto suas sobremesas?<\/p>","protected":false},"excerpt":{"rendered":"<p>Ador\u00e1veis \u200b\u200bpotes de vidro para iogurte com tampas, ideais para sobremesas e pudins. Estes charmosos potes de iogurte apresentam um design que lembra casca de ovo, perfeitos para cafeterias ou para guardar guloseimas caseiras.<\/p>","protected":false},"featured_media":2196,"template":"","meta":{"postBodyCss":"","postBodyMargin":[],"postBodyPadding":[],"postBodyBackground":{"backgroundType":"classic","gradient":""}},"product_brand":[],"product_cat":[15,16,46],"product_tag":[65,64],"class_list":{"0":"post-2190","1":"product","2":"type-product","3":"status-publish","4":"has-post-thumbnail","6":"product_cat-glass-containers","7":"product_cat-glass-bottles","8":"product_cat-glass-milk-bottles","9":"product_tag-glass-jam-jars","10":"product_tag-glass-yogurt-jars","12":"first","13":"instock","14":"shipping-taxable","15":"product-type-simple"},"jetpack_sharing_enabled":true,"_links":{"self":[{"href":"https:\/\/minghanggroup.com\/pt\/wp-json\/wp\/v2\/product\/2190","targetHints":{"allow":["GET"]}}],"collection":[{"href":"https:\/\/minghanggroup.com\/pt\/wp-json\/wp\/v2\/product"}],"about":[{"href":"https:\/\/minghanggroup.com\/pt\/wp-json\/wp\/v2\/types\/product"}],"wp:featuredmedia":[{"embeddable":true,"href":"https:\/\/minghanggroup.com\/pt\/wp-json\/wp\/v2\/media\/2196"}],"wp:attachment":[{"href":"https:\/\/minghanggroup.com\/pt\/wp-json\/wp\/v2\/media?parent=2190"}],"wp:term":[{"taxonomy":"product_brand","embeddable":true,"href":"https:\/\/minghanggroup.com\/pt\/wp-json\/wp\/v2\/product_brand?post=2190"},{"taxonomy":"product_cat","embeddable":true,"href":"https:\/\/minghanggroup.com\/pt\/wp-json\/wp\/v2\/product_cat?post=2190"},{"taxonomy":"product_tag","embeddable":true,"href":"https:\/\/minghanggroup.com\/pt\/wp-json\/wp\/v2\/product_tag?post=2190"}],"curies":[{"name":"wp","href":"https:\/\/api.w.org\/{rel}","templated":true}]}}