{"id":2184,"date":"2025-10-29T15:53:47","date_gmt":"2025-10-29T07:53:47","guid":{"rendered":"https:\/\/minghanggroup.com\/?post_type=product&#038;p=2184"},"modified":"2026-01-20T13:42:50","modified_gmt":"2026-01-20T05:42:50","slug":"wholesale-glass-yogurt-jars-with-lids-for-packaging","status":"publish","type":"product","link":"https:\/\/minghanggroup.com\/pt\/produto\/wholesale-glass-yogurt-jars-with-lids-for-packaging\/","title":{"rendered":"Potes de vidro para iogurte com tampas, para embalagem, 40-500ml, no atacado."},"content":{"rendered":"<p>N\u00e3o continue usando embalagens sem gra\u00e7a que fazem seu iogurte se misturar com o ambiente. Criamos potes de vidro personalizados para iogurte com tampas que tornam cada colherada uma del\u00edcia. Eles n\u00e3o s\u00e3o apenas recipientes, mas a nova arma secreta da sua marca para embalagens de latic\u00ednios elegantes e modernas. Como seu fabricante de embalagens de vidro preferido, utilizamos os materiais mais frescos para manter o sabor do seu produto por mais tempo.<\/p>\n<h2>Caracter\u00edsticas do produto<\/h2>\n<ol>\n<li><strong>Clareza cristalina:<\/strong>O vidro de alta transpar\u00eancia exibe instantaneamente as camadas vibrantes do seu iogurte aos clientes, permitindo que eles vejam a qualidade e o frescor do produto mesmo antes da compra.<\/li>\n<li><strong>Design Geom\u00e9trico:<\/strong>O vidro grosso com um leve padr\u00e3o na base n\u00e3o s\u00f3 decora o produto visualmente, como tamb\u00e9m refor\u00e7a a sua estabilidade nas prateleiras.<\/li>\n<li><strong>Sistema de tampa segura:<\/strong>Tampas de metal ou pl\u00e1stico vedam firmemente o espa\u00e7o entre o frasco e a tampa \u2014 sem vazamentos nos seus potes de iogurte com tampa.<\/li>\n<li><strong>Tamanhos vers\u00e1teis:<\/strong>Nossos potes de vidro para iogurte com tampas, com capacidades de 40ml a 500ml, atendem a qualquer necessidade de produtos l\u00e1cteos ou embalagens.<\/li>\n<\/ol>\n<h2>Especifica\u00e7\u00f5es principais<\/h2>\n<table style=\"border-collapse: collapse; width: 80%; margin-left: auto; margin-right: auto;\" border=\"0\" width=\"288\" cellspacing=\"0\" cellpadding=\"0\">\n<tbody>\n<tr style=\"height: 13.50pt;\">\n<td style=\"height: 13.5pt; width: 54pt; text-align: center;\" width=\"72\" height=\"18\">Capacidade (ml)<\/td>\n<td style=\"width: 54pt; text-align: center;\" width=\"72\">Dimens\u00f5es (cm)<\/td>\n<td style=\"width: 54pt; text-align: center;\" width=\"72\">Adequado para<\/td>\n<td style=\"width: 54pt; text-align: center;\" width=\"72\">Op\u00e7\u00f5es personalizadas<\/td>\n<\/tr>\n<tr style=\"height: 13.50pt;\">\n<td style=\"height: 13.5pt; text-align: center;\" align=\"right\" height=\"18\">40<\/td>\n<td style=\"text-align: center;\">4.9&#215;4.9<\/td>\n<td class=\"et2\" style=\"text-align: center;\" rowspan=\"7\">Pudim, iogurte, sobremesa, mel, geleia<\/td>\n<td class=\"et2\" style=\"text-align: center;\" rowspan=\"7\">Logotipos, r\u00f3tulos, tampas de garrafa, etc.<\/td>\n<\/tr>\n<tr style=\"height: 13.50pt;\">\n<td style=\"height: 13.5pt; text-align: center;\" align=\"right\" height=\"18\">75<\/td>\n<td style=\"text-align: center;\">5.5&#215;5.9<\/td>\n<\/tr>\n<tr style=\"height: 13.50pt;\">\n<td style=\"height: 13.5pt; text-align: center;\" align=\"right\" height=\"18\">100<\/td>\n<td style=\"text-align: center;\">6.3&#215;6.9<\/td>\n<\/tr>\n<tr style=\"height: 13.50pt;\">\n<td style=\"height: 13.5pt; text-align: center;\" align=\"right\" height=\"18\">200<\/td>\n<td style=\"text-align: center;\">7.5&#215;7.6<\/td>\n<\/tr>\n<tr style=\"height: 13.50pt;\">\n<td style=\"height: 13.5pt; text-align: center;\" align=\"right\" height=\"18\">280<\/td>\n<td style=\"text-align: center;\">8.7&#215;8.4<\/td>\n<\/tr>\n<tr style=\"height: 13.50pt;\">\n<td style=\"height: 13.5pt; text-align: center;\" align=\"right\" height=\"18\">380<\/td>\n<td style=\"text-align: center;\">9.3&#215;9.3<\/td>\n<\/tr>\n<tr style=\"height: 13.50pt;\">\n<td style=\"height: 13.5pt; text-align: center;\" align=\"right\" height=\"18\">500<\/td>\n<td style=\"text-align: center;\">9.8&#215;10.5<\/td>\n<\/tr>\n<\/tbody>\n<\/table>\n<h2>Caso de sucesso<\/h2>\n<p>N\u00f3s nos unimos a uma marca de iogurte de luxo da Coreia do Sul para criar potes de vidro exclusivos para sua linha de sobremesas. Os potes s\u00e3o feitos de vidro grosso e transparente com um padr\u00e3o geom\u00e9trico em relevo no fundo, o que torna as frutas e o iogurte ainda mais atraentes visualmente. Para harmonizar com os sabores da linha, a marca optou por tampas de alum\u00ednio em tons pastel com an\u00e9is de veda\u00e7\u00e3o de silicone de qualidade alimentar, que mant\u00eam o produto fresco e evitam vazamentos durante o transporte. Colocamos o logotipo nos potes e usamos r\u00f3tulos transparentes para a identidade visual, permitindo que os ingredientes coloridos permanecessem vis\u00edveis.<\/p>\n<p>A marca registrou um aumento de 40% nas vendas mensais ap\u00f3s o lan\u00e7amento do novo produto e, consequentemente, as cafeterias e docerias que comercializam a marca tamb\u00e9m observaram um aumento de 100% nas taxas de recompra.<\/p>\n<h2>Dicas de personaliza\u00e7\u00e3o<\/h2>\n<p>Decore seus potes de iogurte com um toque que seja verdadeiramente seu. Conte-nos sua ideia (por exemplo, &#034;Mistura de manga fresca da fazenda&#034;) e adicionaremos o relevo, o acabamento fosco ou a tampa de metal para harmonizar com o seu estilo. Deseja uma vers\u00e3o menor de 200 ml para degusta\u00e7\u00f5es de sobremesas? Esses potes de vidro para iogurte n\u00e3o s\u00e3o apenas um meio para a sua marca. Juntos, podemos criar produtos \u00fanicos e memor\u00e1veis.<\/p>","protected":false},"excerpt":{"rendered":"<p>Descubra os potes de iogurte de vidro premium com tampa \u2014 dur\u00e1veis, elegantes e personaliz\u00e1veis. Nossos potes de iogurte com tampa s\u00e3o perfeitos para sobremesas, pudins e guloseimas caseiras.<\/p>","protected":false},"featured_media":2185,"template":"","meta":{"postBodyCss":"","postBodyMargin":[],"postBodyPadding":[],"postBodyBackground":{"backgroundType":"classic","gradient":""}},"product_brand":[],"product_cat":[15,16,46],"product_tag":[65,64],"class_list":{"0":"post-2184","1":"product","2":"type-product","3":"status-publish","4":"has-post-thumbnail","6":"product_cat-glass-containers","7":"product_cat-glass-bottles","8":"product_cat-glass-milk-bottles","9":"product_tag-glass-jam-jars","10":"product_tag-glass-yogurt-jars","12":"first","13":"instock","14":"shipping-taxable","15":"product-type-simple"},"jetpack_sharing_enabled":true,"_links":{"self":[{"href":"https:\/\/minghanggroup.com\/pt\/wp-json\/wp\/v2\/product\/2184","targetHints":{"allow":["GET"]}}],"collection":[{"href":"https:\/\/minghanggroup.com\/pt\/wp-json\/wp\/v2\/product"}],"about":[{"href":"https:\/\/minghanggroup.com\/pt\/wp-json\/wp\/v2\/types\/product"}],"wp:featuredmedia":[{"embeddable":true,"href":"https:\/\/minghanggroup.com\/pt\/wp-json\/wp\/v2\/media\/2185"}],"wp:attachment":[{"href":"https:\/\/minghanggroup.com\/pt\/wp-json\/wp\/v2\/media?parent=2184"}],"wp:term":[{"taxonomy":"product_brand","embeddable":true,"href":"https:\/\/minghanggroup.com\/pt\/wp-json\/wp\/v2\/product_brand?post=2184"},{"taxonomy":"product_cat","embeddable":true,"href":"https:\/\/minghanggroup.com\/pt\/wp-json\/wp\/v2\/product_cat?post=2184"},{"taxonomy":"product_tag","embeddable":true,"href":"https:\/\/minghanggroup.com\/pt\/wp-json\/wp\/v2\/product_tag?post=2184"}],"curies":[{"name":"wp","href":"https:\/\/api.w.org\/{rel}","templated":true}]}}