{"id":2183,"date":"2025-10-29T15:01:14","date_gmt":"2025-10-29T07:01:14","guid":{"rendered":"https:\/\/minghanggroup.com\/?post_type=product&#038;p=2183"},"modified":"2025-10-29T16:01:49","modified_gmt":"2025-10-29T08:01:49","slug":"bulk-small-glass-jam-jars-with-embossed-bottom-edges","status":"publish","type":"product","link":"https:\/\/minghanggroup.com\/pt\/produto\/bulk-small-glass-jam-jars-with-embossed-bottom-edges\/","title":{"rendered":"Potes de vidro pequenos para geleia, com bordas em relevo na base, dispon\u00edveis em v\u00e1rios tamanhos: 50ml, 75ml e 100ml."},"content":{"rendered":"<p>Estes s\u00e3o pequenos potes de vidro para geleia, com corpo visualmente transparente. Geom\u00e9tricos, precisos e lindamente decorados, foram criados para trazer ao mercado uma combina\u00e7\u00e3o refinada e altamente pr\u00e1tica de charme e conveni\u00eancia. Sua apar\u00eancia elegante e texturizada \u00e9 a combina\u00e7\u00e3o perfeita de beleza e utilidade.<\/p>\n<h2>Caracter\u00edsticas do produto<\/h2>\n<ul>\n<li><strong>Produto sofisticado:<\/strong> Os potes de mel t\u00eam um visual muito limpo e, ao mesmo tempo, apresentam elementos geom\u00e9tricos em relevo que lhes conferem um estilo muito elegante, tornando o produto \u00fanico e de alt\u00edssima qualidade no mercado.<\/li>\n<li><strong>Material dos vasos:<\/strong> O vidro visualmente transparente n\u00e3o impede o consumidor de ver o mel que comprou. Em vez disso, enfatiza o fato de que o relevo est\u00e1 no fundo do frasco, mostrando-o por completo, unindo assim funcionalidade e beleza.<\/li>\n<li><strong>Escolha do tamanho:<\/strong> As especifica\u00e7\u00f5es dos potes de mel em termos de tamanho s\u00e3o suficientemente amplas para atender \u00e0s necessidades de distribui\u00e7\u00e3o de mel e embalagens para presente.<\/li>\n<\/ul>\n<h2 style=\"text-align: left;\">Especifica\u00e7\u00f5es principais<\/h2>\n<table class=\"aligncenter\" style=\"border-collapse: collapse; width: 415.52pt;\" border=\"0\" width=\"554\" cellspacing=\"0\" cellpadding=\"0\">\n<tbody>\n<tr style=\"height: 13.50pt;\">\n<td style=\"height: 13.50pt; width: 96.00pt;\" width=\"128\" height=\"18\">Recurso<\/td>\n<td style=\"width: 319.50pt;\" width=\"426\">Especifica\u00e7\u00e3o<\/td>\n<\/tr>\n<tr style=\"height: 13.50pt;\">\n<td style=\"height: 13.50pt;\" height=\"18\">Capacidade<\/td>\n<td>50ml, 75ml, 100ml<\/td>\n<\/tr>\n<tr style=\"height: 13.50pt;\">\n<td style=\"height: 13.50pt;\" height=\"18\">Forma<\/td>\n<td>Cil\u00edndrico com base texturizada<\/td>\n<\/tr>\n<tr style=\"height: 13.50pt;\">\n<td style=\"height: 13.50pt;\" height=\"18\">Dimens\u00f5es<\/td>\n<td>4,6\u00d76,2cm a 5,7\u00d77,9cm<\/td>\n<\/tr>\n<tr style=\"height: 13.50pt;\">\n<td style=\"height: 13.50pt;\" height=\"18\">Material<\/td>\n<td>Vidro transparente, tampa de rosca met\u00e1lica<\/td>\n<\/tr>\n<tr style=\"height: 13.50pt;\">\n<td style=\"height: 13.50pt;\" height=\"18\">Op\u00e7\u00f5es de tampa<\/td>\n<td>Vermelho, dourado, prateado, preto (cores personalizadas dispon\u00edveis)<\/td>\n<\/tr>\n<tr style=\"height: 13.50pt;\">\n<td style=\"height: 13.50pt;\" height=\"18\">Ideal para<\/td>\n<td>Amostras de mel, geleias, kits de viagem<\/td>\n<\/tr>\n<tr style=\"height: 13.50pt;\">\n<td style=\"height: 13.50pt;\" height=\"18\">Uso ideal<\/td>\n<td>Potes pequenos para geleia, recipientes pequenos para mel<\/td>\n<\/tr>\n<\/tbody>\n<\/table>\n<h2>Caso de sucesso: como os frascos de amostra impulsionam o r\u00e1pido crescimento dos neg\u00f3cios<\/h2>\n<p>O mercado agr\u00edcola de alta gama era o alvo de uma startup de apicultura que desejava se especializar em mel cru de origem \u00fanica. Para entrar nesse mercado, decidiram encomendar 1.000 pequenos potes de vidro de 50 ml como amostras. O resultado foi excepcionalmente bem-sucedido. Apenas observando o fundo do pote e a cor da tampa, \u00e9 poss\u00edvel perceber o aumento do valor do produto: uma marca de produtos artesanais relatou que quase dobrou (46%) as vendas de kits para presente, e um apicultor que utilizava potes de 50 ml como m\u00e9todo de degusta\u00e7\u00e3o de mel em uma feira de produtores constatou um aumento de 39% nas vendas de potes de mel de tamanho normal. Depois disso, passaram a comprar regularmente esses potes de mel maiores, fazendo pedidos trimestrais, e tamb\u00e9m come\u00e7aram a utilizar o tamanho de 75 ml como sua principal linha de produtos.<\/p>\n<h2>Sugest\u00f5es para personalizar recipientes de vidro para mel<\/h2>\n<ul>\n<li><strong>Cor da tampa personalizada:<\/strong> Temos tampas vermelhas padr\u00e3o dispon\u00edveis, al\u00e9m de uma ampla variedade de cores para voc\u00ea escolher a que melhor combina com a sua marca.<\/li>\n<li><strong>Base com relevo personalizada:<\/strong> Voc\u00ea pode alterar ou substituir o padr\u00e3o geom\u00e9trico em relevo na parte inferior pelo logotipo da sua marca ou por um design exclusivo que gere reconhecimento da marca.<\/li>\n<li><strong>Pel\u00edcula para vidros:<\/strong> Para obter melhor prote\u00e7\u00e3o contra raios UV, caso o produto seja fotossens\u00edvel, como por exemplo, mel da mais alta qualidade, voc\u00ea pode optar por vidro \u00e2mbar ou verde suave.<\/li>\n<li><strong>Op\u00e7\u00f5es de veda\u00e7\u00e3o da tampa interna:<\/strong> Voc\u00ea pode escolher diferentes materiais de enchimento para o revestimento, de forma que a veda\u00e7\u00e3o fique herm\u00e9tica e a viscosidade do seu produto seja perfeita \u2013 desde mel ralo at\u00e9 creme espesso.<\/li>\n<\/ul>","protected":false},"excerpt":{"rendered":"<p>Elegantes potinhos de vidro para geleia, com bordas geom\u00e9tricas em relevo na base e tampas vermelhas. Excelente veda\u00e7\u00e3o, perfeitos para embalar mel e geleia. Amostras gr\u00e1tis dispon\u00edveis.<\/p>","protected":false},"featured_media":2192,"template":"","meta":{"postBodyCss":"","postBodyMargin":[],"postBodyPadding":[],"postBodyBackground":{"backgroundType":"classic","gradient":""}},"product_brand":[],"product_cat":[15,17,52],"product_tag":[],"class_list":{"0":"post-2183","1":"product","2":"type-product","3":"status-publish","4":"has-post-thumbnail","6":"product_cat-glass-containers","7":"product_cat-glass-jars","8":"product_cat-glass-honey-jars","10":"first","11":"instock","12":"shipping-taxable","13":"product-type-simple"},"jetpack_sharing_enabled":true,"_links":{"self":[{"href":"https:\/\/minghanggroup.com\/pt\/wp-json\/wp\/v2\/product\/2183","targetHints":{"allow":["GET"]}}],"collection":[{"href":"https:\/\/minghanggroup.com\/pt\/wp-json\/wp\/v2\/product"}],"about":[{"href":"https:\/\/minghanggroup.com\/pt\/wp-json\/wp\/v2\/types\/product"}],"wp:featuredmedia":[{"embeddable":true,"href":"https:\/\/minghanggroup.com\/pt\/wp-json\/wp\/v2\/media\/2192"}],"wp:attachment":[{"href":"https:\/\/minghanggroup.com\/pt\/wp-json\/wp\/v2\/media?parent=2183"}],"wp:term":[{"taxonomy":"product_brand","embeddable":true,"href":"https:\/\/minghanggroup.com\/pt\/wp-json\/wp\/v2\/product_brand?post=2183"},{"taxonomy":"product_cat","embeddable":true,"href":"https:\/\/minghanggroup.com\/pt\/wp-json\/wp\/v2\/product_cat?post=2183"},{"taxonomy":"product_tag","embeddable":true,"href":"https:\/\/minghanggroup.com\/pt\/wp-json\/wp\/v2\/product_tag?post=2183"}],"curies":[{"name":"wp","href":"https:\/\/api.w.org\/{rel}","templated":true}]}}