{"id":2160,"date":"2025-10-28T17:55:09","date_gmt":"2025-10-28T09:55:09","guid":{"rendered":"https:\/\/minghanggroup.com\/?post_type=product&#038;p=2160"},"modified":"2025-10-29T17:32:26","modified_gmt":"2025-10-29T09:32:26","slug":"bulk-square-jam-canning-jars-with-embossed-fruit-pattern","status":"publish","type":"product","link":"https:\/\/minghanggroup.com\/pt\/produto\/bulk-square-jam-canning-jars-with-embossed-fruit-pattern\/","title":{"rendered":"Conjunto de v\u00e1rios potes quadrados para geleia com estampa de frutas em relevo, 250ml, 500ml e 750ml"},"content":{"rendered":"<p>Potes de conserva como este s\u00e3o feitos de vidro transparente em formato quadrado, decorados com charmosos padr\u00f5es de frutas em relevo e detalhes em texto. As tampas s\u00e3o douradas e prateadas, em diferentes tamanhos, exibindo um trabalho criativo impressionante que une funcionalidade e beleza na medida certa.<\/p>\n<h2>Caracter\u00edsticas do produto<\/h2>\n<ul>\n<li><strong>Material de vidro transparente:<\/strong> O uso de vidro transparente permite visualizar claramente o mel armazenado dentro do frasco e, ao mesmo tempo, observar os detalhes em relevo, combinando assim dois aspectos: utilidade e beleza.<\/li>\n<li><strong>Corpo com relevo quadrado:<\/strong> O formato quadrado, adornado com frutas e texto em relevo, exemplifica um estilo minimalista, mas ao mesmo tempo criativo, apresentando melhor o produto e aprimorando a apar\u00eancia geral da linha.<\/li>\n<li><strong>Est\u00e3o dispon\u00edveis diferentes tamanhos:<\/strong> S\u00e3o oferecidas em diversos tamanhos para atender plenamente \u00e0s diferentes necessidades que possam surgir, seja para armazenamento de mel, embalagem para presentes ou qualquer outra ocasi\u00e3o.<\/li>\n<\/ul>\n<h2 style=\"text-align: left;\">Especifica\u00e7\u00f5es principais<\/h2>\n<table class=\"aligncenter\" style=\"border-collapse: collapse; width: 405.02pt;\" border=\"0\" width=\"540\" cellspacing=\"0\" cellpadding=\"0\">\n<tbody>\n<tr style=\"height: 13.50pt;\">\n<td style=\"height: 13.50pt; width: 96.00pt;\" width=\"128\" height=\"18\">Recurso<\/td>\n<td style=\"width: 309.00pt;\" width=\"412\">Especifica\u00e7\u00e3o<\/td>\n<\/tr>\n<tr style=\"height: 13.50pt;\">\n<td style=\"height: 13.50pt;\" height=\"18\">Capacidade<\/td>\n<td>250ml, 500ml, 750ml<\/td>\n<\/tr>\n<tr style=\"height: 13.50pt;\">\n<td style=\"height: 13.50pt;\" height=\"18\">Forma<\/td>\n<td>Quadrado com estampa de frutas em relevo<\/td>\n<\/tr>\n<tr style=\"height: 13.50pt;\">\n<td style=\"height: 13.50pt;\" height=\"18\">Dimens\u00f5es<\/td>\n<td>8\u00d78,3cm a 10\u00d713,3cm<\/td>\n<\/tr>\n<tr style=\"height: 13.50pt;\">\n<td style=\"height: 13.50pt;\" height=\"18\">Material<\/td>\n<td>Vidro transparente, tampa de rosca met\u00e1lica<\/td>\n<\/tr>\n<tr style=\"height: 13.50pt;\">\n<td style=\"height: 13.50pt;\" height=\"18\">Op\u00e7\u00f5es de tampa<\/td>\n<td>Dourado, prateado, preto (cores personalizadas dispon\u00edveis)<\/td>\n<\/tr>\n<tr style=\"height: 13.50pt;\">\n<td style=\"height: 13.50pt;\" height=\"18\">Ideal para<\/td>\n<td>Mel, geleias, conservas, kits para presente, embalagens para venda a retalho<\/td>\n<\/tr>\n<tr style=\"height: 13.50pt;\">\n<td style=\"height: 13.50pt;\" height=\"18\">Uso ideal<\/td>\n<td>Potes para geleia, potes para mel<\/td>\n<\/tr>\n<\/tbody>\n<\/table>\n<h2>Caso de sucesso: elevando as marcas locais de mel<\/h2>\n<p>Um dos nossos clientes, uma empresa de apicultura que abastece o mercado local e est\u00e1 em plena expans\u00e3o, estava frustrado com o uso de potes de mel comuns h\u00e1 muito tempo. Ent\u00e3o, para sua linha de produtos premium, eles decidiram usar nossos potes de geleia de 500ml com tampas e designs em relevo. Os resultados? Para come\u00e7ar, o design em relevo com frutas teve um papel fundamental no aumento das vendas em 52%, com os clientes se referindo aos potes como &#034;obras de arte&#034;. Assim, houve um aumento de 63% no n\u00famero de clientes recorrentes. A marca ficou t\u00e3o satisfeita com os coment\u00e1rios que fez mais tr\u00eas pedidos, cada um com o dobro do tamanho do pedido anterior de 100.000 unidades. Atualmente, este pote se tornou a embalagem padr\u00e3o para toda a sua linha de produtos.<\/p>\n<h2>Ideias para modificar o armazenamento de mel em recipientes de vidro<\/h2>\n<ul>\n<li><strong>Diversas cores de bon\u00e9:<\/strong> Al\u00e9m das nossas op\u00e7\u00f5es atuais de tampas douradas, prateadas, pretas ou brancas, voc\u00ea tamb\u00e9m pode escolher uma cor Pantone personalizada que combine perfeitamente com a sua marca.<\/li>\n<li><strong>Relevo personalizado:<\/strong> Os frascos podem ter diferentes desenhos de frutas em relevo, e seu logotipo ou um design exclusivo pode ser feito diretamente nos frascos de vidro.<\/li>\n<li><strong>Tonalidade:<\/strong> O vidro pode ser ligeiramente tingido, caso deseje tons muito claros, como \u00e2mbar ou verde, para prote\u00e7\u00e3o contra raios UV ou simplesmente para uma apar\u00eancia de marca diferente, embora o vidro seja totalmente transparente.<\/li>\n<\/ul>\n<p>Precisa de embalagens de vidro perfeitas para o seu neg\u00f3cio? Veja toda a nossa linha de recipientes para mel e entre em contato para solicitar um or\u00e7amento para compras no atacado.<\/p>","protected":false},"excerpt":{"rendered":"<p>Potes de conserva de alta qualidade para geleias, decorados com padr\u00f5es de frutas em relevo. Ideais para fabricantes artesanais de geleias e embalagens de alimentos. Personaliz\u00e1veis, amostras gr\u00e1tis dispon\u00edveis.<\/p>","protected":false},"featured_media":2179,"template":"","meta":{"postBodyCss":"","postBodyMargin":[],"postBodyPadding":[],"postBodyBackground":{"backgroundType":"classic","gradient":""}},"product_brand":[],"product_cat":[15,17,52],"product_tag":[],"class_list":{"0":"post-2160","1":"product","2":"type-product","3":"status-publish","4":"has-post-thumbnail","6":"product_cat-glass-containers","7":"product_cat-glass-jars","8":"product_cat-glass-honey-jars","10":"first","11":"instock","12":"shipping-taxable","13":"product-type-simple"},"jetpack_sharing_enabled":true,"_links":{"self":[{"href":"https:\/\/minghanggroup.com\/pt\/wp-json\/wp\/v2\/product\/2160","targetHints":{"allow":["GET"]}}],"collection":[{"href":"https:\/\/minghanggroup.com\/pt\/wp-json\/wp\/v2\/product"}],"about":[{"href":"https:\/\/minghanggroup.com\/pt\/wp-json\/wp\/v2\/types\/product"}],"wp:featuredmedia":[{"embeddable":true,"href":"https:\/\/minghanggroup.com\/pt\/wp-json\/wp\/v2\/media\/2179"}],"wp:attachment":[{"href":"https:\/\/minghanggroup.com\/pt\/wp-json\/wp\/v2\/media?parent=2160"}],"wp:term":[{"taxonomy":"product_brand","embeddable":true,"href":"https:\/\/minghanggroup.com\/pt\/wp-json\/wp\/v2\/product_brand?post=2160"},{"taxonomy":"product_cat","embeddable":true,"href":"https:\/\/minghanggroup.com\/pt\/wp-json\/wp\/v2\/product_cat?post=2160"},{"taxonomy":"product_tag","embeddable":true,"href":"https:\/\/minghanggroup.com\/pt\/wp-json\/wp\/v2\/product_tag?post=2160"}],"curies":[{"name":"wp","href":"https:\/\/api.w.org\/{rel}","templated":true}]}}