{"id":2137,"date":"2025-10-28T15:03:04","date_gmt":"2025-10-28T07:03:04","guid":{"rendered":"https:\/\/minghanggroup.com\/?post_type=product&#038;p=2137"},"modified":"2026-01-20T13:43:03","modified_gmt":"2026-01-20T05:43:03","slug":"glass-milk-bottle-with-handle-for-yogurt","status":"publish","type":"product","link":"https:\/\/minghanggroup.com\/pt\/produto\/glass-milk-bottle-with-handle-for-yogurt\/","title":{"rendered":"Garrafa de vidro canelado de 120ml com al\u00e7a para leite, pudim e iogurte."},"content":{"rendered":"<p>Temos sido fundamentais na transforma\u00e7\u00e3o das embalagens de diversas marcas da ind\u00fastria de latic\u00ednios, tornando-as atraentes e sem gra\u00e7a. Nossa inovadora garrafa de leite de vidro com al\u00e7a n\u00e3o \u00e9 apenas um novo recipiente \u2013 \u00e9 um dispositivo que revoluciona a sua linha de iogurtes em potes. Imagine os clientes vendo as cores vibrantes do seu iogurte atrav\u00e9s do vidro transparente, segurando a al\u00e7a pr\u00e1tica e reconhecendo a alta qualidade. Esse \u00e9 o efeito de uma embalagem de vidro adequada.<\/p>\n<h2>Caracter\u00edsticas do produto<\/h2>\n<ul>\n<li><strong>Eleg\u00e2ncia com Textura Vintage:<\/strong>As ranhuras ou sulcos verticais na sua garrafa de vidro de leite conferem um visual que n\u00e3o \u00e9 afetado pelo tempo e, portanto, podem fazer com que seu pote de iogurte se destaque de forma atraente nas prateleiras.<\/li>\n<li><strong>Conforto ergon\u00f4mico:<\/strong>A al\u00e7a, com formato ideal para se encaixar na sua m\u00e3o como uma luva, facilita o despejo e o transporte do seu produto l\u00e1cteo.<\/li>\n<\/ul>\n<h2>Especifica\u00e7\u00f5es principais<\/h2>\n<table style=\"border-collapse: collapse; width: 80%; margin-right: auto; margin-left: auto;\" border=\"0\" width=\"360\" cellspacing=\"0\" cellpadding=\"0\">\n<tbody>\n<tr style=\"height: 13.50pt;\">\n<td style=\"height: 13.5pt; width: 54pt; text-align: center;\" width=\"72\" height=\"18\">Modelo<\/td>\n<td style=\"width: 54pt; text-align: center;\" width=\"72\">Capacidade<\/td>\n<td style=\"width: 54pt; text-align: center;\" width=\"72\">Dimens\u00f5es<\/td>\n<td style=\"width: 54pt; text-align: center;\" width=\"72\">Acess\u00f3rio<\/td>\n<td style=\"width: 54pt; text-align: center;\" width=\"72\">Textura<\/td>\n<\/tr>\n<tr style=\"height: 13.50pt;\">\n<td style=\"height: 13.5pt; text-align: center;\" align=\"right\" height=\"18\">64012047<\/td>\n<td style=\"text-align: center;\">120ml<\/td>\n<td style=\"text-align: center;\">9,36,87,3 cm<\/td>\n<td style=\"text-align: center;\">Lidar<\/td>\n<td style=\"text-align: center;\">sulcos verticais<\/td>\n<\/tr>\n<\/tbody>\n<\/table>\n<h2>Caso de sucesso<\/h2>\n<p>Uma marca de latic\u00ednios se uniu a n\u00f3s para criar uma garrafa de vidro canelado personalizada com al\u00e7a para sua nova linha de iogurtes artesanais e leites aromatizados. Cada pote de iogurte de 120 ml possui ranhuras verticais que n\u00e3o s\u00f3 facilitam o manuseio, como tamb\u00e9m conferem um charme retr\u00f4 ao produto. Al\u00e9m disso, a marca optou por uma tampa de rosca prateada fosca com revestimento de silicone para uma veda\u00e7\u00e3o segura e praticidade de reutiliza\u00e7\u00e3o.<\/p>\n<p>A linha de produtos tornou-se popular muito rapidamente nos caf\u00e9s locais, e a marca de latic\u00ednios conseguiu um aumento de 30% nos pedidos.<\/p>\n<h2>Ideias de personaliza\u00e7\u00e3o para a sua marca<\/h2>\n<p>Transforme a sua embalagem numa experi\u00eancia memor\u00e1vel. Basta escolher o sabor que lhe \u00e9 caracter\u00edstico \u2013 seja \u201cLeite de Aveia com Caf\u00e9 Gelado\u201d ou \u201cIogurte de Canela e Maple\u201d \u2013 e n\u00f3s tratamos de tudo, com um visual \u00fanico, composto por ranhuras verticais profundas, um acabamento mate suave e uma tampa personalizada em metal ou madeira. Pode tamb\u00e9m adicionar um elegante selo de seguran\u00e7a para manter o produto fresco e decorar o seu log\u00f3tipo ou imagem com impress\u00e3o a quente ou vidro fosco. Deixe que o seu frasco de iogurte seja o \u00edcone que a sua marca merece.<\/p>","protected":false},"excerpt":{"rendered":"<p>Elegante garrafa de vidro com al\u00e7a que tamb\u00e9m pode ser usada como iogurteira \u2014 perfeita para latic\u00ednios, sobremesas ou bebidas. Adicione tampas personalizadas, cores e impress\u00f5es de logotipo para combinar com a sua marca.<\/p>","protected":false},"featured_media":2138,"template":"","meta":{"postBodyCss":"","postBodyMargin":[],"postBodyPadding":[],"postBodyBackground":{"backgroundType":"classic","gradient":""}},"product_brand":[],"product_cat":[15,16,46],"product_tag":[65,64],"class_list":{"0":"post-2137","1":"product","2":"type-product","3":"status-publish","4":"has-post-thumbnail","6":"product_cat-glass-containers","7":"product_cat-glass-bottles","8":"product_cat-glass-milk-bottles","9":"product_tag-glass-jam-jars","10":"product_tag-glass-yogurt-jars","12":"first","13":"instock","14":"shipping-taxable","15":"product-type-simple"},"jetpack_sharing_enabled":true,"_links":{"self":[{"href":"https:\/\/minghanggroup.com\/pt\/wp-json\/wp\/v2\/product\/2137","targetHints":{"allow":["GET"]}}],"collection":[{"href":"https:\/\/minghanggroup.com\/pt\/wp-json\/wp\/v2\/product"}],"about":[{"href":"https:\/\/minghanggroup.com\/pt\/wp-json\/wp\/v2\/types\/product"}],"wp:featuredmedia":[{"embeddable":true,"href":"https:\/\/minghanggroup.com\/pt\/wp-json\/wp\/v2\/media\/2138"}],"wp:attachment":[{"href":"https:\/\/minghanggroup.com\/pt\/wp-json\/wp\/v2\/media?parent=2137"}],"wp:term":[{"taxonomy":"product_brand","embeddable":true,"href":"https:\/\/minghanggroup.com\/pt\/wp-json\/wp\/v2\/product_brand?post=2137"},{"taxonomy":"product_cat","embeddable":true,"href":"https:\/\/minghanggroup.com\/pt\/wp-json\/wp\/v2\/product_cat?post=2137"},{"taxonomy":"product_tag","embeddable":true,"href":"https:\/\/minghanggroup.com\/pt\/wp-json\/wp\/v2\/product_tag?post=2137"}],"curies":[{"name":"wp","href":"https:\/\/api.w.org\/{rel}","templated":true}]}}