{"id":2132,"date":"2025-10-28T14:07:28","date_gmt":"2025-10-28T06:07:28","guid":{"rendered":"https:\/\/minghanggroup.com\/?post_type=product&#038;p=2132"},"modified":"2026-01-20T13:43:18","modified_gmt":"2026-01-20T05:43:18","slug":"100ml-200ml-round-planet-yogurt-glass-jars-for-yogurt-milk","status":"publish","type":"product","link":"https:\/\/minghanggroup.com\/pt\/produto\/100ml-200ml-round-planet-yogurt-glass-jars-for-yogurt-milk\/","title":{"rendered":"Potes de vidro redondos Planet para iogurte e leite, 100ml e 200ml."},"content":{"rendered":"<p>Pare de usar embalagens sem gra\u00e7a que fazem seus produtos l\u00e1cteos se perderem na multid\u00e3o. Criamos potes de vidro personalizados em formato de planeta para iogurte, que transformam seu leite, iogurte e suco em itens que chamam a aten\u00e7\u00e3o. Eles n\u00e3o s\u00e3o apenas recipientes \u2014 s\u00e3o a nova arma secreta da sua marca para embalagens de produtos l\u00e1cteos modernas e estilosas. Como seu fabricante de embalagens de vidro de confian\u00e7a, utilizamos os materiais mais frescos para manter o sabor do seu produto por mais tempo.<\/p>\n<h2>Caracter\u00edsticas do produto<\/h2>\n<ol>\n<li><strong>Desenhos C\u00f3smicos:<\/strong>Os potes de vidro para iogurte Planets s\u00e3o perfeitos para destacar seus produtos l\u00e1cteos nas prateleiras \u2013 os clientes certamente v\u00e3o querer guardar essas garrafas de leite de vidro reutiliz\u00e1veis \u200b\u200bcomo decora\u00e7\u00e3o para suas casas.<\/li>\n<li><strong>Conveni\u00eancia com ampla abertura:<\/strong>\u00c9 muito f\u00e1cil de encher, servir e limpar \u2014 com essas garrafas com tampa, n\u00e3o h\u00e1 risco de derramar ou fazer sujeira. Perfeitas para engarrafar latic\u00ednios e para uso dom\u00e9stico.<\/li>\n<li><strong>Reutiliza\u00e7\u00e3o ecol\u00f3gica:<\/strong>O vidro \u00e9 de boa qualidade, bastante grosso e dur\u00e1vel, podendo ser reutilizado diariamente, reduzindo o desperd\u00edcio e, ao mesmo tempo, aumentando sua credibilidade ecol\u00f3gica. Esses potes de vidro para iogurte n\u00e3o s\u00e3o apenas recipientes, s\u00e3o embaixadores da marca.<\/li>\n<\/ol>\n<h2>Especifica\u00e7\u00f5es principais<\/h2>\n<table style=\"border-collapse: collapse; width: 80%; margin-left: auto; margin-right: auto;\" border=\"0\" width=\"288\" cellspacing=\"0\" cellpadding=\"0\">\n<tbody>\n<tr style=\"height: 13.50pt;\">\n<td style=\"height: 13.5pt; width: 54pt; text-align: center;\" width=\"72\" height=\"18\">Modelo<\/td>\n<td style=\"width: 54pt; text-align: center;\" width=\"72\">Capacidade (ml)<\/td>\n<td style=\"width: 54pt; text-align: center;\" width=\"72\">Dimens\u00f5es (cm)<\/td>\n<td style=\"width: 54pt; text-align: center;\" width=\"72\">Forma<\/td>\n<\/tr>\n<tr style=\"height: 13.50pt;\">\n<td style=\"height: 13.5pt; text-align: center;\" align=\"right\" height=\"18\">64010045<\/td>\n<td style=\"text-align: center;\" align=\"right\">100<\/td>\n<td style=\"text-align: center;\">6.9&#215;6.2<\/td>\n<td class=\"et2\" style=\"text-align: center;\" rowspan=\"2\">Planeta Redondo<\/td>\n<\/tr>\n<tr style=\"height: 13.50pt;\">\n<td style=\"height: 13.5pt; text-align: center;\" align=\"right\" height=\"18\">64020046<\/td>\n<td style=\"text-align: center;\" align=\"right\">200<\/td>\n<td style=\"text-align: center;\">7.9&#215;7.3<\/td>\n<\/tr>\n<\/tbody>\n<\/table>\n<h2>Caso de sucesso<\/h2>\n<p>Uma marca de sobremesas boutique fez uma parceria conosco para criar um pote de vidro personalizado em formato de planeta para sua cole\u00e7\u00e3o de mousses e iogurtes. O pote de vidro de 200 ml para iogurte tem um formato esf\u00e9rico e suave que lembra um pequeno planeta \u2014 uma maneira divertida e elegante de representar a criatividade e a alegria da marca.<\/p>\n<p>Para serem ao mesmo tempo bonitas e funcionais, a marca optou por tampas de rosca prateadas foscas com revestimento de silicone de qualidade alimentar, garantindo frescor herm\u00e9tico e f\u00e1cil veda\u00e7\u00e3o do produto durante o transporte refrigerado.<\/p>\n<p>O pote ganhou um visual elegante e contempor\u00e2neo gra\u00e7as ao delicado acabamento fosco e \u00e0 impress\u00e3o minimalista do logotipo em branco, o que o destacou nas prateleiras dos caf\u00e9s e nas plataformas online da marca.<\/p>\n<p>Ap\u00f3s o lan\u00e7amento da nova linha, os potes de pudim &#034;planeta&#034; se tornaram a embalagem mais popular entre os clientes, muitos dos quais apreciaram a apar\u00eancia luxuosa e colecion\u00e1vel. A marca registrou, no primeiro trimestre, um aumento de 28% nas compras repetidas, tornando o simples copo de sobremesa um \u00edcone de sua identidade visual.<\/p>\n<h2>Dicas de personaliza\u00e7\u00e3o<\/h2>\n<p>O melhor pote de vidro personalizado em formato de planeta seria aquele cuja forma redonda e elegante seja visualmente enfatizada. Voc\u00ea pode escolher entre acabamentos foscos ou degrad\u00ea para evocar uma impress\u00e3o celestial e on\u00edrica, ou optar por gravar os logotipos da sua marca para um visual t\u00e1til e luxuoso. Combine-o com tampas de metal rosque\u00e1veis \u200b\u200bem dourado fosco, ros\u00e9 ou prateado para um toque moderno, ou escolha tampas de madeira herm\u00e9ticas se voc\u00ea prefere uma op\u00e7\u00e3o mais sustent\u00e1vel. Al\u00e9m disso, voc\u00ea tem a liberdade de criar seus r\u00f3tulos e serigrafia de acordo com a identidade visual da sua sobremesa ou iogurte \u2013 seja ela minimalista, divertida ou luxuosa.<\/p>","protected":false},"excerpt":{"rendered":"<p>Descubra nossos potes de vidro para iogurte em formato de planeta \u2014 um design elegante, perfeito para sobremesas ou pudins. Personaliz\u00e1veis \u200b\u200bcom tampas, logotipos e acabamentos.<\/p>","protected":false},"featured_media":2133,"template":"","meta":{"postBodyCss":"","postBodyMargin":[],"postBodyPadding":[],"postBodyBackground":{"backgroundType":"classic","gradient":""}},"product_brand":[],"product_cat":[15,16,46],"product_tag":[65,64],"class_list":{"0":"post-2132","1":"product","2":"type-product","3":"status-publish","4":"has-post-thumbnail","6":"product_cat-glass-containers","7":"product_cat-glass-bottles","8":"product_cat-glass-milk-bottles","9":"product_tag-glass-jam-jars","10":"product_tag-glass-yogurt-jars","12":"first","13":"instock","14":"shipping-taxable","15":"product-type-simple"},"jetpack_sharing_enabled":true,"_links":{"self":[{"href":"https:\/\/minghanggroup.com\/pt\/wp-json\/wp\/v2\/product\/2132","targetHints":{"allow":["GET"]}}],"collection":[{"href":"https:\/\/minghanggroup.com\/pt\/wp-json\/wp\/v2\/product"}],"about":[{"href":"https:\/\/minghanggroup.com\/pt\/wp-json\/wp\/v2\/types\/product"}],"wp:featuredmedia":[{"embeddable":true,"href":"https:\/\/minghanggroup.com\/pt\/wp-json\/wp\/v2\/media\/2133"}],"wp:attachment":[{"href":"https:\/\/minghanggroup.com\/pt\/wp-json\/wp\/v2\/media?parent=2132"}],"wp:term":[{"taxonomy":"product_brand","embeddable":true,"href":"https:\/\/minghanggroup.com\/pt\/wp-json\/wp\/v2\/product_brand?post=2132"},{"taxonomy":"product_cat","embeddable":true,"href":"https:\/\/minghanggroup.com\/pt\/wp-json\/wp\/v2\/product_cat?post=2132"},{"taxonomy":"product_tag","embeddable":true,"href":"https:\/\/minghanggroup.com\/pt\/wp-json\/wp\/v2\/product_tag?post=2132"}],"curies":[{"name":"wp","href":"https:\/\/api.w.org\/{rel}","templated":true}]}}