{"id":2119,"date":"2025-10-27T16:00:54","date_gmt":"2025-10-27T08:00:54","guid":{"rendered":"https:\/\/minghanggroup.com\/?post_type=product&#038;p=2119"},"modified":"2025-10-27T16:01:11","modified_gmt":"2025-10-27T08:01:11","slug":"custom-glass-milk-bottles-for-pudding","status":"publish","type":"product","link":"https:\/\/minghanggroup.com\/pt\/produto\/custom-glass-milk-bottles-for-pudding\/","title":{"rendered":"Garrafas de vidro quadradas personalizadas para leite, pudim e outras bebidas."},"content":{"rendered":"<p>Sua marca de latic\u00ednios precisa de embalagens que realmente fa\u00e7am os clientes pararem no meio da navega\u00e7\u00e3o. Criamos garrafas de vidro personalizadas que transformam cada dose em um momento de puro prazer. Essas garrafas quadradas de vidro com tampa combinam design moderno com charme atemporal \u2014 perfeitas para leite, iogurte ou suco. Como seu fabricante de embalagens de vidro de confian\u00e7a, utilizamos os materiais mais frescos para manter o sabor do seu produto por mais tempo.<\/p>\n<h2>Caracter\u00edsticas do produto<\/h2>\n<ol>\n<li><strong>Design quadrado elegante:<\/strong>O formato quadrado e angular da estrutura proporciona uma apar\u00eancia contempor\u00e2nea e sofisticada, al\u00e9m de tornar a organiza\u00e7\u00e3o nas prateleiras mais eficiente e a etiquetagem mais f\u00e1cil.<\/li>\n<li><strong>Uso vers\u00e1til<\/strong>O produto \u00e9 utilizado principalmente para embalar leite, pudim, iogurte, caf\u00e9 gelado ou sucos de frutas, sendo tamb\u00e9m perfeito para apresenta\u00e7\u00e3o em pontos de venda e cafeterias.<\/li>\n<li><strong>Op\u00e7\u00f5es personaliz\u00e1veis:<\/strong>O produto pode ter tampa de metal, pl\u00e1stico ou madeira e tamb\u00e9m pode suportar impress\u00e3o de logotipo personalizado, relevo ou acabamento fosco.<\/li>\n<\/ol>\n<h2>Especifica\u00e7\u00f5es principais<\/h2>\n<table style=\"border-collapse: collapse; width: 80%; margin-left: auto; margin-right: auto;\" border=\"0\" width=\"288\" cellspacing=\"0\" cellpadding=\"0\">\n<tbody>\n<tr style=\"height: 13.50pt;\">\n<td style=\"height: 13.5pt; width: 54pt; text-align: center;\" width=\"72\" height=\"18\">Modelo<\/td>\n<td style=\"width: 54pt; text-align: center;\" width=\"72\">Capacidade (ml)<\/td>\n<td style=\"width: 54pt; text-align: center;\" width=\"72\">Dimens\u00f5es (cm)<\/td>\n<td style=\"width: 54pt; text-align: center;\" width=\"72\">Forma<\/td>\n<\/tr>\n<tr style=\"height: 13.50pt;\">\n<td style=\"height: 13.5pt; text-align: center;\" align=\"right\" height=\"18\">64010040<\/td>\n<td style=\"text-align: center;\" align=\"right\">100<\/td>\n<td style=\"text-align: center;\">5,0\u00d75,0x9,6<\/td>\n<td class=\"et2\" style=\"text-align: center;\" rowspan=\"2\">Quadrado<\/td>\n<\/tr>\n<tr style=\"height: 13.50pt;\">\n<td style=\"height: 13.5pt; text-align: center;\" align=\"right\" height=\"18\">64035041<\/td>\n<td style=\"text-align: center;\" align=\"right\">350<\/td>\n<td style=\"text-align: center;\">6,0\u00d76,0x16,1<\/td>\n<\/tr>\n<\/tbody>\n<\/table>\n<h2>Caso de sucesso<\/h2>\n<p>Uma marca boutique de latic\u00ednios se uniu a n\u00f3s para criar uma garrafa de vidro quadrada exclusiva para sua nova linha de leite org\u00e2nico fermentado a frio e sobremesas de pudim. Cada garrafa de 100ml foi cuidadosamente projetada com linhas geom\u00e9tricas simples e uma base de vidro profunda. Uma rolha de madeira delicada garante a veda\u00e7\u00e3o, e o logotipo em relevo da marca decora a frente, refletindo a arte e o car\u00e1ter distintivo da marca. Al\u00e9m disso, a garrafa possui um elegante acabamento fosco degrad\u00ea, que aumenta o apelo do produto nas prateleiras e o destaca dos demais.<\/p>\n<p>Ap\u00f3s o relan\u00e7amento do produto, as vendas aumentaram 40% e os clientes est\u00e3o dando excelentes avalia\u00e7\u00f5es \u00e0 garrafa em termos de resist\u00eancia e reutiliza\u00e7\u00e3o.<\/p>\n<h2>Dicas de personaliza\u00e7\u00e3o<\/h2>\n<p>N\u00e3o se conforme com embalagens med\u00edocres \u2014 uma garrafa de leite quadrada de vidro pode ser a cara da sua marca. Compartilhe sua hist\u00f3ria conosco, seja ela &#034;Direto da Fazenda Org\u00e2nica&#034; ou &#034;Elegante do Caf\u00e9 Moderno&#034;, e n\u00f3s a materializaremos com um acabamento fosco, um logotipo em relevo ou um revestimento degrad\u00ea. Precisa de um volume personalizado, como 100 ml ou 350 ml? Criaremos um molde especialmente para a sua linha de produtos. Escolha tampas seladas de alum\u00ednio, corti\u00e7a ou bambu para sua garrafa, e a grava\u00e7\u00e3o do logotipo tamb\u00e9m est\u00e1 dispon\u00edvel para todas essas op\u00e7\u00f5es. Permita-nos transformar sua garrafa de vidro quadrada em um design fant\u00e1stico e reutiliz\u00e1vel.<\/p>","protected":false},"excerpt":{"rendered":"<p>Elegantes garrafas de vidro quadradas personalizadas para iogurte e suco. A compra em grande quantidade de garrafas de vidro permite a personaliza\u00e7\u00e3o com tampas, cores e impress\u00e3o de logotipos, refor\u00e7ando a identidade da sua marca.<\/p>","protected":false},"featured_media":2120,"template":"","meta":{"postBodyCss":"","postBodyMargin":[],"postBodyPadding":[],"postBodyBackground":{"backgroundType":"classic","gradient":""}},"product_brand":[],"product_cat":[15,16,46],"product_tag":[],"class_list":{"0":"post-2119","1":"product","2":"type-product","3":"status-publish","4":"has-post-thumbnail","6":"product_cat-glass-containers","7":"product_cat-glass-bottles","8":"product_cat-glass-milk-bottles","10":"first","11":"instock","12":"shipping-taxable","13":"product-type-simple"},"jetpack_sharing_enabled":true,"_links":{"self":[{"href":"https:\/\/minghanggroup.com\/pt\/wp-json\/wp\/v2\/product\/2119","targetHints":{"allow":["GET"]}}],"collection":[{"href":"https:\/\/minghanggroup.com\/pt\/wp-json\/wp\/v2\/product"}],"about":[{"href":"https:\/\/minghanggroup.com\/pt\/wp-json\/wp\/v2\/types\/product"}],"wp:featuredmedia":[{"embeddable":true,"href":"https:\/\/minghanggroup.com\/pt\/wp-json\/wp\/v2\/media\/2120"}],"wp:attachment":[{"href":"https:\/\/minghanggroup.com\/pt\/wp-json\/wp\/v2\/media?parent=2119"}],"wp:term":[{"taxonomy":"product_brand","embeddable":true,"href":"https:\/\/minghanggroup.com\/pt\/wp-json\/wp\/v2\/product_brand?post=2119"},{"taxonomy":"product_cat","embeddable":true,"href":"https:\/\/minghanggroup.com\/pt\/wp-json\/wp\/v2\/product_cat?post=2119"},{"taxonomy":"product_tag","embeddable":true,"href":"https:\/\/minghanggroup.com\/pt\/wp-json\/wp\/v2\/product_tag?post=2119"}],"curies":[{"name":"wp","href":"https:\/\/api.w.org\/{rel}","templated":true}]}}