{"id":2112,"date":"2025-10-27T14:08:34","date_gmt":"2025-10-27T06:08:34","guid":{"rendered":"https:\/\/minghanggroup.com\/?post_type=product&#038;p=2112"},"modified":"2025-10-27T14:08:34","modified_gmt":"2025-10-27T06:08:34","slug":"glass-milk-bottles-with-lids-wholesale-for-dairy-and-dessert","status":"publish","type":"product","link":"https:\/\/minghanggroup.com\/pt\/produto\/glass-milk-bottles-with-lids-wholesale-for-dairy-and-dessert\/","title":{"rendered":"Garrafas de vidro altas e finas de 100 a 200 ml com tampas para leite, ideais para latic\u00ednios e sobremesas. Venda por atacado."},"content":{"rendered":"<p>Garrafas de vidro para leite com tampas no atacado, garrafa de vidro para leite com chocolate<\/p>\n<p>A embalagem da sua marca de latic\u00ednios deve ser aquela que realmente atrai a aten\u00e7\u00e3o dos clientes enquanto eles navegam pelas p\u00e1ginas. Produzimos garrafas de vidro para leite com tampas no atacado, que transformam cada dose em um momento de puro prazer. Esses potes de vidro com inspira\u00e7\u00e3o retr\u00f4 combinam o charme atemporal com a praticidade dos recursos modernos \u2014 perfeitos para leite com chocolate, latic\u00ednios ou sucos. Como seu fornecedor confi\u00e1vel de embalagens de vidro, utilizamos mat\u00e9ria-prima fresca que garante que seu produto permane\u00e7a fresco por mais tempo.<\/p>\n<h2>Caracter\u00edsticas do produto<\/h2>\n<ol>\n<li><strong>Design fino e elegante:<\/strong>Com seu design visualmente leve e elegante, as linhas altas e esbeltas da garrafa de vidro para leite com chocolate combinam perfeitamente com o estilo de uma marca premium de leite, suco ou pudim.<\/li>\n<li><strong>Vidro transparente espesso:<\/strong>\u00c9 feito de vidro brilhante e resistente, o que permite que a cor natural do produto fique \u00e0 mostra, tornando o recipiente bonito e funcional ao mesmo tempo.<\/li>\n<li><strong>Capacidade vers\u00e1til:<\/strong>Essa capacidade \u00e9 ideal para diversos usos, como leite fresco, iogurte, pudim e caf\u00e9 gelado.<\/li>\n<li><strong>Design com bocal ved\u00e1vel:<\/strong>As tampas de metal, pl\u00e1stico ou folha de alum\u00ednio com as quais \u00e9 compat\u00edvel garantem uma veda\u00e7\u00e3o \u00e0 prova de vazamentos e, assim, a frescura pode ser mantida por um per\u00edodo de tempo mais longo.<\/li>\n<\/ol>\n<h2>Especifica\u00e7\u00f5es principais<\/h2>\n<table style=\"border-collapse: collapse; width: 80%; margin-left: auto; margin-right: auto;\" border=\"0\" width=\"288\" cellspacing=\"0\" cellpadding=\"0\">\n<tbody>\n<tr style=\"height: 13.50pt;\">\n<td style=\"height: 13.5pt; width: 54pt; text-align: center;\" width=\"72\" height=\"18\">Modelo<\/td>\n<td style=\"width: 54pt; text-align: center;\" width=\"72\">Capacidade (ml)<\/td>\n<td style=\"width: 54pt; text-align: center;\" width=\"72\">Dimens\u00f5es (cm)<\/td>\n<td style=\"width: 54pt; text-align: center;\" width=\"72\">Tipo de garrafa<\/td>\n<\/tr>\n<tr style=\"height: 13.50pt;\">\n<td style=\"height: 13.5pt; text-align: center;\" align=\"right\" height=\"18\">64010038<\/td>\n<td style=\"text-align: center;\" align=\"right\">100<\/td>\n<td style=\"text-align: center;\">4.5&#215;9.5<\/td>\n<td class=\"et2\" style=\"text-align: center;\" rowspan=\"2\">Magro e Alto<\/td>\n<\/tr>\n<tr style=\"height: 13.50pt;\">\n<td style=\"height: 13.5pt; text-align: center;\" align=\"right\" height=\"18\">64020039<\/td>\n<td style=\"text-align: center;\" align=\"right\">200<\/td>\n<td style=\"text-align: center;\">6.0&#215;12.8<\/td>\n<\/tr>\n<\/tbody>\n<\/table>\n<h2>Caso de sucesso<\/h2>\n<p>Fomos contratados por uma marca de latic\u00ednios boutique para criar garrafas de leite de vidro personalizadas com tampas para venda por atacado. A garrafa de 200 ml, com sua silhueta esbelta, n\u00e3o \u00e9 apenas uma maneira maravilhosa de apresentar o produto, economizando espa\u00e7o de exposi\u00e7\u00e3o e transporte, mas tamb\u00e9m uma combina\u00e7\u00e3o perfeita de eleg\u00e2ncia e funcionalidade.<\/p>\n<p>Para manter o estilo minimalista da marca, o cliente optou por uma tampa de rosca branca fosca com lacre transparente termoencolh\u00edvel, resultando em uma embalagem elegante e com aspecto higi\u00eanico. A delicada impress\u00e3o fosca do logotipo na garrafa transmite uma sensa\u00e7\u00e3o de luxo e sofistica\u00e7\u00e3o, ideal para caf\u00e9s e supermercados de alto padr\u00e3o.<\/p>\n<p>A nova embalagem foi recebida com entusiasmo pelos clientes desde o lan\u00e7amento. A empresa fornecedora do leite registrou um aumento de 28% nas vendas durante as primeiras seis semanas.<\/p>\n<h2>Dicas de personaliza\u00e7\u00e3o<\/h2>\n<p>A garrafa de vidro alta para chocolate ao leite da sua marca deve ser aquela que transmite o charme \u00fanico da sua empresa. Basta nos dizer o nome do seu sabor (como &#034;creme de mel&#034; ou &#034;aroma de manga&#034;) e criaremos uma cor degrad\u00ea sutil, um logotipo em relevo ou um acabamento fosco que refletir\u00e1 a ess\u00eancia da sua marca. Precisa de uma garrafa de 100 ml ou 200 ml para uma parceria com um caf\u00e9? Esta garrafa alta e estreita \u00e9 exatamente o que voc\u00ea precisa!<\/p>\n<p>Sua garrafa de vidro n\u00e3o \u00e9 uma mera embalagem, mas um reflexo da qualidade e do estilo da sua marca. Vamos fazer isso criando bebidas inesquec\u00edveis, mas apenas uma garrafa de cada vez.<\/p>","protected":false},"excerpt":{"rendered":"<p>Garrafas de vidro para leite com tampa, perfeitas para iogurte e smoothies, dispon\u00edveis para venda por atacado. As garrafas de vidro para leite com chocolate podem ser personalizadas com logotipos e revestimento colorido para a sua marca.<\/p>","protected":false},"featured_media":2114,"template":"","meta":{"postBodyCss":"","postBodyMargin":[],"postBodyPadding":[],"postBodyBackground":{"backgroundType":"classic","gradient":""}},"product_brand":[],"product_cat":[15,16,46],"product_tag":[],"class_list":{"0":"post-2112","1":"product","2":"type-product","3":"status-publish","4":"has-post-thumbnail","6":"product_cat-glass-containers","7":"product_cat-glass-bottles","8":"product_cat-glass-milk-bottles","10":"first","11":"instock","12":"shipping-taxable","13":"product-type-simple"},"jetpack_sharing_enabled":true,"_links":{"self":[{"href":"https:\/\/minghanggroup.com\/pt\/wp-json\/wp\/v2\/product\/2112","targetHints":{"allow":["GET"]}}],"collection":[{"href":"https:\/\/minghanggroup.com\/pt\/wp-json\/wp\/v2\/product"}],"about":[{"href":"https:\/\/minghanggroup.com\/pt\/wp-json\/wp\/v2\/types\/product"}],"wp:featuredmedia":[{"embeddable":true,"href":"https:\/\/minghanggroup.com\/pt\/wp-json\/wp\/v2\/media\/2114"}],"wp:attachment":[{"href":"https:\/\/minghanggroup.com\/pt\/wp-json\/wp\/v2\/media?parent=2112"}],"wp:term":[{"taxonomy":"product_brand","embeddable":true,"href":"https:\/\/minghanggroup.com\/pt\/wp-json\/wp\/v2\/product_brand?post=2112"},{"taxonomy":"product_cat","embeddable":true,"href":"https:\/\/minghanggroup.com\/pt\/wp-json\/wp\/v2\/product_cat?post=2112"},{"taxonomy":"product_tag","embeddable":true,"href":"https:\/\/minghanggroup.com\/pt\/wp-json\/wp\/v2\/product_tag?post=2112"}],"curies":[{"name":"wp","href":"https:\/\/api.w.org\/{rel}","templated":true}]}}