{"id":2075,"date":"2025-10-24T17:06:14","date_gmt":"2025-10-24T09:06:14","guid":{"rendered":"https:\/\/minghanggroup.com\/?post_type=product&#038;p=2075"},"modified":"2026-01-20T13:44:11","modified_gmt":"2026-01-20T05:44:11","slug":"wholesale-glass-yogurt-bottles-for-packaging","status":"publish","type":"product","link":"https:\/\/minghanggroup.com\/pt\/produto\/wholesale-glass-yogurt-bottles-for-packaging\/","title":{"rendered":"Garrafas de vidro em formato de cora\u00e7\u00e3o duplo, 100ml, 150ml e 250ml, para iogurte, leite e sobremesas."},"content":{"rendered":"<p>Para que sua marca de leite se destaque da concorr\u00eancia, uma embalagem visualmente atraente \u00e9 essencial. Criamos ador\u00e1veis \u200b\u200bpotes de vidro em formato de cora\u00e7\u00e3o para iogurte, que proporcionam um momento de encantamento ao apresentar seu produto. Como fabricantes renomados de embalagens de vidro, temos orgulho de fornecer as melhores mat\u00e9rias-primas para seus produtos l\u00e1cteos. Essas elegantes garrafas de vidro recicl\u00e1veis \u200b\u200bpara leite combinam o charme cl\u00e1ssico com a funcionalidade moderna \u2014 que tal us\u00e1-las para iogurte, suco ou at\u00e9 mesmo uma pequena sobremesa?<\/p>\n<h2>Caracter\u00edsticas do produto<\/h2>\n<ol>\n<li><strong>Design de cora\u00e7\u00e3o rom\u00e2ntico:<\/strong>O relevo de cora\u00e7\u00e3o duplo \u00e9 o detalhe que torna as garrafas de iogurte de vidro rom\u00e2nticas e certamente chamar\u00e1 a aten\u00e7\u00e3o em qualquer prateleira.<\/li>\n<li><strong>Vis\u00e3o clara e n\u00edtida do frescor:<\/strong>O vidro transparente real\u00e7a a cor vibrante do iogurte, permitindo que o cliente veja a sua frescura mesmo antes de efetuar a compra.<\/li>\n<li><strong>Encaixe perfeito da tampa:<\/strong>A boca ligeiramente alargada adapta-se a qualquer tampa de garrafa, evitando vazamentos e derramamentos, proporcionando apenas o puro prazer do leite.<\/li>\n<li><strong>Tamanho otimizado para cada linha de latic\u00ednios:<\/strong>Estamos aqui para apoiar o seu processo de envase de latic\u00ednios, desde amostras de 100ml at\u00e9 embalagens a granel de 250ml.<\/li>\n<\/ol>\n<h2>Especifica\u00e7\u00f5es principais<\/h2>\n<table style=\"border-collapse: collapse; width: 80%; margin-left: auto; margin-right: auto;\" border=\"0\" width=\"288\" cellspacing=\"0\" cellpadding=\"0\">\n<tbody>\n<tr style=\"height: 13.50pt;\">\n<td style=\"height: 13.5pt; width: 54pt; text-align: center;\" width=\"72\" height=\"18\">Modelo<\/td>\n<td style=\"width: 54pt; text-align: center;\" width=\"72\">Capacidade (ml)<\/td>\n<td style=\"width: 54pt; text-align: center;\" width=\"72\">Dimens\u00f5es (cm)<\/td>\n<td style=\"width: 54pt; text-align: center;\" width=\"72\">Padr\u00e3o<\/td>\n<\/tr>\n<tr style=\"height: 13.50pt;\">\n<td style=\"height: 13.5pt; text-align: center;\" align=\"right\" height=\"18\">64010035<\/td>\n<td style=\"text-align: center;\" align=\"right\">100<\/td>\n<td style=\"text-align: center;\">6.2&#215;6.7<\/td>\n<td class=\"et2\" style=\"text-align: center;\" rowspan=\"3\">Cora\u00e7\u00e3o duplo<\/td>\n<\/tr>\n<tr style=\"height: 13.50pt;\">\n<td style=\"height: 13.5pt; text-align: center;\" align=\"right\" height=\"18\">64015036<\/td>\n<td style=\"text-align: center;\" align=\"right\">150<\/td>\n<td style=\"text-align: center;\">6.3&#215;7.9<\/td>\n<\/tr>\n<tr style=\"height: 13.50pt;\">\n<td style=\"height: 13.5pt; text-align: center;\" align=\"right\" height=\"18\">64025037<\/td>\n<td style=\"text-align: center;\" align=\"right\">250<\/td>\n<td style=\"text-align: center;\">7.0&#215;9.6<\/td>\n<\/tr>\n<\/tbody>\n<\/table>\n<h2>Caso de sucesso<\/h2>\n<p>Ap\u00f3s uma marca local de latic\u00ednios decidir lan\u00e7ar uma nova embalagem para seu iogurte, eles nos procuraram com a necessidade de garrafas de vidro personalizadas em formato de cora\u00e7\u00e3o. Uma delicada grava\u00e7\u00e3o em relevo de dois cora\u00e7\u00f5es, feita com carinho e delicadeza, foi aplicada em cada garrafa de 150ml, combinando perfeitamente com o conceito da marca: &#034;Feito com Cora\u00e7\u00e3o&#034;.<\/p>\n<p>Para combinar com a embalagem tem\u00e1tica de amor, a empresa de latic\u00ednios optou por uma tampa de alum\u00ednio em tons pastel com veda\u00e7\u00e3o herm\u00e9tica de silicone para garantir a frescura do produto por mais tempo. O design elegante e \u00e0 prova de vazamentos \u00e9 exatamente o que a cadeia de frio precisa.<\/p>\n<p>Logo ap\u00f3s o lan\u00e7amento do novo produto, os clientes ficaram cativados pela apar\u00eancia ador\u00e1vel e sofisticada do mesmo, resultando em um aumento de 35% nas vendas em apenas dois meses.<\/p>\n<h2>Dicas de personaliza\u00e7\u00e3o<\/h2>\n<p>Diga adeus \u00e0s embalagens gen\u00e9ricas \u2014 a sua embalagem de vidro para pudim Double Heart deve refletir o estilo \u00fanico da sua marca. Conte-nos o seu sabor (como &#034;Pudim de Leite com Rosas&#034;), personalize a tampa e crie um revestimento em tons pastel. Procurando uma nova sobremesa de 250ml? Vamos criar juntos uma experi\u00eancia memor\u00e1vel.<\/p>","protected":false},"excerpt":{"rendered":"<p>D\u00ea um toque especial \u00e0 sua marca com nossas garrafas de vidro em formato de cora\u00e7\u00e3o duplo para iogurte \u2014 perfeitas para leite, sobremesas ou iogurte. Tampas, logotipos e cores personalizadas dispon\u00edveis para um toque encantador.<\/p>","protected":false},"featured_media":2076,"template":"","meta":{"postBodyCss":"","postBodyMargin":[],"postBodyPadding":[],"postBodyBackground":{"backgroundType":"classic","gradient":""}},"product_brand":[],"product_cat":[15,16,46],"product_tag":[65,64],"class_list":{"0":"post-2075","1":"product","2":"type-product","3":"status-publish","4":"has-post-thumbnail","6":"product_cat-glass-containers","7":"product_cat-glass-bottles","8":"product_cat-glass-milk-bottles","9":"product_tag-glass-jam-jars","10":"product_tag-glass-yogurt-jars","12":"first","13":"instock","14":"shipping-taxable","15":"product-type-simple"},"jetpack_sharing_enabled":true,"_links":{"self":[{"href":"https:\/\/minghanggroup.com\/pt\/wp-json\/wp\/v2\/product\/2075","targetHints":{"allow":["GET"]}}],"collection":[{"href":"https:\/\/minghanggroup.com\/pt\/wp-json\/wp\/v2\/product"}],"about":[{"href":"https:\/\/minghanggroup.com\/pt\/wp-json\/wp\/v2\/types\/product"}],"wp:featuredmedia":[{"embeddable":true,"href":"https:\/\/minghanggroup.com\/pt\/wp-json\/wp\/v2\/media\/2076"}],"wp:attachment":[{"href":"https:\/\/minghanggroup.com\/pt\/wp-json\/wp\/v2\/media?parent=2075"}],"wp:term":[{"taxonomy":"product_brand","embeddable":true,"href":"https:\/\/minghanggroup.com\/pt\/wp-json\/wp\/v2\/product_brand?post=2075"},{"taxonomy":"product_cat","embeddable":true,"href":"https:\/\/minghanggroup.com\/pt\/wp-json\/wp\/v2\/product_cat?post=2075"},{"taxonomy":"product_tag","embeddable":true,"href":"https:\/\/minghanggroup.com\/pt\/wp-json\/wp\/v2\/product_tag?post=2075"}],"curies":[{"name":"wp","href":"https:\/\/api.w.org\/{rel}","templated":true}]}}