{"id":2064,"date":"2025-10-24T14:07:42","date_gmt":"2025-10-24T06:07:42","guid":{"rendered":"https:\/\/minghanggroup.com\/?post_type=product&#038;p=2064"},"modified":"2026-01-20T13:44:22","modified_gmt":"2026-01-20T05:44:22","slug":"glass-milk-bottle-with-lid-clear-dessert-jars-wholesale","status":"publish","type":"product","link":"https:\/\/minghanggroup.com\/pt\/produto\/glass-milk-bottle-with-lid-clear-dessert-jars-wholesale\/","title":{"rendered":"Garrafa de leite de vidro com tampa \u2013 Potes de sobremesa transparentes de 100-200ml"},"content":{"rendered":"<p>A embalagem das suas marcas de mel deve ser atraente para os consumidores, incentivando-os a escolh\u00ea-las na prateleira. Fabricamos garrafas de vidro para leite com tampa e garrafas de vidro para pudim com designs que tornam as sobremesas visualmente atraentes. Essas garrafas de vidro reutiliz\u00e1veis \u200b\u200bunem o passado ao presente de uma forma muito pr\u00e1tica \u2014 uma \u00f3tima solu\u00e7\u00e3o para leite, iogurte ou at\u00e9 mesmo geleia caseira.<\/p>\n<h2>Caracter\u00edsticas do produto<\/h2>\n<ol>\n<li><strong>Maravilhas de boca larga:<\/strong>Retire, coloque e mantenha no lugar \u2014 seu iogurte ou geleia n\u00e3o ser\u00e3o manchados por um derramamento acidental.<\/li>\n<li><strong>Vitrine de clareza cristalina:<\/strong>O vidro transparente permite que as pessoas vejam a cor vibrante do seu pudim \u2014 elas percebem a qualidade apenas olhando, sem precisar provar.<\/li>\n<li><strong>Trava de veda\u00e7\u00e3o perfeita para a tampa:<\/strong>A extens\u00e3o dos parafusos da boca est\u00e1 perfeitamente alinhada \u2014 sem derramamentos, sem d\u00favidas, apenas a felicidade da mais pura sobremesa.<\/li>\n<\/ol>\n<h2>Especifica\u00e7\u00f5es principais<\/h2>\n<table style=\"border-collapse: collapse; width: 80%; margin-left: auto; margin-right: auto;\" border=\"0\" width=\"360\" cellspacing=\"0\" cellpadding=\"0\">\n<tbody>\n<tr style=\"height: 13.50pt;\">\n<td style=\"height: 13.5pt; width: 54pt; text-align: center;\" width=\"72\" height=\"18\">Modelo<\/td>\n<td style=\"width: 54pt; text-align: center;\" width=\"72\">Capacidade (ml)<\/td>\n<td style=\"width: 54pt; text-align: center;\" width=\"72\">Dimens\u00f5es (cm)<\/td>\n<td style=\"width: 54pt; text-align: center;\" width=\"72\">Tipo de pesco\u00e7o<\/td>\n<td style=\"width: 54pt; text-align: center;\" width=\"72\">Forma<\/td>\n<\/tr>\n<tr style=\"height: 13.50pt;\">\n<td style=\"height: 13.5pt; text-align: center;\" align=\"right\" height=\"18\">64015026<\/td>\n<td style=\"text-align: center;\" align=\"right\">150<\/td>\n<td style=\"text-align: center;\">6.5&#215;7.0<\/td>\n<td class=\"et2\" style=\"text-align: center;\" rowspan=\"2\">boca larga<\/td>\n<td class=\"et2\" style=\"text-align: center;\" rowspan=\"5\">Redondo<\/td>\n<\/tr>\n<tr style=\"height: 13.50pt;\">\n<td style=\"height: 13.5pt; text-align: center;\" align=\"right\" height=\"18\">64020027<\/td>\n<td style=\"text-align: center;\" align=\"right\">200<\/td>\n<td style=\"text-align: center;\">7.1&#215;7.7<\/td>\n<\/tr>\n<tr style=\"height: 13.50pt;\">\n<td style=\"height: 13.5pt; text-align: center;\" align=\"right\" height=\"18\">64010028<\/td>\n<td style=\"text-align: center;\" align=\"right\">100<\/td>\n<td style=\"text-align: center;\">5.5&#215;7.5<\/td>\n<td class=\"et2\" style=\"text-align: center;\" rowspan=\"3\">Bra\u00e7o de fixa\u00e7\u00e3o<\/td>\n<\/tr>\n<tr style=\"height: 13.50pt;\">\n<td style=\"height: 13.5pt; text-align: center;\" align=\"right\" height=\"18\">64015029<\/td>\n<td style=\"text-align: center;\" align=\"right\">150<\/td>\n<td style=\"text-align: center;\">6.5&#215;8.3<\/td>\n<\/tr>\n<tr style=\"height: 13.50pt;\">\n<td style=\"height: 13.5pt; text-align: center;\" align=\"right\" height=\"18\">64020030<\/td>\n<td style=\"text-align: center;\" align=\"right\">200<\/td>\n<td style=\"text-align: center;\">6.8&#215;8.5<\/td>\n<\/tr>\n<\/tbody>\n<\/table>\n<h2>Caso de sucesso<\/h2>\n<p>Um fabricante de geleias artesanais decidiu trabalhar conosco na produ\u00e7\u00e3o de potes de vidro personalizados de 150 ml para sua nova linha de geleias artesanais. Esses potes de boca larga permitem que a geleia seja retirada com uma colher ou espalhada diretamente na torrada. Para garantir o frescor do produto e torn\u00e1-lo mais atraente para os consumidores, o fabricante optou por tampas de alum\u00ednio herm\u00e9ticas com veda\u00e7\u00e3o de silicone, que evitam vazamentos e mant\u00eam o produto fresco mesmo durante longos per\u00edodos de transporte.<\/p>\n<p>Para refor\u00e7ar a marca, o fabricante decorou os potes de sobremesa com logotipos em relevo e tampas coloridas que correspondiam a cada sabor de geleia (do vermelho morango ao azul mirtilo), criando assim uma apar\u00eancia bonita e uniforme nas prateleiras dos pontos de venda. O vidro perfeitamente transparente \u00e9 um excelente meio para exibir as cores vibrantes das geleias e, dessa forma, atrair clientes tanto nas lojas f\u00edsicas quanto online.<\/p>\n<p>A nova embalagem tem sido um grande sucesso desde o seu lan\u00e7amento: houve um aumento de 50% nos pedidos online, e os clientes habituais t\u00eam elogiado os frascos pela sua reutiliza\u00e7\u00e3o, apar\u00eancia sofisticada e potencial para serem oferecidos como presentes.<\/p>\n<h2>Dicas de personaliza\u00e7\u00e3o<\/h2>\n<p>Basta nos dizer o nome do seu sabor \u2014 como &#034;Pudim de Leite Cl\u00e1ssico&#034; ou &#034;Sobremesa de Creme de Manga&#034; \u2014 e n\u00f3s o faremos especialmente para voc\u00ea. Escolha cores de tampa personalizadas, logotipos em relevo ou designs impressos que combinem com a identidade visual da sua marca. Que tal um copo de 100 ml, 200 ml ou de tamanho especial? Temos moldes flex\u00edveis e prototipagem r\u00e1pida.<\/p>\n<p>Sejam potes simples no estilo de cafeterias ou garrafas de marcas famosas de pudim, criaremos uma experi\u00eancia de embalagem de sobremesa t\u00e3o inesquec\u00edvel quanto o conte\u00fado.<\/p>","protected":false},"excerpt":{"rendered":"<p>Garrafa de vidro para leite, com tampa e formato arredondado e liso, ideal para iogurte ou geleias. Dur\u00e1vel, transparente e perfeita para sobremesas, para uso dom\u00e9stico ou em cafeterias.<\/p>","protected":false},"featured_media":2065,"template":"","meta":{"postBodyCss":"","postBodyMargin":[],"postBodyPadding":[],"postBodyBackground":{"backgroundType":"classic","gradient":""}},"product_brand":[],"product_cat":[15,16,46],"product_tag":[65,64],"class_list":{"0":"post-2064","1":"product","2":"type-product","3":"status-publish","4":"has-post-thumbnail","6":"product_cat-glass-containers","7":"product_cat-glass-bottles","8":"product_cat-glass-milk-bottles","9":"product_tag-glass-jam-jars","10":"product_tag-glass-yogurt-jars","12":"first","13":"instock","14":"shipping-taxable","15":"product-type-simple"},"jetpack_sharing_enabled":true,"_links":{"self":[{"href":"https:\/\/minghanggroup.com\/pt\/wp-json\/wp\/v2\/product\/2064","targetHints":{"allow":["GET"]}}],"collection":[{"href":"https:\/\/minghanggroup.com\/pt\/wp-json\/wp\/v2\/product"}],"about":[{"href":"https:\/\/minghanggroup.com\/pt\/wp-json\/wp\/v2\/types\/product"}],"wp:featuredmedia":[{"embeddable":true,"href":"https:\/\/minghanggroup.com\/pt\/wp-json\/wp\/v2\/media\/2065"}],"wp:attachment":[{"href":"https:\/\/minghanggroup.com\/pt\/wp-json\/wp\/v2\/media?parent=2064"}],"wp:term":[{"taxonomy":"product_brand","embeddable":true,"href":"https:\/\/minghanggroup.com\/pt\/wp-json\/wp\/v2\/product_brand?post=2064"},{"taxonomy":"product_cat","embeddable":true,"href":"https:\/\/minghanggroup.com\/pt\/wp-json\/wp\/v2\/product_cat?post=2064"},{"taxonomy":"product_tag","embeddable":true,"href":"https:\/\/minghanggroup.com\/pt\/wp-json\/wp\/v2\/product_tag?post=2064"}],"curies":[{"name":"wp","href":"https:\/\/api.w.org\/{rel}","templated":true}]}}