{"id":2037,"date":"2025-10-23T17:07:40","date_gmt":"2025-10-23T09:07:40","guid":{"rendered":"https:\/\/minghanggroup.com\/?post_type=product&#038;p=2037"},"modified":"2026-01-20T13:44:34","modified_gmt":"2026-01-20T05:44:34","slug":"glass-milk-bottles-with-lids-glass-pudding-cups-wholesale","status":"publish","type":"product","link":"https:\/\/minghanggroup.com\/pt\/produto\/glass-milk-bottles-with-lids-glass-pudding-cups-wholesale\/","title":{"rendered":"Garrafas de vidro de 50 a 200 ml com tampas para sobremesas, iogurte e pudim."},"content":{"rendered":"<p>Suas sobremesas merecem embalagens que se destaquem por si s\u00f3, e n\u00e3o apenas que as contenham. Criamos potes de vidro para pudim que real\u00e7am a beleza das suas sobremesas, enquanto nossas garrafas de vidro para leite com tampa acomodam latic\u00ednios com charme e eleg\u00e2ncia. Essas garrafas de vidro reutiliz\u00e1veis \u200b\u200btransformam cada pote em um momento irresist\u00edvel nas prateleiras.<\/p>\n<h2>Caracter\u00edsticas do produto<\/h2>\n<ol>\n<li><strong>Vitrine de Produtos Vibrantes:<\/strong>Ao utilizar vidro transparente, \u00e9 poss\u00edvel real\u00e7ar a cor intensa do pudim e, consequentemente, os consumidores s\u00e3o os primeiros a perceber a qualidade antes mesmo de prov\u00e1-lo.<\/li>\n<li><strong>Encaixe perfeito da tampa:<\/strong>As tampas das garrafas s\u00e3o fechadas hermeticamente com a ajuda de gargalos rosqueados, portanto, n\u00e3o h\u00e1 vazamentos, nem sujeira, e resta apenas o puro prazer da sobremesa.<\/li>\n<li><strong>Tamanhos compactos que otimizam o espa\u00e7o:<\/strong>Sejam amostras de 50ml ou embalagens de 200ml, estas garrafas de leite de vidro com tampa podem ser empilhadas da mesma forma que uma pilha de livros.<\/li>\n<li><strong>Reutiliza\u00e7\u00e3o segura e pr\u00e1tica:<\/strong>Gra\u00e7as ao vidro grosso, que suporta altas temperaturas, \u00e9 poss\u00edvel reutiliz\u00e1-lo para armazenar iogurte, geleia ou at\u00e9 mesmo leite.<\/li>\n<\/ol>\n<h2>Especifica\u00e7\u00f5es principais<\/h2>\n<table style=\"border-collapse: collapse; width: 80%; margin-left: auto; margin-right: auto;\" border=\"0\" width=\"363\" cellspacing=\"0\" cellpadding=\"0\">\n<tbody>\n<tr style=\"height: 13.50pt;\">\n<td style=\"height: 13.5pt; width: 56.25pt; text-align: center;\" width=\"75\" height=\"18\">Modelo<\/td>\n<td style=\"width: 54pt; text-align: center;\" width=\"72\">Capacidade (ml)<\/td>\n<td style=\"width: 54pt; text-align: center;\" width=\"72\">Dimens\u00f5es (cm)<\/td>\n<td style=\"width: 54pt; text-align: center;\" width=\"72\">Tipo de pesco\u00e7o<\/td>\n<td style=\"width: 54pt; text-align: center;\" width=\"72\">Forma<\/td>\n<\/tr>\n<tr style=\"height: 13.50pt;\">\n<td style=\"height: 13.5pt; text-align: center;\" align=\"right\" height=\"18\">64005021<\/td>\n<td style=\"text-align: center;\" align=\"right\">50<\/td>\n<td style=\"text-align: center;\">4.8&#215;5.8<\/td>\n<td class=\"et2\" style=\"text-align: center;\" rowspan=\"5\">Rosqueado<\/td>\n<td class=\"et2\" style=\"text-align: center;\" rowspan=\"5\">Redondo<\/td>\n<\/tr>\n<tr style=\"height: 13.50pt;\">\n<td style=\"height: 13.5pt; text-align: center;\" align=\"right\" height=\"18\">64007522<\/td>\n<td style=\"text-align: center;\" align=\"right\">75<\/td>\n<td style=\"text-align: center;\">5.1&#215;7.1<\/td>\n<\/tr>\n<tr style=\"height: 13.50pt;\">\n<td style=\"height: 13.5pt; text-align: center;\" align=\"right\" height=\"18\">64010023<\/td>\n<td style=\"text-align: center;\" align=\"right\">100<\/td>\n<td style=\"text-align: center;\">5.5&#215;7.3<\/td>\n<\/tr>\n<tr style=\"height: 13.50pt;\">\n<td style=\"height: 13.5pt; text-align: center;\" align=\"right\" height=\"18\">64015024<\/td>\n<td style=\"text-align: center;\" align=\"right\">150<\/td>\n<td style=\"text-align: center;\">6.5&#215;7.8<\/td>\n<\/tr>\n<tr style=\"height: 13.50pt;\">\n<td style=\"height: 13.5pt; text-align: center;\" align=\"right\" height=\"18\">64020025<\/td>\n<td style=\"text-align: center;\" align=\"right\">200<\/td>\n<td style=\"text-align: center;\">7.0&#215;9.0<\/td>\n<\/tr>\n<\/tbody>\n<\/table>\n<h2>Caso de sucesso<\/h2>\n<p>Uma confeitaria boutique nos procurou para produzir ta\u00e7as de vidro personalizadas de 100ml para sua linha de pudins de creme de frutas vermelhas. Cada ta\u00e7a possui uma boca larga e arredondada, permitindo que os clientes intercalem camadas de frutas vermelhas e creme, apreciando as cores vibrantes da sobremesa atrav\u00e9s do vidro cristalino.<\/p>\n<p>Para embelezar o produto e mant\u00ea-lo fresco, a loja optou por uma tampa de rosca dourada e uma embalagem de papel em formato de colher, criando assim um design port\u00e1til e elegante. A marca tamb\u00e9m gravou seu logotipo no fundo do copo, conferindo a cada pudim um toque sutil e artesanal, em conson\u00e2ncia com a filosofia de sobremesas artesanais da marca.<\/p>\n<p>Ap\u00f3s a introdu\u00e7\u00e3o da nova embalagem, as vendas online de sobremesas da loja dispararam em 40%.<\/p>\n<h2>Dicas de personaliza\u00e7\u00e3o<\/h2>\n<p>Esque\u00e7a os potes tradicionais. Compartilhe conosco a sua ideia para o pudim \u2014 imagine algo como &#034;Sonho de Baunilha&#034; ou &#034;Aroma de Manga&#034; \u2014 e voc\u00ea poder\u00e1 personalizar n\u00e3o s\u00f3 o formato e a cor suave, mas tamb\u00e9m gravar o seu logotipo. Um pote de pudim de 150ml para um novo produto sazonal \u00e9 exatamente o que voc\u00ea precisa, n\u00e3o \u00e9? Seu pote de vidro para pudim de leite n\u00e3o \u00e9 apenas uma embalagem; \u00e9 uma forma deliciosa de contar a hist\u00f3ria da sua marca.<\/p>","protected":false},"excerpt":{"rendered":"<p>Garrafas de vidro transparente com tampas e potes de vidro para pudim, ideais para iogurte, sobremesas ou cremes. Personaliz\u00e1veis \u200b\u200bcom tampas, logotipos e cores para caf\u00e9s, latic\u00ednios ou uso dom\u00e9stico.<\/p>","protected":false},"featured_media":2046,"template":"","meta":{"postBodyCss":"","postBodyMargin":[],"postBodyPadding":[],"postBodyBackground":{"backgroundType":"classic","gradient":""}},"product_brand":[],"product_cat":[15,46],"product_tag":[65,64],"class_list":{"0":"post-2037","1":"product","2":"type-product","3":"status-publish","4":"has-post-thumbnail","6":"product_cat-glass-containers","7":"product_cat-glass-milk-bottles","8":"product_tag-glass-jam-jars","9":"product_tag-glass-yogurt-jars","11":"first","12":"instock","13":"shipping-taxable","14":"product-type-simple"},"jetpack_sharing_enabled":true,"_links":{"self":[{"href":"https:\/\/minghanggroup.com\/pt\/wp-json\/wp\/v2\/product\/2037","targetHints":{"allow":["GET"]}}],"collection":[{"href":"https:\/\/minghanggroup.com\/pt\/wp-json\/wp\/v2\/product"}],"about":[{"href":"https:\/\/minghanggroup.com\/pt\/wp-json\/wp\/v2\/types\/product"}],"wp:featuredmedia":[{"embeddable":true,"href":"https:\/\/minghanggroup.com\/pt\/wp-json\/wp\/v2\/media\/2046"}],"wp:attachment":[{"href":"https:\/\/minghanggroup.com\/pt\/wp-json\/wp\/v2\/media?parent=2037"}],"wp:term":[{"taxonomy":"product_brand","embeddable":true,"href":"https:\/\/minghanggroup.com\/pt\/wp-json\/wp\/v2\/product_brand?post=2037"},{"taxonomy":"product_cat","embeddable":true,"href":"https:\/\/minghanggroup.com\/pt\/wp-json\/wp\/v2\/product_cat?post=2037"},{"taxonomy":"product_tag","embeddable":true,"href":"https:\/\/minghanggroup.com\/pt\/wp-json\/wp\/v2\/product_tag?post=2037"}],"curies":[{"name":"wp","href":"https:\/\/api.w.org\/{rel}","templated":true}]}}