{"id":2032,"date":"2025-10-23T15:54:11","date_gmt":"2025-10-23T07:54:11","guid":{"rendered":"https:\/\/minghanggroup.com\/?post_type=product&#038;p=2032"},"modified":"2026-01-20T13:45:59","modified_gmt":"2026-01-20T05:45:59","slug":"square-glass-milk-bottles-for-dairy-storage-and-packaging","status":"publish","type":"product","link":"https:\/\/minghanggroup.com\/pt\/produto\/square-glass-milk-bottles-for-dairy-storage-and-packaging\/","title":{"rendered":"Garrafas de vidro quadradas de 300ml e 500ml para armazenamento e embalagem de latic\u00ednios."},"content":{"rendered":"<p>Sua marca de latic\u00ednios precisa de garrafas que realmente economizem espa\u00e7o e impulsionem as vendas \u2014 chega de garrafas redondas e desajeitadas ocupando espa\u00e7o na sua prateleira. Criamos garrafas de vidro quadradas para leite que se empilham perfeitamente, tornando cada dose uma experi\u00eancia premium. Essas solu\u00e7\u00f5es de armazenamento de leite em garrafas de vidro transformam seu leite em um item visualmente atraente, perfeitas para latic\u00ednios, sucos ou caf\u00e9 gelado.<\/p>\n<h2>Caracter\u00edsticas do produto<\/h2>\n<ol>\n<li><strong>Design quadrado e moderno:<\/strong>O formato quadrado da garrafa \u00e9 visualmente muito bom e representa uma \u00f3tima solu\u00e7\u00e3o para a marca, oferecendo um design est\u00e1vel que evita que a garrafa tombe, proporcionando um visual moderno e elegante que contribui para o crescimento da imagem da marca.<\/li>\n<li><strong>Vidro espesso e resistente:<\/strong>\u00c9 fabricado com vidro espesso de alta transpar\u00eancia, sendo, portanto, resistente e podendo ser usado diversas vezes sem sofrer danos.<\/li>\n<li><strong>Gargalo largo para facilitar o enchimento:<\/strong>O gargalo largo foi projetado de forma a facilitar o despejo de leite, suco ou caf\u00e9, e at\u00e9 mesmo a limpeza \u00e9 muito simples.<\/li>\n<li><strong>Op\u00e7\u00f5es personaliz\u00e1veis:<\/strong>Pode ter tampa de metal, pl\u00e1stico ou bambu e suporta recursos personaliz\u00e1veis, como impress\u00e3o, pintura em spray e relevo.<\/li>\n<\/ol>\n<h2>Especifica\u00e7\u00f5es principais<\/h2>\n<table style=\"border-collapse: collapse; width: 80%; margin-left: auto; margin-right: auto;\" border=\"0\" width=\"288\" cellspacing=\"0\" cellpadding=\"0\">\n<tbody>\n<tr style=\"height: 13.50pt;\">\n<td style=\"height: 13.5pt; width: 54pt; text-align: center;\" width=\"72\" height=\"18\">Modelo<\/td>\n<td style=\"width: 54pt; text-align: center;\" width=\"72\">Capacidade<\/td>\n<td style=\"width: 54pt; text-align: center;\" width=\"72\">Dimens\u00f5es (cm)<\/td>\n<td style=\"width: 54pt; text-align: center;\" width=\"72\">Forma<\/td>\n<\/tr>\n<tr style=\"height: 13.50pt;\">\n<td style=\"height: 13.5pt; text-align: center;\" align=\"right\" height=\"18\">64030019<\/td>\n<td style=\"text-align: center;\" align=\"right\">300ml\/10oz<\/td>\n<td style=\"text-align: center;\">7.6&#215;12.3<\/td>\n<td class=\"et2\" style=\"text-align: center;\" rowspan=\"2\">Quadrado<\/td>\n<\/tr>\n<tr style=\"height: 13.50pt;\">\n<td style=\"height: 13.5pt; text-align: center;\" align=\"right\" height=\"18\">64050020<\/td>\n<td style=\"text-align: center;\" align=\"right\">500ml\/16oz<\/td>\n<td style=\"text-align: center;\">8.6&#215;13.6<\/td>\n<\/tr>\n<\/tbody>\n<\/table>\n<h2>Caso de sucesso<\/h2>\n<p>Uma empresa de latic\u00ednios nos procurou com um pedido de 150.000 garrafas de vidro quadradas personalizadas de 300 ml.<\/p>\n<p>\u00c9 muito pr\u00e1tico encher e limpar a garrafa atrav\u00e9s da abertura de boca larga, e as tampas de rosca met\u00e1licas e as tampas de bambu podem ser aplicadas no gargalo totalmente rosqueado, oferecendo assim op\u00e7\u00f5es flex\u00edveis para varejistas e parceiros de caf\u00e9.<\/p>\n<p>Ali\u00e1s, o formato quadrado n\u00e3o s\u00f3 confere ao produto um estilo moderno e minimalista, como tamb\u00e9m ajuda a economizar espa\u00e7o de armazenamento e de prateleira, tanto durante o transporte quanto na exposi\u00e7\u00e3o da embalagem. Para refor\u00e7ar a marca, a f\u00e1brica aplicou um acabamento fosco e um logotipo serigrafado na garrafa.<\/p>\n<p>A linha de leite de aveia tornou-se a favorita dos clientes, que ficaram especialmente encantados com o design \u00e0 prova de vazamentos e a garrafa reutiliz\u00e1vel. Em apenas dois meses, a nova garrafa foi respons\u00e1vel por 65% da receita total.<\/p>\n<h2>Dicas de personaliza\u00e7\u00e3o<\/h2>\n<p>Quer que sua garrafa de leite quadrada de vidro se destaque ainda mais? Voc\u00ea pode escolher um acabamento fosco, um logotipo em relevo ou uma cor com um suave degrad\u00ea para combinar com o sabor da sua bebida. Al\u00e9m disso, ao adicionar uma tampa de bambu ou alum\u00ednio, voc\u00ea n\u00e3o s\u00f3 a destaca ainda mais, como tamb\u00e9m a harmoniza perfeitamente com a sua marca sazonal \u2014 seja ela leite com frutas vermelhas, bebidas de aveia ou caf\u00e9 gelado. Seu produto ser\u00e1 um sucesso de vendas e um sucesso de vendas, com op\u00e7\u00f5es de tamanhos de tampa que variam de 300 ml a 500 ml.<\/p>","protected":false},"excerpt":{"rendered":"<p>Garrafas de vidro quadradas e elegantes para leite e armazenamento de leite, caf\u00e9 ou suco, dispon\u00edveis para venda por atacado. Personaliz\u00e1veis \u200b\u200bcom tampas, cores e logotipo em relevo para uma marca de alta qualidade.<\/p>","protected":false},"featured_media":2033,"template":"","meta":{"postBodyCss":"","postBodyMargin":[],"postBodyPadding":[],"postBodyBackground":{"backgroundType":"classic","gradient":""}},"product_brand":[],"product_cat":[15,16,46],"product_tag":[64,72],"class_list":{"0":"post-2032","1":"product","2":"type-product","3":"status-publish","4":"has-post-thumbnail","6":"product_cat-glass-containers","7":"product_cat-glass-bottles","8":"product_cat-glass-milk-bottles","9":"product_tag-glass-yogurt-jars","10":"product_tag-juice-bottles","12":"first","13":"instock","14":"shipping-taxable","15":"product-type-simple"},"jetpack_sharing_enabled":true,"_links":{"self":[{"href":"https:\/\/minghanggroup.com\/pt\/wp-json\/wp\/v2\/product\/2032","targetHints":{"allow":["GET"]}}],"collection":[{"href":"https:\/\/minghanggroup.com\/pt\/wp-json\/wp\/v2\/product"}],"about":[{"href":"https:\/\/minghanggroup.com\/pt\/wp-json\/wp\/v2\/types\/product"}],"wp:featuredmedia":[{"embeddable":true,"href":"https:\/\/minghanggroup.com\/pt\/wp-json\/wp\/v2\/media\/2033"}],"wp:attachment":[{"href":"https:\/\/minghanggroup.com\/pt\/wp-json\/wp\/v2\/media?parent=2032"}],"wp:term":[{"taxonomy":"product_brand","embeddable":true,"href":"https:\/\/minghanggroup.com\/pt\/wp-json\/wp\/v2\/product_brand?post=2032"},{"taxonomy":"product_cat","embeddable":true,"href":"https:\/\/minghanggroup.com\/pt\/wp-json\/wp\/v2\/product_cat?post=2032"},{"taxonomy":"product_tag","embeddable":true,"href":"https:\/\/minghanggroup.com\/pt\/wp-json\/wp\/v2\/product_tag?post=2032"}],"curies":[{"name":"wp","href":"https:\/\/api.w.org\/{rel}","templated":true}]}}