{"id":2025,"date":"2025-10-23T14:12:42","date_gmt":"2025-10-23T06:12:42","guid":{"rendered":"https:\/\/minghanggroup.com\/?post_type=product&#038;p=2025"},"modified":"2026-01-20T15:35:46","modified_gmt":"2026-01-20T07:35:46","slug":"bulk-cylindrical-clear-glass-honey-vials-for-food-packaging","status":"publish","type":"product","link":"https:\/\/minghanggroup.com\/pt\/produto\/bulk-cylindrical-clear-glass-honey-vials-for-food-packaging\/","title":{"rendered":"Frascos cil\u00edndricos de vidro transparente para mel, com capacidade de 50 a 260 ml, ideais para embalagens de alimentos."},"content":{"rendered":"<p>These glass\u200b\u200d\u200b\u200c\u200d\u200b\u200d\u200c\u200b\u200d\u200b\u200c\u200d\u200b\u200d\u200c honey vials have a clear cylindrical body along with gold and silver lids of different sizes. Their minimal and at the same time functional design makes them ideal for storing honey with a touch of sophistication.<\/p>\n<h2>Caracter\u00edsticas do produto<\/h2>\n<ul>\n<li><strong>Vidro transparente:<\/strong> O uso de vidro transparente permite o registro do conte\u00fado e a visualiza\u00e7\u00e3o de seu estado, o que \u00e9 muito \u00fatil para identifica\u00e7\u00e3o e inspe\u00e7\u00e3o r\u00e1pidas.<\/li>\n<li><strong>Cil\u00edndrico:<\/strong> Devido \u00e0 sua estrutura cil\u00edndrica, podemos afirmar que esses potes podem ser empilhados uns sobre os outros na cozinha ou em qualquer outra \u00e1rea da casa, economizando espa\u00e7o.<\/li>\n<li><strong>Dispon\u00edvel em v\u00e1rios tamanhos:<\/strong> Ao oferecer recipientes em diferentes tamanhos, \u00e9 poss\u00edvel escolher o mais adequado para atender \u00e0s suas necessidades de armazenamento.<\/li>\n<\/ul>\n<h2>Especifica\u00e7\u00f5es principais<\/h2>\n<table style=\"border-collapse: collapse; margin-left: auto; margin-right: auto; width: 348.02pt;\" border=\"0\" width=\"464\" cellspacing=\"0\" cellpadding=\"0\">\n<tbody>\n<tr style=\"height: 13.50pt;\">\n<td style=\"height: 13.50pt; width: 90.00pt;\" width=\"120\" height=\"18\">Recurso<\/td>\n<td style=\"width: 258.00pt;\" width=\"344\">Especifica\u00e7\u00e3o<\/td>\n<\/tr>\n<tr style=\"height: 13.50pt;\">\n<td style=\"height: 13.50pt;\" height=\"18\">Capacidade<\/td>\n<td>50ml a 260ml (9 tamanhos)<\/td>\n<\/tr>\n<tr style=\"height: 13.50pt;\">\n<td style=\"height: 13.50pt;\" height=\"18\">Di\u00e2metro<\/td>\n<td>4,7 cm (todos os tamanhos)<\/td>\n<\/tr>\n<tr style=\"height: 13.50pt;\">\n<td style=\"height: 13.50pt;\" height=\"18\">Altura<\/td>\n<td>5,3 cm a 20,3 cm<\/td>\n<\/tr>\n<tr style=\"height: 13.50pt;\">\n<td style=\"height: 13.50pt;\" height=\"18\">Material<\/td>\n<td>Vidro transparente, tampa de PP dourada\/prateada<\/td>\n<\/tr>\n<tr style=\"height: 13.50pt;\">\n<td style=\"height: 13.50pt;\" height=\"18\">Op\u00e7\u00f5es de tampa<\/td>\n<td>Ouro, prata (cores personalizadas dispon\u00edveis)<\/td>\n<\/tr>\n<tr style=\"height: 13.50pt;\">\n<td style=\"height: 13.50pt;\" height=\"18\">Ideal para<\/td>\n<td>Pacotes de amostras, conjuntos de presentes<\/td>\n<\/tr>\n<tr style=\"height: 13.50pt;\">\n<td style=\"height: 13.50pt;\" height=\"18\">Uso ideal<\/td>\n<td>Frascos de mel, recipientes de vidro para mel<\/td>\n<\/tr>\n<\/tbody>\n<\/table>\n<h2>Caso de sucesso: como uma estrat\u00e9gia de degusta\u00e7\u00e3o impulsionou as vendas<\/h2>\n<p>A empresa de apicultura, de m\u00e9dio porte, tinha dificuldade em conquistar novos clientes al\u00e9m daqueles que compravam seus potes padr\u00e3o de 250 gramas de mel. Ent\u00e3o, eles tiveram a ideia de oferecer um kit de amostras chamado &#034;Honey Flight&#034;, contendo quatro variedades diferentes de mel. Em seguida, decidiram adicionar uma tampa dourada a um dos potes de vidro de 50 ml, 60 ml, 80 ml e 100 ml, para um visual mais sofisticado. O lan\u00e7amento do kit foi um sucesso estrondoso. Em apenas tr\u00eas meses, tornou-se o produto mais vendido online, aumentando o tr\u00e1fego do site em 35% e atraindo in\u00fameros compradores iniciantes. O resultado positivo n\u00e3o parou por a\u00ed. Estat\u00edsticas revelam que uma em cada cinco pessoas que recebem uma amostra compra um pote de tamanho normal em at\u00e9 dois meses. Essa estrat\u00e9gia transformou compradores curiosos em clientes fi\u00e9is, e agora os 200.000 potes de vidro pequenos que a empresa encomenda a cada trimestre s\u00e3o destinados a eles.<\/p>\n<h2>Personalize seus frascos de mel com a sua marca.<\/h2>\n<ul>\n<li><strong>Detalhes em tons coloridos:<\/strong> Aplique uma tonalidade \u00e2mbar quase impercept\u00edvel no vidro transparente para real\u00e7ar a cor dourada do mel. Dessa forma, os potes ficar\u00e3o com uma apar\u00eancia mais sofisticada, independentemente do tamanho.<\/li>\n<li><strong>Serigrafia:<\/strong> Seu logotipo ou qualquer outra arte pode ser impresso no vidro de forma permanente e exclusiva para representar a identidade da sua marca.<\/li>\n<li><strong>Marca\u00e7\u00f5es de volume em relevo:<\/strong> Apresentamos uma forma inovadora e mais elegante de representar o volume. A marca\u00e7\u00e3o em relevo de mililitros\/on\u00e7as no frasco confere-lhe um aspeto pr\u00e1tico e profissional.<\/li>\n<li><strong>Cores de bon\u00e9s personalizadas:<\/strong> Por que se limitar ao prata e ao dourado? Al\u00e9m dessas duas cores, as cores das tampas podem ser personalizadas para combinar com as cores da sua marca.<\/li>\n<\/ul>\n<p>Voc\u00ea gostaria de simplificar suas embalagens com uma grande variedade de potes e garrafas de vidro para mel? Entre em contato conosco se precisar de um or\u00e7amento para atacado. Al\u00e9m disso, podemos ser um grande aliado para o seu neg\u00f3cio de apicultura.<\/p>","protected":false},"excerpt":{"rendered":"<p>Frascos de vidro transparente para mel com tampas douradas e prateadas, ideais para embalagens e fornecimento a granel de mel. Dur\u00e1veis, elegantes e personaliz\u00e1veis \u200b\u200bpara compradores no atacado.<\/p>","protected":false},"featured_media":2040,"template":"","meta":{"postBodyCss":"","postBodyMargin":[],"postBodyPadding":[],"postBodyBackground":{"backgroundType":"classic","gradient":""}},"product_brand":[],"product_cat":[15,17,52],"product_tag":[],"class_list":{"0":"post-2025","1":"product","2":"type-product","3":"status-publish","4":"has-post-thumbnail","6":"product_cat-glass-containers","7":"product_cat-glass-jars","8":"product_cat-glass-honey-jars","10":"first","11":"instock","12":"shipping-taxable","13":"product-type-simple"},"jetpack_sharing_enabled":true,"_links":{"self":[{"href":"https:\/\/minghanggroup.com\/pt\/wp-json\/wp\/v2\/product\/2025","targetHints":{"allow":["GET"]}}],"collection":[{"href":"https:\/\/minghanggroup.com\/pt\/wp-json\/wp\/v2\/product"}],"about":[{"href":"https:\/\/minghanggroup.com\/pt\/wp-json\/wp\/v2\/types\/product"}],"wp:featuredmedia":[{"embeddable":true,"href":"https:\/\/minghanggroup.com\/pt\/wp-json\/wp\/v2\/media\/2040"}],"wp:attachment":[{"href":"https:\/\/minghanggroup.com\/pt\/wp-json\/wp\/v2\/media?parent=2025"}],"wp:term":[{"taxonomy":"product_brand","embeddable":true,"href":"https:\/\/minghanggroup.com\/pt\/wp-json\/wp\/v2\/product_brand?post=2025"},{"taxonomy":"product_cat","embeddable":true,"href":"https:\/\/minghanggroup.com\/pt\/wp-json\/wp\/v2\/product_cat?post=2025"},{"taxonomy":"product_tag","embeddable":true,"href":"https:\/\/minghanggroup.com\/pt\/wp-json\/wp\/v2\/product_tag?post=2025"}],"curies":[{"name":"wp","href":"https:\/\/api.w.org\/{rel}","templated":true}]}}