{"id":2020,"date":"2025-10-23T11:55:20","date_gmt":"2025-10-23T03:55:20","guid":{"rendered":"https:\/\/minghanggroup.com\/?post_type=product&#038;p=2020"},"modified":"2025-10-23T17:37:53","modified_gmt":"2025-10-23T09:37:53","slug":"wholesale-small-honey-jars-with-metal-screw-lids","status":"publish","type":"product","link":"https:\/\/minghanggroup.com\/pt\/produto\/wholesale-small-honey-jars-with-metal-screw-lids\/","title":{"rendered":"Potes de mel pequenos para atacado com tampas de rosca de metal, 50ml, 75ml, 100ml e 150ml"},"content":{"rendered":"<p>Esses pequenos potes de mel s\u00e3o feitos de vidro cil\u00edndrico transparente e est\u00e3o dispon\u00edveis em v\u00e1rios tamanhos e com diferentes tampas para atender \u00e0s suas necessidades. Em ess\u00eancia, eles s\u00e3o a combina\u00e7\u00e3o perfeita de um estilo minimalista, moderno, colorido e detalhado, pois permitem que o mel dourado fique vis\u00edvel de uma forma encantadora.<\/p>\n<h2>Caracter\u00edsticas do produto<\/h2>\n<ul>\n<li><strong>Vidro transparente:<\/strong> Gra\u00e7as ao vidro transparente, \u00e9 poss\u00edvel verificar rapidamente a quantidade e o estado do mel, tornando todo o processo de reabastecimento muito f\u00e1cil.<\/li>\n<li><strong>Cil\u00edndrico:<\/strong> O formato cil\u00edndrico \u00e9 bastante eficiente em termos de espa\u00e7o e, portanto, pode ser armazenado confortavelmente em arm\u00e1rios de cozinha, etc.<\/li>\n<li><strong>Boca larga para f\u00e1cil acesso:<\/strong> Com uma boca larga e pr\u00e1tica, retirar o mel do frasco e espalh\u00e1-lo no p\u00e3o torna-se super f\u00e1cil.<\/li>\n<\/ul>\n<h2>Especifica\u00e7\u00f5es principais<\/h2>\n<table style=\"border-collapse: collapse; margin-left: auto; margin-right: auto; width: 641.27pt;\" border=\"0\" width=\"855\" cellspacing=\"0\" cellpadding=\"0\">\n<tbody>\n<tr style=\"height: 13.50pt;\">\n<td style=\"height: 13.50pt; width: 145.50pt;\" width=\"194\" height=\"18\">Categoria de especifica\u00e7\u00e3o<\/td>\n<td style=\"width: 495.75pt;\" width=\"661\">Detalhes<\/td>\n<\/tr>\n<tr style=\"height: 13.50pt;\">\n<td style=\"height: 13.50pt;\" height=\"18\">Capacidade<\/td>\n<td>50ml, 75ml, 100ml, 150ml<\/td>\n<\/tr>\n<tr style=\"height: 13.50pt;\">\n<td style=\"height: 13.50pt;\" height=\"18\">Tamanho<\/td>\n<td>4,7 x 6,7 cm a 5,5 x 10 cm<\/td>\n<\/tr>\n<tr style=\"height: 13.50pt;\">\n<td style=\"height: 13.50pt;\" height=\"18\">Material<\/td>\n<td>Tampa de polipropileno (PP) transparente, nas cores roxo\/cobre\/vermelho.<\/td>\n<\/tr>\n<tr style=\"height: 13.50pt;\">\n<td style=\"height: 13.50pt;\" height=\"18\">Op\u00e7\u00f5es de tampa<\/td>\n<td>Roxo, cobre, vermelho (cores personalizadas dispon\u00edveis)<\/td>\n<\/tr>\n<tr style=\"height: 13.50pt;\">\n<td style=\"height: 13.50pt;\" height=\"18\">Usos ideais<\/td>\n<td>Potes pequenos para mel, recipientes para mel, potes para amostra de mel<\/td>\n<\/tr>\n<\/tbody>\n<\/table>\n<h2>Caso de sucesso: elevando uma marca regional de mel<\/h2>\n<p>Um apicultor local, que precisava de potes de vidro chamativos para mel para a feira de produtores, nos procurou. Nosso pote de mel de 150ml com tampa dourada foi a escolha deles. Inicialmente, o vidro resistente reduziu a quebra durante o transporte em quase metade, o que representou uma economia de US$ 180 por m\u00eas para a cooperativa de apicultores, que n\u00e3o precisava mais se preocupar com a reposi\u00e7\u00e3o dos potes quebrados. Depois disso, a tampa vibrante foi o motivo do aumento nas vendas: uma marca de mel artesanal anunciou um aumento de 42% no n\u00famero de compradores que experimentaram os potes de 150ml. Impressionados com a qualidade do produto e o feedback dos clientes, eles fizeram mais tr\u00eas pedidos de 100.000 unidades e inclu\u00edram nossos pequenos potes de mel de 150ml como kits de degusta\u00e7\u00e3o.<\/p>\n<h2>Personalize seu recipiente de vidro para mel, deixando-o com a sua cara.<\/h2>\n<ul>\n<li><strong>Serigrafia:<\/strong> Uma marca ou obra de arte pode ser impressa de forma mais direta em vidro por meio desse m\u00e9todo, o que geralmente resulta em uma presen\u00e7a visual marcante e duradoura da marca.<\/li>\n<li><strong>Adesivos de cer\u00e2mica:<\/strong> Adesivos extremamente finos, brilhantes e coloridos que s\u00e3o fixados \u00e0 superf\u00edcie do vidro por meio de termocolagem, resultando em um produto mais duradouro.<\/li>\n<li><strong>Cores de bon\u00e9s personalizadas:<\/strong> Por que se limitar \u00e0s nossas cores predefinidas? Deixe a cor da sua tampa id\u00eantica \u00e0 cor Pantone da sua marca.<\/li>\n<li><strong>Revestimento interno da tampa:<\/strong> Diversos materiais de revestimento (por exemplo, PVC, polpa de papel) s\u00e3o oferecidos para que voc\u00ea selecione aquele que proporcionar\u00e1 a melhor veda\u00e7\u00e3o para o mel.<\/li>\n<\/ul>\n<p>Est\u00e1 preparado para encontrar o recipiente ideal para o mel da sua produ\u00e7\u00e3o? Veja a nossa gama completa de produtos e entre em contacto connosco para obter um or\u00e7amento para compras por grosso.<\/p>","protected":false},"excerpt":{"rendered":"<p>Potes de vidro pequenos e resistentes com tampa de rosca, ideais para mel, geleia ou xarope. Feitos de vidro premium pr\u00f3prio para alimentos, dispon\u00edveis com pre\u00e7os especiais para compras em grande quantidade e entrega r\u00e1pida.<\/p>","protected":false},"featured_media":2022,"template":"","meta":{"postBodyCss":"","postBodyMargin":[],"postBodyPadding":[],"postBodyBackground":{"backgroundType":"classic","gradient":""}},"product_brand":[],"product_cat":[15,17,52],"product_tag":[],"class_list":{"0":"post-2020","1":"product","2":"type-product","3":"status-publish","4":"has-post-thumbnail","6":"product_cat-glass-containers","7":"product_cat-glass-jars","8":"product_cat-glass-honey-jars","10":"first","11":"instock","12":"shipping-taxable","13":"product-type-simple"},"jetpack_sharing_enabled":true,"_links":{"self":[{"href":"https:\/\/minghanggroup.com\/pt\/wp-json\/wp\/v2\/product\/2020","targetHints":{"allow":["GET"]}}],"collection":[{"href":"https:\/\/minghanggroup.com\/pt\/wp-json\/wp\/v2\/product"}],"about":[{"href":"https:\/\/minghanggroup.com\/pt\/wp-json\/wp\/v2\/types\/product"}],"wp:featuredmedia":[{"embeddable":true,"href":"https:\/\/minghanggroup.com\/pt\/wp-json\/wp\/v2\/media\/2022"}],"wp:attachment":[{"href":"https:\/\/minghanggroup.com\/pt\/wp-json\/wp\/v2\/media?parent=2020"}],"wp:term":[{"taxonomy":"product_brand","embeddable":true,"href":"https:\/\/minghanggroup.com\/pt\/wp-json\/wp\/v2\/product_brand?post=2020"},{"taxonomy":"product_cat","embeddable":true,"href":"https:\/\/minghanggroup.com\/pt\/wp-json\/wp\/v2\/product_cat?post=2020"},{"taxonomy":"product_tag","embeddable":true,"href":"https:\/\/minghanggroup.com\/pt\/wp-json\/wp\/v2\/product_tag?post=2020"}],"curies":[{"name":"wp","href":"https:\/\/api.w.org\/{rel}","templated":true}]}}