{"id":1901,"date":"2025-10-22T16:08:08","date_gmt":"2025-10-22T08:08:08","guid":{"rendered":"https:\/\/minghanggroup.com\/?post_type=product&#038;p=1901"},"modified":"2025-10-22T17:39:05","modified_gmt":"2025-10-22T09:39:05","slug":"wholesale-unique-glass-honey-containers-with-twisted-design","status":"publish","type":"product","link":"https:\/\/minghanggroup.com\/pt\/produto\/wholesale-unique-glass-honey-containers-with-twisted-design\/","title":{"rendered":"Potes de vidro exclusivos para mel, de 150ml e 360ml, com design torcido, para venda por atacado."},"content":{"rendered":"<p>Esses recipientes para mel s\u00e3o feitos de vidro transparente e adornados com um padr\u00e3o geom\u00e9trico \u00fanico e sinuoso. As tampas, dispon\u00edveis em preto ou vermelho vibrante, real\u00e7am n\u00e3o s\u00f3 a beleza do mel, como tamb\u00e9m conferem um visual gr\u00e1fico marcante e elegante.<\/p>\n<h2>Caracter\u00edsticas do produto<\/h2>\n<ul>\n<li><strong>Vidro transparente:<\/strong> Com esses frascos de vidro transparente, \u00e9 sempre poss\u00edvel ver o n\u00edvel do mel e sua frescura, facilitando o reabastecimento sem erros.<\/li>\n<li><strong>Garrafa geom\u00e9trica torcida:<\/strong> A garrafa, com seu formato geom\u00e9trico retorcido, art\u00edstico e inovador, serve como uma poderosa ferramenta para diferenciar o produto.<\/li>\n<li><strong>Textura requintada:<\/strong> A combina\u00e7\u00e3o de vidro transparente com um padr\u00e3o \u00fanico cria um efeito delicado e elegante, projetando o mel como um produto de alta qualidade.<\/li>\n<\/ul>\n<h2>Especifica\u00e7\u00f5es principais<\/h2>\n<table style=\"border-collapse: collapse; margin-left: auto; margin-right: auto; width: 387.02pt;\" border=\"0\" width=\"516\" cellspacing=\"0\" cellpadding=\"0\">\n<tbody>\n<tr style=\"height: 13.50pt;\">\n<td style=\"height: 13.50pt; width: 90.00pt;\" width=\"120\" height=\"18\">Recurso<\/td>\n<td style=\"width: 297.00pt;\" width=\"396\">Especifica\u00e7\u00e3o<\/td>\n<\/tr>\n<tr style=\"height: 13.50pt;\">\n<td style=\"height: 13.50pt;\" height=\"18\">Capacidade<\/td>\n<td>150ml, 360ml<\/td>\n<\/tr>\n<tr style=\"height: 13.50pt;\">\n<td style=\"height: 13.50pt;\" height=\"18\">Tamanho<\/td>\n<td>9,5\u00d79,9cm, 9,5\u00d712,3cm<\/td>\n<\/tr>\n<tr style=\"height: 13.50pt;\">\n<td style=\"height: 13.50pt;\" height=\"18\">Material<\/td>\n<td>Tampa de rosca em PP transparente, preta ou vermelha, feita de vidro ou polipropileno.<\/td>\n<\/tr>\n<tr style=\"height: 13.50pt;\">\n<td style=\"height: 13.50pt;\" height=\"18\">Op\u00e7\u00f5es de tampa<\/td>\n<td>Preto, vermelho (cores personalizadas dispon\u00edveis)<\/td>\n<\/tr>\n<tr style=\"height: 13.50pt;\">\n<td style=\"height: 13.50pt;\" height=\"18\">Ideal para<\/td>\n<td>Recipientes para mel, misturas aromatizadas, conjuntos para presente<\/td>\n<\/tr>\n<\/tbody>\n<\/table>\n<h2>Caso de sucesso: Potes de geleia exclusivos chegam a todo o pa\u00eds<\/h2>\n<p>Uma empresa artesanal de alimentos, produtora de m\u00e9is e geleias artesanais em pequenos lotes, n\u00e3o conseguia espa\u00e7o suficiente nas prateleiras para se destacar. Em meio \u00e0 concorr\u00eancia acirrada, apostaram tudo nos potes de vidro torcido de 360ml para mel, com nossa marcante tampa vermelha, na esperan\u00e7a de que o design por si s\u00f3 chamasse a aten\u00e7\u00e3o. O resultado foi revolucion\u00e1rio. Em primeiro lugar, o estilo torcido incomum fez com que o produto se destacasse \u2014 um produtor local de geleias artesanais viu um aumento de 48% na fideliza\u00e7\u00e3o de clientes. Em segundo lugar, o vidro resistente foi o respons\u00e1vel por uma redu\u00e7\u00e3o de 42% nos danos durante o transporte, em compara\u00e7\u00e3o com os fr\u00e1geis potes decorativos. Em menos de um ano, passaram de fornecer para 15 lojas locais para mais de 100 pontos de venda em todo o pa\u00eds. A receita da marca aumentou 150% e eles se tornaram um de nossos clientes mais confi\u00e1veis, fazendo pedidos de 100.000 potes de mel a granel a cada trimestre.<\/p>\n<h2>Formas de personalizar seus potes de mel exclusivos<\/h2>\n<ul>\n<li><strong>Logotipo em relevo:<\/strong> Imprima seu logotipo com eleg\u00e2ncia nas \u00e1reas torcidas do vidro, proporcionando assim uma experi\u00eancia exclusiva para o cliente.<\/li>\n<li><strong>Vidro colorido:<\/strong> N\u00e3o se limite ao vidro transparente. Que tal tingir todo o frasco de verde ou \u00e2mbar para dar um toque mais art\u00edstico?<\/li>\n<li><strong data-spm-anchor-id=\"5176.28103460.0.i16.2f2e2e31AubgEp\">Marcadores de capacidade gravados a laser<\/strong>\u00a0\u2013 Grave \u201c150ml\u201d, \u201c360ml\u201d na lateral. Facilita o enchimento em lotes. D\u00e1 um aspecto profissional.<\/li>\n<li><strong>Serigrafia:<\/strong> Um texto simples ou um elemento decorativo pode ser impresso no vidro, e o vidro pode ser torcido para tornar as linhas de impress\u00e3o impercept\u00edveis.<\/li>\n<\/ul>\n<p>Esses potes de geleia criativos s\u00e3o a maneira mais r\u00e1pida de construir uma imagem de marca sofisticada. Entre em contato conosco se quiser saber os pre\u00e7os para compras em grande quantidade de potes de mel ou discutir seu projeto personalizado.<\/p>","protected":false},"excerpt":{"rendered":"<p>Potes de mel exclusivos com tampas torcidas, apresentando um design elegante e dur\u00e1vel. Potes personalizados para encomendas em grande quantidade a pre\u00e7os competitivos.<\/p>","protected":false},"featured_media":1939,"template":"","meta":{"postBodyCss":"","postBodyMargin":[],"postBodyPadding":[],"postBodyBackground":{"backgroundType":"classic","gradient":""}},"product_brand":[],"product_cat":[15,17,52],"product_tag":[],"class_list":{"0":"post-1901","1":"product","2":"type-product","3":"status-publish","4":"has-post-thumbnail","6":"product_cat-glass-containers","7":"product_cat-glass-jars","8":"product_cat-glass-honey-jars","10":"first","11":"instock","12":"shipping-taxable","13":"product-type-simple"},"jetpack_sharing_enabled":true,"_links":{"self":[{"href":"https:\/\/minghanggroup.com\/pt\/wp-json\/wp\/v2\/product\/1901","targetHints":{"allow":["GET"]}}],"collection":[{"href":"https:\/\/minghanggroup.com\/pt\/wp-json\/wp\/v2\/product"}],"about":[{"href":"https:\/\/minghanggroup.com\/pt\/wp-json\/wp\/v2\/types\/product"}],"wp:featuredmedia":[{"embeddable":true,"href":"https:\/\/minghanggroup.com\/pt\/wp-json\/wp\/v2\/media\/1939"}],"wp:attachment":[{"href":"https:\/\/minghanggroup.com\/pt\/wp-json\/wp\/v2\/media?parent=1901"}],"wp:term":[{"taxonomy":"product_brand","embeddable":true,"href":"https:\/\/minghanggroup.com\/pt\/wp-json\/wp\/v2\/product_brand?post=1901"},{"taxonomy":"product_cat","embeddable":true,"href":"https:\/\/minghanggroup.com\/pt\/wp-json\/wp\/v2\/product_cat?post=1901"},{"taxonomy":"product_tag","embeddable":true,"href":"https:\/\/minghanggroup.com\/pt\/wp-json\/wp\/v2\/product_tag?post=1901"}],"curies":[{"name":"wp","href":"https:\/\/api.w.org\/{rel}","templated":true}]}}