{"id":1891,"date":"2025-10-22T13:02:51","date_gmt":"2025-10-22T05:02:51","guid":{"rendered":"https:\/\/minghanggroup.com\/?post_type=product&#038;p=1891"},"modified":"2025-10-22T17:11:23","modified_gmt":"2025-10-22T09:11:23","slug":"wholesale-round-glass-honey-bottles-and-jam-jars","status":"publish","type":"product","link":"https:\/\/minghanggroup.com\/pt\/produto\/wholesale-round-glass-honey-bottles-and-jam-jars\/","title":{"rendered":"Frascos de vidro redondos para mel e potes de geleia, de 100ml a 500ml, para venda por atacado."},"content":{"rendered":"<p>Os frascos de mel s\u00e3o projetados com um corpo de vidro transparente em formato cil\u00edndrico visualmente atraente e uma tampa preta. Seu design minimalista e pr\u00e1tico est\u00e1 dispon\u00edvel em diferentes volumes.<\/p>\n<h2>Caracter\u00edsticas do produto<\/h2>\n<ul>\n<li><strong>Formato cil\u00edndrico:<\/strong> O uso deste recipiente cil\u00edndrico moderno para mel n\u00e3o s\u00f3 o torna uma solu\u00e7\u00e3o perfeita para armazenamento na cozinha, como tamb\u00e9m em outros c\u00f4modos, economizando espa\u00e7o.<\/li>\n<li><strong>Boca larga:<\/strong> Gra\u00e7as \u00e0 abertura f\u00e1cil proporcionada por este design, o reabastecimento \u00e9 r\u00e1pido e a limpeza \u00e9 descomplicada, permitindo que os clientes retirem o mel sem sujar as m\u00e3os.<\/li>\n<li><strong>Diversas op\u00e7\u00f5es de tamanho:<\/strong> Dispomos de frascos de mel para todo o ciclo de neg\u00f3cio, desde os pequenos frascos de 100ml para degusta\u00e7\u00e3o at\u00e9 aos frascos de 500ml para mel a granel.<\/li>\n<\/ul>\n<h2>Especifica\u00e7\u00f5es principais<\/h2>\n<table style=\"border-collapse: collapse; margin-left: auto; margin-right: auto; width: 455.27pt;\" border=\"0\" width=\"607\" cellspacing=\"0\" cellpadding=\"0\">\n<tbody>\n<tr style=\"height: 13.50pt;\">\n<td style=\"height: 13.50pt; width: 90.00pt;\" width=\"120\" height=\"18\">Recurso<\/td>\n<td style=\"width: 365.25pt;\" width=\"487\">Especifica\u00e7\u00e3o<\/td>\n<\/tr>\n<tr style=\"height: 13.50pt;\">\n<td style=\"height: 13.50pt;\" height=\"18\">Capacidade<\/td>\n<td>100ml, 150ml, 180ml, 220ml, 280ml, 380ml, 500ml<\/td>\n<\/tr>\n<tr style=\"height: 13.50pt;\">\n<td style=\"height: 13.50pt;\" height=\"18\">Tamanho<\/td>\n<td>6,1\u00d76,8cm a 8,5\u00d712,8cm<\/td>\n<\/tr>\n<tr style=\"height: 13.50pt;\">\n<td style=\"height: 13.50pt;\" height=\"18\">Material<\/td>\n<td>Vidro transparente, tampa de rosca em PP preto<\/td>\n<\/tr>\n<tr style=\"height: 13.50pt;\">\n<td style=\"height: 13.50pt;\" height=\"18\">Cor da tampa<\/td>\n<td>Preto (cores personalizadas dispon\u00edveis)<\/td>\n<\/tr>\n<tr style=\"height: 13.50pt;\">\n<td style=\"height: 13.50pt;\" height=\"18\">Ideal para<\/td>\n<td>Mel cru, geleias, conservas<\/td>\n<\/tr>\n<tr style=\"height: 13.50pt;\">\n<td style=\"height: 13.50pt;\" height=\"18\">Uso ideal<\/td>\n<td>Frasco de mel, potes de geleia redondos, recipientes de vidro para mel<\/td>\n<\/tr>\n<\/tbody>\n<\/table>\n<h2>Caso de sucesso: Design cl\u00e1ssico impulsiona o crescimento das vendas<\/h2>\n<p>Uma cooperativa de apicultura de m\u00e9dio porte enfrentava problemas com embalagens. Para solucionar isso, testaram 1.400 potes de vidro redondos para mel com tampas pretas (200 de cada tamanho). Esse design reconhec\u00edvel e pr\u00e1tico complementa perfeitamente a imagem da marca, que preza por mel puro e natural. Essa iniciativa transformou significativamente seus neg\u00f3cios. Primeiramente, os sete tamanhos de potes de mel alcan\u00e7aram um \u00edndice de satisfa\u00e7\u00e3o do cliente de 92%, eliminando a confus\u00e3o entre potes de diferentes fornecedores. Um produtor artesanal de geleias viu um aumento de 38% nas vendas de kits para presente gra\u00e7as ao tamanho ideal dos potes de 100 ml e 150 ml para degusta\u00e7\u00e3o. Al\u00e9m disso, as tampas herm\u00e9ticas reduziram o desperd\u00edcio de mel e geleia em 40%, o que os levou a fazer quatro pedidos adicionais, totalizando 200.000 potes de mel, para expandir seus neg\u00f3cios.<\/p>\n<h2>Recomenda\u00e7\u00f5es para personaliza\u00e7\u00e3o de potes de vidro para mel<\/h2>\n<ul>\n<li><strong>Personaliza\u00e7\u00e3o da cor da tampa:<\/strong> Quer algo mais do que um simples preto? Ao personalizar as cores das tampas para refletir as cores da sua marca, os clientes podem identific\u00e1-la instantaneamente.<\/li>\n<li><strong>Op\u00e7\u00f5es de material para a tampa:<\/strong> Seja de pl\u00e1stico ou metal, escolha o acabamento e a textura que melhor se adaptam ao seu estilo, seja ele glamoroso ou para o dia a dia.<\/li>\n<li><strong>Gravura fosca:<\/strong> Para obter uma apar\u00eancia visual elegante, sofisticada, luxuosa e artesanal, a grava\u00e7\u00e3o em vidro pode ser usada para criar logotipos, faixas ou padr\u00f5es foscos no produto.<\/li>\n<li><strong>Tons coloridos:<\/strong> Os potes de mel podem se tornar mais convidativos e atrair mais compradores se forem adicionados tons sutis de \u00e2mbar (para mel) ou vermelho (para geleia) \u00e0 parte transparente do vidro, complementando o produto em seu interior e permitindo que o pote se destaque entre os demais.<\/li>\n<li><strong>Capacidade personalizada:<\/strong> Nossa gama de produtos \u00e9 vasta e, caso necessite de uma capacidade ligeiramente diferente, podemos providenci\u00e1-la em colabora\u00e7\u00e3o consigo.<\/li>\n<\/ul>","protected":false},"excerpt":{"rendered":"<p>Frascos de vidro redondos para mel em diversos tamanhos. Ideais para embalar mel e geleias, com personaliza\u00e7\u00e3o de logotipo, pre\u00e7os de atacado e entrega r\u00e1pida.<\/p>","protected":false},"featured_media":1893,"template":"","meta":{"postBodyCss":"","postBodyMargin":[],"postBodyPadding":[],"postBodyBackground":{"backgroundType":"classic","gradient":""}},"product_brand":[],"product_cat":[15,17,52],"product_tag":[],"class_list":{"0":"post-1891","1":"product","2":"type-product","3":"status-publish","4":"has-post-thumbnail","6":"product_cat-glass-containers","7":"product_cat-glass-jars","8":"product_cat-glass-honey-jars","10":"first","11":"instock","12":"shipping-taxable","13":"product-type-simple"},"jetpack_sharing_enabled":true,"_links":{"self":[{"href":"https:\/\/minghanggroup.com\/pt\/wp-json\/wp\/v2\/product\/1891","targetHints":{"allow":["GET"]}}],"collection":[{"href":"https:\/\/minghanggroup.com\/pt\/wp-json\/wp\/v2\/product"}],"about":[{"href":"https:\/\/minghanggroup.com\/pt\/wp-json\/wp\/v2\/types\/product"}],"wp:featuredmedia":[{"embeddable":true,"href":"https:\/\/minghanggroup.com\/pt\/wp-json\/wp\/v2\/media\/1893"}],"wp:attachment":[{"href":"https:\/\/minghanggroup.com\/pt\/wp-json\/wp\/v2\/media?parent=1891"}],"wp:term":[{"taxonomy":"product_brand","embeddable":true,"href":"https:\/\/minghanggroup.com\/pt\/wp-json\/wp\/v2\/product_brand?post=1891"},{"taxonomy":"product_cat","embeddable":true,"href":"https:\/\/minghanggroup.com\/pt\/wp-json\/wp\/v2\/product_cat?post=1891"},{"taxonomy":"product_tag","embeddable":true,"href":"https:\/\/minghanggroup.com\/pt\/wp-json\/wp\/v2\/product_tag?post=1891"}],"curies":[{"name":"wp","href":"https:\/\/api.w.org\/{rel}","templated":true}]}}