{"id":1877,"date":"2025-10-22T08:47:53","date_gmt":"2025-10-22T00:47:53","guid":{"rendered":"https:\/\/minghanggroup.com\/?post_type=product&#038;p=1877"},"modified":"2025-10-22T17:43:30","modified_gmt":"2025-10-22T09:43:30","slug":"bulk-crystal-honey-bottles-square-jam-jars","status":"publish","type":"product","link":"https:\/\/minghanggroup.com\/pt\/produto\/bulk-crystal-honey-bottles-square-jam-jars\/","title":{"rendered":"Potes de Mel Cristal a Granel \u2013 Potes Quadrados para Geleia de 100ml, 180ml, 280ml e 360ml"},"content":{"rendered":"<p>Com diferentes formatos e tamanhos, estes ador\u00e1veis \u200b\u200bfrascos de mel s\u00e3o feitos de vidro quadrado transparente para representar o mel j\u00e1 dourado.<\/p>\n<h2>Caracter\u00edsticas do produto<\/h2>\n<ul>\n<li><strong>Padr\u00e3o quadrado atraente:<\/strong> Nossos potes de geleia quadrados s\u00e3o feitos de material resistente, economizam espa\u00e7o e sua apar\u00eancia impressionar\u00e1 em qualquer prateleira.<\/li>\n<li><strong>Tampas de encaixe:<\/strong> Para manter o mel fresco durante o armazenamento, cada tampa vem com uma fita de veda\u00e7\u00e3o.<\/li>\n<li><strong>Flex\u00edvel<\/strong>Esses recipientes servir\u00e3o n\u00e3o apenas para mel, mas tamb\u00e9m para geleias, artesanato e produtos secos.<\/li>\n<\/ul>\n<h2>Especifica\u00e7\u00f5es principais<\/h2>\n<table style=\"border-collapse: collapse; margin-left: auto; margin-right: auto; width: 455.27pt;\" border=\"0\" width=\"607\" cellspacing=\"0\" cellpadding=\"0\">\n<tbody>\n<tr style=\"height: 13.50pt;\">\n<td style=\"height: 13.50pt; width: 90.00pt;\" width=\"120\" height=\"18\">Recurso<\/td>\n<td style=\"width: 365.25pt;\" width=\"487\">Especifica\u00e7\u00e3o<\/td>\n<\/tr>\n<tr style=\"height: 13.50pt;\">\n<td style=\"height: 13.50pt;\" height=\"18\">Capacidade<\/td>\n<td>100ml, 180ml, 280ml, 360ml<\/td>\n<\/tr>\n<tr style=\"height: 13.50pt;\">\n<td style=\"height: 13.50pt;\" height=\"18\">Dimens\u00f5es<\/td>\n<td>5,8\u00d77,9cm a 8,0\u00d712,0cm<\/td>\n<\/tr>\n<tr style=\"height: 13.50pt;\">\n<td style=\"height: 13.50pt;\" height=\"18\">Material<\/td>\n<td>Tampa de rosca de vidro transparente, PP ou madeira<\/td>\n<\/tr>\n<tr style=\"height: 13.50pt;\">\n<td style=\"height: 13.50pt;\" height=\"18\">Op\u00e7\u00f5es de tampa<\/td>\n<td>Dourado, vermelho, prateado, madeira (personaliza\u00e7\u00e3o dispon\u00edvel)<\/td>\n<\/tr>\n<tr style=\"height: 13.50pt;\">\n<td style=\"height: 13.50pt;\" height=\"18\">Ideal para<\/td>\n<td>Mel, geleia, compotas<\/td>\n<\/tr>\n<tr style=\"height: 13.50pt;\">\n<td style=\"height: 13.50pt;\" height=\"18\">Uso ideal<\/td>\n<td>Garrafas de mel, recipientes de vidro para mel, potes de mel a granel<\/td>\n<\/tr>\n<\/tbody>\n<\/table>\n<h2>Caso de sucesso: elevando uma marca artesanal<\/h2>\n<p>A empresa local de apicultura, produtora de mel artesanal, que buscava embalagens que refletissem alta qualidade, optou por nossos potes quadrados de 180ml com tampas de madeira. A experi\u00eancia do usu\u00e1rio com o produto foi aprimorada pela combina\u00e7\u00e3o das tampas de madeira e douradas, resultando em um aumento de 42% nas vendas. O vidro transparente permite que a cor dourada do mel seja preservada, e o formato quadrado contribui para que a linha de produtos ocupe espa\u00e7o harmonioso nas prateleiras, ao mesmo tempo que confere um visual sofisticado \u00e0 loja. Os clientes elogiaram bastante o design dos potes, e a empresa j\u00e1 fez mais tr\u00eas pedidos de 100.000 potes cada.<\/p>\n<h2>Sugest\u00f5es para personalizar potes de vidro para mel<\/h2>\n<ul>\n<li><strong>Cor da tampa:<\/strong> Pode ser uma de nossas cores met\u00e1licas (dourado, prateado ou vermelho) ou imita\u00e7\u00e3o de madeira. Ou voc\u00ea pode simplesmente escolher um c\u00f3digo Pantone para obter a cor exata que corresponde \u00e0 marca.<\/li>\n<li><strong>Relevo em vidro:<\/strong> De uma forma ou de outra, seu logotipo ou mesmo um padr\u00e3o complexo podem ser aplicados diretamente no vidro, conferindo um toque de estilo sofisticado ao visual.<\/li>\n<li><strong>Serigrafia:<\/strong> Imprima seu logotipo e design coloridos diretamente no vidro para obter um produto vibrante e dur\u00e1vel.<\/li>\n<li><strong>Ajuste de volume:<\/strong> Se as nossas medidas padr\u00e3o n\u00e3o forem adequadas para si, podemos ajud\u00e1-lo a fazer frascos com um volume ligeiramente diferente.<\/li>\n<\/ul>\n<p>Que tal chegarmos a um acordo sobre os melhores potes e garrafas de mel para o seu neg\u00f3cio? Nossa cole\u00e7\u00e3o de recipientes de vidro \u00e9 perfeita para destacar seus produtos. Entre em contato conosco e vamos conversar sobre seus pedidos de potes de mel em grande quantidade, incluindo designs personalizados.<\/p>","protected":false},"excerpt":{"rendered":"<p>Frascos de vidro quadrados premium para mel, com op\u00e7\u00f5es de tampas variadas. Ideais para embalar mel e geleias. Fornecimento direto da f\u00e1brica, amostras gr\u00e1tis e descontos para compras em grande quantidade.<\/p>","protected":false},"featured_media":1880,"template":"","meta":{"postBodyCss":"","postBodyMargin":[],"postBodyPadding":[],"postBodyBackground":{"backgroundType":"classic","gradient":""}},"product_brand":[],"product_cat":[15,17,52],"product_tag":[],"class_list":{"0":"post-1877","1":"product","2":"type-product","3":"status-publish","4":"has-post-thumbnail","6":"product_cat-glass-containers","7":"product_cat-glass-jars","8":"product_cat-glass-honey-jars","10":"first","11":"instock","12":"shipping-taxable","13":"product-type-simple"},"jetpack_sharing_enabled":true,"_links":{"self":[{"href":"https:\/\/minghanggroup.com\/pt\/wp-json\/wp\/v2\/product\/1877","targetHints":{"allow":["GET"]}}],"collection":[{"href":"https:\/\/minghanggroup.com\/pt\/wp-json\/wp\/v2\/product"}],"about":[{"href":"https:\/\/minghanggroup.com\/pt\/wp-json\/wp\/v2\/types\/product"}],"wp:featuredmedia":[{"embeddable":true,"href":"https:\/\/minghanggroup.com\/pt\/wp-json\/wp\/v2\/media\/1880"}],"wp:attachment":[{"href":"https:\/\/minghanggroup.com\/pt\/wp-json\/wp\/v2\/media?parent=1877"}],"wp:term":[{"taxonomy":"product_brand","embeddable":true,"href":"https:\/\/minghanggroup.com\/pt\/wp-json\/wp\/v2\/product_brand?post=1877"},{"taxonomy":"product_cat","embeddable":true,"href":"https:\/\/minghanggroup.com\/pt\/wp-json\/wp\/v2\/product_cat?post=1877"},{"taxonomy":"product_tag","embeddable":true,"href":"https:\/\/minghanggroup.com\/pt\/wp-json\/wp\/v2\/product_tag?post=1877"}],"curies":[{"name":"wp","href":"https:\/\/api.w.org\/{rel}","templated":true}]}}