{"id":1869,"date":"2025-10-21T16:10:26","date_gmt":"2025-10-21T08:10:26","guid":{"rendered":"https:\/\/minghanggroup.com\/?post_type=product&#038;p=1869"},"modified":"2025-10-21T17:54:07","modified_gmt":"2025-10-21T09:54:07","slug":"wholesale-unique-honeycomb-glass-jars-with-screw-metal-lids","status":"publish","type":"product","link":"https:\/\/minghanggroup.com\/pt\/produto\/wholesale-unique-honeycomb-glass-jars-with-screw-metal-lids\/","title":{"rendered":"Potes de vidro exclusivos em formato de favo de mel, com tampas de rosca met\u00e1licas, de 85g a 473ml (3oz a 16oz), dispon\u00edveis para atacado."},"content":{"rendered":"<p>Estes distintos frascos de vidro em formato de favo de mel s\u00e3o feitos de vidro transparente com um padr\u00e3o caracter\u00edstico em forma de favo de mel e v\u00eam com uma tampa preta. Est\u00e3o dispon\u00edveis em v\u00e1rios tamanhos para facilitar o armazenamento de mel.<\/p>\n<h2>Caracter\u00edsticas do produto<\/h2>\n<ul>\n<li><strong>Textura de favo de mel real:<\/strong> Moldado integralmente com o vidro, sem adesivos ou etiquetas, para uma apresenta\u00e7\u00e3o permanente e aut\u00eantica.<\/li>\n<li><strong>O vidro transparente destaca a qualidade:<\/strong> \u00c9 poss\u00edvel ver o mel dourado no interior. A textura real\u00e7a a luz, fazendo-o brilhar.<\/li>\n<li><strong>Design de boca larga para enchimento r\u00e1pido:<\/strong> Economize tempo no envase de lotes. Pode ser usado com colher ou bomba para um uso limpo e higi\u00eanico.<\/li>\n<\/ul>\n<h2>Especifica\u00e7\u00f5es principais<\/h2>\n<table style=\"border-collapse: collapse; margin-left: auto; margin-right: auto; width: 518.27pt;\" border=\"0\" width=\"691\" cellspacing=\"0\" cellpadding=\"0\">\n<tbody>\n<tr style=\"height: 13.50pt;\">\n<td style=\"height: 13.50pt; width: 99.75pt;\" width=\"133\" height=\"18\">Recurso<\/td>\n<td style=\"width: 418.50pt;\" width=\"558\">Especifica\u00e7\u00e3o<\/td>\n<\/tr>\n<tr style=\"height: 13.50pt;\">\n<td style=\"height: 13.50pt;\" height=\"18\">Capacidade<\/td>\n<td>100ml\/3oz, 250ml\/8oz, 500ml\/16oz, 1000ml\/32oz<\/td>\n<\/tr>\n<tr style=\"height: 13.50pt;\">\n<td style=\"height: 13.50pt;\" height=\"18\">Dimens\u00f5es<\/td>\n<td>5,3\u00d78,0cm a 10,1\u00d714,7cm<\/td>\n<\/tr>\n<tr style=\"height: 13.50pt;\">\n<td style=\"height: 13.50pt;\" height=\"18\">Material<\/td>\n<td>Vidro transparente, tampa de rosca em PP preto<\/td>\n<\/tr>\n<tr style=\"height: 13.50pt;\">\n<td style=\"height: 13.50pt;\" height=\"18\">Textura<\/td>\n<td>Padr\u00e3o de favo de mel 3D (corpo inteiro)<\/td>\n<\/tr>\n<tr style=\"height: 13.50pt;\">\n<td style=\"height: 13.50pt;\" height=\"18\">Cor da tampa<\/td>\n<td>Preto (cores personalizadas dispon\u00edveis)<\/td>\n<\/tr>\n<tr style=\"height: 13.50pt;\">\n<td style=\"height: 13.50pt;\" height=\"18\">Ideal para<\/td>\n<td>Mel puro, kits para presente, misturas artesanais<\/td>\n<\/tr>\n<tr style=\"height: 13.50pt;\">\n<td style=\"height: 13.50pt;\" height=\"18\">Uso ideal<\/td>\n<td>Potes de vidro em formato de favo de mel, potes de mel exclusivos, recipientes de vidro para mel<\/td>\n<\/tr>\n<\/tbody>\n<\/table>\n<h2>Caso de sucesso: Potes de mel tem\u00e1ticos impulsionam os neg\u00f3cios<\/h2>\n<p>Uma empresa familiar local de apicultura estava \u00e0 beira da fal\u00eancia devido \u00e0 forte concorr\u00eancia no mercado. Decidiram ent\u00e3o reformular a imagem de seus produtos utilizando nossos potes de vidro de 500ml com padr\u00e3o de favo de mel. O resultado foi um sucesso fenomenal. Primeiramente, o inovador padr\u00e3o de favo de mel atraiu tanto os clientes que resultou em um aumento de 45% no n\u00famero de clientes que retornaram para comprar seus produtos. Em segundo lugar, a nova embalagem ajudou a reduzir os danos aos produtos durante o transporte em 40%, em compara\u00e7\u00e3o com potes de vidro lisos ou sem textura. Assim, o distribuidor economiza US$ 280 por m\u00eas em custos de reposi\u00e7\u00e3o. O enorme sucesso levou \u00e0 assinatura de um contrato com uma empresa regional de assinatura de alimentos gourmet, que necessita de um fornecimento abundante e est\u00e1vel de potes de mel a cada trimestre. Eles s\u00e3o clientes fi\u00e9is h\u00e1 mais de dois anos e, por isso, j\u00e1 fizeram sete pedidos consecutivos de 100.000 unidades cada, al\u00e9m de recentemente adicionarem potes de mel de 100ml para kits de presente.<\/p>\n<h2>Personalizando seus potes de favo de mel<\/h2>\n<ul>\n<li><strong>Tampa met\u00e1lica:<\/strong> Substitua a tampa de pl\u00e1stico por uma de metal fosco para elevar o produto a um n\u00edvel mais luxuoso.<\/li>\n<li><strong>Monograma com seu nome:<\/strong> D\u00ea mais destaque ao logotipo ou \u00e0s iniciais da marca, gravando-os discretamente na tampa para um visual refinado.<\/li>\n<li><strong>Pel\u00edculas para vidros:<\/strong> Use embalagens de vidro \u00e2mbar ou verde atraentes para o seu mel, para dar um visual diferenciado e tamb\u00e9m para proteger o conte\u00fado dos raios nocivos do sol.<\/li>\n<li><strong>Formas personalizadas:<\/strong> Se voc\u00ea planeja comprar grandes quantidades no atacado, podemos fabricar os potes no formato que voc\u00ea preferir.<\/li>\n<\/ul>\n<p>Pronto para causar uma impress\u00e3o duradoura com os potes tem\u00e1ticos mais incr\u00edveis da prateleira? Entre em contato conosco para um or\u00e7amento de atacado e para conhecer nossa linha completa de potes de mel a granel. Vamos construir sua marca juntos.<\/p>","protected":false},"excerpt":{"rendered":"<p>Potes de vidro exclusivos com design texturizado em formato de favo de mel. Ideais para marcas de mel premium. Fornecimento em grandes quantidades, entrega r\u00e1pida e op\u00e7\u00f5es de personaliza\u00e7\u00e3o para marcas.<\/p>","protected":false},"featured_media":1873,"template":"","meta":{"postBodyCss":"","postBodyMargin":[],"postBodyPadding":[],"postBodyBackground":{"backgroundType":"classic","gradient":""}},"product_brand":[],"product_cat":[15,17,52],"product_tag":[],"class_list":{"0":"post-1869","1":"product","2":"type-product","3":"status-publish","4":"has-post-thumbnail","6":"product_cat-glass-containers","7":"product_cat-glass-jars","8":"product_cat-glass-honey-jars","10":"first","11":"instock","12":"shipping-taxable","13":"product-type-simple"},"jetpack_sharing_enabled":true,"_links":{"self":[{"href":"https:\/\/minghanggroup.com\/pt\/wp-json\/wp\/v2\/product\/1869","targetHints":{"allow":["GET"]}}],"collection":[{"href":"https:\/\/minghanggroup.com\/pt\/wp-json\/wp\/v2\/product"}],"about":[{"href":"https:\/\/minghanggroup.com\/pt\/wp-json\/wp\/v2\/types\/product"}],"wp:featuredmedia":[{"embeddable":true,"href":"https:\/\/minghanggroup.com\/pt\/wp-json\/wp\/v2\/media\/1873"}],"wp:attachment":[{"href":"https:\/\/minghanggroup.com\/pt\/wp-json\/wp\/v2\/media?parent=1869"}],"wp:term":[{"taxonomy":"product_brand","embeddable":true,"href":"https:\/\/minghanggroup.com\/pt\/wp-json\/wp\/v2\/product_brand?post=1869"},{"taxonomy":"product_cat","embeddable":true,"href":"https:\/\/minghanggroup.com\/pt\/wp-json\/wp\/v2\/product_cat?post=1869"},{"taxonomy":"product_tag","embeddable":true,"href":"https:\/\/minghanggroup.com\/pt\/wp-json\/wp\/v2\/product_tag?post=1869"}],"curies":[{"name":"wp","href":"https:\/\/api.w.org\/{rel}","templated":true}]}}