{"id":1859,"date":"2025-10-21T14:49:17","date_gmt":"2025-10-21T06:49:17","guid":{"rendered":"https:\/\/minghanggroup.com\/?post_type=product&#038;p=1859"},"modified":"2025-10-21T17:47:28","modified_gmt":"2025-10-21T09:47:28","slug":"wholesale-clear-hexagonal-honey-jam-jars","status":"publish","type":"product","link":"https:\/\/minghanggroup.com\/pt\/produto\/wholesale-clear-hexagonal-honey-jam-jars\/","title":{"rendered":"Potes de geleia hexagonais transparentes para mel, atacado, 200ml, 300ml, 430ml, 500ml e 760ml"},"content":{"rendered":"<p>Os potes de mel possuem um corpo hexagonal transparente de vidro e uma elegante tampa preta. Ali\u00e1s, esses potes est\u00e3o dispon\u00edveis em diferentes tamanhos e, portanto, combinam um estilo minimalista e geom\u00e9trico com funcionalidade em um s\u00f3 produto, sendo perfeitos para armazenar mel.<\/p>\n<h2>Caracter\u00edsticas do produto<\/h2>\n<ul>\n<li><strong>Design antirrolamento:<\/strong> O formato hexagonal exclusivo garante uma opera\u00e7\u00e3o est\u00e1vel e f\u00e1cil de usar.<\/li>\n<li><strong>Apresenta\u00e7\u00e3o Perfeita do Produto:<\/strong> O vidro transparente permite que os clientes vejam imediatamente o verdadeiro valor do mel ou da geleia.<\/li>\n<li><strong>V\u00e1rios tamanhos:<\/strong> Est\u00e3o dispon\u00edveis em tamanhos que variam de 200ml a 760ml, oferecendo as op\u00e7\u00f5es certas para suas linhas de produtos com diferentes volumes.<\/li>\n<\/ul>\n<h2>Especifica\u00e7\u00f5es principais<\/h2>\n<table style=\"border-collapse: collapse; margin-left: auto; margin-right: auto; width: 451.52pt;\" border=\"0\" width=\"602\" cellspacing=\"0\" cellpadding=\"0\">\n<tbody>\n<tr style=\"height: 13.50pt;\">\n<td style=\"height: 13.50pt; width: 85.50pt;\" width=\"114\" height=\"18\">Recurso<\/td>\n<td style=\"width: 366.00pt;\" width=\"488\">Especifica\u00e7\u00e3o<\/td>\n<\/tr>\n<tr style=\"height: 13.50pt;\">\n<td style=\"height: 13.50pt;\" height=\"18\">Capacidade<\/td>\n<td>200ml, 300ml, 430ml, 500ml, 760ml<\/td>\n<\/tr>\n<tr style=\"height: 13.50pt;\">\n<td style=\"height: 13.50pt;\" height=\"18\">Dimens\u00f5es<\/td>\n<td>6,8\u00d78,5cm a 11,0\u00d712,0cm<\/td>\n<\/tr>\n<tr style=\"height: 13.50pt;\">\n<td style=\"height: 13.50pt;\" height=\"18\">Material<\/td>\n<td>Vidro transparente, tampa de rosca em PP preto<\/td>\n<\/tr>\n<tr style=\"height: 13.50pt;\">\n<td style=\"height: 13.50pt;\" height=\"18\">Cor da tampa<\/td>\n<td>Preto (cores personalizadas dispon\u00edveis)<\/td>\n<\/tr>\n<tr style=\"height: 13.50pt;\">\n<td style=\"height: 13.50pt;\" height=\"18\">Ideal para<\/td>\n<td>Mel, geleia, compotas, pastas para barrar<\/td>\n<\/tr>\n<tr style=\"height: 13.50pt;\">\n<td style=\"height: 13.50pt;\" height=\"18\">Uso ideal<\/td>\n<td>Potes de geleia, recipientes de vidro para mel, linhas de neg\u00f3cios artesanais<\/td>\n<\/tr>\n<\/tbody>\n<\/table>\n<h2>Caso de sucesso: apoiando uma marca local em sua expans\u00e3o global.<\/h2>\n<p>Uma marca artesanal local, produtora de geleias e m\u00e9is artesanais de luxo, precisava de embalagens de vidro que condiziam com a qualidade de seus produtos. Decidiram encomendar potes de geleia no atacado, inicialmente com um pedido de 2.500 unidades (500 de cada tamanho), personalizando-os com o logotipo da marca. O resultado? Os cinco tamanhos diferentes alcan\u00e7aram um \u00edndice de satisfa\u00e7\u00e3o do cliente de 90%. Uma marca local de geleias artesanais, por exemplo, viu as vendas de potes para degusta\u00e7\u00e3o aumentarem 40% devido ao tamanho de 200 ml, que se mostrou ideal para embalagens de amostra. Al\u00e9m disso, a tampa de veda\u00e7\u00e3o preta contribui para reduzir em 35% a deteriora\u00e7\u00e3o do mel e da geleia. Devido ao feedback positivo dos clientes, a empresa fez mais cinco pedidos, totalizando 350.000 potes.<\/p>\n<h2>Sugest\u00f5es de personaliza\u00e7\u00e3o de produtos<\/h2>\n<ul>\n<li><strong>Personaliza\u00e7\u00e3o da cor do bon\u00e9:<\/strong> Al\u00e9m do preto, que \u00e9 a cor padr\u00e3o, tamb\u00e9m oferecemos tampas nas cores branca, marrom ou imita\u00e7\u00e3o de madeira.<\/li>\n<li><strong>Melhoria do material da tampa:<\/strong> Imagine s\u00f3 a sensa\u00e7\u00e3o agrad\u00e1vel que as tampas de metal ou bambu proporcionariam em compara\u00e7\u00e3o com as tampas comuns!<\/li>\n<li><strong>Logotipo em relevo na tampa:<\/strong> O logotipo em relevo na parte superior da tampa torna-a mais sensorial.<\/li>\n<li><strong>Op\u00e7\u00f5es de cores para o vidro:<\/strong> Al\u00e9m disso, as op\u00e7\u00f5es de vidro \u00e2mbar ou verde s\u00e3o destinadas a produtos fotossens\u00edveis.<\/li>\n<li><strong>Serigrafia:<\/strong> O logotipo e os elementos gr\u00e1ficos da sua marca podem ser impressos de forma direta e segura na superf\u00edcie do vidro.<\/li>\n<\/ul>\n<p>Que tal usar nossos luxuosos potes hexagonais para geleia de mel e dar um novo visual \u00e0s suas embalagens? Para pre\u00e7os de atacado e mais detalhes, basta nos enviar uma mensagem.<\/p>","protected":false},"excerpt":{"rendered":"<p>Potes hexagonais para geleia com tampa de rosca, vendidos no atacado. Perfeitos para mel ou geleia. Aproveite descontos para compras em grande quantidade, entrega r\u00e1pida, op\u00e7\u00f5es personaliz\u00e1veis \u200b\u200be amostras gr\u00e1tis.<\/p>","protected":false},"featured_media":1860,"template":"","meta":{"postBodyCss":"","postBodyMargin":[],"postBodyPadding":[],"postBodyBackground":{"backgroundType":"classic","gradient":""}},"product_brand":[],"product_cat":[15,17,52],"product_tag":[],"class_list":{"0":"post-1859","1":"product","2":"type-product","3":"status-publish","4":"has-post-thumbnail","6":"product_cat-glass-containers","7":"product_cat-glass-jars","8":"product_cat-glass-honey-jars","10":"first","11":"instock","12":"shipping-taxable","13":"product-type-simple"},"jetpack_sharing_enabled":true,"_links":{"self":[{"href":"https:\/\/minghanggroup.com\/pt\/wp-json\/wp\/v2\/product\/1859","targetHints":{"allow":["GET"]}}],"collection":[{"href":"https:\/\/minghanggroup.com\/pt\/wp-json\/wp\/v2\/product"}],"about":[{"href":"https:\/\/minghanggroup.com\/pt\/wp-json\/wp\/v2\/types\/product"}],"wp:featuredmedia":[{"embeddable":true,"href":"https:\/\/minghanggroup.com\/pt\/wp-json\/wp\/v2\/media\/1860"}],"wp:attachment":[{"href":"https:\/\/minghanggroup.com\/pt\/wp-json\/wp\/v2\/media?parent=1859"}],"wp:term":[{"taxonomy":"product_brand","embeddable":true,"href":"https:\/\/minghanggroup.com\/pt\/wp-json\/wp\/v2\/product_brand?post=1859"},{"taxonomy":"product_cat","embeddable":true,"href":"https:\/\/minghanggroup.com\/pt\/wp-json\/wp\/v2\/product_cat?post=1859"},{"taxonomy":"product_tag","embeddable":true,"href":"https:\/\/minghanggroup.com\/pt\/wp-json\/wp\/v2\/product_tag?post=1859"}],"curies":[{"name":"wp","href":"https:\/\/api.w.org\/{rel}","templated":true}]}}