{"id":1853,"date":"2025-10-21T12:59:50","date_gmt":"2025-10-21T04:59:50","guid":{"rendered":"https:\/\/minghanggroup.com\/?post_type=product&#038;p=1853"},"modified":"2025-10-21T17:49:48","modified_gmt":"2025-10-21T09:49:48","slug":"wholesale-hexagon-glass-honey-jars-with-dipper-wood-lid","status":"publish","type":"product","link":"https:\/\/minghanggroup.com\/pt\/produto\/wholesale-hexagon-glass-honey-jars-with-dipper-wood-lid\/","title":{"rendered":"Potes de vidro hexagonais para mel, 220ml e 380ml, com tampa de madeira e colher dosadora."},"content":{"rendered":"<p>Estes potes de vidro para mel expressam visualmente a caracter\u00edstica \u00fanica, natural e mais encantadora do mel dourado, atrav\u00e9s de pe\u00e7as compostas por um corpo de vidro transparente de seis lados, uma tampa de madeira e um puxador de mel de madeira embutido, tudo combinado de forma muito pr\u00e1tica.<\/p>\n<h2>Caracter\u00edsticas do produto<\/h2>\n<ul>\n<li><strong>Colher de mel de madeira embutida:<\/strong> A colher de mel de madeira \u00e9 fixada \u00e0 garrafa com um pequeno parafuso de madeira, o que facilita muito a retirada do mel da garrafa.<\/li>\n<li><strong>Design de boca larga:<\/strong> Essa funcionalidade oferece uma maneira r\u00e1pida e descomplicada de encher o pote de mel do cliente at\u00e9 a capacidade m\u00e1xima, incentivando-o assim a continuar comprando o produto.<\/li>\n<li><strong>Clareza Premium:<\/strong> Os recipientes de vidro que fornecemos s\u00e3o feitos de vidro transparente de alta qualidade; assim, a cor natural brilhante e a pureza do mel s\u00e3o sempre exemplares e um deleite para os olhos.<\/li>\n<li><strong>Formato hexagonal:<\/strong> O formato hexagonal diferenciado oferece uma solu\u00e7\u00e3o pr\u00e1tica para exibir e armazenar utens\u00edlios na cozinha, al\u00e9m de liberar espa\u00e7o na bancada e nos arm\u00e1rios para outras tarefas.<\/li>\n<\/ul>\n<h2>Especifica\u00e7\u00f5es principais<\/h2>\n<table style=\"border-collapse: collapse; margin-left: auto; margin-right: auto; width: 389.27pt;\" border=\"0\" width=\"519\" cellspacing=\"0\" cellpadding=\"0\">\n<tbody>\n<tr style=\"height: 13.50pt;\">\n<td style=\"height: 13.50pt; width: 85.50pt;\" width=\"114\" height=\"18\">Recurso<\/td>\n<td style=\"width: 303.75pt;\" width=\"405\">Especifica\u00e7\u00e3o<\/td>\n<\/tr>\n<tr style=\"height: 13.50pt;\">\n<td style=\"height: 13.50pt;\" height=\"18\">Dimens\u00f5es<\/td>\n<td>11,7\u00d711,8cm (220ml), 5,4\u00d710,3cm (380ml)<\/td>\n<\/tr>\n<tr style=\"height: 13.50pt;\">\n<td style=\"height: 13.50pt;\" height=\"18\">Material<\/td>\n<td>Copo transparente, tampa e concha de madeira natural<\/td>\n<\/tr>\n<tr style=\"height: 13.50pt;\">\n<td style=\"height: 13.50pt;\" height=\"18\">Tampa<\/td>\n<td>Tampa de madeira maci\u00e7a rosque\u00e1vel<\/td>\n<\/tr>\n<tr style=\"height: 13.50pt;\">\n<td style=\"height: 13.50pt;\" height=\"18\">Dipper<\/td>\n<td>Bast\u00e3o de madeira com ranhuras em espiral<\/td>\n<\/tr>\n<tr style=\"height: 13.50pt;\">\n<td style=\"height: 13.50pt;\" height=\"18\">Uso ideal<\/td>\n<td>Potes de mel, recipientes de vidro para mel, conjuntos para presente<\/td>\n<\/tr>\n<\/tbody>\n<\/table>\n<h2>Caso de sucesso: elevando uma marca artesanal<\/h2>\n<p>Um apicultor de m\u00e9dio porte, especializado em mel de origem \u00fanica, precisava de uma solu\u00e7\u00e3o de embalagem que transmitisse a qualidade superior de seus produtos. Optaram por nossos produtos principais, os potes hexagonais de 380 ml para mel. Instantaneamente, o conceito inovador tornou-se um sucesso, e os resultados foram impressionantes. Primeiramente, os apicultores notaram um aumento de at\u00e9 40% na rotatividade de estoque nas prateleiras dos varejistas \u2014 os designs hexagonais com detalhes em madeira se tornaram o assunto do momento, atraindo mais clientes. Em segundo lugar, a tampa de madeira herm\u00e9tica minimizou a necessidade de decora\u00e7\u00e3o com o mel em 35%, resultando em menos devolu\u00e7\u00f5es e menor desperd\u00edcio de produto. O sucesso gerou grande repercuss\u00e3o no mercado e levou a tr\u00eas novos pedidos de compra, totalizando 300.000 potes. Agora, eles planejam lan\u00e7ar uma nova linha de produtos com potes e garrafas de vidro personalizados para mel.<\/p>\n<h2>Sugest\u00f5es para personalizar potes de vidro para mel<\/h2>\n<ul>\n<li><strong>Material da tampa:<\/strong> Em vez de tampas de madeira comuns, opte por tampas de bambu ou de metal reciclado para o componente de tampas.<\/li>\n<li><strong>Colher de Mel:<\/strong> A colher de mel integrada ao frasco de vidro pode ter seu comprimento ou tipo de madeira personalizados.<\/li>\n<li><strong>Cor do vidro:<\/strong> Embora a maioria dos consumidores prefira recipientes de vidro transparente, \u00e0s vezes optam por recipientes de vidro coloridos, como \u00e2mbar ou verde, para um visual diferenciado e para prote\u00e7\u00e3o contra o sol.<\/li>\n<li><strong>Grava\u00e7\u00e3o em vidro:<\/strong> Imprima o logotipo da sua empresa ou qualquer outro design que desejar em seu recipiente com superf\u00edcie fosca para um visual sofisticado.<\/li>\n<\/ul>\n<p>Deseja embalagens de mel no atacado de alta qualidade? Entre em contato conosco hoje mesmo para discutirmos suas necessidades e o pre\u00e7o de potes de mel a granel.<\/p>","protected":false},"excerpt":{"rendered":"<p>Elegantes potes de vidro hexagonais para mel, com tampas e colheres de madeira. Perfeitos para marcas de mel. Logotipo personalizado, amostras gr\u00e1tis e descontos para compras em grande quantidade dispon\u00edveis.<\/p>","protected":false},"featured_media":1857,"template":"","meta":{"postBodyCss":"","postBodyMargin":[],"postBodyPadding":[],"postBodyBackground":{"backgroundType":"classic","gradient":""}},"product_brand":[],"product_cat":[15,17,52],"product_tag":[],"class_list":{"0":"post-1853","1":"product","2":"type-product","3":"status-publish","4":"has-post-thumbnail","6":"product_cat-glass-containers","7":"product_cat-glass-jars","8":"product_cat-glass-honey-jars","10":"first","11":"instock","12":"shipping-taxable","13":"product-type-simple"},"jetpack_sharing_enabled":true,"_links":{"self":[{"href":"https:\/\/minghanggroup.com\/pt\/wp-json\/wp\/v2\/product\/1853","targetHints":{"allow":["GET"]}}],"collection":[{"href":"https:\/\/minghanggroup.com\/pt\/wp-json\/wp\/v2\/product"}],"about":[{"href":"https:\/\/minghanggroup.com\/pt\/wp-json\/wp\/v2\/types\/product"}],"wp:featuredmedia":[{"embeddable":true,"href":"https:\/\/minghanggroup.com\/pt\/wp-json\/wp\/v2\/media\/1857"}],"wp:attachment":[{"href":"https:\/\/minghanggroup.com\/pt\/wp-json\/wp\/v2\/media?parent=1853"}],"wp:term":[{"taxonomy":"product_brand","embeddable":true,"href":"https:\/\/minghanggroup.com\/pt\/wp-json\/wp\/v2\/product_brand?post=1853"},{"taxonomy":"product_cat","embeddable":true,"href":"https:\/\/minghanggroup.com\/pt\/wp-json\/wp\/v2\/product_cat?post=1853"},{"taxonomy":"product_tag","embeddable":true,"href":"https:\/\/minghanggroup.com\/pt\/wp-json\/wp\/v2\/product_tag?post=1853"}],"curies":[{"name":"wp","href":"https:\/\/api.w.org\/{rel}","templated":true}]}}