{"id":1842,"date":"2025-10-20T15:25:57","date_gmt":"2025-10-20T07:25:57","guid":{"rendered":"https:\/\/minghanggroup.com\/?post_type=product&#038;p=1842"},"modified":"2025-10-20T17:23:29","modified_gmt":"2025-10-20T09:23:29","slug":"wholesale-clear-glass-kitchen-olive-oil-spray-bottles","status":"publish","type":"product","link":"https:\/\/minghanggroup.com\/pt\/produto\/wholesale-clear-glass-kitchen-olive-oil-spray-bottles\/","title":{"rendered":"Frascos de vidro transparente para spray de azeite de cozinha, 200ml e 300ml, para venda por atacado."},"content":{"rendered":"<p>Esses frascos de spray para azeite s\u00e3o feitos de vidro transparente e possuem um bico moderno que combina estilo e praticidade, permitindo ao usu\u00e1rio utilizar o azeite na cozinha com facilidade.<\/p>\n<h2>Caracter\u00edsticas do produto<\/h2>\n<ul>\n<li><strong>Pulveriza\u00e7\u00e3o fina:<\/strong> Basta borrifar, sem despejar. Use at\u00e9 60% menos \u00f3leo, sendo perfeitas para uma culin\u00e1ria saud\u00e1vel.<\/li>\n<li><strong>Vidro de longa dura\u00e7\u00e3o:<\/strong> O uso de vidro transparente permite que o produto seja inodoro, mantendo assim o \u00f3leo fresco.<\/li>\n<li><strong>Ergon\u00f4mico e f\u00e1cil de usar:<\/strong> O design inteligente do dispositivo permite pulverizar \u00f3leo sem esfor\u00e7o com apenas uma m\u00e3o.<\/li>\n<\/ul>\n<h2>Especifica\u00e7\u00f5es principais<\/h2>\n<table style=\"border-collapse: collapse; margin-left: auto; margin-right: auto; width: 426.02pt;\" border=\"0\" width=\"568\" cellspacing=\"0\" cellpadding=\"0\">\n<tbody>\n<tr style=\"height: 13.50pt;\">\n<td style=\"height: 13.50pt; width: 103.50pt;\" width=\"138\" height=\"18\">Recurso<\/td>\n<td style=\"width: 322.50pt;\" width=\"430\">Especifica\u00e7\u00e3o<\/td>\n<\/tr>\n<tr style=\"height: 13.50pt;\">\n<td style=\"height: 13.50pt;\" height=\"18\">Dimens\u00f5es<\/td>\n<td>6,0\u00d720,5cm (200ml), 6,0\u00d722,5cm (300ml)<\/td>\n<\/tr>\n<tr style=\"height: 13.50pt;\">\n<td style=\"height: 13.50pt;\" height=\"18\">Material<\/td>\n<td>Corpo em vidro transparente, bomba em PP + metal<\/td>\n<\/tr>\n<tr style=\"height: 13.50pt;\">\n<td style=\"height: 13.50pt;\" height=\"18\">Cor da Bomba<\/td>\n<td>Gatilho preto ou branco<\/td>\n<\/tr>\n<tr style=\"height: 13.50pt;\">\n<td style=\"height: 13.50pt;\" height=\"18\">Tipo de bomba<\/td>\n<td>Spray de n\u00e9voa fina, sem aerossol, ajust\u00e1vel<\/td>\n<\/tr>\n<tr style=\"height: 13.50pt;\">\n<td style=\"height: 13.50pt;\" height=\"18\">Ideal para<\/td>\n<td>Azeites, vinagre, \u00f3leo<\/td>\n<\/tr>\n<tr style=\"height: 13.50pt;\">\n<td style=\"height: 13.50pt;\" height=\"18\">Uso ideal<\/td>\n<td>Frasco spray para azeite, frasco spray para \u00f3leo<\/td>\n<\/tr>\n<\/tbody>\n<\/table>\n<h2>Hist\u00f3ria de sucesso: da startup \u00e0 prateleira do supermercado<\/h2>\n<p>A empresa rec\u00e9m-criada, dedicada \u00e0 produ\u00e7\u00e3o de kits de azeite artesanais para presente, precisava de um borrifador de azeite que impressionasse os compradores. Inicialmente, fizeram um pedido experimental de 2.000 unidades de 300 ml. O produto foi um sucesso absoluto. Um revendedor afirmou que a empresa registrou um aumento de 35% no giro de estoque e 74% mais compras repetidas. Com isso, a empresa conseguiu realizar mais tr\u00eas pedidos, totalizando mais de 300.000 unidades em um ano. O borrifador de azeite n\u00e3o s\u00f3 serviu como embalagem, mas tamb\u00e9m foi a ferramenta decisiva para o crescimento anual de 300% da startup.<\/p>\n<h2>Recomenda\u00e7\u00f5es de personaliza\u00e7\u00e3o da marca<\/h2>\n<ul>\n<li><strong>Pel\u00edcula para vidros:<\/strong> Utilize o vidro \u00e2mbar ou verde para oferecer prote\u00e7\u00e3o extra contra os raios UV aos \u00f3leos sens\u00edveis \u00e0 luz.<\/li>\n<li><strong>Rotulagem ACL:<\/strong> Este m\u00e9todo de etiquetagem torna a etiqueta mais brilhante e resistente a riscos, uma vez que \u00e9 feito atrav\u00e9s da aplica\u00e7\u00e3o do produto diretamente no vidro.<\/li>\n<li><strong>Pulverizador personalizado:<\/strong> Podemos fornecer pulverizadores com diferentes padr\u00f5es de pulveriza\u00e7\u00e3o (jato ou n\u00e9voa), dependendo das necessidades do seu produto.<\/li>\n<li><strong>Volume personalizado:<\/strong> Precisa de 250 ml? Podemos ajustar o volume de acordo com as suas necessidades espec\u00edficas de envase.<\/li>\n<\/ul>\n<p>Gostaria de comprar nossos frascos de spray para \u00f3leo de cozinha mais vendidos? Entre em contato conosco para pre\u00e7os de atacado e vendas diretas da f\u00e1brica. Deixe-nos produzir a embalagem de vidro ideal para sua marca.<\/p>","protected":false},"excerpt":{"rendered":"<p>Frasco de azeite em vidro transparente, elegante e resistente, com bico de encaixe. Perfeito para cozinhar e para o uso di\u00e1rio. Amostras gr\u00e1tis.<\/p>","protected":false},"featured_media":1847,"template":"","meta":{"postBodyCss":"","postBodyMargin":[],"postBodyPadding":[],"postBodyBackground":{"backgroundType":"classic","gradient":""}},"product_brand":[],"product_cat":[15,16,18],"product_tag":[],"class_list":{"0":"post-1842","1":"product","2":"type-product","3":"status-publish","4":"has-post-thumbnail","6":"product_cat-glass-containers","7":"product_cat-glass-bottles","8":"product_cat-glass-oil-bottles","10":"first","11":"instock","12":"shipping-taxable","13":"product-type-simple"},"jetpack_sharing_enabled":true,"_links":{"self":[{"href":"https:\/\/minghanggroup.com\/pt\/wp-json\/wp\/v2\/product\/1842","targetHints":{"allow":["GET"]}}],"collection":[{"href":"https:\/\/minghanggroup.com\/pt\/wp-json\/wp\/v2\/product"}],"about":[{"href":"https:\/\/minghanggroup.com\/pt\/wp-json\/wp\/v2\/types\/product"}],"wp:featuredmedia":[{"embeddable":true,"href":"https:\/\/minghanggroup.com\/pt\/wp-json\/wp\/v2\/media\/1847"}],"wp:attachment":[{"href":"https:\/\/minghanggroup.com\/pt\/wp-json\/wp\/v2\/media?parent=1842"}],"wp:term":[{"taxonomy":"product_brand","embeddable":true,"href":"https:\/\/minghanggroup.com\/pt\/wp-json\/wp\/v2\/product_brand?post=1842"},{"taxonomy":"product_cat","embeddable":true,"href":"https:\/\/minghanggroup.com\/pt\/wp-json\/wp\/v2\/product_cat?post=1842"},{"taxonomy":"product_tag","embeddable":true,"href":"https:\/\/minghanggroup.com\/pt\/wp-json\/wp\/v2\/product_tag?post=1842"}],"curies":[{"name":"wp","href":"https:\/\/api.w.org\/{rel}","templated":true}]}}