{"id":1832,"date":"2025-10-20T11:29:00","date_gmt":"2025-10-20T03:29:00","guid":{"rendered":"https:\/\/minghanggroup.com\/?post_type=product&#038;p=1832"},"modified":"2025-10-20T17:26:18","modified_gmt":"2025-10-20T09:26:18","slug":"wholesale-brown-rectangular-olive-oil-glass-bottles","status":"publish","type":"product","link":"https:\/\/minghanggroup.com\/pt\/produto\/wholesale-brown-rectangular-olive-oil-glass-bottles\/","title":{"rendered":"Garrafas de vidro retangulares marrons para azeite de oliva, dispon\u00edveis para venda no atacado, nos tamanhos 250ml, 500ml e 750ml."},"content":{"rendered":"<p>Feitas de vidro \u00e2mbar, estas garrafas quadradas para azeite conservam o seu azeite fresco por mais tempo. Dispon\u00edveis em tr\u00eas tamanhos, s\u00e3o perfeitas para armazenar e exibir o seu azeite.<\/p>\n<h2>Caracter\u00edsticas do produto<\/h2>\n<ul>\n<li><strong>Controle de fluxo sem gotejamento:<\/strong> O bico, projetado especificamente para essa finalidade, ajuda a evitar gotejamento e, consequentemente, a manter a \u00e1rea de trabalho limpa.<\/li>\n<li><strong>Vidro marrom:<\/strong> O vidro \u00e2mbar \u00e9 altamente eficaz no bloqueio da luz, o que ajuda a reduzir a oxida\u00e7\u00e3o e a consequente deteriora\u00e7\u00e3o do \u00f3leo, preservando-o melhor.<\/li>\n<li><strong>Garrafa retangular:<\/strong> A garrafa retangular pode ser muito pr\u00e1tica e guardada na cozinha sem qualquer complica\u00e7\u00e3o, economizando assim o espa\u00e7o que antes era usado para armazenamento.<\/li>\n<\/ul>\n<h2>Especifica\u00e7\u00f5es principais<\/h2>\n<table style=\"border-collapse: collapse; margin-left: auto; margin-right: auto; width: 556.52pt;\" border=\"0\" width=\"742\" cellspacing=\"0\" cellpadding=\"0\">\n<tbody>\n<tr style=\"height: 13.50pt;\">\n<td style=\"height: 13.50pt; width: 103.50pt;\" width=\"138\" height=\"18\">Recurso<\/td>\n<td style=\"width: 453.00pt;\" width=\"604\">Especifica\u00e7\u00e3o<\/td>\n<\/tr>\n<tr style=\"height: 13.50pt;\">\n<td style=\"height: 13.50pt;\" height=\"18\">Capacidade<\/td>\n<td>250ml, 500ml, 750ml<\/td>\n<\/tr>\n<tr style=\"height: 13.50pt;\">\n<td style=\"height: 13.50pt;\" height=\"18\">Dimens\u00f5es<\/td>\n<td>4,7\u00d74,7\u00d721,0cm, 5,8\u00d75,8\u00d726,4cm, 6,5\u00d76,5\u00d730,2cm<\/td>\n<\/tr>\n<tr style=\"height: 13.50pt;\">\n<td style=\"height: 13.50pt;\" height=\"18\">tamanho do pesco\u00e7o<\/td>\n<td>Rosca padr\u00e3o de 19\u00d730mm<\/td>\n<\/tr>\n<tr style=\"height: 13.50pt;\">\n<td style=\"height: 13.50pt;\" height=\"18\">Material<\/td>\n<td>Tampa de vidro \u00e2mbar, PP ou metal<\/td>\n<\/tr>\n<tr style=\"height: 13.50pt;\">\n<td style=\"height: 13.50pt;\" height=\"18\">Forma<\/td>\n<td>Garrafa de vidro quadrada<\/td>\n<\/tr>\n<tr style=\"height: 13.50pt;\">\n<td style=\"height: 13.50pt;\" height=\"18\">Op\u00e7\u00f5es de tampa<\/td>\n<td>Tampa de rosca (Personaliz\u00e1vel)<\/td>\n<\/tr>\n<tr style=\"height: 13.50pt;\">\n<td style=\"height: 13.50pt;\" height=\"18\">Uso ideal<\/td>\n<td>Garrafa de azeite, garrafas de vidro para azeite, galheteiros, garrafa de \u00f3leo para cozinha<\/td>\n<\/tr>\n<\/tbody>\n<\/table>\n<p>&nbsp;<\/p>\n<h2>Caso de sucesso: Levando uma marca gourmet local ao pr\u00f3ximo n\u00edvel<\/h2>\n<p>O distribuidor de produtos aliment\u00edcios especiais na regi\u00e3o do Mediterr\u00e2neo buscava uma garrafa de vidro diferenciada para sua nova linha de azeites de oliva de origem \u00fanica. Inicialmente, fizeram um pequeno pedido de 5.000 unidades de nossa garrafa de vidro transparente de 500 ml. A rea\u00e7\u00e3o foi muito positiva, principalmente porque a principal vantagem da garrafa de vidro \u00e2mbar era que ela ajudava o azeite a conservar 30% de seu frescor. A porcentagem de clientes recorrentes aumentou de 32% para 70%. Em menos de seis meses, o distribuidor fez um grande pedido de mais 250.000 garrafas em tr\u00eas tamanhos e, atualmente, a garrafa de vidro \u00e9 o \u00fanico tipo de embalagem utilizado para todas as suas linhas de produtos premium.<\/p>\n<h2>Sugest\u00f5es de personaliza\u00e7\u00e3o<\/h2>\n<ul>\n<li><strong>Cor da tampa:\u200b\u200b<\/strong> Selecione uma cor dentre as op\u00e7\u00f5es dispon\u00edveis, como dourado, preto, prateado ou verde, para fixar suas tampas de rosca.<\/li>\n<li><strong>Logotipo em relevo:<\/strong> Exiba seu logotipo diretamente sobre o vidro para uma sensa\u00e7\u00e3o elegante e t\u00e1til.<\/li>\n<li><strong>Acabamento em vidro fosco:<\/strong> Utilize o tratamento de corros\u00e3o \u00e1cida em parte ou em toda a garrafa para obter um acabamento fosco de alta qualidade.<\/li>\n<li><strong>Etiquetagem ACL (Letras Coloridas Aplicadas):<\/strong> Este m\u00e9todo fixa a etiqueta diretamente no vidro, resultando em um design brilhante e duradouro.<\/li>\n<\/ul>","protected":false},"excerpt":{"rendered":"<p>Elegantes garrafas de vidro para azeite com tampa de rosca, dispon\u00edveis em tr\u00eas tamanhos. Perfeitas para cozinhas, restaurantes e compradores por atacado. Amostras gr\u00e1tis dispon\u00edveis.<\/p>","protected":false},"featured_media":1836,"template":"","meta":{"postBodyCss":"","postBodyMargin":[],"postBodyPadding":[],"postBodyBackground":{"backgroundType":"classic","gradient":""}},"product_brand":[],"product_cat":[15,16,18],"product_tag":[],"class_list":{"0":"post-1832","1":"product","2":"type-product","3":"status-publish","4":"has-post-thumbnail","6":"product_cat-glass-containers","7":"product_cat-glass-bottles","8":"product_cat-glass-oil-bottles","10":"first","11":"instock","12":"shipping-taxable","13":"product-type-simple"},"jetpack_sharing_enabled":true,"_links":{"self":[{"href":"https:\/\/minghanggroup.com\/pt\/wp-json\/wp\/v2\/product\/1832","targetHints":{"allow":["GET"]}}],"collection":[{"href":"https:\/\/minghanggroup.com\/pt\/wp-json\/wp\/v2\/product"}],"about":[{"href":"https:\/\/minghanggroup.com\/pt\/wp-json\/wp\/v2\/types\/product"}],"wp:featuredmedia":[{"embeddable":true,"href":"https:\/\/minghanggroup.com\/pt\/wp-json\/wp\/v2\/media\/1836"}],"wp:attachment":[{"href":"https:\/\/minghanggroup.com\/pt\/wp-json\/wp\/v2\/media?parent=1832"}],"wp:term":[{"taxonomy":"product_brand","embeddable":true,"href":"https:\/\/minghanggroup.com\/pt\/wp-json\/wp\/v2\/product_brand?post=1832"},{"taxonomy":"product_cat","embeddable":true,"href":"https:\/\/minghanggroup.com\/pt\/wp-json\/wp\/v2\/product_cat?post=1832"},{"taxonomy":"product_tag","embeddable":true,"href":"https:\/\/minghanggroup.com\/pt\/wp-json\/wp\/v2\/product_tag?post=1832"}],"curies":[{"name":"wp","href":"https:\/\/api.w.org\/{rel}","templated":true}]}}