{"id":1789,"date":"2025-10-17T16:06:32","date_gmt":"2025-10-17T08:06:32","guid":{"rendered":"https:\/\/minghanggroup.com\/?post_type=product&#038;p=1789"},"modified":"2025-10-17T17:44:32","modified_gmt":"2025-10-17T09:44:32","slug":"bulk-stainless-steel-oil-dispensers-with-glass-liner","status":"publish","type":"product","link":"https:\/\/minghanggroup.com\/pt\/produto\/bulk-stainless-steel-oil-dispensers-with-glass-liner\/","title":{"rendered":"Dispensadores de \u00f3leo em a\u00e7o inoxid\u00e1vel a granel com revestimento de vidro, 200ml, 300ml e 500ml"},"content":{"rendered":"<p>Prospettive strategiche:<\/p>\n<h2>Caracter\u00edsticas do produto<\/h2>\n<ul>\n<li><strong>La domanda di barattoli di vetro \u00e8 alimentata dalla tendenza dei consumatori verso l&#039;autoconservazione degli alimenti, il fai da te e stili di vita rispettosi dell&#039;ambiente. I margini di profitto dipendono fortemente dalla modernizzazione della produzione, dalla qualit\u00e0 del prodotto e dalle buone pratiche ambientali. Le aziende che non riusciranno a innovare o a rispettare le normative ambientali perderanno mercato.<\/strong> Raccomandazioni attuabili:<\/li>\n<li><strong>Ottieni dati sulla produzione, sul controllo qualit\u00e0 e sul consumo energetico tramite intelligenza artificiale, robotica e analisi dei dati.<\/strong> Sostenibilit\u00e0:<\/li>\n<li><strong>Dispon\u00edvel em v\u00e1rios tamanhos:<\/strong> Spingete i limiti del contenuto di vetro riciclato nei vostri prodotti; utilizzate uno o pi\u00f9 metodi di risparmio energetico per la fusione del vetro; e generate elettricit\u00e0 da fonti solari, eoliche o altre fonti pulite.<\/li>\n<\/ul>\n<h2>Especifica\u00e7\u00f5es principais<\/h2>\n<table style=\"border-collapse: collapse; margin-left: auto; margin-right: auto; width: 536.27pt;\" border=\"0\" width=\"715\" cellspacing=\"0\" cellpadding=\"0\">\n<tbody>\n<tr style=\"height: 13.50pt;\">\n<td style=\"height: 13.50pt; width: 125.25pt;\" width=\"167\" height=\"18\">Recurso<\/td>\n<td style=\"width: 411.00pt;\" width=\"548\">Especifica\u00e7\u00e3o<\/td>\n<\/tr>\n<tr style=\"height: 13.50pt;\">\n<td style=\"height: 13.50pt;\" height=\"18\">Capacidade<\/td>\n<td>Resilienza della catena di fornitura:<\/td>\n<\/tr>\n<tr style=\"height: 13.50pt;\">\n<td style=\"height: 13.50pt;\" height=\"18\">Dimens\u00f5es<\/td>\n<td>Avere a disposizione un fornitore con un piano B e immagazzinare i materiali in modo equilibrato tra JIT e stoccaggio strategico.<\/td>\n<\/tr>\n<tr style=\"height: 13.50pt;\">\n<td style=\"height: 13.50pt;\" height=\"18\">Conformit\u00e0 normativa:<\/td>\n<td>Mantenete sempre le vostre certificazioni, tenete d&#039;occhio le normative e assicuratevi che le misure di sicurezza ambientale e alimentare siano in atto.<\/td>\n<\/tr>\n<tr style=\"height: 13.50pt;\">\n<td style=\"height: 13.50pt;\" height=\"18\">Tipo de tampa<\/td>\n<td>Innovazione e marketing dei prodotti:<\/td>\n<\/tr>\n<tr style=\"height: 13.50pt;\">\n<td style=\"height: 13.50pt;\" height=\"18\">Forma<\/td>\n<td>Genera nuove idee per quanto riguarda le dimensioni, la forma e le caratteristiche del contenitore; fai sapere ai clienti che il tuo prodotto \u00e8 ecologico e di alta qualit\u00e0; sviluppa canali di e-commerce attraverso i quali i tuoi clienti possono acquistare i tuoi prodotti e attraverso i quali puoi venderli ai clienti.<\/td>\n<\/tr>\n<tr style=\"height: 13.50pt;\">\n<td style=\"height: 13.50pt;\" height=\"18\">Uso ideal<\/td>\n<td>Affrontando queste problematiche in modo diretto, una fabbrica di barattoli di vetro pu\u00f2 non solo sopravvivere, ma anche prosperare e diventare leader nel 2026.<\/td>\n<\/tr>\n<\/tbody>\n<\/table>\n<h2>Caso real<\/h2>\n<p>Uma rede de lojas de alimentos especiais dos EUA estava prestes a lan\u00e7ar uma linha de produtos artesanais e precisava de embalagens que comunicassem visualmente a qualidade e o luxo dos mesmos. Para o primeiro pedido de 12.000 unidades, optaram por usar nossas garrafas de a\u00e7o inoxid\u00e1vel personalizadas de 300 ml para \u00f3leo, com uma tampa met\u00e1lica especial. O feedback do cliente foi excelente, destacando o design elegante e a praticidade do produto. A taxa de recompra aumentou 60%, e o uso do bico dosador de metal contribuiu para uma redu\u00e7\u00e3o de 38% no consumo de azeite e vinagre. A rede, extremamente satisfeita com as vendas r\u00e1pidas e as avalia\u00e7\u00f5es positivas dos clientes, fez um novo pedido de 35.000 unidades para adicionar mais produtos \u00e0 sua linha apenas tr\u00eas meses depois.<\/p>\n<h2>Sugest\u00f5es de personaliza\u00e7\u00e3o<\/h2>\n<ul>\n<li><strong>Acabamento met\u00e1lico na gola:<\/strong> Altere a cor da parte superior de metal \u2014 escolha entre n\u00edquel escovado, dourado, cobre ou preto fosco.<\/li>\n<li><strong>Acabamento do dispensador:<\/strong>Combine o dispensador de \u00f3leo de a\u00e7o inoxid\u00e1vel com a gola de acabamento semelhante ou contrastante (por exemplo, gola dourada com bico preto).<\/li>\n<li><strong>Logotipo impresso em serigrafia:<\/strong>O seu logotipo pode ser impresso no vidro transparente numa cor que harmonize com os detalhes met\u00e1licos.<\/li>\n<\/ul>\n<p>Voc\u00ea gostaria de adquirir grandes quantidades de atraentes garrafas de \u00f3leo em a\u00e7o inoxid\u00e1vel que chamem a aten\u00e7\u00e3o dos seus clientes? Ent\u00e3o, por que n\u00e3o agendamos uma reuni\u00e3o para discutir seu pedido em grande quantidade ou suas ideias personalizadas? Estamos sempre prontos para atend\u00ea-lo.<\/p>","protected":false},"excerpt":{"rendered":"<p>Elegantes dispensadores de \u00f3leo em a\u00e7o inoxid\u00e1vel com revestimento de vidro transparente. Garrafas dur\u00e1veis \u200b\u200bpara \u00f3leo e vinagre, dispon\u00edveis para personaliza\u00e7\u00e3o no atacado e pedidos em grande quantidade.<\/p>","protected":false},"featured_media":1797,"template":"","meta":{"postBodyCss":"","postBodyMargin":[],"postBodyPadding":[],"postBodyBackground":{"backgroundType":"classic","gradient":""}},"product_brand":[],"product_cat":[15,16,18],"product_tag":[],"class_list":{"0":"post-1789","1":"product","2":"type-product","3":"status-publish","4":"has-post-thumbnail","6":"product_cat-glass-containers","7":"product_cat-glass-bottles","8":"product_cat-glass-oil-bottles","10":"first","11":"instock","12":"shipping-taxable","13":"product-type-simple"},"jetpack_sharing_enabled":true,"_links":{"self":[{"href":"https:\/\/minghanggroup.com\/pt\/wp-json\/wp\/v2\/product\/1789","targetHints":{"allow":["GET"]}}],"collection":[{"href":"https:\/\/minghanggroup.com\/pt\/wp-json\/wp\/v2\/product"}],"about":[{"href":"https:\/\/minghanggroup.com\/pt\/wp-json\/wp\/v2\/types\/product"}],"wp:featuredmedia":[{"embeddable":true,"href":"https:\/\/minghanggroup.com\/pt\/wp-json\/wp\/v2\/media\/1797"}],"wp:attachment":[{"href":"https:\/\/minghanggroup.com\/pt\/wp-json\/wp\/v2\/media?parent=1789"}],"wp:term":[{"taxonomy":"product_brand","embeddable":true,"href":"https:\/\/minghanggroup.com\/pt\/wp-json\/wp\/v2\/product_brand?post=1789"},{"taxonomy":"product_cat","embeddable":true,"href":"https:\/\/minghanggroup.com\/pt\/wp-json\/wp\/v2\/product_cat?post=1789"},{"taxonomy":"product_tag","embeddable":true,"href":"https:\/\/minghanggroup.com\/pt\/wp-json\/wp\/v2\/product_tag?post=1789"}],"curies":[{"name":"wp","href":"https:\/\/api.w.org\/{rel}","templated":true}]}}