{"id":1777,"date":"2025-10-17T16:58:23","date_gmt":"2025-10-17T08:58:23","guid":{"rendered":"https:\/\/minghanggroup.com\/?post_type=product&#038;p=1777"},"modified":"2026-01-20T13:47:11","modified_gmt":"2026-01-20T05:47:11","slug":"custom-glass-milk-storage-bottles-with-scew-lids-bulk","status":"publish","type":"product","link":"https:\/\/minghanggroup.com\/pt\/produto\/custom-glass-milk-storage-bottles-with-scew-lids-bulk\/","title":{"rendered":"Garrafas de vidro de 310ml para armazenamento de leite com tampas de rosca."},"content":{"rendered":"<p>Sua linha de latic\u00ednios precisa de garrafas que trabalhem tanto quanto voc\u00ea. Fabricamos garrafas de vidro para leite no atacado com op\u00e7\u00f5es de gargalo duplo \u2014 perfeitas para qualquer processo de envase. Essas garrafas de vidro para armazenamento de leite combinam o charme da fazenda com a efici\u00eancia industrial, transformando seu leite em um sucesso absoluto nas prateleiras.<\/p>\n<h2>Caracter\u00edsticas do produto<\/h2>\n<ol>\n<li><strong>G\u00eanio de dois bra\u00e7os:<\/strong>Rosca completa para veda\u00e7\u00e3o herm\u00e9tica, rosca quebrada para facilitar a abertura \u2014 suas garrafas de vidro para leite no atacado resolvem os verdadeiros problemas de envase.<\/li>\n<li><strong>Visibilidade de produtos frescos da fazenda:<\/strong>O vidro cristalino real\u00e7a o brilho natural do leite \u2014 os clientes conseguem ver a frescura antes mesmo de servir.<\/li>\n<li><strong>Encaixe perfeito da tampa da garrafa:<\/strong>As tampas de garrafa padr\u00e3o vedam hermeticamente \u2014 sem vazamentos, sem derramamentos, apenas a perfei\u00e7\u00e3o do leite puro.<\/li>\n<\/ol>\n<h2>Especifica\u00e7\u00f5es principais<\/h2>\n<table style=\"border-collapse: collapse; width: 80%; margin-left: auto; margin-right: auto;\" border=\"0\" width=\"288\" cellspacing=\"0\" cellpadding=\"0\">\n<tbody>\n<tr style=\"height: 13.50pt;\">\n<td style=\"height: 13.5pt; width: 54pt; text-align: center;\" width=\"72\" height=\"18\">Modelo<\/td>\n<td style=\"width: 54pt; text-align: center;\" width=\"72\">Capacidade<\/td>\n<td style=\"width: 54pt; text-align: center;\" width=\"72\">Dimens\u00f5es (cm)<\/td>\n<td style=\"width: 54pt; text-align: center;\" width=\"72\">Tipo de pesco\u00e7o<\/td>\n<\/tr>\n<tr style=\"height: 13.50pt;\">\n<td style=\"height: 13.5pt; text-align: center;\" align=\"right\" height=\"18\">64031010<\/td>\n<td class=\"et2\" style=\"text-align: center;\" rowspan=\"2\">310ml<\/td>\n<td style=\"text-align: center;\">6.1*6.1*15.2<\/td>\n<td style=\"text-align: center;\">T\u00f3pico quebrado<\/td>\n<\/tr>\n<tr style=\"height: 13.50pt;\">\n<td style=\"height: 13.5pt; text-align: center;\" align=\"right\" height=\"18\">64031011<\/td>\n<td style=\"text-align: center;\">6.1*6.1*15.4<\/td>\n<td style=\"text-align: center;\">T\u00f3pico completo<\/td>\n<\/tr>\n<\/tbody>\n<\/table>\n<p>Um produtor de leite org\u00e2nico nos Estados Unidos nos contatou para encomendar uma garrafa de leite personalizada, totalmente rosqueada, feita de vidro s\u00f3dio-c\u00e1lcico extra grosso e altamente transparente. O design do gargalo totalmente rosqueado permite que a tampa aperte uniformemente, proporcionando uma veda\u00e7\u00e3o segura e \u00e0 prova de vazamentos. A tampa de rosca de metal branco tamb\u00e9m destaca a pureza do leite org\u00e2nico.<br \/>\nNo primeiro trimestre ap\u00f3s o lan\u00e7amento do produto, as reclama\u00e7\u00f5es de vazamento diminu\u00edram 90% e as vendas aumentaram 40%.<\/p>\n<h2>Dicas de personaliza\u00e7\u00e3o<\/h2>\n<p>Fabricamos garrafas de vidro para leite personalizadas, no atacado, de acordo com o tipo de gargalo que voc\u00ea precisa. Precisa de uma amostra de 310 ml para sua nova linha de sucos? Envio r\u00e1pido e entrega precisa. Sua garrafa de vidro para armazenar leite n\u00e3o deve apenas guardar o leite, mas tamb\u00e9m impulsionar suas vendas.<\/p>","protected":false},"excerpt":{"rendered":"<p>Garrafa de vidro de 310ml para armazenamento de leite, com tampa de rosca para veda\u00e7\u00e3o segura e f\u00e1cil de servir. Ideal para marcas de latic\u00ednios, cafeterias e embalagens personalizadas.<\/p>","protected":false},"featured_media":1795,"template":"","meta":{"postBodyCss":"","postBodyMargin":[],"postBodyPadding":[],"postBodyBackground":{"backgroundType":"classic","gradient":""}},"product_brand":[],"product_cat":[15,16,46],"product_tag":[72,73],"class_list":{"0":"post-1777","1":"product","2":"type-product","3":"status-publish","4":"has-post-thumbnail","6":"product_cat-glass-containers","7":"product_cat-glass-bottles","8":"product_cat-glass-milk-bottles","9":"product_tag-juice-bottles","10":"product_tag-milk-bottles","12":"first","13":"instock","14":"shipping-taxable","15":"product-type-simple"},"jetpack_sharing_enabled":true,"_links":{"self":[{"href":"https:\/\/minghanggroup.com\/pt\/wp-json\/wp\/v2\/product\/1777","targetHints":{"allow":["GET"]}}],"collection":[{"href":"https:\/\/minghanggroup.com\/pt\/wp-json\/wp\/v2\/product"}],"about":[{"href":"https:\/\/minghanggroup.com\/pt\/wp-json\/wp\/v2\/types\/product"}],"wp:featuredmedia":[{"embeddable":true,"href":"https:\/\/minghanggroup.com\/pt\/wp-json\/wp\/v2\/media\/1795"}],"wp:attachment":[{"href":"https:\/\/minghanggroup.com\/pt\/wp-json\/wp\/v2\/media?parent=1777"}],"wp:term":[{"taxonomy":"product_brand","embeddable":true,"href":"https:\/\/minghanggroup.com\/pt\/wp-json\/wp\/v2\/product_brand?post=1777"},{"taxonomy":"product_cat","embeddable":true,"href":"https:\/\/minghanggroup.com\/pt\/wp-json\/wp\/v2\/product_cat?post=1777"},{"taxonomy":"product_tag","embeddable":true,"href":"https:\/\/minghanggroup.com\/pt\/wp-json\/wp\/v2\/product_tag?post=1777"}],"curies":[{"name":"wp","href":"https:\/\/api.w.org\/{rel}","templated":true}]}}