{"id":1759,"date":"2025-10-17T14:47:34","date_gmt":"2025-10-17T06:47:34","guid":{"rendered":"https:\/\/minghanggroup.com\/?post_type=product&#038;p=1759"},"modified":"2025-10-17T17:11:25","modified_gmt":"2025-10-17T09:11:25","slug":"bulk-glass-oil-olive-dispenser-bottles-with-marked-marks","status":"publish","type":"product","link":"https:\/\/minghanggroup.com\/pt\/produto\/bulk-glass-oil-olive-dispenser-bottles-with-marked-marks\/","title":{"rendered":"Garrafas de vidro para azeite a granel com marca\u00e7\u00f5es de n\u00edvel, 270ml, 300ml e 450ml"},"content":{"rendered":"<p>Estas garrafas dispensadoras de azeite s\u00e3o muito elegantes \u2014 s\u00e3o de vidro transparente com marca\u00e7\u00f5es de medidas precisas, possuem bicos dosadores com decora\u00e7\u00e3o met\u00e1lica refinada e est\u00e3o dispon\u00edveis em v\u00e1rios tamanhos.<\/p>\n<h2>Caracter\u00edsticas do produto<\/h2>\n<ul>\n<li><strong>Vidro transparente:<\/strong> O uso de vidro transparente permite visualizar o \u00f3leo do lado de fora do recipiente, o que tamb\u00e9m significa que seu reabastecimento \u00e9 muito f\u00e1cil.<\/li>\n<li><strong>Graduado(a):<\/strong> Na garrafa, h\u00e1 uma escala graduada para medir o \u00f3leo com precis\u00e3o, o que permite atender a diferentes necessidades culin\u00e1rias.<\/li>\n<li><strong>Diferentes m\u00e9todos de despejo:<\/strong> A garrafa est\u00e1 equipada com diferentes mecanismos de despejo pr\u00e1ticos para se adequar a diferentes h\u00e1bitos culin\u00e1rios.<\/li>\n<li><strong>Dispon\u00edvel em v\u00e1rios tamanhos:<\/strong> Produzido em v\u00e1rios tamanhos, voc\u00ea pode escolher o dispensador de \u00f3leo mais adequado para o seu cen\u00e1rio culin\u00e1rio e consumo.<\/li>\n<\/ul>\n<h2>Especifica\u00e7\u00f5es principais<\/h2>\n<table style=\"border-collapse: collapse; margin-left: auto; margin-right: auto; width: 516.02pt;\" border=\"0\" width=\"688\" cellspacing=\"0\" cellpadding=\"0\">\n<tbody>\n<tr style=\"height: 13.50pt;\">\n<td style=\"height: 13.50pt; width: 136.50pt;\" width=\"182\" height=\"18\">Item de especifica\u00e7\u00e3o<\/td>\n<td style=\"width: 379.50pt;\" width=\"506\">Par\u00e2metros Espec\u00edficos<\/td>\n<\/tr>\n<tr style=\"height: 13.50pt;\">\n<td style=\"height: 13.50pt;\" height=\"18\">Capacidade<\/td>\n<td>270ml, 300ml, 450ml<\/td>\n<\/tr>\n<tr style=\"height: 13.50pt;\">\n<td style=\"height: 13.50pt;\" height=\"18\">Dimens\u00f5es<\/td>\n<td>6 x 15,6 cm, 6,7 x 14,5 cm, 6,5 x 19,8 cm<\/td>\n<\/tr>\n<tr style=\"height: 13.50pt;\">\n<td style=\"height: 13.50pt;\" height=\"18\">Material<\/td>\n<td>Copo transparente, bico de metal<\/td>\n<\/tr>\n<tr style=\"height: 13.50pt;\">\n<td style=\"height: 13.50pt;\" height=\"18\">Forma<\/td>\n<td>Garrafa cil\u00edndrica de vidro<\/td>\n<\/tr>\n<tr style=\"height: 13.50pt;\">\n<td style=\"height: 13.50pt;\" height=\"18\">Op\u00e7\u00f5es de tampa<\/td>\n<td>Bico de metal prateado, tampa de pl\u00e1stico preta<\/td>\n<\/tr>\n<tr style=\"height: 13.50pt;\">\n<td style=\"height: 13.50pt;\" height=\"18\">Usos ideais<\/td>\n<td>Dispensador de azeite, garrafa de vidro para azeite, garrafa de \u00f3leo de cozinha<\/td>\n<\/tr>\n<\/tbody>\n<\/table>\n<h2>Caso de sucesso: a vit\u00f3ria de uma cadeia de suprimentos para restaurantes<\/h2>\n<p>Fomos contatados por uma startup de alimentos gourmet em r\u00e1pido crescimento com um pedido de uma solu\u00e7\u00e3o exclusiva de embalagem de vidro. No in\u00edcio de 2024, eles optaram por nossos dispensadores de azeite \u2014 de 300 ml com marca\u00e7\u00f5es graduadas e bico dosador de metal prateado \u2014 em seu primeiro pedido de 1.200 unidades. Os efeitos s\u00e3o bastante evidentes. Para come\u00e7ar, os dispensadores anti-gotejamento reduziram em 40% o tempo gasto pela equipe da cozinha com a limpeza. Em segundo lugar, as marca\u00e7\u00f5es graduadas levaram a uma redu\u00e7\u00e3o de 25% no desperd\u00edcio de \u00f3leo. A campanha bem-sucedida resultou em um novo pedido de 280.000 unidades seis meses depois.<\/p>\n<h2>Ideias de personaliza\u00e7\u00e3o<\/h2>\n<ul>\n<li><strong>Acabamento do bico:\u200b\u200b<\/strong> Personalize o dispensador de azeite de metal alterando o acabamento para prata, ouro ou preto, para harmonizar com a identidade visual da sua marca.<\/li>\n<li><strong>Cor da tampa:\u200b\u200b<\/strong> A cor da tampa de rosca de pl\u00e1stico pode ser alterada para as cores da sua marca, para uma apar\u00eancia coordenada.<\/li>\n<li><strong>Marca\u00e7\u00f5es de escala personalizadas:<\/strong> N\u00e3o se limite apenas \u00e0s marca\u00e7\u00f5es padr\u00e3o. Inclua suas pr\u00f3prias unidades de volume ou at\u00e9 mesmo um logotipo personalizado integrado ao design da escala.<\/li>\n<li><strong>Formato de garrafa personalizado:<\/strong> Como fabricantes originais, podemos criar um molde personalizado para uma garrafa de vidro com formato exclusivo, caso seja feito um pedido de atacado em grande quantidade.<\/li>\n<\/ul>\n<p>Que tal elevar a qualidade das suas embalagens? Entre em contato conosco hoje mesmo para discutirmos suas necessidades de envase.<\/p>","protected":false},"excerpt":{"rendered":"<p>Dispensador de azeite em vidro transparente com marca\u00e7\u00f5es e bico de metal. Elegante e dur\u00e1vel, tamanhos personalizados dispon\u00edveis para encomendas por atacado, com entrega r\u00e1pida.<\/p>","protected":false},"featured_media":1771,"template":"","meta":{"postBodyCss":"","postBodyMargin":[],"postBodyPadding":[],"postBodyBackground":{"backgroundType":"classic","gradient":""}},"product_brand":[],"product_cat":[15,16,18],"product_tag":[],"class_list":{"0":"post-1759","1":"product","2":"type-product","3":"status-publish","4":"has-post-thumbnail","6":"product_cat-glass-containers","7":"product_cat-glass-bottles","8":"product_cat-glass-oil-bottles","10":"first","11":"instock","12":"shipping-taxable","13":"product-type-simple"},"jetpack_sharing_enabled":true,"_links":{"self":[{"href":"https:\/\/minghanggroup.com\/pt\/wp-json\/wp\/v2\/product\/1759","targetHints":{"allow":["GET"]}}],"collection":[{"href":"https:\/\/minghanggroup.com\/pt\/wp-json\/wp\/v2\/product"}],"about":[{"href":"https:\/\/minghanggroup.com\/pt\/wp-json\/wp\/v2\/types\/product"}],"wp:featuredmedia":[{"embeddable":true,"href":"https:\/\/minghanggroup.com\/pt\/wp-json\/wp\/v2\/media\/1771"}],"wp:attachment":[{"href":"https:\/\/minghanggroup.com\/pt\/wp-json\/wp\/v2\/media?parent=1759"}],"wp:term":[{"taxonomy":"product_brand","embeddable":true,"href":"https:\/\/minghanggroup.com\/pt\/wp-json\/wp\/v2\/product_brand?post=1759"},{"taxonomy":"product_cat","embeddable":true,"href":"https:\/\/minghanggroup.com\/pt\/wp-json\/wp\/v2\/product_cat?post=1759"},{"taxonomy":"product_tag","embeddable":true,"href":"https:\/\/minghanggroup.com\/pt\/wp-json\/wp\/v2\/product_tag?post=1759"}],"curies":[{"name":"wp","href":"https:\/\/api.w.org\/{rel}","templated":true}]}}