{"id":1745,"date":"2025-10-17T15:45:04","date_gmt":"2025-10-17T07:45:04","guid":{"rendered":"https:\/\/minghanggroup.com\/?post_type=product&#038;p=1745"},"modified":"2026-01-20T13:47:26","modified_gmt":"2026-01-20T05:47:26","slug":"custom-clear-glass-milk-bottle-with-plastic-lids-wholesale","status":"publish","type":"product","link":"https:\/\/minghanggroup.com\/pt\/produto\/custom-clear-glass-milk-bottle-with-plastic-lids-wholesale\/","title":{"rendered":"Garrafa de vidro transparente de 200 a 1000 ml com tampa de pl\u00e1stico para sucos e outras bebidas."},"content":{"rendered":"<p>Sua linha de latic\u00ednios merece garrafas que os clientes realmente guardem, e n\u00e3o joguem fora. Criamos garrafas de vidro para leite que fazem o leite parecer mais fresco e transmitir uma sensa\u00e7\u00e3o mais sofisticada \u2014 perfeitas para leite, suco ou smoothies. Essas garrafas de vidro para leite combinam o charme vintage com a reutiliza\u00e7\u00e3o moderna, transformando cada dose em um momento de frescor da fazenda.<\/p>\n<h2>Caracter\u00edsticas do produto<\/h2>\n<ol>\n<li><strong>Lacre de seguran\u00e7a crimpado:<\/strong>O gargalo de crimpagem encaixa perfeitamente nas tampas de garrafa. Rosqueie, sirva e durma tranquilo.<\/li>\n<li><strong>Visibilidade de produtos frescos da fazenda:<\/strong>O vidro cristalino real\u00e7a o tom dourado do seu leite \u2014 os clientes percebem a qualidade.<\/li>\n<li><strong>Versatilidade para m\u00faltiplos usos:<\/strong>De leite a smoothies e projetos de fa\u00e7a voc\u00ea mesmo, sua garrafa de leite de vidro se torna um item indispens\u00e1vel em toda a casa.<\/li>\n<\/ol>\n<h2>Especifica\u00e7\u00f5es principais<\/h2>\n<table style=\"border-collapse: collapse; width: 80%; margin-left: auto; margin-right: auto;\" border=\"0\" width=\"288\" cellspacing=\"0\" cellpadding=\"0\">\n<tbody>\n<tr style=\"height: 13.50pt;\">\n<td style=\"height: 13.5pt; width: 54pt; text-align: center;\" width=\"72\" height=\"18\">Modelo<\/td>\n<td style=\"width: 54pt; text-align: center;\" width=\"72\">Capacidade (ml)<\/td>\n<td style=\"width: 54pt; text-align: center;\" width=\"72\">Dimens\u00f5es (cm)<\/td>\n<td style=\"width: 54pt; text-align: center;\" width=\"72\">Tipo de pesco\u00e7o<\/td>\n<\/tr>\n<tr style=\"height: 13.50pt;\">\n<td style=\"height: 13.5pt; text-align: center;\" align=\"right\" height=\"18\">64020006<\/td>\n<td style=\"text-align: center;\" align=\"right\">200<\/td>\n<td style=\"text-align: center;\">6 x 12<\/td>\n<td class=\"et2\" style=\"text-align: center;\" rowspan=\"4\">Pesco\u00e7o ondulado<\/td>\n<\/tr>\n<tr style=\"height: 13.50pt;\">\n<td style=\"height: 13.5pt; text-align: center;\" align=\"right\" height=\"18\">62025007<\/td>\n<td style=\"text-align: center;\" align=\"right\">250<\/td>\n<td style=\"text-align: center;\">5,9 x 14,05<\/td>\n<\/tr>\n<tr style=\"height: 13.50pt;\">\n<td style=\"height: 13.5pt; text-align: center;\" align=\"right\" height=\"18\">62050008<\/td>\n<td style=\"text-align: center;\" align=\"right\">500<\/td>\n<td style=\"text-align: center;\">7,2 x 20,8<\/td>\n<\/tr>\n<tr style=\"height: 13.50pt;\">\n<td style=\"height: 13.5pt; text-align: center;\" align=\"right\" height=\"18\">64100009<\/td>\n<td style=\"text-align: center;\" align=\"right\">1000<\/td>\n<td style=\"text-align: center;\">8,5 x 25,7<\/td>\n<\/tr>\n<\/tbody>\n<\/table>\n<h2>Caso de sucesso<\/h2>\n<p>Fomos contatados por uma empresa de latic\u00ednios australiana para produzir garrafas de leite de vidro personalizadas. O design elegante e minimalista das garrafas de vidro transparente \u00e9 perfeito para rotulagem e branding. O vidro pesado confere \u00e0s garrafas um toque de qualidade e firmeza, enquanto a transpar\u00eancia permite que os clientes vejam imediatamente o frescor do leite. Uma tampa de rosca met\u00e1lica prateada e uma veda\u00e7\u00e3o de silicone garantem que o leite n\u00e3o vaze durante o transporte e permane\u00e7a fresco por mais tempo.<\/p>\n<p>As vendas aumentaram 45% em um trimestre, e a empresa continua colaborando conosco.<\/p>\n<h2>Dicas de personaliza\u00e7\u00e3o<\/h2>\n<p>Podemos personalizar garrafas de vidro para leite com seu logotipo, a hist\u00f3ria da sua marca ou suas cores. Independentemente da capacidade, podemos atender \u00e0s suas necessidades. Voc\u00ea tamb\u00e9m pode adquirir acess\u00f3rios como tampas para garrafas. Sua garrafa de vidro para leite n\u00e3o \u00e9 apenas uma embalagem, \u00e9 o segredo do seu sucesso.<\/p>","protected":false},"excerpt":{"rendered":"<p>Garrafas de vidro de alta qualidade para leite, dispon\u00edveis para venda por atacado. Nossas garrafas de vidro personalizadas oferecem transpar\u00eancia e frescor. Ideais para leite, sucos e bebidas de cafeteria. Entre em contato hoje mesmo para solicitar amostras gr\u00e1tis.<\/p>","protected":false},"featured_media":1775,"template":"","meta":{"postBodyCss":"","postBodyMargin":[],"postBodyPadding":[],"postBodyBackground":{"backgroundType":"classic","gradient":""}},"product_brand":[],"product_cat":[15,16,46],"product_tag":[72,73],"class_list":{"0":"post-1745","1":"product","2":"type-product","3":"status-publish","4":"has-post-thumbnail","6":"product_cat-glass-containers","7":"product_cat-glass-bottles","8":"product_cat-glass-milk-bottles","9":"product_tag-juice-bottles","10":"product_tag-milk-bottles","12":"first","13":"instock","14":"shipping-taxable","15":"product-type-simple"},"jetpack_sharing_enabled":true,"_links":{"self":[{"href":"https:\/\/minghanggroup.com\/pt\/wp-json\/wp\/v2\/product\/1745","targetHints":{"allow":["GET"]}}],"collection":[{"href":"https:\/\/minghanggroup.com\/pt\/wp-json\/wp\/v2\/product"}],"about":[{"href":"https:\/\/minghanggroup.com\/pt\/wp-json\/wp\/v2\/types\/product"}],"wp:featuredmedia":[{"embeddable":true,"href":"https:\/\/minghanggroup.com\/pt\/wp-json\/wp\/v2\/media\/1775"}],"wp:attachment":[{"href":"https:\/\/minghanggroup.com\/pt\/wp-json\/wp\/v2\/media?parent=1745"}],"wp:term":[{"taxonomy":"product_brand","embeddable":true,"href":"https:\/\/minghanggroup.com\/pt\/wp-json\/wp\/v2\/product_brand?post=1745"},{"taxonomy":"product_cat","embeddable":true,"href":"https:\/\/minghanggroup.com\/pt\/wp-json\/wp\/v2\/product_cat?post=1745"},{"taxonomy":"product_tag","embeddable":true,"href":"https:\/\/minghanggroup.com\/pt\/wp-json\/wp\/v2\/product_tag?post=1745"}],"curies":[{"name":"wp","href":"https:\/\/api.w.org\/{rel}","templated":true}]}}