{"id":1715,"date":"2025-10-17T14:08:39","date_gmt":"2025-10-17T06:08:39","guid":{"rendered":"https:\/\/minghanggroup.com\/?post_type=product&#038;p=1715"},"modified":"2026-01-20T13:47:35","modified_gmt":"2026-01-20T05:47:35","slug":"custom-glass-milk-bottles-with-metal-lids-for-packaging","status":"publish","type":"product","link":"https:\/\/minghanggroup.com\/pt\/produto\/custom-glass-milk-bottles-with-metal-lids-for-packaging\/","title":{"rendered":"Garrafas de vidro personalizadas para leite, com tampas de metal, de 200 a 1000 ml, para embalagens."},"content":{"rendered":"<p>Sua marca de latic\u00ednios merece garrafas que contem uma hist\u00f3ria, e n\u00e3o apenas que contenham leite. Criamos garrafas de vidro para leite que fazem com que cada dose pare\u00e7a fresca, do campo \u00e0 mesa. As garrafas de vidro para leite combinam o charme cl\u00e1ssico com a durabilidade moderna, perfeitas para leite, suco ou smoothies. Ofere\u00e7a produtos reutiliz\u00e1veis \u200b\u200bque seus clientes realmente queiram guardar.<\/p>\n<h2>Caracter\u00edsticas do produto<\/h2>\n<ol>\n<li><strong>Vidro espesso, sem quebras:<\/strong>Paredes resistentes suportam o uso di\u00e1rio \u2014 chega de garrafas quebradas arruinando sua marca.<\/li>\n<li><strong>Lacre de seguran\u00e7a:<\/strong>O gargalo estreito encaixa perfeitamente em tampas de garrafa padr\u00e3o. Rosqueie, sirva e esque\u00e7a os vazamentos.<\/li>\n<li><strong>Visibilidade de produtos frescos da fazenda:<\/strong>O vidro cristalino real\u00e7a a cor dourada do seu leite \u2014 os clientes percebem a qualidade.<\/li>\n<li><strong>Tamanho que vende:<\/strong>Desde amostras de 200ml at\u00e9 vendas por atacado de 1000ml, temos tudo o que voc\u00ea precisa para o seu projeto de latic\u00ednios.<\/li>\n<\/ol>\n<h2>Especifica\u00e7\u00f5es principais<\/h2>\n<table style=\"border-collapse: collapse; width: 80%; margin-left: auto; margin-right: auto;\" border=\"0\" width=\"288\" cellspacing=\"0\" cellpadding=\"0\">\n<tbody>\n<tr style=\"height: 13.50pt;\">\n<td style=\"height: 13.5pt; width: 54pt; text-align: center;\" width=\"72\" height=\"18\">Modelo<\/td>\n<td style=\"width: 54pt; text-align: center;\" width=\"72\">Capacidade (ml)<\/td>\n<td style=\"width: 54pt; text-align: center;\" width=\"72\">Dimens\u00f5es (cm)<\/td>\n<td style=\"width: 54pt; text-align: center;\" width=\"72\">Tipo de pesco\u00e7o<\/td>\n<\/tr>\n<tr style=\"height: 13.50pt;\">\n<td style=\"height: 13.5pt; text-align: center;\" align=\"right\" height=\"18\">64020001<\/td>\n<td style=\"text-align: center;\" align=\"right\">200<\/td>\n<td style=\"text-align: center;\">5.8&#215;12.0<\/td>\n<td class=\"et2\" style=\"text-align: center;\" rowspan=\"5\">Pesco\u00e7o Rosqueado<\/td>\n<\/tr>\n<tr style=\"height: 13.50pt;\">\n<td style=\"height: 13.5pt; text-align: center;\" align=\"right\" height=\"18\">64025002<\/td>\n<td style=\"text-align: center;\" align=\"right\">250<\/td>\n<td style=\"text-align: center;\">5.9&#215;13.7<\/td>\n<\/tr>\n<tr style=\"height: 13.50pt;\">\n<td style=\"height: 13.5pt; text-align: center;\" align=\"right\" height=\"18\">64031003<\/td>\n<td style=\"text-align: center;\" align=\"right\">310<\/td>\n<td style=\"text-align: center;\">6.4&#215;15.3<\/td>\n<\/tr>\n<tr style=\"height: 13.50pt;\">\n<td style=\"height: 13.5pt; text-align: center;\" align=\"right\" height=\"18\">64050004<\/td>\n<td style=\"text-align: center;\" align=\"right\">500<\/td>\n<td style=\"text-align: center;\">7.5&#215;20.85<\/td>\n<\/tr>\n<tr style=\"height: 13.50pt;\">\n<td style=\"height: 13.5pt; text-align: center;\" align=\"right\" height=\"18\">64100005<\/td>\n<td style=\"text-align: center;\" align=\"right\">1000<\/td>\n<td style=\"text-align: center;\">8.5&#215;26.0<\/td>\n<\/tr>\n<\/tbody>\n<\/table>\n<h2>Caso de sucesso<\/h2>\n<p>Uma marca local de latic\u00ednios no Canad\u00e1, focada em um novo aspecto do seu produto \u2014 qualidade e sustentabilidade \u2014, decidiu mudar sua embalagem de pl\u00e1stico para vidro. Como resultado, encomendaram garrafas de leite de vidro personalizadas, feitas de vidro s\u00f3dio-c\u00e1lcico extra-espesso e de alta defini\u00e7\u00e3o, para real\u00e7ar a cremosidade natural do seu leite fresco. O formato cil\u00edndrico e elegante \u00e9 perfeito para r\u00f3tulos sofisticados da marca, e a grava\u00e7\u00e3o do logotipo no ombro adiciona um toque pessoal e artesanal.<\/p>\n<p>Desde o lan\u00e7amento, os consumidores n\u00e3o param de falar sobre o design reutiliz\u00e1vel e ecol\u00f3gico das garrafas de vidro, e a nova embalagem \u00e9 exibida em um expositor refrigerado. As vendas aumentaram 45% em apenas tr\u00eas meses, tornando a linha de garrafas de vidro a categoria de produtos mais vendida da empresa.<\/p>\n<h2>Dicas de personaliza\u00e7\u00e3o<\/h2>\n<p>Seu leite merece uma embalagem que facilite a venda. Podemos personalizar garrafas de vidro para leite com seu logotipo, cor e muito mais. Tamb\u00e9m oferecemos uma ampla gama de acess\u00f3rios, incluindo tampas e designs de gargalo. Garrafas de vidro para leite s\u00e3o mais do que simples embalagens; s\u00e3o sua arma secreta para se destacar. Vamos trabalhar juntos para realizar nossos sonhos.<\/p>","protected":false},"excerpt":{"rendered":"<p>Garrafas de vidro transparente e resistente com tampas de metal rosque\u00e1veis \u200b\u200bpara veda\u00e7\u00e3o segura. Ideais para embalagens de latic\u00ednios, sucos ou produtos de caf\u00e9. Logotipo e cores de tampa personalizados dispon\u00edveis.<\/p>","protected":false},"featured_media":1739,"template":"","meta":{"postBodyCss":"","postBodyMargin":[],"postBodyPadding":[],"postBodyBackground":{"backgroundType":"classic","gradient":""}},"product_brand":[],"product_cat":[15,16,46],"product_tag":[72,73],"class_list":{"0":"post-1715","1":"product","2":"type-product","3":"status-publish","4":"has-post-thumbnail","6":"product_cat-glass-containers","7":"product_cat-glass-bottles","8":"product_cat-glass-milk-bottles","9":"product_tag-juice-bottles","10":"product_tag-milk-bottles","12":"first","13":"instock","14":"shipping-taxable","15":"product-type-simple"},"jetpack_sharing_enabled":true,"_links":{"self":[{"href":"https:\/\/minghanggroup.com\/pt\/wp-json\/wp\/v2\/product\/1715","targetHints":{"allow":["GET"]}}],"collection":[{"href":"https:\/\/minghanggroup.com\/pt\/wp-json\/wp\/v2\/product"}],"about":[{"href":"https:\/\/minghanggroup.com\/pt\/wp-json\/wp\/v2\/types\/product"}],"wp:featuredmedia":[{"embeddable":true,"href":"https:\/\/minghanggroup.com\/pt\/wp-json\/wp\/v2\/media\/1739"}],"wp:attachment":[{"href":"https:\/\/minghanggroup.com\/pt\/wp-json\/wp\/v2\/media?parent=1715"}],"wp:term":[{"taxonomy":"product_brand","embeddable":true,"href":"https:\/\/minghanggroup.com\/pt\/wp-json\/wp\/v2\/product_brand?post=1715"},{"taxonomy":"product_cat","embeddable":true,"href":"https:\/\/minghanggroup.com\/pt\/wp-json\/wp\/v2\/product_cat?post=1715"},{"taxonomy":"product_tag","embeddable":true,"href":"https:\/\/minghanggroup.com\/pt\/wp-json\/wp\/v2\/product_tag?post=1715"}],"curies":[{"name":"wp","href":"https:\/\/api.w.org\/{rel}","templated":true}]}}