{"id":1642,"date":"2025-10-16T16:24:25","date_gmt":"2025-10-16T08:24:25","guid":{"rendered":"https:\/\/minghanggroup.com\/?post_type=product&#038;p=1642"},"modified":"2025-10-16T17:50:57","modified_gmt":"2025-10-16T09:50:57","slug":"wholesale-cylindrical-amber-glass-olive-oil-bottles","status":"publish","type":"product","link":"https:\/\/minghanggroup.com\/pt\/produto\/wholesale-cylindrical-amber-glass-olive-oil-bottles\/","title":{"rendered":"Garrafas cil\u00edndricas de vidro \u00e2mbar para azeite, dispon\u00edveis para venda por atacado, nos tamanhos 250ml, 500ml e 750ml."},"content":{"rendered":"<p>Estas garrafas de azeite em vidro \u00e2mbar s\u00e3o perfeitas para armazenar e decorar azeite, pois o elegante vidro \u00e2mbar foi transformado em formatos cil\u00edndricos finos e elegantes, dispon\u00edveis em v\u00e1rios tamanhos, que s\u00e3o n\u00e3o apenas refinados em seu charme, mas tamb\u00e9m eficientes em seu uso.<\/p>\n<h2>Caracter\u00edsticas do produto<\/h2>\n<ul>\n<li><strong>Design \u00e0 prova de raios UV:<\/strong> O vidro \u00e2mbar mant\u00e9m o produto fresco, bloqueando os raios de luz nocivos.<\/li>\n<li><strong>Despejo sem gotejamento sempre:<\/strong> A tampa especial do dosador \u00e9 \u00e0 prova de gotejamento. Ela n\u00e3o deixa as laterais da garrafa nem a bancada pegajosas.<\/li>\n<li><strong>Formato cil\u00edndrico fino:<\/strong> O design compacto permite armazenar o produto na bancada ou nas prateleiras da despensa sem a necessidade de espa\u00e7o extra.<\/li>\n<\/ul>\n<h2>Especifica\u00e7\u00f5es principais<\/h2>\n<table style=\"border-collapse: collapse; margin-left: auto; margin-right: auto; width: 457.52pt;\" border=\"0\" width=\"610\" cellspacing=\"0\" cellpadding=\"0\">\n<tbody>\n<tr style=\"height: 13.50pt;\">\n<td style=\"height: 13.50pt; width: 103.50pt;\" width=\"138\" height=\"18\">Recurso<\/td>\n<td style=\"width: 354.00pt;\" width=\"472\">Especifica\u00e7\u00e3o<\/td>\n<\/tr>\n<tr style=\"height: 13.50pt;\">\n<td style=\"height: 13.50pt;\" height=\"18\">Capacidade<\/td>\n<td>250ml, 500ml, 750ml<\/td>\n<\/tr>\n<tr style=\"height: 13.50pt;\">\n<td style=\"height: 13.50pt;\" height=\"18\">Dimens\u00f5es<\/td>\n<td>5,0\u00d723,2cm, 6,1\u00d728,0cm, 6,9\u00d730,9cm<\/td>\n<\/tr>\n<tr style=\"height: 13.50pt;\">\n<td style=\"height: 13.50pt;\" height=\"18\">tamanho do pesco\u00e7o<\/td>\n<td>Rosca de parafuso de 19\u00d730mm<\/td>\n<\/tr>\n<tr style=\"height: 13.50pt;\">\n<td style=\"height: 13.50pt;\" height=\"18\">Material<\/td>\n<td>Vidro \u00e2mbar, tampa de metal<\/td>\n<\/tr>\n<tr style=\"height: 13.50pt;\">\n<td style=\"height: 13.50pt;\" height=\"18\">Forma<\/td>\n<td>Garrafa cil\u00edndrica de vidro<\/td>\n<\/tr>\n<tr style=\"height: 13.50pt;\">\n<td style=\"height: 13.50pt;\" height=\"18\">Op\u00e7\u00f5es de tampa<\/td>\n<td>Tampa preta\/dourada (personaliz\u00e1vel)<\/td>\n<\/tr>\n<tr style=\"height: 13.50pt;\">\n<td style=\"height: 13.50pt;\" height=\"18\">Uso ideal<\/td>\n<td>Dispensador de azeite de vidro, galheteiros para azeite, garrafa de azeite<\/td>\n<\/tr>\n<\/tbody>\n<\/table>\n<h2>Caso de sucesso: Construindo uma marca atrav\u00e9s de embalagens consistentes<\/h2>\n<p>O fabricante de alimentos especiais da Calif\u00f3rnia, que distribui seus produtos para todo o mundo, precisava de potes de vidro de alta qualidade para embalar seu azeite e decidiu fazer seu primeiro pedido conosco: 5.000 garrafas de vidro \u00e2mbar para azeite, de 250 ml e 500 ml cada. Os varejistas est\u00e3o entusiasmados com a apar\u00eancia profissional dos produtos e destacam as muitas vantagens do uso do vidro opaco, que a maioria dos representantes comerciais utiliza para promover suas marcas. Consequentemente, os clientes habituais aumentaram suas compras, com uma taxa de recompra de 72% em 90 dias. Devido a esse sucesso inicial, os pedidos subsequentes atingiram quase 200.000 unidades em apenas oito meses.<\/p>\n<h2>Personalize suas garrafas de azeite de vidro \u00e2mbar<\/h2>\n<ul>\n<li><strong>Logotipo fosco:<\/strong> A corros\u00e3o \u00e1cida \u00e9 o m\u00e9todo a ser empregado quando se deseja um logotipo refinado, monocrom\u00e1tico, com acabamento fosco e apar\u00eancia luxuosa.<\/li>\n<li><strong>Serigrafia:<\/strong> A cor vibrante em contraste com o fundo escuro do vidro \u00e2mbar da tinta tornar\u00e1 seu logotipo leg\u00edvel mesmo a uma grande dist\u00e2ncia.<\/li>\n<li><strong>Cor da tampa personalizada:<\/strong> Se voc\u00ea preferir que a tampa de rosca tenha as cores da sua marca, escolha entre dourado, prateado, preto, etc.<\/li>\n<li><strong>Tonalidade \u00e2mbar mais profunda:<\/strong> Oferece m\u00e1xima prote\u00e7\u00e3o contra os raios UV gra\u00e7as \u00e0 maior quantidade de pigmento. Ideal para azeites extremamente sens\u00edveis.<\/li>\n<\/ul>","protected":false},"excerpt":{"rendered":"<p>Garrafas de azeite em vidro \u00e2mbar com tampa de rosca. Finas, resistentes e perfeitas para uso na cozinha. Dispon\u00edveis para pedidos em grande quantidade, com envio r\u00e1pido e amostras gr\u00e1tis.<\/p>","protected":false},"featured_media":1649,"template":"","meta":{"postBodyCss":"","postBodyMargin":[],"postBodyPadding":[],"postBodyBackground":{"backgroundType":"classic","gradient":""}},"product_brand":[],"product_cat":[15,16,18],"product_tag":[],"class_list":{"0":"post-1642","1":"product","2":"type-product","3":"status-publish","4":"has-post-thumbnail","6":"product_cat-glass-containers","7":"product_cat-glass-bottles","8":"product_cat-glass-oil-bottles","10":"first","11":"instock","12":"shipping-taxable","13":"product-type-simple"},"jetpack_sharing_enabled":true,"_links":{"self":[{"href":"https:\/\/minghanggroup.com\/pt\/wp-json\/wp\/v2\/product\/1642","targetHints":{"allow":["GET"]}}],"collection":[{"href":"https:\/\/minghanggroup.com\/pt\/wp-json\/wp\/v2\/product"}],"about":[{"href":"https:\/\/minghanggroup.com\/pt\/wp-json\/wp\/v2\/types\/product"}],"wp:featuredmedia":[{"embeddable":true,"href":"https:\/\/minghanggroup.com\/pt\/wp-json\/wp\/v2\/media\/1649"}],"wp:attachment":[{"href":"https:\/\/minghanggroup.com\/pt\/wp-json\/wp\/v2\/media?parent=1642"}],"wp:term":[{"taxonomy":"product_brand","embeddable":true,"href":"https:\/\/minghanggroup.com\/pt\/wp-json\/wp\/v2\/product_brand?post=1642"},{"taxonomy":"product_cat","embeddable":true,"href":"https:\/\/minghanggroup.com\/pt\/wp-json\/wp\/v2\/product_cat?post=1642"},{"taxonomy":"product_tag","embeddable":true,"href":"https:\/\/minghanggroup.com\/pt\/wp-json\/wp\/v2\/product_tag?post=1642"}],"curies":[{"name":"wp","href":"https:\/\/api.w.org\/{rel}","templated":true}]}}