{"id":1592,"date":"2025-10-16T14:11:48","date_gmt":"2025-10-16T06:11:48","guid":{"rendered":"https:\/\/minghanggroup.com\/?post_type=product&#038;p=1592"},"modified":"2025-10-16T17:53:08","modified_gmt":"2025-10-16T09:53:08","slug":"wholesale-glass-oil-dispenser-bottles-with-metal-pour-spout","status":"publish","type":"product","link":"https:\/\/minghanggroup.com\/pt\/produto\/wholesale-glass-oil-dispenser-bottles-with-metal-pour-spout\/","title":{"rendered":"Frascos de vidro de 200ml para \u00f3leo com bico dosador de metal (venda por atacado)"},"content":{"rendered":"<p>Este frasco dispensador de \u00f3leo \u00e9 \u00f3timo para azeite, vinagre ou qualquer l\u00edquido saboroso. Sua parte estreita \u00e9 feita de vidro transparente de excelente qualidade e possui um bico moderno em preto e prata para um despejo uniforme e sem gotejamento.<\/p>\n<h2>Caracter\u00edsticas do produto<\/h2>\n<ul>\n<li><strong>Despejo preciso e sem gotejamento:<\/strong> A tampa de rosca preta e prateada controla o fluxo e reduz a sujeira, tornando-a perfeita para \u00f3leos e vinagres de alta qualidade.<\/li>\n<li><strong>Estilo de garrafa fina:<\/strong> O formato estreito permite tanto exibir quanto guardar a garrafa na cozinha.<\/li>\n<li><strong>Vidro transparente de primeira qualidade:<\/strong> O vidro perfeitamente transparente n\u00e3o apenas exibe a cor dourada do azeite ou a tonalidade escura do rico vinagre bals\u00e2mico, mas tamb\u00e9m transmite a impress\u00e3o da mais alta qualidade e pureza do produto.<\/li>\n<\/ul>\n<h2>Especifica\u00e7\u00f5es principais<\/h2>\n<table style=\"border-collapse: collapse; margin-left: auto; margin-right: auto; width: 328.52pt;\" border=\"0\" width=\"438\" cellspacing=\"0\" cellpadding=\"0\">\n<tbody>\n<tr style=\"height: 13.50pt;\">\n<td style=\"height: 13.50pt; width: 103.50pt;\" width=\"138\" height=\"18\">Recurso<\/td>\n<td style=\"width: 225.00pt;\" width=\"300\">Especifica\u00e7\u00e3o<\/td>\n<\/tr>\n<tr style=\"height: 13.50pt;\">\n<td style=\"height: 13.50pt;\" height=\"18\">Capacidade<\/td>\n<td>200ml<\/td>\n<\/tr>\n<tr style=\"height: 13.50pt;\">\n<td style=\"height: 13.50pt;\" height=\"18\">Dimens\u00f5es<\/td>\n<td>6,5 cm (L) \u00d7 19 cm (A)<\/td>\n<\/tr>\n<tr style=\"height: 13.50pt;\">\n<td style=\"height: 13.50pt;\" height=\"18\">Material<\/td>\n<td>Vidro transparente<\/td>\n<\/tr>\n<tr style=\"height: 13.50pt;\">\n<td style=\"height: 13.50pt;\" height=\"18\">Tipo de tampa<\/td>\n<td>Tampa de rosca com dispensador de metal<\/td>\n<\/tr>\n<tr style=\"height: 13.50pt;\">\n<td style=\"height: 13.50pt;\" height=\"18\">Ideal para<\/td>\n<td>Azeite, vinagre, molhos<\/td>\n<\/tr>\n<\/tbody>\n<\/table>\n<h2>Hist\u00f3ria de sucesso do mundo real: do primeiro pedido \u00e0 fideliza\u00e7\u00e3o de um parceiro.<\/h2>\n<p>Nosso cliente europeu, uma marca de azeite especial destinada ao mercado n\u00f3rdico, precisava de um dispensador de azeite de vidro com apar\u00eancia sofisticada, mas tamb\u00e9m resistente para grandes volumes de remessas. Optaram por nossa garrafa de azeite de vidro, combinada com uma tampa preta antigotejamento, e fizeram um pedido inicial de 5.000 unidades para testar o mercado. Logo de in\u00edcio, gra\u00e7as \u00e0 caracter\u00edstica antigotejamento do dispensador, o consumo de azeite foi reduzido em 32%. Tr\u00eas meses depois, a taxa de recompra aumentou 40% e, em seguida, fizeram mais quatro pedidos, o que significa que o volume total de pedidos atingiu 300.000 garrafas por ano.<\/p>\n<h2>Recomenda\u00e7\u00f5es de frascos dispensadores de \u00f3leo personalizados<\/h2>\n<ul>\n<li>Marca\u00e7\u00e3o de capacidade: Coloque marca\u00e7\u00f5es graduadas na lateral do recipiente para melhorar a funcionalidade.<\/li>\n<li>Colora\u00e7\u00e3o: Aplique um pouco de cor, como verde ou \u00e2mbar, no vidro transparente para um visual diferenciado.<\/li>\n<li>Revestimento em spray: Aplique uma camada sutil e texturizada em toda a garrafa, proporcionando uma pegada confort\u00e1vel e um toque de estilo.<\/li>\n<li>Cor da tampa personalizada: Voc\u00ea pode alterar a cor da tampa de rosca para as cores da sua marca \u2014 oferecemos uma ampla gama de acabamentos.<\/li>\n<\/ul>","protected":false},"excerpt":{"rendered":"<p>Frasco de vidro fino para \u00f3leo com bico de metal elegante. Simples, por\u00e9m sofisticado, ideal para restaurantes e fornecimento em grande quantidade com entrega r\u00e1pida.<\/p>","protected":false},"featured_media":1601,"template":"","meta":{"postBodyCss":"","postBodyMargin":[],"postBodyPadding":[],"postBodyBackground":{"backgroundType":"classic","gradient":""}},"product_brand":[],"product_cat":[15,16,18],"product_tag":[],"class_list":{"0":"post-1592","1":"product","2":"type-product","3":"status-publish","4":"has-post-thumbnail","6":"product_cat-glass-containers","7":"product_cat-glass-bottles","8":"product_cat-glass-oil-bottles","10":"first","11":"instock","12":"shipping-taxable","13":"product-type-simple"},"jetpack_sharing_enabled":true,"_links":{"self":[{"href":"https:\/\/minghanggroup.com\/pt\/wp-json\/wp\/v2\/product\/1592","targetHints":{"allow":["GET"]}}],"collection":[{"href":"https:\/\/minghanggroup.com\/pt\/wp-json\/wp\/v2\/product"}],"about":[{"href":"https:\/\/minghanggroup.com\/pt\/wp-json\/wp\/v2\/types\/product"}],"wp:featuredmedia":[{"embeddable":true,"href":"https:\/\/minghanggroup.com\/pt\/wp-json\/wp\/v2\/media\/1601"}],"wp:attachment":[{"href":"https:\/\/minghanggroup.com\/pt\/wp-json\/wp\/v2\/media?parent=1592"}],"wp:term":[{"taxonomy":"product_brand","embeddable":true,"href":"https:\/\/minghanggroup.com\/pt\/wp-json\/wp\/v2\/product_brand?post=1592"},{"taxonomy":"product_cat","embeddable":true,"href":"https:\/\/minghanggroup.com\/pt\/wp-json\/wp\/v2\/product_cat?post=1592"},{"taxonomy":"product_tag","embeddable":true,"href":"https:\/\/minghanggroup.com\/pt\/wp-json\/wp\/v2\/product_tag?post=1592"}],"curies":[{"name":"wp","href":"https:\/\/api.w.org\/{rel}","templated":true}]}}