{"id":1471,"date":"2025-10-15T15:31:39","date_gmt":"2025-10-15T07:31:39","guid":{"rendered":"https:\/\/minghanggroup.com\/?post_type=product&#038;p=1471"},"modified":"2025-10-16T15:23:41","modified_gmt":"2025-10-16T07:23:41","slug":"wholesale-green-glass-olive-oil-dispensers-with-metal-lids","status":"publish","type":"product","link":"https:\/\/minghanggroup.com\/pt\/produto\/wholesale-green-glass-olive-oil-dispensers-with-metal-lids\/","title":{"rendered":"Dispensadores de azeite em vidro verde para atacado com tampas de metal, 250ml, 500ml e 750ml"},"content":{"rendered":"<p>Estas garrafas de azeite s\u00e3o feitas de elegante vidro verde, com um formato cil\u00edndrico alongado, fino e suave, e est\u00e3o dispon\u00edveis com tampas pretas e douradas. V\u00eam em diferentes tamanhos.<\/p>\n<h2>Caracter\u00edsticas do produto<\/h2>\n<ul>\n<li><strong>Prote\u00e7\u00e3o UV integrada:<\/strong> O copo verde serve como protetor do azeite contra a luz, mantendo-o fresco e permitindo que seja usado por mais tempo.<\/li>\n<li><strong>Formato cil\u00edndrico fino:<\/strong> A garrafa, com seu formato cil\u00edndrico alongado, n\u00e3o \u00e9 apenas elegante, mas tamb\u00e9m compacta, podendo, portanto, ser facilmente exibida e armazenada na cozinha, economizando espa\u00e7o.<\/li>\n<li><strong>Diversas op\u00e7\u00f5es de tampas:<\/strong> As tampas, dispon\u00edveis em preto, dourado e outras cores, n\u00e3o s\u00f3 atendem aos diferentes gostos est\u00e9ticos dos usu\u00e1rios, como tamb\u00e9m garantem que o recipiente esteja bem vedado.<\/li>\n<\/ul>\n<h2>Especifica\u00e7\u00f5es principais<\/h2>\n<table style=\"border-collapse: collapse; margin-left: auto; margin-right: auto; width: 520.52pt;\" border=\"0\" width=\"694\" cellspacing=\"0\" cellpadding=\"0\">\n<tbody>\n<tr style=\"height: 13.50pt;\">\n<td style=\"height: 13.50pt; width: 103.50pt;\" width=\"138\" height=\"18\">Recurso<\/td>\n<td style=\"width: 417.00pt;\" width=\"556\">Especifica\u00e7\u00e3o<\/td>\n<\/tr>\n<tr style=\"height: 13.50pt;\">\n<td style=\"height: 13.50pt;\" height=\"18\">Capacidade<\/td>\n<td>250ml 500ml 750ml<\/td>\n<\/tr>\n<tr style=\"height: 13.50pt;\">\n<td style=\"height: 13.50pt;\" height=\"18\">Dimens\u00f5es<\/td>\n<td>5,0\u00d723,2cm, 6,1\u00d728,0cm, 6,9\u00d730,9cm<\/td>\n<\/tr>\n<tr style=\"height: 13.50pt;\">\n<td style=\"height: 13.50pt;\" height=\"18\">tamanho do pesco\u00e7o<\/td>\n<td>gargalo de rosca de 19\u00d730mm<\/td>\n<\/tr>\n<tr style=\"height: 13.50pt;\">\n<td style=\"height: 13.50pt;\" height=\"18\">Material<\/td>\n<td>Corpo em vidro verde, tampa de metal<\/td>\n<\/tr>\n<tr style=\"height: 13.50pt;\">\n<td style=\"height: 13.50pt;\" height=\"18\">Forma<\/td>\n<td>Garrafa cil\u00edndrica de vidro<\/td>\n<\/tr>\n<tr style=\"height: 13.50pt;\">\n<td style=\"height: 13.50pt;\" height=\"18\">Op\u00e7\u00f5es de tampa<\/td>\n<td>Bico dosador preto, bico dosador dourado, tampa s\u00f3lida<\/td>\n<\/tr>\n<tr style=\"height: 13.50pt;\">\n<td style=\"height: 13.50pt;\" height=\"18\">Ideal para<\/td>\n<td>Azeites, vinagre, \u00f3leos de cozinha<\/td>\n<\/tr>\n<tr style=\"height: 13.50pt;\">\n<td style=\"height: 13.50pt;\" height=\"18\">Uso ideal<\/td>\n<td>Garrafa de azeite, garrafas de azeite e vinagre, garrafa de azeite para cozinhar<\/td>\n<\/tr>\n<\/tbody>\n<\/table>\n<h2>Hist\u00f3ria de sucesso<\/h2>\n<p>Um importador de azeite artesanal americano optou por nossas garrafas quadradas de vidro verde de 250 ml com tampas verdes e fez um pedido inicial de 5.000 unidades. Ap\u00f3s tr\u00eas meses, o importador nos informou que as vendas do produto em lojas de produtos gourmet aumentaram 40% em compara\u00e7\u00e3o com o lan\u00e7amento anterior. Em 90 dias, 65% dos compradores recompraram o produto. Como resultado desse sucesso, foi feito um pedido no atacado, o que levou \u00e0 expans\u00e3o do fornecimento de garrafas de 500 ml a granel, com um volume m\u00e9dio anual de pedidos de 200.000 unidades.<\/p>\n<h2>Sugest\u00f5es de personaliza\u00e7\u00e3o<\/h2>\n<ul>\n<li>Severidade da cor do vidro: Voc\u00ea pode alterar a cor do vidro para um verde safira escuro com verde claro.<\/li>\n<li>Acabamento fosco: Uma superf\u00edcie totalmente fosca (\u00e1cido-H) pode ser aplicada para obter uma textura suave e mate, com uma apar\u00eancia sofisticada e opaca.<\/li>\n<li>Logotipo moldado: O logotipo da sua marca pode ser moldado diretamente no vidro durante a produ\u00e7\u00e3o, proporcionando um toque t\u00e1til, luxuoso e de alta qualidade.<\/li>\n<li>Op\u00e7\u00f5es de cores para identifica\u00e7\u00e3o: Escolha a cor da sua identifica\u00e7\u00e3o a partir de um conjunto de cores (como preto, prata ou dourado) que combine ou complemente a paleta da sua marca.<\/li>\n<li>Formato de tampa personalizado: Deixe-nos ajud\u00e1-lo a criar um formato de tampa personalizado que se destaque e se torne a parte mais reconhec\u00edvel da sua embalagem.<\/li>\n<\/ul>\n<p>Se voc\u00ea deseja produzir garrafas de azeite atraentes, entre em contato conosco para obter pre\u00e7os de atacado e cota\u00e7\u00f5es de frete para grandes quantidades.<\/p>","protected":false},"excerpt":{"rendered":"<p>Dispensadores de azeite verdes com tampas de metal. Fabricados em vidro de alta qualidade, dispon\u00edveis em v\u00e1rios tamanhos e ideais para venda por atacado. Amostras gr\u00e1tis dispon\u00edveis.<\/p>","protected":false},"featured_media":1501,"template":"","meta":{"postBodyCss":"","postBodyMargin":[],"postBodyPadding":[],"postBodyBackground":{"backgroundType":"classic","gradient":""}},"product_brand":[],"product_cat":[15,16,18],"product_tag":[],"class_list":{"0":"post-1471","1":"product","2":"type-product","3":"status-publish","4":"has-post-thumbnail","6":"product_cat-glass-containers","7":"product_cat-glass-bottles","8":"product_cat-glass-oil-bottles","10":"first","11":"instock","12":"shipping-taxable","13":"product-type-simple"},"jetpack_sharing_enabled":true,"_links":{"self":[{"href":"https:\/\/minghanggroup.com\/pt\/wp-json\/wp\/v2\/product\/1471","targetHints":{"allow":["GET"]}}],"collection":[{"href":"https:\/\/minghanggroup.com\/pt\/wp-json\/wp\/v2\/product"}],"about":[{"href":"https:\/\/minghanggroup.com\/pt\/wp-json\/wp\/v2\/types\/product"}],"wp:featuredmedia":[{"embeddable":true,"href":"https:\/\/minghanggroup.com\/pt\/wp-json\/wp\/v2\/media\/1501"}],"wp:attachment":[{"href":"https:\/\/minghanggroup.com\/pt\/wp-json\/wp\/v2\/media?parent=1471"}],"wp:term":[{"taxonomy":"product_brand","embeddable":true,"href":"https:\/\/minghanggroup.com\/pt\/wp-json\/wp\/v2\/product_brand?post=1471"},{"taxonomy":"product_cat","embeddable":true,"href":"https:\/\/minghanggroup.com\/pt\/wp-json\/wp\/v2\/product_cat?post=1471"},{"taxonomy":"product_tag","embeddable":true,"href":"https:\/\/minghanggroup.com\/pt\/wp-json\/wp\/v2\/product_tag?post=1471"}],"curies":[{"name":"wp","href":"https:\/\/api.w.org\/{rel}","templated":true}]}}