{"id":1449,"date":"2025-10-15T05:48:05","date_gmt":"2025-10-15T05:48:05","guid":{"rendered":"https:\/\/minghanggroup.com\/?post_type=product&#038;p=1449"},"modified":"2025-10-16T15:23:33","modified_gmt":"2025-10-16T07:23:33","slug":"wholesale-cylinder-kitchen-oil-dispensers-with-screw-lids","status":"publish","type":"product","link":"https:\/\/minghanggroup.com\/pt\/produto\/wholesale-cylinder-kitchen-oil-dispensers-with-screw-lids\/","title":{"rendered":"Dispensadores de \u00f3leo de cozinha em cilindro, com tampa de rosca, para venda por atacado, 100ml, 250ml, 500ml e 750ml."},"content":{"rendered":"<p>Feitos de vidro transparente, esses dispensadores de \u00f3leo para cozinha possuem um corpo cil\u00edndrico longo e estreito, ideal para o preparo de l\u00edquidos. Dispon\u00edveis em diferentes dimens\u00f5es, possuem tampa de rosca. Dessa forma, combinam perfeitamente o estilo minimalista com a praticidade na cozinha.<\/p>\n<h2>Caracter\u00edsticas do produto<\/h2>\n<ul>\n<li><strong>Corpo cil\u00edndrico fino:<\/strong> O formato cil\u00edndrico alongado \u00e9 o que torna as garrafas f\u00e1ceis de segurar e armazenar na cozinha, economizando espa\u00e7o.<\/li>\n<li><strong>Design com tampa de rosca:<\/strong> A tampa de rosca desempenha uma dupla fun\u00e7\u00e3o: al\u00e9m de permitir o uso correto com a tampa adequada, garante uma veda\u00e7\u00e3o herm\u00e9tica e impede a oxida\u00e7\u00e3o do \u00f3leo.<\/li>\n<li><strong>Dispon\u00edvel em v\u00e1rios tamanhos:<\/strong> Existem quatro tamanhos diferentes de garrafas que o ajudar\u00e3o a determinar o tamanho mais adequado para o seu uso dom\u00e9stico di\u00e1rio ou para pequenas quantidades.<\/li>\n<\/ul>\n<h2>Especifica\u00e7\u00f5es principais<\/h2>\n<table style=\"border-collapse: collapse; margin-left: auto; margin-right: auto; width: 473.27pt;\" border=\"0\" width=\"631\" cellspacing=\"0\" cellpadding=\"0\">\n<tbody>\n<tr style=\"height: 13.50pt;\">\n<td style=\"height: 13.50pt; width: 103.50pt;\" width=\"138\" height=\"18\">Recurso<\/td>\n<td style=\"width: 369.75pt;\" width=\"493\">Especifica\u00e7\u00e3o<\/td>\n<\/tr>\n<tr style=\"height: 13.50pt;\">\n<td style=\"height: 13.50pt;\" height=\"18\">Capacidade<\/td>\n<td>100ml, 250ml, 500ml, 750ml<\/td>\n<\/tr>\n<tr style=\"height: 13.50pt;\">\n<td style=\"height: 13.50pt;\" height=\"18\">Dimens\u00f5es<\/td>\n<td>4,5\u00d715,0cm, 5,0\u00d723,2cm, 6,1\u00d728,0cm, 6,9\u00d731,2cm<\/td>\n<\/tr>\n<tr style=\"height: 13.50pt;\">\n<td style=\"height: 13.50pt;\" height=\"18\">tamanho do pesco\u00e7o<\/td>\n<td>pesco\u00e7o de rosca de 17\u00d729mm<\/td>\n<\/tr>\n<tr style=\"height: 13.50pt;\">\n<td style=\"height: 13.50pt;\" height=\"18\">Material<\/td>\n<td>Corpo em vidro transparente, tampa de metal<\/td>\n<\/tr>\n<tr style=\"height: 13.50pt;\">\n<td style=\"height: 13.50pt;\" height=\"18\">Forma<\/td>\n<td>Garrafa cil\u00edndrica de vidro<\/td>\n<\/tr>\n<tr style=\"height: 13.50pt;\">\n<td style=\"height: 13.50pt;\" height=\"18\">Op\u00e7\u00f5es de tampa<\/td>\n<td>Bicos dosadores pretos, dourados ou verdes, ou tampas s\u00f3lidas.<\/td>\n<\/tr>\n<tr style=\"height: 13.50pt;\">\n<td style=\"height: 13.50pt;\" height=\"18\">Ideal para<\/td>\n<td>Azeite, vinagre, \u00f3leos de cozinha<\/td>\n<\/tr>\n<tr style=\"height: 13.50pt;\">\n<td style=\"height: 13.50pt;\" height=\"18\">Uso ideal<\/td>\n<td>Dispensador de \u00f3leo de cozinha, galheteiros de \u00f3leo, garrafa de \u00f3leo de cozinha<\/td>\n<\/tr>\n<\/tbody>\n<\/table>\n<h2>Hist\u00f3ria de sucesso<\/h2>\n<p>O distribuidor europeu de alimentos especiais buscava uma garrafa de vidro exclusiva para sua nova linha de azeites artesanais. Optaram pelo nosso dispensador de azeite quadrado de 500 ml, com tampa de rosca preta e logotipo dourado. Ap\u00f3s uma produ\u00e7\u00e3o limitada de 10.000 garrafas, a aceita\u00e7\u00e3o do produto foi excelente. O distribuidor relatou um aumento de 25% nas taxas de recompra dos clientes varejistas e uma redu\u00e7\u00e3o de 95% nas reclama\u00e7\u00f5es de vazamento. Esse sucesso resultou em pedidos trimestrais regulares de 10.000 garrafas no atacado, o que, por sua vez, consolida a garrafa de vidro como um dos principais produtos da sua linha de embalagens gourmet.<\/p>\n<h2>Sugest\u00f5es de personaliza\u00e7\u00e3o para garrafas de \u00f3leo de vidro<\/h2>\n<ul>\n<li>Tonalidade: Voc\u00ea pode dar uma tonalidade sutil de verde ou \u00e2mbar ao vidro transparente, n\u00e3o apenas para prote\u00e7\u00e3o UV, mas tamb\u00e9m para melhorar a apar\u00eancia do produto.<\/li>\n<li>Serigrafia: A maneira mais moderna e permanente de estampar seu logotipo ou desenho em um copo \u00e9 imprimi-lo diretamente no vidro.<\/li>\n<li>Tamanho personalizado: Se voc\u00ea deseja uma garrafa de 100 mL para uma cozinha pequena ou uma garrafa grande de 1000 mL para armazenamento comercial em grande escala, podemos fabric\u00e1-la no tamanho desejado.<\/li>\n<li>Revestimento interno: A adi\u00e7\u00e3o de um revestimento interno a certos \u00f3leos pode ser um m\u00e9todo de prote\u00e7\u00e3o adicional do sabor e da integridade do conte\u00fado.<\/li>\n<\/ul>\n<p>Deseja usar este pr\u00e1tico dispensador para impulsionar a imagem da sua marca? Entre em contato conosco e teremos o prazer de lhe fornecer um or\u00e7amento para compras no atacado e envio em grandes quantidades a pre\u00e7os competitivos.<\/p>","protected":false},"excerpt":{"rendered":"<p>Dispensador de \u00f3leo de cozinha em vidro transparente com design fino, dur\u00e1vel e simples para uso di\u00e1rio. Envio r\u00e1pido e amostras gr\u00e1tis dispon\u00edveis para pedidos em grande quantidade.<\/p>","protected":false},"featured_media":1465,"template":"","meta":{"postBodyCss":"","postBodyMargin":[],"postBodyPadding":[],"postBodyBackground":{"backgroundType":"classic","gradient":""}},"product_brand":[],"product_cat":[15,16,18],"product_tag":[],"class_list":{"0":"post-1449","1":"product","2":"type-product","3":"status-publish","4":"has-post-thumbnail","6":"product_cat-glass-containers","7":"product_cat-glass-bottles","8":"product_cat-glass-oil-bottles","10":"first","11":"instock","12":"shipping-taxable","13":"product-type-simple"},"jetpack_sharing_enabled":true,"_links":{"self":[{"href":"https:\/\/minghanggroup.com\/pt\/wp-json\/wp\/v2\/product\/1449","targetHints":{"allow":["GET"]}}],"collection":[{"href":"https:\/\/minghanggroup.com\/pt\/wp-json\/wp\/v2\/product"}],"about":[{"href":"https:\/\/minghanggroup.com\/pt\/wp-json\/wp\/v2\/types\/product"}],"wp:featuredmedia":[{"embeddable":true,"href":"https:\/\/minghanggroup.com\/pt\/wp-json\/wp\/v2\/media\/1465"}],"wp:attachment":[{"href":"https:\/\/minghanggroup.com\/pt\/wp-json\/wp\/v2\/media?parent=1449"}],"wp:term":[{"taxonomy":"product_brand","embeddable":true,"href":"https:\/\/minghanggroup.com\/pt\/wp-json\/wp\/v2\/product_brand?post=1449"},{"taxonomy":"product_cat","embeddable":true,"href":"https:\/\/minghanggroup.com\/pt\/wp-json\/wp\/v2\/product_cat?post=1449"},{"taxonomy":"product_tag","embeddable":true,"href":"https:\/\/minghanggroup.com\/pt\/wp-json\/wp\/v2\/product_tag?post=1449"}],"curies":[{"name":"wp","href":"https:\/\/api.w.org\/{rel}","templated":true}]}}