{"id":1417,"date":"2025-10-15T03:24:25","date_gmt":"2025-10-15T03:24:25","guid":{"rendered":"https:\/\/minghanggroup.com\/?post_type=product&#038;p=1417"},"modified":"2025-10-16T15:23:25","modified_gmt":"2025-10-16T07:23:25","slug":"bulk-unique-curved-glass-cooking-oil-bottles-with-handle","status":"publish","type":"product","link":"https:\/\/minghanggroup.com\/pt\/produto\/bulk-unique-curved-glass-cooking-oil-bottles-with-handle\/","title":{"rendered":"Conjunto de garrafas de vidro curvo exclusivas para \u00f3leo de cozinha com al\u00e7a, 100ml, 250ml e 500ml."},"content":{"rendered":"<p>Em detalhe, estas garrafas de azeite foram concebidas com vidro transparente para real\u00e7ar o design \u00fanico em relevo, que \u00e9 visualmente atraente e confort\u00e1vel de usar. Possuem tamb\u00e9m uma pega de vidro robusta para servir sem esfor\u00e7o. Estas garrafas est\u00e3o dispon\u00edveis em diferentes tamanhos e algumas com diferentes estilos de tampa, conservando o azeite de forma elegante e adicionando um toque de charme \u00e0 sua cozinha.<\/p>\n<h2>Caracter\u00edsticas do produto<\/h2>\n<ul>\n<li class=\" translation-block\"><strong>Corpo Curvo Distinto:<\/strong> O design curvo e elevado n\u00e3o s\u00f3 confere uma forma bonita, como tamb\u00e9m proporciona um certo grau de resist\u00eancia ao deslizamento.<\/li>\n<li class=\" translation-block\"><strong>Al\u00e7a de vidro:<\/strong> A elegante al\u00e7a de vidro oferece uma pegada confort\u00e1vel e facilita o despejo.<\/li>\n<li class=\" translation-block\"><strong>Diversos estilos de abertura de garrafas:<\/strong> Uma tampa veda a garrafa para armazenamento conveniente, enquanto uma abertura superior permite servir rapidamente, atendendo assim a diversas necessidades na cozinha.<\/li>\n<\/ul>\n<h2>Especifica\u00e7\u00f5es principais<\/h2>\n<table style=\"border-collapse: collapse; margin-left: auto; margin-right: auto; width: 473.27pt;\" border=\"0\" width=\"631\" cellspacing=\"0\" cellpadding=\"0\">\n<tbody>\n<tr style=\"height: 13.50pt;\">\n<td style=\"height: 13.50pt; width: 103.50pt;\" width=\"138\" height=\"18\">Recurso<\/td>\n<td style=\"width: 369.75pt;\" width=\"493\">Especifica\u00e7\u00e3o<\/td>\n<\/tr>\n<tr style=\"height: 13.50pt;\">\n<td style=\"height: 13.50pt;\" height=\"18\">Capacidade<\/td>\n<td>100ml, 250ml, 500ml<\/td>\n<\/tr>\n<tr style=\"height: 13.50pt;\">\n<td style=\"height: 13.50pt;\" height=\"18\">Dimens\u00f5es<\/td>\n<td>5,4\u00d713,9cm, 7,1\u00d717,3cm, 8,8\u00d721,9cm<\/td>\n<\/tr>\n<tr style=\"height: 13.50pt;\">\n<td style=\"height: 13.50pt;\" height=\"18\">Material<\/td>\n<td>Corpo e al\u00e7a em vidro transparente, tampa de metal.<\/td>\n<\/tr>\n<tr style=\"height: 13.50pt;\">\n<td style=\"height: 13.50pt;\" height=\"18\">Forma<\/td>\n<td>Corpo curvo<\/td>\n<\/tr>\n<tr style=\"height: 13.50pt;\">\n<td style=\"height: 13.50pt;\" height=\"18\">Op\u00e7\u00f5es de tampa<\/td>\n<td>Bico dosador verde, tampa de rosca preta, topo aberto<\/td>\n<\/tr>\n<tr style=\"height: 13.50pt;\">\n<td style=\"height: 13.50pt;\" height=\"18\">Ideal para<\/td>\n<td>Azeite, vinagre, \u00f3leos de cozinha, \u00f3leo de cozinha<\/td>\n<\/tr>\n<tr style=\"height: 13.50pt;\">\n<td style=\"height: 13.50pt;\" height=\"18\">Uso ideal<\/td>\n<td>Dispensador de \u00f3leo de cozinha, galheteiros de \u00f3leo, garrafas de \u00f3leo para cozinha<\/td>\n<\/tr>\n<\/tbody>\n<\/table>\n<h2>Caso de Sucesso: Marca Gourmet em Ascens\u00e3o<\/h2>\n<p>Nosso parceiro, um distribuidor de alimentos especiais localizado em Seattle, buscava uma garrafa de vidro para azeite com design diferenciado e finalmente optou por nossa garrafa quadrada de 250 ml com tampa de rosca preta personalizada. O design elegante e a tampa de vidro transparente impulsionaram instantaneamente o reconhecimento da marca. Ap\u00f3s o lan\u00e7amento da nova embalagem, o volume de vendas aumentou 35% em seis meses. Os consumidores elogiaram a garrafa por seu equil\u00edbrio perfeito e por n\u00e3o gotejar durante o uso. O consumo de azeite foi reduzido em 20%, o que os levou a fazer mais tr\u00eas pedidos de 10.000 garrafas cada e tamb\u00e9m a estender nossa linha de garrafas para sua linha de vinagres artesanais, criando assim um conjunto completo de azeite e vinagre.<\/p>\n<h2>Ideias de personaliza\u00e7\u00e3o espec\u00edficas para cada produto<\/h2>\n<ul>\n<li>Cor da tampa: A cor da sua tampa de rosca pode ser escolhida entre uma variedade de cores (como preto, dourado, prateado ou verde) que se harmonizam com a identidade da sua marca.<\/li>\n<li>Serigrafia: Imprima seu logotipo ou design diretamente no vidro usando tinta para uma impress\u00e3o permanente e dur\u00e1vel.<\/li>\n<li>Iniciais da marca em breve \u2013 Crie o logotipo ou as iniciais da marca moldando o vidro pr\u00f3ximo \u00e0 base.<\/li>\n<li>Logotipo em relevo: Que tal considerar ter seu logotipo discretamente gravado em relevo na al\u00e7a ou na base de vidro, proporcionando um toque extra de luxo?<\/li>\n<li>Material da tampa do bico: Voc\u00ea pode personalizar a parte interna da tampa de rosca, por exemplo, usando um material espec\u00edfico para melhor veda\u00e7\u00e3o de diferentes tipos de azeite.<\/li>\n<\/ul>\n<p>Como seu fornecedor direto e fabricante original, somos capazes de transformar esses conceitos em realidade. Que tal conversarmos sobre suas necessidades de atacado para esta elegante e pr\u00e1tica garrafa de \u00f3leo de vidro?<\/p>","protected":false},"excerpt":{"rendered":"<p>Garrafas de vidro exclusivas para \u00f3leo, com al\u00e7a e design curvo. Perfeitas para \u00f3leo de cozinha e dispon\u00edveis para personaliza\u00e7\u00e3o em atacado. Amostra gr\u00e1tis dispon\u00edvel.<\/p>","protected":false},"featured_media":1441,"template":"","meta":{"postBodyCss":"","postBodyMargin":[],"postBodyPadding":[],"postBodyBackground":{"backgroundType":"classic","gradient":""}},"product_brand":[],"product_cat":[15,16,18],"product_tag":[],"class_list":{"0":"post-1417","1":"product","2":"type-product","3":"status-publish","4":"has-post-thumbnail","6":"product_cat-glass-containers","7":"product_cat-glass-bottles","8":"product_cat-glass-oil-bottles","10":"first","11":"instock","12":"shipping-taxable","13":"product-type-simple"},"jetpack_sharing_enabled":true,"_links":{"self":[{"href":"https:\/\/minghanggroup.com\/pt\/wp-json\/wp\/v2\/product\/1417","targetHints":{"allow":["GET"]}}],"collection":[{"href":"https:\/\/minghanggroup.com\/pt\/wp-json\/wp\/v2\/product"}],"about":[{"href":"https:\/\/minghanggroup.com\/pt\/wp-json\/wp\/v2\/types\/product"}],"wp:featuredmedia":[{"embeddable":true,"href":"https:\/\/minghanggroup.com\/pt\/wp-json\/wp\/v2\/media\/1441"}],"wp:attachment":[{"href":"https:\/\/minghanggroup.com\/pt\/wp-json\/wp\/v2\/media?parent=1417"}],"wp:term":[{"taxonomy":"product_brand","embeddable":true,"href":"https:\/\/minghanggroup.com\/pt\/wp-json\/wp\/v2\/product_brand?post=1417"},{"taxonomy":"product_cat","embeddable":true,"href":"https:\/\/minghanggroup.com\/pt\/wp-json\/wp\/v2\/product_cat?post=1417"},{"taxonomy":"product_tag","embeddable":true,"href":"https:\/\/minghanggroup.com\/pt\/wp-json\/wp\/v2\/product_tag?post=1417"}],"curies":[{"name":"wp","href":"https:\/\/api.w.org\/{rel}","templated":true}]}}