{"id":1402,"date":"2025-10-15T03:42:11","date_gmt":"2025-10-15T03:42:11","guid":{"rendered":"https:\/\/minghanggroup.com\/?post_type=product&#038;p=1402"},"modified":"2026-03-02T13:51:10","modified_gmt":"2026-03-02T05:51:10","slug":"embossed-glass-mason-jars-with-handles","status":"publish","type":"product","link":"https:\/\/minghanggroup.com\/pt\/produto\/embossed-glass-mason-jars-with-handles\/","title":{"rendered":"Potes de vidro texturizado com al\u00e7as, de 65 e 450 ml, ideais para caf\u00e9s e eventos."},"content":{"rendered":"<p>Seu caf\u00e9 gelado merece um recipiente \u00e0 altura \u2014 nada de potes comuns! Criamos potes de vidro com al\u00e7a que transformam bebidas do dia a dia em momentos dignos do Instagram. Os potes de vidro com al\u00e7a combinam charme vintage com funcionalidade de sobra \u2014 perfeitos para cafeterias, cervejarias ou para o seu pr\u00f3ximo projeto de sucesso.<\/p>\n<h2>Caracter\u00edsticas do produto<\/h2>\n<ol>\n<li><strong>Magia do Relevo Vintage:<\/strong>As esculturas exclusivas fazem de cada pote de vidro com al\u00e7a um \u00f3timo tema de conversa nas prateleiras.<\/li>\n<li><strong>Pegada confort\u00e1vel:<\/strong>As al\u00e7as grossas permitem servir o l\u00edquido com suavidade, sem escorregar ou derramar. Seus clientes v\u00e3o agradecer.<\/li>\n<li><strong>Ideal para todos os tamanhos:<\/strong>Dispon\u00edveis em embalagens de 65ml ou 450ml, estes frascos de vidro com al\u00e7a s\u00e3o perfeitos para o seu projeto.<\/li>\n<\/ol>\n<h2>Especifica\u00e7\u00f5es principais<\/h2>\n<table style=\"border-collapse: collapse; width: 80%; margin-left: auto; margin-right: auto;\" border=\"0\" width=\"288\" cellspacing=\"0\" cellpadding=\"0\">\n<tbody>\n<tr style=\"height: 13.50pt;\">\n<td class=\"et2\" style=\"height: 13.5pt; width: 54pt; text-align: center;\" width=\"72\" height=\"18\">Modelo<\/td>\n<td style=\"width: 54pt; text-align: center;\" width=\"72\">Capacidade (ml)<\/td>\n<td class=\"et2\" style=\"width: 54pt; text-align: center;\" width=\"72\">Dimens\u00f5es (cm)<\/td>\n<td style=\"width: 54pt; text-align: center;\" width=\"72\">Forma<\/td>\n<\/tr>\n<tr style=\"height: 13.50pt;\">\n<td style=\"height: 13.5pt; text-align: center;\" align=\"right\" height=\"18\">63006561<\/td>\n<td style=\"text-align: center;\" align=\"right\">65<\/td>\n<td style=\"text-align: center;\">5.8*4.1*7.3<\/td>\n<td class=\"et2\" style=\"text-align: center;\" rowspan=\"2\">Al\u00e7a com relevo<\/td>\n<\/tr>\n<tr style=\"height: 13.50pt;\">\n<td style=\"height: 13.5pt; text-align: center;\" align=\"right\" height=\"18\">63045062<\/td>\n<td style=\"text-align: center;\" align=\"right\">450<\/td>\n<td style=\"text-align: center;\">&#8211;<\/td>\n<\/tr>\n<\/tbody>\n<\/table>\n<h2>Caso de sucesso<\/h2>\n<p>Nos EUA, uma marca de sucos em r\u00e1pido crescimento queria aumentar a visibilidade e o impacto de sua vibrante linha de sucos para passar no p\u00e3o. Eles nos contataram para produzir potes de vidro personalizados com al\u00e7as. Premium, feitos de vidro de alta transpar\u00eancia, os potes exibem com perfei\u00e7\u00e3o as cores naturais dos sucos \u2014 desde a vibrante mistura de laranja e manga at\u00e9 os sucos mistos. Cada pote possui um logotipo exclusivo da marca e uma identifica\u00e7\u00e3o met\u00e1lica preta fosca com veda\u00e7\u00e3o herm\u00e9tica de silicone, garantindo frescor e suavidade. Apenas dois meses ap\u00f3s o lan\u00e7amento da nova embalagem, as vendas aumentaram 60% e agora a empresa encomenda potes em grandes quantidades regularmente!<\/p>\n<h2>Dicas de personaliza\u00e7\u00e3o<\/h2>\n<p>A personalidade da sua bebida merece um palco, n\u00e3o apenas um pote. Nossos potes de vidro com al\u00e7a contam uma hist\u00f3ria a cada gole, gra\u00e7as \u00e0 sua exclusiva grava\u00e7\u00e3o vintage. Precisa de uma amostra de caf\u00e9 de 65 ml? Oferecemos potes de vidro com al\u00e7a personalizados em estoque. Seus potes de vidro com al\u00e7a n\u00e3o s\u00e3o apenas uma embalagem; s\u00e3o sua arma secreta para o sucesso nas redes sociais. Deixe-nos fazer do seu pr\u00f3ximo lote um sucesso absoluto.<\/p>","protected":false},"excerpt":{"rendered":"<p>Potes de vidro texturizados com al\u00e7as, ideais para bebidas geladas, smoothies ou caf\u00e9. Perfeitos para cafeterias e eventos, com op\u00e7\u00f5es de tampas personalizadas e logotipos dispon\u00edveis.<\/p>","protected":false},"featured_media":1414,"template":"","meta":{"postBodyCss":"","postBodyMargin":[],"postBodyPadding":[],"postBodyBackground":{"backgroundType":"classic","gradient":""}},"product_brand":[],"product_cat":[15,17,19],"product_tag":[95,72],"class_list":{"0":"post-1402","1":"product","2":"type-product","3":"status-publish","4":"has-post-thumbnail","6":"product_cat-glass-containers","7":"product_cat-glass-jars","8":"product_cat-glass-mason-jars","9":"product_tag-coffee-tumblers","10":"product_tag-juice-bottles","12":"first","13":"instock","14":"shipping-taxable","15":"product-type-simple"},"jetpack_sharing_enabled":true,"_links":{"self":[{"href":"https:\/\/minghanggroup.com\/pt\/wp-json\/wp\/v2\/product\/1402","targetHints":{"allow":["GET"]}}],"collection":[{"href":"https:\/\/minghanggroup.com\/pt\/wp-json\/wp\/v2\/product"}],"about":[{"href":"https:\/\/minghanggroup.com\/pt\/wp-json\/wp\/v2\/types\/product"}],"wp:featuredmedia":[{"embeddable":true,"href":"https:\/\/minghanggroup.com\/pt\/wp-json\/wp\/v2\/media\/1414"}],"wp:attachment":[{"href":"https:\/\/minghanggroup.com\/pt\/wp-json\/wp\/v2\/media?parent=1402"}],"wp:term":[{"taxonomy":"product_brand","embeddable":true,"href":"https:\/\/minghanggroup.com\/pt\/wp-json\/wp\/v2\/product_brand?post=1402"},{"taxonomy":"product_cat","embeddable":true,"href":"https:\/\/minghanggroup.com\/pt\/wp-json\/wp\/v2\/product_cat?post=1402"},{"taxonomy":"product_tag","embeddable":true,"href":"https:\/\/minghanggroup.com\/pt\/wp-json\/wp\/v2\/product_tag?post=1402"}],"curies":[{"name":"wp","href":"https:\/\/api.w.org\/{rel}","templated":true}]}}