{"id":1396,"date":"2025-10-15T02:10:22","date_gmt":"2025-10-15T02:10:22","guid":{"rendered":"https:\/\/minghanggroup.com\/?post_type=product&#038;p=1396"},"modified":"2026-03-02T13:51:24","modified_gmt":"2026-03-02T05:51:24","slug":"40-600ml-custom-glass-mason-jar-with-handle-for-drinking","status":"publish","type":"product","link":"https:\/\/minghanggroup.com\/pt\/produto\/40-600ml-custom-glass-mason-jar-with-handle-for-drinking\/","title":{"rendered":"Pote de vidro personalizado tipo Mason com al\u00e7a, de 40 a 600 ml, para bebidas."},"content":{"rendered":"<p>Seu caf\u00e9 gelado merece mais do que um simples copo! Criamos potes de vidro com al\u00e7a que d\u00e3o um toque sofisticado \u00e0 sua bebida, sem esfor\u00e7o. Esses potes de vidro com al\u00e7a combinam o charme cl\u00e1ssico com a praticidade moderna \u2014 perfeitos para cafeterias, bares de smoothies ou para o seu pr\u00f3ximo projeto de sucesso.<\/p>\n<h2>Caracter\u00edsticas do produto<\/h2>\n<ol>\n<li><strong>Design de al\u00e7a confort\u00e1vel:<\/strong>A al\u00e7a de vidro espessa facilita o despejo e evita escorreg\u00f5es e derramamentos.<\/li>\n<li><strong>Lacre de seguran\u00e7a:<\/strong>O design de boca padr\u00e3o do pote Mason se encaixa perfeitamente com as tampas de boca padr\u00e3o. Aperte bem, guarde e durma tranquilo.<\/li>\n<li><strong>Qualidade vis\u00edvel:<\/strong>O copo transparente real\u00e7a a cor vibrante da sua bebida \u2014 os clientes podem ver a qualidade antes mesmo de a provarem.<\/li>\n<li><strong>Diversas op\u00e7\u00f5es de tamanho:<\/strong>Desde amostras de 40ml at\u00e9 embalagens de 600ml, estes frascos de vidro tipo Mason com al\u00e7as t\u00eam uma op\u00e7\u00e3o que se adapta \u00e0s suas necessidades.<\/li>\n<\/ol>\n<h2>Especifica\u00e7\u00f5es principais<\/h2>\n<table style=\"border-collapse: collapse; width: 80%; margin-left: auto; margin-right: auto;\" border=\"0\" width=\"291\" cellspacing=\"0\" cellpadding=\"0\">\n<tbody>\n<tr style=\"height: 13.50pt;\">\n<td class=\"et2\" style=\"height: 13.5pt; width: 56.25pt; text-align: center;\" width=\"75\" height=\"18\">Modelo<\/td>\n<td class=\"et2\" style=\"width: 54pt; text-align: center;\" width=\"72\">Capacidade (ml)<\/td>\n<td class=\"et2\" style=\"width: 54pt; text-align: center;\" width=\"72\">Dimens\u00f5es (cm)<\/td>\n<td class=\"et2\" style=\"width: 54pt; text-align: center;\" width=\"72\">Forma<\/td>\n<\/tr>\n<tr style=\"height: 13.50pt;\">\n<td class=\"et2\" style=\"height: 13.5pt; text-align: center;\" height=\"18\">63004054<\/td>\n<td class=\"et2\" style=\"text-align: center;\">40<\/td>\n<td class=\"et2\" style=\"text-align: center;\">4.9&#215;3.6&#215;6.1<\/td>\n<td class=\"et2\" style=\"text-align: center;\" rowspan=\"7\">com al\u00e7a<\/td>\n<\/tr>\n<tr style=\"height: 13.50pt;\">\n<td class=\"et2\" style=\"height: 13.5pt; text-align: center;\" height=\"18\">63013055<\/td>\n<td class=\"et2\" style=\"text-align: center;\">130<\/td>\n<td class=\"et2\" style=\"text-align: center;\">7.4&#215;5.4&#215;8.4<\/td>\n<\/tr>\n<tr style=\"height: 13.50pt;\">\n<td class=\"et2\" style=\"height: 13.5pt; text-align: center;\" height=\"18\">63020056<\/td>\n<td class=\"et2\" style=\"text-align: center;\">200<\/td>\n<td class=\"et2\" style=\"text-align: center;\">8,4\u00d76,0x10,3<\/td>\n<\/tr>\n<tr style=\"height: 13.50pt;\">\n<td class=\"et2\" style=\"height: 13.5pt; text-align: center;\" height=\"18\">63030057<\/td>\n<td class=\"et2\" style=\"text-align: center;\">300<\/td>\n<td class=\"et2\" style=\"text-align: center;\">&#8211;<\/td>\n<\/tr>\n<tr style=\"height: 13.50pt;\">\n<td class=\"et2\" style=\"height: 13.5pt; text-align: center;\" height=\"18\">63040058<\/td>\n<td class=\"et2\" style=\"text-align: center;\">400<\/td>\n<td class=\"et2\" style=\"text-align: center;\">&#8211;<\/td>\n<\/tr>\n<tr style=\"height: 13.50pt;\">\n<td class=\"et2\" style=\"height: 13.5pt; text-align: center;\" height=\"18\">63048059<\/td>\n<td class=\"et2\" style=\"text-align: center;\">480<\/td>\n<td class=\"et2\" style=\"text-align: center;\">10.7&#215;7.8&#215;13.2<\/td>\n<\/tr>\n<tr style=\"height: 13.50pt;\">\n<td class=\"et2\" style=\"height: 13.5pt; text-align: center;\" height=\"18\">63060060<\/td>\n<td class=\"et2\" style=\"text-align: center;\">600<\/td>\n<td class=\"et2\" style=\"text-align: center;\">12.4&#215;8.8&#215;14.5<\/td>\n<\/tr>\n<\/tbody>\n<\/table>\n<h2>Caso de sucesso<\/h2>\n<p>Uma popular cafeteria na Calif\u00f3rnia colaborou conosco para redesenhar a embalagem de seu caf\u00e9 gelado. Criamos potes de vidro personalizados de 200 ml com al\u00e7as, feitos de vidro resistente com textura de leopardo e alta qualidade, para aumentar a visibilidade do produto. Eles tamb\u00e9m escolheram etiquetas de metal prateado e revestimentos de silicone para criar uma veda\u00e7\u00e3o \u00e0 prova de vazamentos, preservando o frescor e o sabor de suas bebidas geladas. Para refor\u00e7ar ainda mais a marca, gravamos o logotipo da cafeteria na base dos potes e oferecemos acabamentos fosco e \u00e2mbar para suas bebidas sazonais. Ap\u00f3s o lan\u00e7amento do novo produto, a cafeteria observou um aumento significativo de 50% nas vendas de caf\u00e9 gelado em apenas um m\u00eas.<\/p>\n<h2>Dicas de personaliza\u00e7\u00e3o<\/h2>\n<p>Sua bebida merece ser o centro das aten\u00e7\u00f5es, n\u00e3o apenas mais um recipiente. Personalizamos potes de vidro com seu logotipo, cores, designs exclusivos de gargalo e at\u00e9 mesmo al\u00e7as. Precisa de potes de amostra de 40 ml para o seu neg\u00f3cio? Enviamos rapidamente. Seu pote de vidro com al\u00e7a \u00e9 mais do que apenas uma embalagem; \u00e9 o seu pr\u00f3ximo produto de sucesso e sucesso de vendas. Vamos fazer isso acontecer juntos.<\/p>\n<p>&nbsp;<\/p>","protected":false},"excerpt":{"rendered":"<p>Os resistentes potes de vidro transparente com al\u00e7a s\u00e3o perfeitos para bebidas geladas, smoothies ou caf\u00e9. Esses potes de vidro com al\u00e7a tamb\u00e9m s\u00e3o ideais para cafeterias e eventos. Tampas personalizadas e impress\u00e3o de logotipos est\u00e3o dispon\u00edveis.<\/p>","protected":false},"featured_media":1398,"template":"","meta":{"postBodyCss":"","postBodyMargin":[],"postBodyPadding":[],"postBodyBackground":{"backgroundType":"classic","gradient":""}},"product_brand":[],"product_cat":[15,17,19],"product_tag":[95,72],"class_list":{"0":"post-1396","1":"product","2":"type-product","3":"status-publish","4":"has-post-thumbnail","6":"product_cat-glass-containers","7":"product_cat-glass-jars","8":"product_cat-glass-mason-jars","9":"product_tag-coffee-tumblers","10":"product_tag-juice-bottles","12":"first","13":"instock","14":"shipping-taxable","15":"product-type-simple"},"jetpack_sharing_enabled":true,"_links":{"self":[{"href":"https:\/\/minghanggroup.com\/pt\/wp-json\/wp\/v2\/product\/1396","targetHints":{"allow":["GET"]}}],"collection":[{"href":"https:\/\/minghanggroup.com\/pt\/wp-json\/wp\/v2\/product"}],"about":[{"href":"https:\/\/minghanggroup.com\/pt\/wp-json\/wp\/v2\/types\/product"}],"wp:featuredmedia":[{"embeddable":true,"href":"https:\/\/minghanggroup.com\/pt\/wp-json\/wp\/v2\/media\/1398"}],"wp:attachment":[{"href":"https:\/\/minghanggroup.com\/pt\/wp-json\/wp\/v2\/media?parent=1396"}],"wp:term":[{"taxonomy":"product_brand","embeddable":true,"href":"https:\/\/minghanggroup.com\/pt\/wp-json\/wp\/v2\/product_brand?post=1396"},{"taxonomy":"product_cat","embeddable":true,"href":"https:\/\/minghanggroup.com\/pt\/wp-json\/wp\/v2\/product_cat?post=1396"},{"taxonomy":"product_tag","embeddable":true,"href":"https:\/\/minghanggroup.com\/pt\/wp-json\/wp\/v2\/product_tag?post=1396"}],"curies":[{"name":"wp","href":"https:\/\/api.w.org\/{rel}","templated":true}]}}