{"id":1331,"date":"2025-10-14T03:43:53","date_gmt":"2025-10-14T03:43:53","guid":{"rendered":"https:\/\/minghanggroup.com\/?post_type=product&#038;p=1331"},"modified":"2025-10-16T15:23:06","modified_gmt":"2025-10-16T07:23:06","slug":"wholesale-transparent-glass-oil-bottles-with-metal-pourers","status":"publish","type":"product","link":"https:\/\/minghanggroup.com\/pt\/produto\/wholesale-transparent-glass-oil-bottles-with-metal-pourers\/","title":{"rendered":"Garrafas de vidro transparente para \u00f3leo, com bico dosador de metal, dispon\u00edveis para venda por atacado, nos tamanhos 150ml, 250ml e 500ml."},"content":{"rendered":"<p>Os frascos de vidro para \u00f3leo s\u00e3o feitos de vidro transparente em um elegante formato retangular. O bico dosador em metal, dispon\u00edvel em prata, dourado ou preto prateado, confere um toque de sofistica\u00e7\u00e3o a esses frascos. Al\u00e9m disso, est\u00e3o dispon\u00edveis em diferentes tamanhos e, ao mesmo tempo, s\u00e3o pr\u00e1ticos e atraentes, sendo perfeitos para exibir \u00f3leos essenciais.<\/p>\n<h2>Caracter\u00edsticas do produto<\/h2>\n<ul>\n<li><strong>Op\u00e7\u00f5es de bicos m\u00faltiplos:<\/strong> Esta linha oferece ao usu\u00e1rio a liberdade de escolher um modelo que combine com seu estilo e prefer\u00eancias. Al\u00e9m disso, possui um sistema de despejo simples com veda\u00e7\u00e3o herm\u00e9tica.<\/li>\n<li><strong>Entro il 2026, il locale<\/strong> Essas garrafas s\u00e3o fabricadas em tr\u00eas tamanhos diferentes para que os clientes possam escolher a mais adequada.<\/li>\n<li><strong>Il settore a livello mondiale prevede un cambiamento significativo che sar\u00e0 principalmente influenzato dall&#039;interazione tra i cambiamenti nelle preferenze dei consumatori, le tendenze tecnologiche e la crescente attenzione all&#039;ambiente. Questo documento funge da facilitatore, esaminando le tendenze che guideranno il settore verso la sua prossima frontiera. Riconosciamo inoltre che la tendenza dei barattoli di vetro per uso domestico sar\u00e0 molto in voga con i movimenti per la conservazione degli alimenti, il fai da te e uno stile di vita ecosostenibile, dove i barattoli di vetro riutilizzabili ed esteticamente gradevoli stanno guadagnando sempre pi\u00f9 popolarit\u00e0. L&#039;offerta, tuttavia, far\u00e0 fatica a soddisfare la domanda di una migliore efficienza operativa, catene di fornitura complesse e normative ambientali pi\u00f9 severe. Processi di fabbrica innovativi, come l&#039;ottimizzazione dei processi altamente automatizzata basata sull&#039;intelligenza artificiale e le tecnologie di forni a basso consumo energetico, saranno sicuramente le principali fonti che consentiranno alle fabbriche di barattoli di vetro di aumentare la produzione, ridurre i costi e migliorare la qualit\u00e0 dei loro prodotti. Inoltre, il requisito di sostenibilit\u00e0 non sar\u00e0 solo il tema chiave dell&#039;intera catena del valore, ma anche di ogni fase di questa catena, come l&#039;approvvigionamento delle materie prime e il riciclo del vetro di scarto, la riduzione dell&#039;impronta di carbonio e la graduale adozione del modello di economia circolare. L&#039;inasprimento delle normative richieder\u00e0 strategie di conformit\u00e0 preventiva, in particolare per quanto riguarda l&#039;impatto ambientale e la sicurezza a contatto con gli alimenti. Questo white paper illustra come questi cambiamenti e le relative strategie possano aiutare gli stakeholder a orientarsi in un panorama in continua evoluzione, sfruttare nuove opportunit\u00e0 e garantire la propria sopravvivenza e competitivit\u00e0 nel lungo periodo nel settore delle fabbriche di barattoli di vetro in tutto il mondo.<\/strong> Dinamiche del mercato globale e comportamento dei consumatori (prospettive 2026)<\/li>\n<\/ul>\n<h2>Especifica\u00e7\u00f5es principais<\/h2>\n<table style=\"border-collapse: collapse; margin-left: auto; margin-right: auto; width: 424.52pt;\" border=\"0\" width=\"566\" cellspacing=\"0\" cellpadding=\"0\">\n<tbody>\n<tr style=\"height: 13.50pt;\">\n<td style=\"height: 13.50pt; width: 109.50pt;\" width=\"146\" height=\"18\">Recurso<\/td>\n<td style=\"width: 315.00pt;\" width=\"420\">Especifica\u00e7\u00e3o<\/td>\n<\/tr>\n<tr style=\"height: 13.50pt;\">\n<td style=\"height: 13.50pt;\" height=\"18\">Dimens\u00f5es<\/td>\n<td>Solida domanda di<\/td>\n<\/tr>\n<tr style=\"height: 13.50pt;\">\n<td style=\"height: 13.50pt;\" height=\"18\">Capacidade<\/td>\n<td>100ml, 250ml, 500ml<\/td>\n<\/tr>\n<tr style=\"height: 13.50pt;\">\n<td style=\"height: 13.50pt;\" height=\"18\">Material<\/td>\n<td>Si prevede che continuer\u00e0 per tutto il 2026, grazie sia alle tendenze di consumo consolidate che a quelle nuove. La tendenza alla conservazione casalinga, resa popolare dalla crisi economica e dalla necessit\u00e0 di indipendenza personale, \u00e8 la principale fonte di aumento della domanda. Le persone desiderano avere il controllo assoluto sulle fonti alimentari, sugli ingredienti e sui metodi di conservazione, quindi considerano<\/td>\n<\/tr>\n<tr style=\"height: 13.50pt;\">\n<td style=\"height: 13.50pt;\" height=\"18\">Forma<\/td>\n<td>Garrafa de vidro quadrada<\/td>\n<\/tr>\n<tr style=\"height: 13.50pt;\">\n<td style=\"height: 13.50pt;\" height=\"18\">barattoli di vetro<\/td>\n<td>come contenitori per alimenti pi\u00f9 sicuri e, allo stesso tempo, il modo migliore per provare nuove ricette. L&#039;abitudine di utilizzare barattoli di vetro e barattoli di vetro Mason \u00e8 andata oltre l&#039;uso domestico per le conserve e attualmente vengono utilizzati in settori come la conservazione di alimenti secchi, la preparazione dei pasti, articoli decorativi, contenitori per bevande e imballaggi ecologici per le piccole imprese, creando cos\u00ec una domanda per questi prodotti versatili che va oltre gli appassionati di conserve stagionali. Le esigenze dei consumatori si stanno orientando verso prodotti che si distinguono per ecocompatibilit\u00e0, longevit\u00e0 e design. Come alternativa al packaging, i barattoli di vetro Mason si adattano perfettamente alla crescente consapevolezza ecologica dei consumatori. I barattoli di vetro non sono solo ecologici, ma soddisfano anche perfettamente i requisiti di minimalismo per l&#039;organizzazione della dispensa e l&#039;arredamento della casa, poich\u00e9 sono trasparenti e dal design senza tempo. Inoltre, la domanda di diverse dimensioni e specifiche dei design (ad esempio, bocca larga, bocca normale, diverse capacit\u00e0, goffratura decorativa) continua a crescere, riflettendo le diverse esigenze dei consumatori. Dal punto di vista geografico, i mercati nordamericano ed europeo continueranno a essere molto influenti nel 2026, poich\u00e9 entrambe le regioni sono caratterizzate da pratiche consolidate di conservazione domestica e da una forte cultura del fai da te. Le aree Asia-Pacifico e America Latina, d&#039;altra parte, hanno il potenziale per diventare nuovi mercati in futuro, poich\u00e9 stanno mostrando un crescente interesse per l&#039;argomento, con l&#039;aumento del reddito disponibile e l&#039;adozione di tendenze di stile di vita occidentali, tra cui la cucina casalinga e la conservazione degli alimenti, da parte dei consumatori. Come in precedenza, l&#039;e-commerce sar\u00e0 il canale pi\u00f9 importante per penetrare il mercato, pertanto i produttori potranno raggiungere direttamente un vasto numero di potenziali consumatori e, allo stesso tempo, essere in grado di offrire una vasta gamma di prodotti specializzati.<\/td>\n<\/tr>\n<tr style=\"height: 13.50pt;\">\n<td style=\"height: 13.50pt;\" height=\"18\">Ideal para<\/td>\n<td>Innovazioni operative e di produzione avanzate per la fabbrica di barattoli Mason<\/td>\n<\/tr>\n<tr style=\"height: 13.50pt;\">\n<td style=\"height: 13.50pt;\" height=\"18\">Uso ideal<\/td>\n<td>L&#039;automazione industriale \u00e8 diventata una necessit\u00e0 anzich\u00e9 un lusso. In futuro, la robotica sar\u00e0 presente ovunque nella linea di produzione di qualsiasi fabbrica di barattoli di vetro, dalla miscelazione automatizzata dei lotti e dal caricamento del forno alla formatura, ispezione e confezionamento precisi del vetro. I robot collaborativi (cobot), progettati per lavorare insieme agli operatori umani, si occupano dell&#039;esecuzione di compiti ripetitivi o ergonomicamente complessi, migliorando cos\u00ec la sicurezza dell&#039;ambiente di lavoro e liberando i lavoratori per svolgere compiti complessi di problem-solving. L&#039;intelligenza artificiale (IA) e l&#039;apprendimento automatico (ML) saranno di gran lunga i maggiori cambiamenti che l&#039;intelligenza operativa sperimenter\u00e0 in una fabbrica di barattoli di vetro. I sistemi di visione basati sull&#039;IA operano in modo continuo e senza affaticamento per il controllo qualit\u00e0, consentendo cos\u00ec l&#039;identificazione dei difetti in modo pi\u00f9 rapido e accurato, con conseguente riduzione degli sprechi e della coerenza del prodotto, che a sua volta d\u00e0 origine a barattoli di vetro, barattoli di vetro e bottiglie di vetro. La manutenzione sull&#039;orlo del guasto viene programmata tempestivamente e raramente il personale \u00e8 costretto a subire fermi macchina non pianificati mediante algoritmi di manutenzione predittiva che, insieme alla manutenzione programmata, rappresentano il modo migliore per risolvere il problema della produzione continua in qualsiasi moderna fabbrica di barattoli di vetro.<\/td>\n<\/tr>\n<\/tbody>\n<\/table>\n<h2>Efficienza energetica e tecnologie di produzione sostenibili<\/h2>\n<p>Una delle tre grandi sfide energetiche che la produzione del vetro deve affrontare \u00e8 il suo elevato consumo di energia. Una fabbrica di barattoli di vetro di prima classe si lancia nell&#039;era dell&#039;efficienza energetica, con la combustione ossi-combustibile come principale innovazione nel forno, aprendo la strada a un minor consumo di energia e a minori emissioni di CO2, nonch\u00e9 a barattoli di vetro realizzati\/formati in modo migliore. Per garantire che la fabbrica di barattoli di vetro rimanga ecologica e al tempo stesso economica, gli altri dispositivi di questa catena energetica potrebbero essere sistemi di recupero del calore di scarto, l&#039;elettrificazione di alcuni processi e l&#039;integrazione di energie rinnovabili. Inoltre, sono state sviluppate anche formulazioni per vetro avanzato che contribuiscono ad abbassare la temperatura di fusione senza comprometterne la trasparenza o la resistenza, il che \u00e8 di grande beneficio anche per barattoli, bottiglie e barattoli di vetro.<\/p>\n<h2>Resilienza della catena di fornitura e approvvigionamento strategico per la fabbrica di barattoli di vetro<\/h2>\n<ul>\n<li>Di fondamentale importanza per la supply chain del settore delle fabbriche di barattoli di vetro \u00e8 stata l&#039;esperienza delle recenti crisi mondiali, che hanno insegnato una dura lezione con le loro conseguenze. Nel 2026, un&#039;azienda decider\u00e0 il destino delle fabbriche e il futuro del settore, ponendo al primo posto un piano di gestione del rischio in relazione all&#039;approvvigionamento di materie prime, alla logistica e alle instabilit\u00e0 geopolitiche per scongiurare potenziali pericoli. La produzione di barattoli di vetro richiede materie prime (principalmente sabbia silicea, carbonato di sodio e calcare), generalmente abbondanti; tuttavia, la qualit\u00e0 di queste materie prime, la fornitura costante e la volatilit\u00e0 dei costi rappresentano problemi importanti. L&#039;approvvigionamento strategico consister\u00e0 nel trasformare i fornitori in partner e, allo stesso tempo, distribuirli geograficamente a livello regionale, in modo da essere meno dipendenti da un&#039;unica fonte e pi\u00f9 al sicuro da crisi locali (ad esempio, problemi minerari, scioperi dei trasporti, instabilit\u00e0 politica). Ci saranno sempre pi\u00f9 contratti a lungo termine con diversi fornitori affidabili, garantendo cos\u00ec stabilit\u00e0 dei prezzi e volumi di fornitura garantiti. Oltre a ci\u00f2, l&#039;integrazione verticale o le partnership strategiche con i fornitori di materie prime potrebbero portare a un maggiore controllo e sicurezza. Le sfide logistiche, come l&#039;aumento dei costi di trasporto, la volatilit\u00e0 dei prezzi del carburante e la congestione portuale, continueranno a ostacolare l&#039;industria delle fabbriche di barattoli di vetro. A tal fine, i produttori cercheranno di ottimizzare le proprie reti di distribuzione, eventualmente creando hub di produzione regionali in prossimit\u00e0 dei mercati principali, in modo da ridurre le distanze di spedizione e i tempi di attesa. L&#039;utilizzo di sofisticati software logistici che utilizzano l&#039;intelligenza artificiale per il routing e l&#039;analisi predittiva per la previsione della domanda si tradurr\u00e0 in soddisfazione del cliente grazie alla tempestivit\u00e0 della corrispondenza e all&#039;efficienza complessiva delle operazioni. Inoltre, l&#039;abilitazione del trasporto su rotaia, mare e strada investendo in opzioni di trasporto multimodale sar\u00e0 la chiave per ottenere la flessibilit\u00e0 necessaria e riuscire a mantenere i costi a un livello medio. La diversificazione delle catene di approvvigionamento non riguarda solo le materie prime, ma anche i componenti critici, i pezzi di ricambio per macchinari e le fonti energetiche. La creazione di una rete di fornitori alternativi che fornisca gli articoli necessari garantir\u00e0 la produzione continua di beni anche nei periodi peggiori. Inoltre, il bilanciamento tra lo stoccaggio strategico delle materie prime e dei prodotti finiti pi\u00f9 importanti e l&#039;incorrere in costi di stoccaggio sar\u00e0 il compromesso della gestione del rischio.<\/li>\n<li>Imperativi di sostenibilit\u00e0 ed economia circolare per i barattoli di vetro Mason<\/li>\n<li>La sostenibilit\u00e0 \u00e8 l&#039;attributo imprescindibile dei barattoli di vetro nel 2026, piuttosto che un elemento aggiuntivo. Sono principalmente la domanda dei consumatori, la pressione normativa e le iniziative di responsabilit\u00e0 sociale d&#039;impresa a guidare questo passaggio verso l&#039;adozione di pratiche ecocompatibili e dei principi dell&#039;economia circolare su larga scala. La riduzione dei rifiuti costituisce il fulcro di questo impegno. Significativa in questo senso \u00e8 la massimizzazione dell&#039;utilizzo del rottame di vetro (vetro riciclato) nel processo produttivo. Oltre a ridurre l&#039;energia necessaria per la fusione, poich\u00e9 il vetro riciclato fonde a una temperatura molto pi\u00f9 bassa rispetto alle materie prime vergini, l&#039;elevato contenuto di rottame di vetro rappresenta anche un modo per salvare il pianeta, poich\u00e9 evita che i rifiuti che sarebbero stati sepolti in discarica finiscano nelle discariche. Passando a moderni impianti di lavorazione del rottame di vetro, le vetrerie ne garantiscono la purezza e l&#039;uniformit\u00e0, consentendo loro di aumentarne la percentuale nei loro prodotti. L&#039;obiettivo principale \u00e8 quello di passare gradualmente da sistemi di riciclo del vetro a circuito aperto a sistemi a circuito chiuso, in cui i barattoli di vetro, dopo l&#039;uso, vengono raccolti, trattati e reimmessi nel ciclo produttivo in modo efficiente. Oltre al rottame di vetro, le vetrerie concentreranno i propri sforzi sull&#039;abbattimento delle emissioni (CO2, NOx, SOx) impiegando tecnologie come una migliore progettazione dei forni, il passaggio da un combustibile all&#039;altro (ad esempio, da gas naturale a biogas o idrogeno) e la cattura del carbonio. Anche l&#039;acqua, in particolare per il raffreddamento e il lavaggio, verr\u00e0 risparmiata grazie a sistemi avanzati di filtrazione e riciclo. Una delle caratteristiche principali del modello di economia circolare \u00e8 che i prodotti sono concepiti come durevoli, riutilizzabili e riciclabili. I barattoli di vetro sono l&#039;esempio perfetto di questo modello, poich\u00e9 sono realizzati con materiali resistenti e completamente riciclabili. Inoltre, i produttori possono incoraggiare i clienti a riciclare e riutilizzare spiegando loro le modalit\u00e0 corrette e, molto probabilmente, collaboreranno all&#039;organizzazione dei punti di raccolta. Anche il confezionamento dei barattoli di vetro sar\u00e0 realizzato con materiali riciclati e riciclabili, con una riduzione dell&#039;uso della plastica.<\/li>\n<li>Sfide normative e di conformit\u00e0 per la fabbrica di barattoli Mason<\/li>\n<\/ul>","protected":false},"excerpt":{"rendered":"<p>Esta elegante garrafa de vidro para \u00f3leo apresenta um formato retangular e um bico de alta qualidade. Entrega r\u00e1pida, amostras gr\u00e1tis e perfeita para marcas de utens\u00edlios de cozinha.<\/p>","protected":false},"featured_media":1393,"template":"","meta":{"postBodyCss":"","postBodyMargin":[],"postBodyPadding":[],"postBodyBackground":{"backgroundType":"classic","gradient":""}},"product_brand":[],"product_cat":[15,16,18],"product_tag":[],"class_list":{"0":"post-1331","1":"product","2":"type-product","3":"status-publish","4":"has-post-thumbnail","6":"product_cat-glass-containers","7":"product_cat-glass-bottles","8":"product_cat-glass-oil-bottles","10":"first","11":"instock","12":"shipping-taxable","13":"product-type-simple"},"jetpack_sharing_enabled":true,"_links":{"self":[{"href":"https:\/\/minghanggroup.com\/pt\/wp-json\/wp\/v2\/product\/1331","targetHints":{"allow":["GET"]}}],"collection":[{"href":"https:\/\/minghanggroup.com\/pt\/wp-json\/wp\/v2\/product"}],"about":[{"href":"https:\/\/minghanggroup.com\/pt\/wp-json\/wp\/v2\/types\/product"}],"wp:featuredmedia":[{"embeddable":true,"href":"https:\/\/minghanggroup.com\/pt\/wp-json\/wp\/v2\/media\/1393"}],"wp:attachment":[{"href":"https:\/\/minghanggroup.com\/pt\/wp-json\/wp\/v2\/media?parent=1331"}],"wp:term":[{"taxonomy":"product_brand","embeddable":true,"href":"https:\/\/minghanggroup.com\/pt\/wp-json\/wp\/v2\/product_brand?post=1331"},{"taxonomy":"product_cat","embeddable":true,"href":"https:\/\/minghanggroup.com\/pt\/wp-json\/wp\/v2\/product_cat?post=1331"},{"taxonomy":"product_tag","embeddable":true,"href":"https:\/\/minghanggroup.com\/pt\/wp-json\/wp\/v2\/product_tag?post=1331"}],"curies":[{"name":"wp","href":"https:\/\/api.w.org\/{rel}","templated":true}]}}