{"id":1330,"date":"2025-10-14T09:43:39","date_gmt":"2025-10-14T09:43:39","guid":{"rendered":"https:\/\/minghanggroup.com\/?post_type=product&#038;p=1330"},"modified":"2026-01-20T14:30:11","modified_gmt":"2026-01-20T06:30:11","slug":"100-480ml-small-glass-mason-jars-with-aluminum-lids-for-honey-food-packaging","status":"publish","type":"product","link":"https:\/\/minghanggroup.com\/pt\/produto\/100-480ml-small-glass-mason-jars-with-aluminum-lids-for-honey-food-packaging\/","title":{"rendered":"Potes de vidro pequenos de 100 a 480 ml com tampas de alum\u00ednio para embalagens de mel e outros alimentos."},"content":{"rendered":"<p>Seu mel merece brilhar, n\u00e3o se esconder. Criamos pequenos potes de vidro estilo Mason que destacam seu produto gra\u00e7as \u00e0 transpar\u00eancia cristalina do vidro. Esses recipientes cl\u00e1ssicos combinam design atemporal com funcionalidade excepcional \u2014 perfeitos para mel, molhos ou velas artesanais. Obtenha tampas seguras e op\u00e7\u00f5es de personaliza\u00e7\u00e3o que far\u00e3o sua marca se destacar.<\/p>\n<p>Caracter\u00edsticas do produto<\/p>\n<ol>\n<li><strong>Design cl\u00e1ssico reto:<\/strong>Linhas simples conferem ao seu mel um aspecto sofisticado em qualquer prateleira \u2014 nada de pl\u00e1stico sem gra\u00e7a aqui.<\/li>\n<li><strong>Tampa de rosca segura:<\/strong>O design padr\u00e3o para potes de conserva com boca regular se encaixa perfeitamente nas tampas de potes de conserva com boca padr\u00e3o. Rosqueie, guarde e esque\u00e7a os vazamentos.<\/li>\n<li><strong>Vidro grosso e transparente:<\/strong>Vidro grosso e transparente conserva o mel fresco por mais tempo \u2014 sem preocupa\u00e7\u00f5es com produtos qu\u00edmicos.<\/li>\n<li><strong>Ideal para qualquer projeto:<\/strong>Desde amostras de 100ml at\u00e9 armazenamento a granel de 480ml, temos a solu\u00e7\u00e3o ideal para o seu mel em frascos de vidro.<\/li>\n<\/ol>\n<h2>Especifica\u00e7\u00f5es principais<\/h2>\n<table style=\"border-collapse: collapse; width: 80%; margin-left: auto; margin-right: auto;\" border=\"0\" width=\"288\" cellspacing=\"0\" cellpadding=\"0\">\n<tbody>\n<tr style=\"height: 13.50pt;\">\n<td class=\"et2\" style=\"height: 13.5pt; width: 54pt; text-align: center;\" width=\"72\" height=\"18\">Modelo<\/td>\n<td style=\"width: 54pt; text-align: center;\" width=\"72\">Capacidade (ml)<\/td>\n<td style=\"width: 54pt; text-align: center;\" width=\"72\">Dimens\u00f5es (cm)<\/td>\n<td style=\"width: 54pt; text-align: center;\" width=\"72\">Forma<\/td>\n<\/tr>\n<tr style=\"height: 13.50pt;\">\n<td style=\"height: 13.5pt; text-align: center;\" align=\"right\" height=\"18\">63010050<\/td>\n<td style=\"text-align: center;\" align=\"right\">100<\/td>\n<td style=\"text-align: center;\">7.4&#215;4.2<\/td>\n<td class=\"et2\" style=\"text-align: center;\" rowspan=\"4\">Direto<\/td>\n<\/tr>\n<tr style=\"height: 13.50pt;\">\n<td style=\"height: 13.5pt; text-align: center;\" align=\"right\" height=\"18\">63028051<\/td>\n<td style=\"text-align: center;\" align=\"right\">280<\/td>\n<td style=\"text-align: center;\">7.4&#215;9.5<\/td>\n<\/tr>\n<tr style=\"height: 13.50pt;\">\n<td style=\"height: 13.5pt; text-align: center;\" align=\"right\" height=\"18\">63035052<\/td>\n<td style=\"text-align: center;\" align=\"right\">350<\/td>\n<td style=\"text-align: center;\">7.4&#215;12.0<\/td>\n<\/tr>\n<tr style=\"height: 13.50pt;\">\n<td style=\"height: 13.5pt; text-align: center;\" align=\"right\" height=\"18\">63048053<\/td>\n<td style=\"text-align: center;\" align=\"right\">480<\/td>\n<td style=\"text-align: center;\">7.4&#215;15.0<\/td>\n<\/tr>\n<\/tbody>\n<\/table>\n<h2>Caso de sucesso<\/h2>\n<p>Uma marca australiana de mel artesanal nos procurou para aprimorar a embalagem de sua linha de m\u00e9is finos. Eles queriam um pote de vidro que real\u00e7asse a cor dourada natural de seus produtos, preservasse seu frescor e refor\u00e7asse a imagem premium da marca. Personalizamos esses pequenos potes de vidro de 100 ml, feitos de vidro de alta defini\u00e7\u00e3o pr\u00f3prio para alimentos, projetados para refletir perfeitamente a cor quente do mel sob a luz natural. Tamb\u00e9m selecionamos tampas met\u00e1licas douradas de rosca com revestimento de silicone herm\u00e9tico para garantir que o mel permane\u00e7a puro, fresco e com uma apresenta\u00e7\u00e3o impec\u00e1vel.<\/p>\n<p>As vendas aumentaram 35% em tr\u00eas meses ap\u00f3s a implementa\u00e7\u00e3o da nova embalagem. A marca agora compra potes de vidro personalizados para mel em grandes quantidades mensalmente e expandiu sua linha de produtos para incluir mini potes de amostra e caixas de presente para as festas de fim de ano.<\/p>\n<h2>Dicas de personaliza\u00e7\u00e3o<\/h2>\n<p>Nossos pequenos potes de vidro transformam seu produto em um destaque em qualquer prateleira. Quer que seu pote de mel se sobressaia? Criamos potes de mel personalizados com seu logotipo, cores ou at\u00e9 mesmo designs especiais para a boca. Precisa de potes de amostra de 100ml para feiras livres? Seu pote de mel n\u00e3o \u00e9 apenas um recipiente; \u00e9 o seu pr\u00f3ximo campe\u00e3o de vendas pronto para brilhar. Vamos tornar isso realidade.<\/p>","protected":false},"excerpt":{"rendered":"<p>Potes de vidro pequenos e vers\u00e1teis, ideais para neg\u00f3cios de alimentos, artesanato, cosm\u00e9ticos e projetos &#034;fa\u00e7a voc\u00ea mesmo&#034;. Pre\u00e7os especiais para compras em grande quantidade.<\/p>","protected":false},"featured_media":1384,"template":"","meta":{"postBodyCss":"","postBodyMargin":[],"postBodyPadding":[],"postBodyBackground":{"backgroundType":"classic","gradient":""}},"product_brand":[],"product_cat":[15,17,52],"product_tag":[80,65,72,69],"class_list":{"0":"post-1330","1":"product","2":"type-product","3":"status-publish","4":"has-post-thumbnail","6":"product_cat-glass-containers","7":"product_cat-glass-jars","8":"product_cat-glass-honey-jars","9":"product_tag-caviar-jars","10":"product_tag-glass-jam-jars","11":"product_tag-juice-bottles","12":"product_tag-storage-jars","14":"first","15":"instock","16":"shipping-taxable","17":"product-type-simple"},"jetpack_sharing_enabled":true,"_links":{"self":[{"href":"https:\/\/minghanggroup.com\/pt\/wp-json\/wp\/v2\/product\/1330","targetHints":{"allow":["GET"]}}],"collection":[{"href":"https:\/\/minghanggroup.com\/pt\/wp-json\/wp\/v2\/product"}],"about":[{"href":"https:\/\/minghanggroup.com\/pt\/wp-json\/wp\/v2\/types\/product"}],"wp:featuredmedia":[{"embeddable":true,"href":"https:\/\/minghanggroup.com\/pt\/wp-json\/wp\/v2\/media\/1384"}],"wp:attachment":[{"href":"https:\/\/minghanggroup.com\/pt\/wp-json\/wp\/v2\/media?parent=1330"}],"wp:term":[{"taxonomy":"product_brand","embeddable":true,"href":"https:\/\/minghanggroup.com\/pt\/wp-json\/wp\/v2\/product_brand?post=1330"},{"taxonomy":"product_cat","embeddable":true,"href":"https:\/\/minghanggroup.com\/pt\/wp-json\/wp\/v2\/product_cat?post=1330"},{"taxonomy":"product_tag","embeddable":true,"href":"https:\/\/minghanggroup.com\/pt\/wp-json\/wp\/v2\/product_tag?post=1330"}],"curies":[{"name":"wp","href":"https:\/\/api.w.org\/{rel}","templated":true}]}}