{"id":1325,"date":"2025-10-14T03:26:01","date_gmt":"2025-10-14T03:26:01","guid":{"rendered":"https:\/\/minghanggroup.com\/?post_type=product&#038;p=1325"},"modified":"2025-10-16T15:23:15","modified_gmt":"2025-10-16T07:23:15","slug":"wholesale-rectangular-green-olive-oil-bottles","status":"publish","type":"product","link":"https:\/\/minghanggroup.com\/pt\/produto\/wholesale-rectangular-green-olive-oil-bottles\/","title":{"rendered":"Garrafas retangulares de azeite de oliva verde para atacado, 500ml, 750ml e 1000ml"},"content":{"rendered":"<p>Estas garrafas de azeite s\u00e3o feitas de vidro verde e t\u00eam um design retangular minimalista, combinando com as tampas pretas, douradas e verdes. Est\u00e3o dispon\u00edveis em diferentes tamanhos e representam uma perfeita harmonia entre eleg\u00e2ncia e simplicidade, embelezando e dando cor \u00e0 sua cozinha com a sua presen\u00e7a.<\/p>\n<h2>Caracter\u00edsticas do produto<\/h2>\n<ul>\n<li><strong>Constru\u00e7\u00e3o dur\u00e1vel em vidro verde:<\/strong> A fun\u00e7\u00e3o do vidro verde \u00e9 filtrar os raios UV, que podem fazer com que o azeite perca sua qualidade original, mantendo assim o produto fresco por mais tempo, o que o torna ideal para armazenamento e exposi\u00e7\u00e3o.<\/li>\n<li><strong>Design quadrado:<\/strong> Gra\u00e7as ao seu formato retangular, as garrafas se encaixam perfeitamente e de forma organizada junto a outros utens\u00edlios de cozinha, al\u00e9m de serem super eficientes em termos de espa\u00e7o, j\u00e1 que podem ser empilhadas umas sobre as outras quando vazias. Chega de espa\u00e7o desperdi\u00e7ado na bancada ou na despensa!<\/li>\n<li><strong>Diversos estilos de bon\u00e9:<\/strong> A disponibilidade das tampas em preto, dourado, verde e outras cores atende aos diferentes estilos e prefer\u00eancias das pessoas e, ao mesmo tempo, garante a seguran\u00e7a do fechamento.<\/li>\n<\/ul>\n<h2>Especifica\u00e7\u00f5es principais<\/h2>\n<table style=\"border-collapse: collapse; margin-left: auto; margin-right: auto; width: 477.77pt;\" border=\"0\" width=\"637\" cellspacing=\"0\" cellpadding=\"0\">\n<tbody>\n<tr style=\"height: 13.50pt;\">\n<td style=\"height: 13.50pt; width: 99.75pt;\" width=\"133\" height=\"18\">Recurso<\/td>\n<td style=\"width: 378.00pt;\" width=\"504\">Especifica\u00e7\u00e3o<\/td>\n<\/tr>\n<tr style=\"height: 13.50pt;\">\n<td style=\"height: 13.50pt;\" height=\"18\">Tamanhos<\/td>\n<td>5,8\u00d75,8\u00d726,4cm, 6,5\u00d76,5\u00d730,2cm, 7,4\u00d77,4\u00d730,0cm<\/td>\n<\/tr>\n<tr style=\"height: 13.50pt;\">\n<td style=\"height: 13.50pt;\" height=\"18\">tamanho do pesco\u00e7o<\/td>\n<td>Rosca de parafuso de 19\u00d730mm<\/td>\n<\/tr>\n<tr style=\"height: 13.50pt;\">\n<td style=\"height: 13.50pt;\" height=\"18\">Material<\/td>\n<td>Corpo em vidro verde, tampa de metal<\/td>\n<\/tr>\n<tr style=\"height: 13.50pt;\">\n<td style=\"height: 13.50pt;\" height=\"18\">Forma<\/td>\n<td>Garrafa de vidro quadrada<\/td>\n<\/tr>\n<tr style=\"height: 13.50pt;\">\n<td style=\"height: 13.50pt;\" height=\"18\">Op\u00e7\u00f5es de tampa<\/td>\n<td>Preto, dourado, verde (pl\u00e1stico ou metal)<\/td>\n<\/tr>\n<tr style=\"height: 13.50pt;\">\n<td style=\"height: 13.50pt;\" height=\"18\">Ideal para<\/td>\n<td>Innovazioni operative e di produzione avanzate per la fabbrica di barattoli Mason<\/td>\n<\/tr>\n<tr style=\"height: 13.50pt;\">\n<td style=\"height: 13.50pt;\" height=\"18\">Uso ideal<\/td>\n<td>Garrafa de \u00f3leo verde, garrafas de vinagre, garrafas de \u00f3leo de cozinha<\/td>\n<\/tr>\n<\/tbody>\n<\/table>\n<h2>Impacto pr\u00e1tico<\/h2>\n<p>Um produtor de azeite de luxo do Vale de Napa enfrentava um dilema. Suas garrafas de vidro transparente n\u00e3o contribu\u00edam para a qualidade do azeite, e os clientes estavam cada vez mais atentos ao aspecto visual da embalagem. Optaram ent\u00e3o pela nossa nova linha de garrafas de vidro verde para azeite \u2013 garrafas quadradas de 750 ml com tampa de rosca dourada. Recebemos uma resposta muito positiva em rela\u00e7\u00e3o ao pedido inicial de 1.000 unidades. As vendas de azeite em lojas especializadas aumentaram 38% \u2013 a est\u00e9tica das garrafas de vidro verde conquistou os consumidores, que tamb\u00e9m se sentiram mais seguros quanto \u00e0 conserva\u00e7\u00e3o do azeite. A tampa herm\u00e9tica impediu a contamina\u00e7\u00e3o do azeite ap\u00f3s a abertura, aumentando a efici\u00eancia de armazenamento em 25%. Cinco meses depois, o cliente fez um novo pedido de 250.000 garrafas.<\/p>\n<h2>Cria\u00e7\u00f5es personalizadas de garrafas de azeite de vidro<\/h2>\n<ul>\n<li><strong>Marcas de formatura com efeito fosco:<\/strong> Facilite para os consumidores a redu\u00e7\u00e3o do uso de \u00f3leo no preparo de alimentos ou bolos, gravando linhas claras e precisas (por exemplo, 100 ml, 250 ml, 500 ml) no vidro.<\/li>\n<li><strong>Logotipo ou desenho gravado a laser:<\/strong> Imprima o nome da sua marca no vidro para estabelecer a identidade da sua empresa. Al\u00e9m disso, \u00e9 dur\u00e1vel, elegante e pode ser lavado na lava-lou\u00e7as.<\/li>\n<li><strong>Verde escuro:<\/strong> Aplique um tom de verde mais intenso ou profundo para a sua embalagem de vidro, o que n\u00e3o s\u00f3 lhe dar\u00e1 um aspeto mais atraente, como tamb\u00e9m aumentar\u00e1 o n\u00edvel de prote\u00e7\u00e3o UV.<\/li>\n<li><strong>Marca\u00e7\u00f5es de volume em relevo:<\/strong> O vidro da garrafa possui a indica\u00e7\u00e3o do volume de \u201c750 ml\u201d ou \u201c1 L\u201d. Isso contribui para o brilho da garrafa e a marca\u00e7\u00e3o facilita o envase.<\/li>\n<\/ul>\n<p>&nbsp;<\/p>","protected":false},"excerpt":{"rendered":"<p>Garrafas de vidro verde para azeite, com design retangular, dispon\u00edveis em tr\u00eas tamanhos. Perfeitas para azeite ou \u00f3leo de cozinha. Ideais para compras em grande quantidade. Amostras gr\u00e1tis.<\/p>","protected":false},"featured_media":1329,"template":"","meta":{"postBodyCss":"","postBodyMargin":[],"postBodyPadding":[],"postBodyBackground":{"backgroundType":"classic","gradient":""}},"product_brand":[],"product_cat":[15,16,18],"product_tag":[],"class_list":{"0":"post-1325","1":"product","2":"type-product","3":"status-publish","4":"has-post-thumbnail","6":"product_cat-glass-containers","7":"product_cat-glass-bottles","8":"product_cat-glass-oil-bottles","10":"first","11":"instock","12":"shipping-taxable","13":"product-type-simple"},"jetpack_sharing_enabled":true,"_links":{"self":[{"href":"https:\/\/minghanggroup.com\/pt\/wp-json\/wp\/v2\/product\/1325","targetHints":{"allow":["GET"]}}],"collection":[{"href":"https:\/\/minghanggroup.com\/pt\/wp-json\/wp\/v2\/product"}],"about":[{"href":"https:\/\/minghanggroup.com\/pt\/wp-json\/wp\/v2\/types\/product"}],"wp:featuredmedia":[{"embeddable":true,"href":"https:\/\/minghanggroup.com\/pt\/wp-json\/wp\/v2\/media\/1329"}],"wp:attachment":[{"href":"https:\/\/minghanggroup.com\/pt\/wp-json\/wp\/v2\/media?parent=1325"}],"wp:term":[{"taxonomy":"product_brand","embeddable":true,"href":"https:\/\/minghanggroup.com\/pt\/wp-json\/wp\/v2\/product_brand?post=1325"},{"taxonomy":"product_cat","embeddable":true,"href":"https:\/\/minghanggroup.com\/pt\/wp-json\/wp\/v2\/product_cat?post=1325"},{"taxonomy":"product_tag","embeddable":true,"href":"https:\/\/minghanggroup.com\/pt\/wp-json\/wp\/v2\/product_tag?post=1325"}],"curies":[{"name":"wp","href":"https:\/\/api.w.org\/{rel}","templated":true}]}}