{"id":1317,"date":"2025-10-13T08:50:27","date_gmt":"2025-10-13T08:50:27","guid":{"rendered":"https:\/\/minghanggroup.com\/?post_type=product&#038;p=1317"},"modified":"2026-01-20T14:23:52","modified_gmt":"2026-01-20T06:23:52","slug":"wide-mouth-mason-jars-with-lids-custom-glass-containers-220-480ml","status":"publish","type":"product","link":"https:\/\/minghanggroup.com\/pt\/produto\/wide-mouth-mason-jars-with-lids-custom-glass-containers-220-480ml\/","title":{"rendered":"Potes de vidro estilo Mason com boca larga e tampas \u2013 Recipientes de vidro personalizados de 220 a 480 ml"},"content":{"rendered":"<p>Pare de esconder seus melhores produtos em embalagens sem gra\u00e7a! Nossos potes de vidro com tampa e boca larga deixam mel, molhos e velas irresist\u00edveis. Esses potes de vidro com tampa combinam charme cl\u00e1ssico com muita funcionalidade \u2014 perfeitos para o seu pr\u00f3ximo projeto de sucesso de vendas.<\/p>\n<h2>Caracter\u00edsticas do produto<\/h2>\n<ol>\n<li><strong>Maravilha de Boca Larga:<\/strong>Despeje o mel sem derramar \u2014 a boca larga se encaixa perfeitamente em qualquer tampa. Diga adeus \u00e0 bagun\u00e7a no recheio!<\/li>\n<li><strong>Clareza cristalina:<\/strong>Veja cada detalhe do seu produto. Nada de embalagens opacas escondendo seus campe\u00f5es de venda.<\/li>\n<li><strong>Empilhe e venda:<\/strong>O design curto e largo encaixa-se perfeitamente nas prateleiras. Ideal para amostras de 220 ml ou para armazenamento a granel em recipientes de 480 ml.<\/li>\n<\/ol>\n<h2>Especifica\u00e7\u00f5es principais<\/h2>\n<table style=\"border-collapse: collapse; width: 80%; margin-left: auto; margin-right: auto;\" border=\"0\" width=\"288\" cellspacing=\"0\" cellpadding=\"0\">\n<tbody>\n<tr style=\"height: 13.50pt;\">\n<td style=\"height: 13.5pt; width: 54pt; text-align: center;\" width=\"72\" height=\"18\">Modelo<\/td>\n<td style=\"width: 54pt; text-align: center;\" width=\"72\">Capacidade (ml)<\/td>\n<td style=\"width: 54pt; text-align: center;\" width=\"72\">Dimens\u00f5es (cm)<\/td>\n<td style=\"width: 54pt; text-align: center;\" width=\"72\">Forma<\/td>\n<\/tr>\n<tr style=\"height: 13.50pt;\">\n<td style=\"height: 13.5pt; text-align: center;\" align=\"right\" height=\"18\">63022046<\/td>\n<td style=\"text-align: center;\" align=\"right\">220<\/td>\n<td style=\"text-align: center;\">9.3&#215;5.2<\/td>\n<td class=\"et2\" style=\"text-align: center;\" rowspan=\"4\">Reto curto<\/td>\n<\/tr>\n<tr style=\"height: 13.50pt;\">\n<td style=\"height: 13.5pt; text-align: center;\" align=\"right\" height=\"18\">63028047<\/td>\n<td style=\"text-align: center;\" align=\"right\">280<\/td>\n<td style=\"text-align: center;\">9.3&#215;6.6<\/td>\n<\/tr>\n<tr style=\"height: 13.50pt;\">\n<td style=\"height: 13.5pt; text-align: center;\" align=\"right\" height=\"18\">63037048<\/td>\n<td style=\"text-align: center;\" align=\"right\">370<\/td>\n<td style=\"text-align: center;\">9.3&#215;8.0<\/td>\n<\/tr>\n<tr style=\"height: 13.50pt;\">\n<td style=\"height: 13.5pt; text-align: center;\" align=\"right\" height=\"18\">63048049<\/td>\n<td style=\"text-align: center;\" align=\"right\">480<\/td>\n<td style=\"text-align: center;\">9.3&#215;9.6<\/td>\n<\/tr>\n<\/tbody>\n<\/table>\n<h2>Caso de sucesso<\/h2>\n<p>A marca de mel natural premium da Nova Zel\u00e2ndia nos confiou um pote de vidro personalizado com boca larga. Cristalino e feito de vidro de qualidade alimentar, ele exibe a rica tonalidade \u00e2mbar do mel. Para refor\u00e7ar o reconhecimento da marca, esculpimos um padr\u00e3o de favo de mel ao redor da boca do pote, criando uma sensa\u00e7\u00e3o de pureza e artesanato. Para garantir a veda\u00e7\u00e3o completa, o pote conta com uma identifica\u00e7\u00e3o met\u00e1lica dourada e selada com silicone, preservando o frescor e evitando vazamentos. A magn\u00edfica transpar\u00eancia, aliada \u00e0 veda\u00e7\u00e3o pr\u00e1tica, conquistou rapidamente funcion\u00e1rios e clientes.<\/p>\n<p>Ap\u00f3s o in\u00edcio da implementa\u00e7\u00e3o do novo design, a beleza natural e a melhoria do produto, principalmente devido \u00e0 valoriza\u00e7\u00e3o dos produtos premium pelos consumidores, aumentaram 42% em dois meses.<\/p>\n<h2>Dicas de personaliza\u00e7\u00e3o<\/h2>\n<p>Nossos potes de vidro tipo Mason, curtos e com boca larga, com tampa, empilham-se perfeitamente nas prateleiras. Precisa de potes de degusta\u00e7\u00e3o de 220 ml para feiras livres? Enviamos potes de vidro Mason personalizados com tampas. Quer seu logotipo em potes de vela de 480 ml? Basta descrev\u00ea-lo \u2014 n\u00f3s o produziremos. O pr\u00f3ximo sucesso de vendas da sua marca come\u00e7a com um pote que realmente chama a aten\u00e7\u00e3o dos clientes. Vamos fazer isso acontecer.<\/p>\n<p>&nbsp;<\/p>\n<p>&nbsp;<\/p>","protected":false},"excerpt":{"rendered":"<p>Potes de vidro tipo Mason de boca larga, com tampas, direto da f\u00e1brica, para atacado, com op\u00e7\u00f5es de personaliza\u00e7\u00e3o e envio r\u00e1pido. Entrega mundial. A veda\u00e7\u00e3o perfeita e o vidro de alta qualidade garantem a frescura dos seus alimentos.<\/p>","protected":false},"featured_media":1318,"template":"","meta":{"postBodyCss":"","postBodyMargin":[],"postBodyPadding":[],"postBodyBackground":{"backgroundType":"classic","gradient":""}},"product_brand":[],"product_cat":[15,17,55],"product_tag":[65,71],"class_list":{"0":"post-1317","1":"product","2":"type-product","3":"status-publish","4":"has-post-thumbnail","6":"product_cat-glass-containers","7":"product_cat-glass-jars","8":"product_cat-pickle-jars","9":"product_tag-glass-jam-jars","10":"product_tag-honey-jars","12":"first","13":"instock","14":"shipping-taxable","15":"product-type-simple"},"jetpack_sharing_enabled":true,"_links":{"self":[{"href":"https:\/\/minghanggroup.com\/pt\/wp-json\/wp\/v2\/product\/1317","targetHints":{"allow":["GET"]}}],"collection":[{"href":"https:\/\/minghanggroup.com\/pt\/wp-json\/wp\/v2\/product"}],"about":[{"href":"https:\/\/minghanggroup.com\/pt\/wp-json\/wp\/v2\/types\/product"}],"wp:featuredmedia":[{"embeddable":true,"href":"https:\/\/minghanggroup.com\/pt\/wp-json\/wp\/v2\/media\/1318"}],"wp:attachment":[{"href":"https:\/\/minghanggroup.com\/pt\/wp-json\/wp\/v2\/media?parent=1317"}],"wp:term":[{"taxonomy":"product_brand","embeddable":true,"href":"https:\/\/minghanggroup.com\/pt\/wp-json\/wp\/v2\/product_brand?post=1317"},{"taxonomy":"product_cat","embeddable":true,"href":"https:\/\/minghanggroup.com\/pt\/wp-json\/wp\/v2\/product_cat?post=1317"},{"taxonomy":"product_tag","embeddable":true,"href":"https:\/\/minghanggroup.com\/pt\/wp-json\/wp\/v2\/product_tag?post=1317"}],"curies":[{"name":"wp","href":"https:\/\/api.w.org\/{rel}","templated":true}]}}