{"id":1312,"date":"2025-10-13T06:23:37","date_gmt":"2025-10-13T06:23:37","guid":{"rendered":"https:\/\/minghanggroup.com\/?post_type=product&#038;p=1312"},"modified":"2026-01-20T14:25:00","modified_gmt":"2026-01-20T06:25:00","slug":"glass-custom-mason-jars-with-lids-wholesale-round-canning-jars-70-380ml","status":"publish","type":"product","link":"https:\/\/minghanggroup.com\/pt\/produto\/glass-custom-mason-jars-with-lids-wholesale-round-canning-jars-70-380ml\/","title":{"rendered":"Potes de vidro personalizados estilo Mason com tampas \u2013 Potes redondos para conservas no atacado, de 70 a 380 ml"},"content":{"rendered":"<p>Pare de esconder seus melhores produtos em embalagens sem gra\u00e7a! Nossos potes de vidro retos com abertura para facilitar o armazenamento transformam o simples armazenamento em uma embalagem sofisticada. Esses elegantes potes possuem uma boca larga para facilitar o enchimento \u2013 perfeitos para mel, molhos ou bebidas alco\u00f3licas. Somos seu parceiro de f\u00e1brica para qualidade, praticidade e estilo.<\/p>\n<h2>Caracter\u00edsticas do produto<\/h2>\n<ol>\n<li class=\" translation-block\"><strong>Say goodbye to spills, just jam:<\/strong>Pour smooth jam without drips\u2014the wide-mouth design fits perfectly with any bottle cap. Say goodbye to messy filling!<\/li>\n<li class=\" translation-block\"><strong>Sparkling honey:<\/strong>Highly transparent glass makes your product shine on the shelf. Customers can sense your product\u2019s quality before they even open the jar.<\/li>\n<li class=\" translation-block\"><strong>Lock, don\u2019t reveal:<\/strong>Standard-mouth mason jar + secure, leak-proof gasket = zero leaks. Tighten and store.<\/li>\n<\/ol>\n<h2>Especifica\u00e7\u00f5es principais<\/h2>\n<table style=\"border-collapse: collapse; width: 80%; margin-right: auto; margin-left: auto;\" border=\"0\" width=\"288\" cellspacing=\"0\" cellpadding=\"0\">\n<tbody>\n<tr style=\"height: 13.50pt;\">\n<td style=\"height: 13.5pt; width: 54pt; text-align: center;\" width=\"72\" height=\"18\">Modelo<\/td>\n<td style=\"width: 54pt; text-align: center;\" width=\"72\">Capacidade (ml)<\/td>\n<td style=\"width: 54pt; text-align: center;\" width=\"72\">Dimens\u00f5es (cm)<\/td>\n<td style=\"width: 54pt; text-align: center;\" width=\"72\">Forma<\/td>\n<\/tr>\n<tr style=\"height: 13.50pt;\">\n<td style=\"height: 13.5pt; text-align: center;\" align=\"right\" height=\"18\">63007040<\/td>\n<td style=\"text-align: center;\" align=\"right\">70<\/td>\n<td style=\"text-align: center;\">6.1&#215;4.5<\/td>\n<td class=\"et2\" style=\"text-align: center;\" rowspan=\"6\">Alto e reto<\/td>\n<\/tr>\n<tr style=\"height: 13.50pt;\">\n<td style=\"height: 13.5pt; text-align: center;\" align=\"right\" height=\"18\">63015041<\/td>\n<td style=\"text-align: center;\" align=\"right\">150<\/td>\n<td style=\"text-align: center;\">6.1&#215;8.1<\/td>\n<\/tr>\n<tr style=\"height: 13.50pt;\">\n<td style=\"height: 13.5pt; text-align: center;\" align=\"right\" height=\"18\">63020042<\/td>\n<td style=\"text-align: center;\" align=\"right\">200<\/td>\n<td style=\"text-align: center;\">6.1&#215;10.0<\/td>\n<\/tr>\n<tr style=\"height: 13.50pt;\">\n<td style=\"height: 13.5pt; text-align: center;\" align=\"right\" height=\"18\">63024043<\/td>\n<td style=\"text-align: center;\" align=\"right\">240<\/td>\n<td style=\"text-align: center;\">6.1&#215;12.1<\/td>\n<\/tr>\n<tr style=\"height: 13.50pt;\">\n<td style=\"height: 13.5pt; text-align: center;\" align=\"right\" height=\"18\">63028044<\/td>\n<td style=\"text-align: center;\" align=\"right\">280<\/td>\n<td style=\"text-align: center;\">6.1&#215;13.7<\/td>\n<\/tr>\n<tr style=\"height: 13.50pt;\">\n<td style=\"height: 13.5pt; text-align: center;\" align=\"right\" height=\"18\">63038045<\/td>\n<td style=\"text-align: center;\" align=\"right\">380<\/td>\n<td style=\"text-align: center;\">6.1&#215;17.3<\/td>\n<\/tr>\n<\/tbody>\n<\/table>\n<h2>Caso de sucesso<\/h2>\n<p>A marca canadense de mel, de propriedade familiar, fez uma parceria conosco, que criou potes de vidro Mason de boca larga personalizados com tampas, feitos de vidro de qualidade alimentar, que permite que a rica cor dourada do mel brilhe. Ideal para r\u00f3tulos personalizados com acabamento liso e polido, enquanto o padr\u00e3o de favo de mel esculpido adiciona um detalhe sutil \u00e0 marca. O sucesso foi imediato \u2013 em dois meses, as vendas aumentaram 5% \u2013 e a marca continua a encomendar potes Mason em grande quantidade e a lan\u00e7ar vers\u00f5es sazonais com vidro \u00e2mbar e r\u00f3tulos personalizados.<\/p>\n<h2>Dicas de personaliza\u00e7\u00e3o<\/h2>\n<p>Nossos potes de vidro Mason com tampa e tubo reto se empilham perfeitamente e s\u00e3o ideais para exposi\u00e7\u00e3o em prateleiras. Precisa de potes de amostra de 70 ml para uma degusta\u00e7\u00e3o? Enviamos rapidamente. Deseja um conjunto de presente de 380 ml com seu logotipo? Adicione agora, \u00e9 f\u00e1cil. Seus potes Mason personalizados s\u00e3o mais do que apenas recipientes para armazenamento; eles s\u00e3o o seu pr\u00f3ximo produto incr\u00edvel e campe\u00e3o de vendas. Deixe-nos ajudar voc\u00ea a realizar seus sonhos.<\/p>","protected":false},"excerpt":{"rendered":"<p>Potes de vidro personalizados com tampas, ideais para armazenar molhos, xaropes e mel em grandes quantidades. Sem pedido m\u00ednimo, vidro livre de BPA. Entrega r\u00e1pida para que seu produto mais vendido brilhe!<\/p>","protected":false},"featured_media":1313,"template":"","meta":{"postBodyCss":"","postBodyMargin":[],"postBodyPadding":[],"postBodyBackground":{"backgroundType":"classic","gradient":""}},"product_brand":[],"product_cat":[15,17,55],"product_tag":[65,71,69],"class_list":{"0":"post-1312","1":"product","2":"type-product","3":"status-publish","4":"has-post-thumbnail","6":"product_cat-glass-containers","7":"product_cat-glass-jars","8":"product_cat-pickle-jars","9":"product_tag-glass-jam-jars","10":"product_tag-honey-jars","11":"product_tag-storage-jars","13":"first","14":"instock","15":"shipping-taxable","16":"product-type-simple"},"jetpack_sharing_enabled":true,"_links":{"self":[{"href":"https:\/\/minghanggroup.com\/pt\/wp-json\/wp\/v2\/product\/1312","targetHints":{"allow":["GET"]}}],"collection":[{"href":"https:\/\/minghanggroup.com\/pt\/wp-json\/wp\/v2\/product"}],"about":[{"href":"https:\/\/minghanggroup.com\/pt\/wp-json\/wp\/v2\/types\/product"}],"wp:featuredmedia":[{"embeddable":true,"href":"https:\/\/minghanggroup.com\/pt\/wp-json\/wp\/v2\/media\/1313"}],"wp:attachment":[{"href":"https:\/\/minghanggroup.com\/pt\/wp-json\/wp\/v2\/media?parent=1312"}],"wp:term":[{"taxonomy":"product_brand","embeddable":true,"href":"https:\/\/minghanggroup.com\/pt\/wp-json\/wp\/v2\/product_brand?post=1312"},{"taxonomy":"product_cat","embeddable":true,"href":"https:\/\/minghanggroup.com\/pt\/wp-json\/wp\/v2\/product_cat?post=1312"},{"taxonomy":"product_tag","embeddable":true,"href":"https:\/\/minghanggroup.com\/pt\/wp-json\/wp\/v2\/product_tag?post=1312"}],"curies":[{"name":"wp","href":"https:\/\/api.w.org\/{rel}","templated":true}]}}