{"id":1307,"date":"2025-10-13T03:46:41","date_gmt":"2025-10-13T03:46:41","guid":{"rendered":"https:\/\/minghanggroup.com\/?post_type=product&#038;p=1307"},"modified":"2026-03-02T13:53:01","modified_gmt":"2026-03-02T05:53:01","slug":"embossed-glass-mason-jars-for-jam","status":"publish","type":"product","link":"https:\/\/minghanggroup.com\/pt\/produto\/embossed-glass-mason-jars-for-jam\/","title":{"rendered":"Potes de vidro com relevo \u2013 Recipientes personalizados de 120 a 620 ml para caviar, geleia e picles."},"content":{"rendered":"<p>Seu caviar merece esse brilho. Criamos potes de vidro com grava\u00e7\u00e3o de diamante que transformam o simples armazenamento em luxo. Esses potes de vidro apresentam um padr\u00e3o t\u00e1til, veda\u00e7\u00e3o superior e visibilidade cristalina \u2014 perfeitos para marcas de alimentos de alta qualidade. Pare de esconder seus melhores produtos em potes sem gra\u00e7a.<\/p>\n<h2>Caracter\u00edsticas do produto<\/h2>\n<ol>\n<li><strong>Padr\u00e3o t\u00e1til em forma de diamante:<\/strong>Seus dedos n\u00e3o escorregar\u00e3o no vidro texturizado \u2014 al\u00e9m disso, ele confere ao seu produto uma apar\u00eancia premium instant\u00e2nea.<\/li>\n<li><strong>Prote\u00e7\u00e3o com vidro espesso:<\/strong>O vidro grosso conserva o caviar fresco por mais tempo \u2014 nada de ovas de peixe murchas e sem gra\u00e7a em recipientes fr\u00e1geis.<\/li>\n<li><strong>Sele como um profissional:<\/strong>O design padr\u00e3o de boca larga dos potes Mason se encaixa perfeitamente nas tampas de potes de boca regular. Rosqueie, guarde e esque\u00e7a os vazamentos.<\/li>\n<li><strong>Sua marca, instantaneamente:<\/strong>Encomende potes de vidro personalizados com o seu logotipo. N\u00f3s fornecemos os materiais, fabricamos e entregamos rapidamente.<\/li>\n<\/ol>\n<h2>Especifica\u00e7\u00f5es principais<\/h2>\n<table style=\"border-collapse: collapse; width: 80%; margin-left: auto; margin-right: auto;\" border=\"0\" width=\"288\" cellspacing=\"0\" cellpadding=\"0\">\n<tbody>\n<tr style=\"height: 13.50pt;\">\n<td style=\"height: 13.5pt; width: 54pt; text-align: center;\" width=\"72\" height=\"18\">Modelo<\/td>\n<td style=\"width: 54pt; text-align: center;\" width=\"72\">Capacidade (ml)<\/td>\n<td style=\"width: 54pt; text-align: center;\" width=\"72\">Dimens\u00f5es (cm)<\/td>\n<td style=\"width: 54pt; text-align: center;\" width=\"72\">Projeto<\/td>\n<\/tr>\n<tr style=\"height: 13.50pt;\">\n<td style=\"height: 13.5pt; text-align: center;\" align=\"right\" height=\"18\">63012026<\/td>\n<td style=\"text-align: center;\" align=\"right\">120<\/td>\n<td style=\"text-align: center;\">6.4&#215;5.5&#215;6.9<\/td>\n<td class=\"et2\" style=\"text-align: center;\" rowspan=\"7\">Padr\u00e3o de diamante<\/td>\n<\/tr>\n<tr style=\"height: 13.50pt;\">\n<td style=\"height: 13.5pt; text-align: center;\" align=\"right\" height=\"18\">63020027<\/td>\n<td style=\"text-align: center;\" align=\"right\">200<\/td>\n<td style=\"text-align: center;\">6.5&#215;8.7&#215;6.9<\/td>\n<\/tr>\n<tr style=\"height: 13.50pt;\">\n<td style=\"height: 13.5pt; text-align: center;\" align=\"right\" height=\"18\">63027028<\/td>\n<td style=\"text-align: center;\" align=\"right\">270<\/td>\n<td style=\"text-align: center;\">7.5&#215;8.4&#215;8.5<\/td>\n<\/tr>\n<tr style=\"height: 13.50pt;\">\n<td style=\"height: 13.5pt; text-align: center;\" align=\"right\" height=\"18\">63050029<\/td>\n<td style=\"text-align: center;\" align=\"right\">430<\/td>\n<td style=\"text-align: center;\">7.3&#215;11.7&#215;8.5<\/td>\n<\/tr>\n<tr style=\"height: 13.50pt;\">\n<td style=\"height: 13.5pt; text-align: center;\" align=\"right\" height=\"18\">63025030<\/td>\n<td style=\"text-align: center;\" align=\"right\">250<\/td>\n<td style=\"text-align: center;\">6.3&#215;10.5&#215;6.9<\/td>\n<\/tr>\n<tr style=\"height: 13.50pt;\">\n<td style=\"height: 13.5pt; text-align: center;\" align=\"right\" height=\"18\">63035031<\/td>\n<td style=\"text-align: center;\" align=\"right\">350<\/td>\n<td style=\"text-align: center;\">6.6&#215;13.3&#215;6.9<\/td>\n<\/tr>\n<tr style=\"height: 13.50pt;\">\n<td style=\"height: 13.5pt; text-align: center;\" align=\"right\" height=\"18\">63062032<\/td>\n<td style=\"text-align: center;\" align=\"right\">620<\/td>\n<td style=\"text-align: center;\">7.7&#215;16.2&#215;8.5<\/td>\n<\/tr>\n<\/tbody>\n<\/table>\n<h2>Caso de sucesso<\/h2>\n<p>Uma marca de alimentos americana nos contatou para a cria\u00e7\u00e3o de um pote de vidro personalizado com estampa de diamante e amendoim para sua nova linha de caviar. Para completar o visual, adicionamos uma tampa banhada a ouro rosa e um logotipo personalizado na base, em perfeita sintonia com o estilo moderno e elegante da marca.<\/p>\n<p>Esse design personalizado n\u00e3o s\u00f3 aumentou o apelo do produto nas prateleiras, como tamb\u00e9m fortaleceu a imagem premium da marca. Ap\u00f3s o lan\u00e7amento, os potes imediatamente atra\u00edram a aten\u00e7\u00e3o das lojas f\u00edsicas e dos clientes online de produtos para unhas. Em apenas tr\u00eas meses, as vendas aumentaram 45%, tornando a linha de vidro com diamantes a mais vendida da empresa.<\/p>\n<h2>Dicas de personaliza\u00e7\u00e3o<\/h2>\n<p>Seu caviar merece esse brilho. Criamos potes de vidro personalizados com seu logotipo e padr\u00f5es de diamante. Precisa de potes de amostra de 120 ml para kits de degusta\u00e7\u00e3o? Deseja potes de vidro nas cores da sua marca? Basta descrever \u2014 n\u00f3s criamos. Entrega r\u00e1pida. Torne seu pr\u00f3ximo projeto inesquec\u00edvel.<\/p>\n<p>&nbsp;<\/p>","protected":false},"excerpt":{"rendered":"<p>Potes de vidro premium com grava\u00e7\u00e3o em diamante. Diversos modelos para caviar, molhos e conservas. Venda por atacado, cores personalizadas. Encomende seus potes de vidro hoje mesmo!<\/p>","protected":false},"featured_media":1308,"template":"","meta":{"postBodyCss":"","postBodyMargin":[],"postBodyPadding":[],"postBodyBackground":{"backgroundType":"classic","gradient":""}},"product_brand":[],"product_cat":[15,17,19],"product_tag":[80,95,65,69],"class_list":{"0":"post-1307","1":"product","2":"type-product","3":"status-publish","4":"has-post-thumbnail","6":"product_cat-glass-containers","7":"product_cat-glass-jars","8":"product_cat-glass-mason-jars","9":"product_tag-caviar-jars","10":"product_tag-coffee-tumblers","11":"product_tag-glass-jam-jars","12":"product_tag-storage-jars","14":"first","15":"instock","16":"shipping-taxable","17":"product-type-simple"},"jetpack_sharing_enabled":true,"_links":{"self":[{"href":"https:\/\/minghanggroup.com\/pt\/wp-json\/wp\/v2\/product\/1307","targetHints":{"allow":["GET"]}}],"collection":[{"href":"https:\/\/minghanggroup.com\/pt\/wp-json\/wp\/v2\/product"}],"about":[{"href":"https:\/\/minghanggroup.com\/pt\/wp-json\/wp\/v2\/types\/product"}],"wp:featuredmedia":[{"embeddable":true,"href":"https:\/\/minghanggroup.com\/pt\/wp-json\/wp\/v2\/media\/1308"}],"wp:attachment":[{"href":"https:\/\/minghanggroup.com\/pt\/wp-json\/wp\/v2\/media?parent=1307"}],"wp:term":[{"taxonomy":"product_brand","embeddable":true,"href":"https:\/\/minghanggroup.com\/pt\/wp-json\/wp\/v2\/product_brand?post=1307"},{"taxonomy":"product_cat","embeddable":true,"href":"https:\/\/minghanggroup.com\/pt\/wp-json\/wp\/v2\/product_cat?post=1307"},{"taxonomy":"product_tag","embeddable":true,"href":"https:\/\/minghanggroup.com\/pt\/wp-json\/wp\/v2\/product_tag?post=1307"}],"curies":[{"name":"wp","href":"https:\/\/api.w.org\/{rel}","templated":true}]}}