{"id":1267,"date":"2025-10-11T09:35:59","date_gmt":"2025-10-11T09:35:59","guid":{"rendered":"https:\/\/minghanggroup.com\/?post_type=product&#038;p=1267"},"modified":"2026-01-20T14:28:13","modified_gmt":"2026-01-20T06:28:13","slug":"large-mason-jar-with-lid-custom-glass-containers-bulk","status":"publish","type":"product","link":"https:\/\/minghanggroup.com\/pt\/produto\/large-mason-jar-with-lid-custom-glass-containers-bulk\/","title":{"rendered":"Pote de conservas grande com tampa \u2013 recipientes de 380 a 730 ml para armazenamento e enlatamento de alimentos."},"content":{"rendered":"<p>Pare de se contentar com embalagens gen\u00e9ricas! Nosso pote de vidro grande com tampa deixa seu caviar, molhos ou xaropes premium com uma apar\u00eancia irresist\u00edvel. Esses recipientes de vidro grosso combinam eleg\u00e2ncia cl\u00e1ssica com funcionalidade excepcional \u2014 perfeitos para o seu pr\u00f3ximo projeto de sucesso de vendas.<\/p>\n<h2>Caracter\u00edsticas do produto<\/h2>\n<ul>\n<li><strong>Vidro espesso, sem concess\u00f5es: <\/strong>Nosso vidro resistente mant\u00e9m o caviar fresco por mais tempo \u2014 chega de ovas de peixe murchas e sem gra\u00e7a em recipientes fr\u00e1geis.<\/li>\n<li><strong>Lacre seguro, sempre:\u00a0<\/strong>O design de boca padr\u00e3o dos potes Mason se encaixa perfeitamente nas tampas de boca regular. Rosqueie, guarde e esque\u00e7a os vazamentos.<\/li>\n<li><strong>Pot\u00eancia que economiza espa\u00e7o:\u00a0<\/strong>O formato curto e largo encaixa-se perfeitamente nas prateleiras. Ideal para kits de degusta\u00e7\u00e3o de 230 ml ou projetos de armazenamento a granel de 730 ml.<\/li>\n<\/ul>\n<h2>Especifica\u00e7\u00f5es principais<\/h2>\n<table style=\"border-collapse: collapse; width: 80%; margin-left: auto; margin-right: auto;\" border=\"0\" width=\"360\" cellspacing=\"0\" cellpadding=\"0\">\n<tbody>\n<tr style=\"height: 13.50pt;\">\n<td style=\"height: 13.5pt; width: 54pt; text-align: center;\" width=\"72\" height=\"18\">Modelo<\/td>\n<td style=\"width: 54pt; text-align: center;\" width=\"72\">Capacidade (ml)<\/td>\n<td style=\"width: 54pt; text-align: center;\" width=\"72\">Dimens\u00f5es (cm)<\/td>\n<td style=\"width: 54pt; text-align: center;\" width=\"72\">Material<\/td>\n<td style=\"width: 54pt; text-align: center;\" width=\"72\">Cor<\/td>\n<\/tr>\n<tr style=\"height: 13.50pt;\">\n<td style=\"height: 13.5pt; text-align: center;\" align=\"right\" height=\"18\">63038020<\/td>\n<td style=\"text-align: center;\" align=\"right\">380<\/td>\n<td style=\"text-align: center;\">7,3\u00d711,0x8,5<\/td>\n<td class=\"et2\" style=\"text-align: center;\" rowspan=\"6\">Vidro<\/td>\n<td class=\"et2\" style=\"text-align: center;\" rowspan=\"6\">Claro ou personalizado<\/td>\n<\/tr>\n<tr style=\"height: 13.50pt;\">\n<td style=\"height: 13.5pt; text-align: center;\" align=\"right\" height=\"18\">63047021<\/td>\n<td style=\"text-align: center;\" align=\"right\">470<\/td>\n<td style=\"text-align: center;\">7.6&#215;11.8&#215;8.5<\/td>\n<\/tr>\n<tr style=\"height: 13.50pt;\">\n<td style=\"height: 13.5pt; text-align: center;\" align=\"right\" height=\"18\">63023022<\/td>\n<td style=\"text-align: center;\" align=\"right\">230<\/td>\n<td style=\"text-align: center;\">6.0&#215;10.2&#215;8.5<\/td>\n<\/tr>\n<tr style=\"height: 13.50pt;\">\n<td style=\"height: 13.5pt; text-align: center;\" align=\"right\" height=\"18\">63035023<\/td>\n<td style=\"text-align: center;\" align=\"right\">350<\/td>\n<td style=\"text-align: center;\">6.6&#215;13.5&#215;7.1<\/td>\n<\/tr>\n<tr style=\"height: 13.50pt;\">\n<td style=\"height: 13.5pt; text-align: center;\" align=\"right\" height=\"18\">63062024<\/td>\n<td style=\"text-align: center;\" align=\"right\">620<\/td>\n<td style=\"text-align: center;\">7,6\u00d716,0x8,5<\/td>\n<\/tr>\n<tr style=\"height: 13.50pt;\">\n<td style=\"height: 13.5pt; text-align: center;\" align=\"right\" height=\"18\">63073025<\/td>\n<td style=\"text-align: center;\" align=\"right\">730<\/td>\n<td style=\"text-align: center;\">&#8211;<\/td>\n<\/tr>\n<\/tbody>\n<\/table>\n<h2>Hist\u00f3ria de sucesso<\/h2>\n<p>Uma empresa aliment\u00edcia do Reino Unido utilizou nossos potes de vidro de 230 ml com tampa para sua nova linha de caviar. O gargalo e a tampa padr\u00e3o encaixam perfeitamente, mas o vidro espesso confere ao produto um aspecto luxuoso. O design transparente foi um sucesso entre os clientes \u2014 as vendas aumentaram 50% em apenas dois meses.<\/p>\n<h2>Dicas de personaliza\u00e7\u00e3o<\/h2>\n<p>Seu caviar merece brilhar. Criamos um pote de vidro personalizado com um design especial de pote de cer\u00e2mica de perfil alto, com espa\u00e7os para sua logomarca, cores ou para facilitar o enchimento. Deseja pre\u00e7os de atacado? N\u00f3s cuidamos da entrega. Transforme seu grande pote de cer\u00e2mica com espa\u00e7os para identifica\u00e7\u00e3o na estrela da sua embalagem.<\/p>","protected":false},"excerpt":{"rendered":"<p>Potes de vidro grandes com tampa para atacado. Ideais para caviar, molhos e xaropes. Cores personalizadas, envio no mesmo dia. Encontre seus produtos mais vendidos agora mesmo!<\/p>","protected":false},"featured_media":1305,"template":"","meta":{"postBodyCss":"","postBodyMargin":[],"postBodyPadding":[],"postBodyBackground":{"backgroundType":"classic","gradient":""}},"product_brand":[],"product_cat":[15,17,19],"product_tag":[80,65,69],"class_list":{"0":"post-1267","1":"product","2":"type-product","3":"status-publish","4":"has-post-thumbnail","6":"product_cat-glass-containers","7":"product_cat-glass-jars","8":"product_cat-glass-mason-jars","9":"product_tag-caviar-jars","10":"product_tag-glass-jam-jars","11":"product_tag-storage-jars","13":"first","14":"instock","15":"shipping-taxable","16":"product-type-simple"},"jetpack_sharing_enabled":true,"_links":{"self":[{"href":"https:\/\/minghanggroup.com\/pt\/wp-json\/wp\/v2\/product\/1267","targetHints":{"allow":["GET"]}}],"collection":[{"href":"https:\/\/minghanggroup.com\/pt\/wp-json\/wp\/v2\/product"}],"about":[{"href":"https:\/\/minghanggroup.com\/pt\/wp-json\/wp\/v2\/types\/product"}],"wp:featuredmedia":[{"embeddable":true,"href":"https:\/\/minghanggroup.com\/pt\/wp-json\/wp\/v2\/media\/1305"}],"wp:attachment":[{"href":"https:\/\/minghanggroup.com\/pt\/wp-json\/wp\/v2\/media?parent=1267"}],"wp:term":[{"taxonomy":"product_brand","embeddable":true,"href":"https:\/\/minghanggroup.com\/pt\/wp-json\/wp\/v2\/product_brand?post=1267"},{"taxonomy":"product_cat","embeddable":true,"href":"https:\/\/minghanggroup.com\/pt\/wp-json\/wp\/v2\/product_cat?post=1267"},{"taxonomy":"product_tag","embeddable":true,"href":"https:\/\/minghanggroup.com\/pt\/wp-json\/wp\/v2\/product_tag?post=1267"}],"curies":[{"name":"wp","href":"https:\/\/api.w.org\/{rel}","templated":true}]}}