{"id":1146,"date":"2025-10-09T09:55:31","date_gmt":"2025-10-09T09:55:31","guid":{"rendered":"https:\/\/minghanggroup.com\/?post_type=product&#038;p=1146"},"modified":"2026-01-20T14:27:03","modified_gmt":"2026-01-20T06:27:03","slug":"the-mason-jar-with-lid-glass-storage","status":"publish","type":"product","link":"https:\/\/minghanggroup.com\/pt\/produto\/the-mason-jar-with-lid-glass-storage\/","title":{"rendered":"Pote de vidro com tampa \u2013 70-280ml para armazenar caviar e geleia."},"content":{"rendered":"<p>Pare de se preocupar com embalagens sem gra\u00e7a! Nossos potes de vidro premium s\u00e3o a sua arma secreta. Esses potes estilo Mason com identifica\u00e7\u00e3o combinam funcionalidade moderna \u2013 perfeitos para exibir seus melhores produtos. Cada pe\u00e7a \u00e9 moldada para dar destaque aos seus molhos, xaropes e bebidas alco\u00f3licas.<\/p>\n<h2>Caracter\u00edsticas do produto<\/h2>\n<ol>\n<li><strong>Pote pequeno, grande impacto:<\/strong>Suas ovas de peixe ou molho premium brilham atrav\u00e9s do nosso vidro \u2014 nada de pl\u00e1stico opaco escondendo seu melhor produto.<\/li>\n<li><strong>Sele como um profissional:<\/strong>O design de boca regular do pote de conserva se encaixa perfeitamente nas tampas de potes padr\u00e3o. Rosqueie, guarde e esque\u00e7a os vazamentos.<\/li>\n<li><strong>Empilhe e venda sem esfor\u00e7o:<\/strong>O design curto e largo se encaixa perfeitamente em expositores. Ideal para kits de amostra de 70 ml ou projetos de armazenamento a granel de 280 ml.<\/li>\n<\/ol>\n<h2>Especifica\u00e7\u00f5es principais<\/h2>\n<p>&nbsp;<\/p>\n<table style=\"border-collapse: collapse; width: 80%; margin-left: auto; margin-right: auto;\" border=\"0\" width=\"366\" cellspacing=\"0\" cellpadding=\"0\">\n<tbody>\n<tr style=\"height: 13.50pt;\">\n<td class=\"et2\" style=\"height: 13.5pt; width: 56.25pt; text-align: center;\" width=\"75\" height=\"18\">Modelo<\/td>\n<td class=\"et2\" style=\"width: 56.25pt; text-align: center;\" width=\"75\">Capacidade (ml)<\/td>\n<td class=\"et2\" style=\"width: 54.00pt; text-align: center;\" width=\"72\">Dimens\u00f5es (cm)<\/td>\n<td class=\"et2\" style=\"width: 54.00pt; text-align: center;\" width=\"72\">Material<\/td>\n<td class=\"et2\" style=\"width: 54.00pt; text-align: center;\" width=\"72\">Cor<\/td>\n<\/tr>\n<tr style=\"height: 13.50pt;\">\n<td class=\"et2\" style=\"height: 13.5pt; text-align: center;\" height=\"18\">63007014<\/td>\n<td class=\"et2\" style=\"text-align: center;\">70<\/td>\n<td class=\"et2\" style=\"text-align: center;\">4.7&#215;4.5&#215;6.7<\/td>\n<td class=\"et2\" style=\"text-align: center;\" rowspan=\"6\">Vidro<\/td>\n<td class=\"et2\" style=\"text-align: center;\" rowspan=\"6\">Transparente ou personalizado<\/td>\n<\/tr>\n<tr style=\"height: 13.50pt;\">\n<td class=\"et2\" style=\"height: 13.50pt; text-align: center;\" height=\"18\">63007015<\/td>\n<td class=\"et2\" style=\"text-align: center;\">70<\/td>\n<td class=\"et2\" style=\"text-align: center;\">6.5&#215;4.5&#215;6.7<\/td>\n<\/tr>\n<tr style=\"height: 13.50pt;\">\n<td class=\"et2\" style=\"height: 13.50pt; text-align: center;\" height=\"18\">63012016<\/td>\n<td class=\"et2\" style=\"text-align: center;\">120<\/td>\n<td class=\"et2\" style=\"text-align: center;\">5.4&#215;6.15&#215;6.6<\/td>\n<\/tr>\n<tr style=\"height: 13.50pt;\">\n<td class=\"et2\" style=\"height: 13.50pt; text-align: center;\" height=\"18\">63012517<\/td>\n<td class=\"et2\" style=\"text-align: center;\">125<\/td>\n<td class=\"et2\" style=\"text-align: center;\">6.3&#215;5.6&#215;6.9<\/td>\n<\/tr>\n<tr style=\"height: 13.50pt;\">\n<td class=\"et2\" style=\"height: 13.50pt; text-align: center;\" height=\"18\">63020018<\/td>\n<td class=\"et2\" style=\"text-align: center;\">200<\/td>\n<td class=\"et2\" style=\"text-align: center;\">6.0&#215;8.6&#215;6.9<\/td>\n<\/tr>\n<tr style=\"height: 13.50pt;\">\n<td class=\"et2\" style=\"height: 13.50pt; text-align: center;\" height=\"18\">63028019<\/td>\n<td class=\"et2\" style=\"text-align: center;\">280<\/td>\n<td class=\"et2\" style=\"text-align: center;\">7.5&#215;8.4&#215;8.5<\/td>\n<\/tr>\n<\/tbody>\n<\/table>\n<h2>Caso de sucesso<\/h2>\n<p>Uma marca de condimentos usou nossos potes de vidro de 125 ml com tampa para sua nova linha de molhos gourmet. O design tradicional do gargalo combinou perfeitamente com as tampas, e os clientes adoraram as cores vibrantes. As vendas dispararam 40%, e agora \u00e9 a categoria mais vendida da empresa.<\/p>\n<h2>Dicas de personaliza\u00e7\u00e3o<\/h2>\n<p>Quer tornar seu produto inesquec\u00edvel? N\u00f3s ajudamos voc\u00ea a encontrar potes de vidro personalizados com seu logotipo, cores ou at\u00e9 mesmo designs especiais para a boca. Precisa de potes de conserva para facilitar o enchimento? Temos o estoque pronto. Encomende pacotes com 12 unidades no atacado e receba entrega r\u00e1pida \u2014 sem pedido m\u00ednimo. Para projetos de velas, nossos potes de conserva com boca padr\u00e3o s\u00e3o um diferencial.<\/p>","protected":false},"excerpt":{"rendered":"<p>Pote de vidro com tampa para embalagens gourmet. Ideal para molhos, xaropes e ovas de peixe. Venda por atacado, sem pedido m\u00ednimo. Entrega r\u00e1pida para impulsionar sua marca!<\/p>","protected":false},"featured_media":1186,"template":"","meta":{"postBodyCss":"","postBodyMargin":[],"postBodyPadding":[],"postBodyBackground":{"backgroundType":"classic","gradient":""}},"product_brand":[],"product_cat":[15,17,19],"product_tag":[80,65,69],"class_list":{"0":"post-1146","1":"product","2":"type-product","3":"status-publish","4":"has-post-thumbnail","6":"product_cat-glass-containers","7":"product_cat-glass-jars","8":"product_cat-glass-mason-jars","9":"product_tag-caviar-jars","10":"product_tag-glass-jam-jars","11":"product_tag-storage-jars","13":"first","14":"instock","15":"shipping-taxable","16":"product-type-simple"},"jetpack_sharing_enabled":true,"_links":{"self":[{"href":"https:\/\/minghanggroup.com\/pt\/wp-json\/wp\/v2\/product\/1146","targetHints":{"allow":["GET"]}}],"collection":[{"href":"https:\/\/minghanggroup.com\/pt\/wp-json\/wp\/v2\/product"}],"about":[{"href":"https:\/\/minghanggroup.com\/pt\/wp-json\/wp\/v2\/types\/product"}],"wp:featuredmedia":[{"embeddable":true,"href":"https:\/\/minghanggroup.com\/pt\/wp-json\/wp\/v2\/media\/1186"}],"wp:attachment":[{"href":"https:\/\/minghanggroup.com\/pt\/wp-json\/wp\/v2\/media?parent=1146"}],"wp:term":[{"taxonomy":"product_brand","embeddable":true,"href":"https:\/\/minghanggroup.com\/pt\/wp-json\/wp\/v2\/product_brand?post=1146"},{"taxonomy":"product_cat","embeddable":true,"href":"https:\/\/minghanggroup.com\/pt\/wp-json\/wp\/v2\/product_cat?post=1146"},{"taxonomy":"product_tag","embeddable":true,"href":"https:\/\/minghanggroup.com\/pt\/wp-json\/wp\/v2\/product_tag?post=1146"}],"curies":[{"name":"wp","href":"https:\/\/api.w.org\/{rel}","templated":true}]}}